{"id":988,"date":"2020-05-22T11:44:29","date_gmt":"2020-05-22T08:44:29","guid":{"rendered":"https:\/\/gsfsergi.ebyu.edu.tr\/?page_id=988"},"modified":"2020-06-05T14:50:36","modified_gmt":"2020-06-05T11:50:36","slug":"otomatik-taslak-2","status":"publish","type":"page","link":"https:\/\/gsfsergi.ebyu.edu.tr\/?page_id=988","title":{"rendered":"Halil Akdeniz"},"content":{"rendered":"<p>[et_pb_section fb_built=&#8221;1&#8243; _builder_version=&#8221;4.4.7&#8243;][et_pb_row column_structure=&#8221;1_2,1_2&#8243; _builder_version=&#8221;4.4.7&#8243;][et_pb_column type=&#8221;1_2&#8243; _builder_version=&#8221;4.4.7&#8243;][et_pb_image src=&#8221;https:\/\/gsfsergi.ebyu.edu.tr\/wp-content\/uploads\/2020\/05\/659&#215;460-halil-akdeniz-imgenin-izinde-sergisiyle-ekol-sanatta-1475962660289.jpg&#8221; title_text=&#8221;659&#215;460-halil-akdeniz-imgenin-izinde-sergisiyle-ekol-sanatta-1475962660289&#8243; align=&#8221;right&#8221; _builder_version=&#8221;4.4.8&#8243; hover_enabled=&#8221;0&#8243; custom_padding=&#8221;60px||||false|false&#8221;][\/et_pb_image][\/et_pb_column][et_pb_column type=&#8221;1_2&#8243; _builder_version=&#8221;4.4.7&#8243;][et_pb_text _builder_version=&#8221;4.4.8&#8243; hover_enabled=&#8221;0&#8243; custom_padding=&#8221;60px||60px||false|false&#8221;]<\/p>\n<p style=\"text-align: left\">Halil Akdeniz akademik kariyerini sanat ve bilim alan\u0131nda yapt\u0131. Ankara Gazi E\u011fitim Enstit\u00fcs\u00fc Resim-\u0130\u015f B\u00f6l\u00fcm\u00fc\u2019n\u00fc bitirdi. Devlet Yurtd\u0131\u015f\u0131 ihtisas s\u0131nav\u0131n\u0131 kazanarak 1968 y\u0131l\u0131nda Almanya\u2019ya gitti.\u00a0 Berlin Devlet G\u00fczel Sanatlar Akademisi \u2013 HdK\u2019de (bug\u00fcnk\u00fc Berlin G\u00fczel Sanatlar \u00dcniversitesi); lisans ve uzmanl\u0131k \u00f6\u011frenimi g\u00f6rd\u00fc. Berlin-Akademide 1974\u2019de Meistersch\u00fcler(Sanatta Yeterlik derecesi), 1984\u2019de Dokuz Eyl\u00fcl \u00dcnivesitesi\u2019nde ikinci Sanatta Yeterlik derecesi ve 1990\u2019da Bilim Doktoru unvan\u0131yla Doktora derecesi ald\u0131. 1986\u2019da yard\u0131mc\u0131 do\u00e7ent, 1987\u2019de do\u00e7ent, 1994\u2019te profes\u00f6r oldu. Ankara Gazi E\u011fitim Enstit\u00fcs\u00fc (bug\u00fcnk\u00fc Gazi \u00dcniversitesi), Ege \u00dcniversitesi, Dokuz Eyl\u00fcl \u00dcniversitesi, Bilkent \u00dcniversitesi ve Anadolu \u00dcniversitesi\u2019nde \u00f6\u011fretim \u00fcyesi olarak \u00e7al\u0131\u015ft\u0131 ve \u00e7al\u0131\u015ft\u0131\u011f\u0131 bu \u00fcniversitelerde; b\u00f6l\u00fcm kurma ve yeni programlar a\u00e7ma gibi akademik \u00e7al\u0131\u015fmalar\u0131n\u0131n yan\u0131 s\u0131ra b\u00f6l\u00fcm ba\u015fkanl\u0131klar\u0131ndan fak\u00fclte kurulu \u00fcyelikleri, \u00fcniversite senatosu ve \u00fcniversite y\u00f6netim kurulu \u00fcyeliklerine kadar \u00e7e\u015fitli kademelerde g\u00f6rev ald\u0131. 1996-2001 y\u0131llar\u0131 aras\u0131nda yurt d\u0131\u015f\u0131nda D\u0131\u015fi\u015fleri Bakanl\u0131\u011f\u0131\u2019nda diplomat olarak T.C. Bonn ve Berlin B\u00fcy\u00fckel\u00e7ili\u011fi K\u00fclt\u00fcr M\u00fc\u015favirli\u011fi ve K\u00fclt\u00fcr Bakanl\u0131\u011f\u0131 Bakanl\u0131k M\u00fc\u015favirli\u011fi g\u00f6revlerinde bulundu. 2001- 2005 y\u0131llar\u0131 aras\u0131nda Anadolu \u00dcniversitesi G\u00fczel Sanatlar Fak\u00fcltesi\u2019nde \u00f6\u011fretim \u00fcyesi olarak \u00e7al\u0131\u015ft\u0131. Ve Anadolu \u00dcniversitesinde T\u00fcrkiye\u2019de ilk kez 2003 y\u0131l\u0131nda sanat bilimini kurdu. Ve ard\u0131ndan 2008 y\u0131l\u0131nda I\u015f\u0131k \u00dcniversitesinde Sanat Kuram\u0131 ve Ele\u015ftiri Y\u00fcksek Lisans Program\u0131n\u0131 ve 2013 y\u0131l\u0131nda Sanat Bilimi Doktora Program\u0131n\u0131 a\u00e7t\u0131. Halen I\u015f\u0131k \u00dcniversitesi G\u00fczel Sanatlar Fak\u00fcltesi\u2019nde \u00f6\u011fretim \u00fcyesi olarak g\u00f6revini s\u00fcrd\u00fcrmektedir.<\/p>\n<p style=\"text-align: left\">\n<p style=\"text-align: left\">Halil Akdeniz, \u00c7a\u011fda\u015f T\u00fcrk sanat\u0131 alan\u0131nda eserleri ve ara\u015ft\u0131rma yaz\u0131lar\u0131 ile tan\u0131n\u0131r. \u00c7a\u011fda\u015f yorum ve sanatsal \u00e7\u00f6z\u00fcmleri i\u00e7eren eserleri, bir\u00e7ok ulusal ve uluslararas\u0131 sergi, bienal, trienal, sanat fuarlar\u0131 ve m\u00fcze sergilerinde yer ald\u0131. Birisi yurtd\u0131\u015f\u0131nda alt\u0131n madalya birincilik \u00f6d\u00fcl\u00fc olmak \u00fczere bir\u00e7ok ulusal ve uluslararas\u0131 \u00f6d\u00fcle de\u011fer g\u00f6r\u00fcld\u00fc. Akdeniz\u2019in T\u00fcrk Sanat\u0131 ve sanat\u00e7\u0131lar \u00fczerine yay\u0131nlanm\u0131\u015f bilimsel yay\u0131n, ara\u015ft\u0131rma, bildiri ve makaleleri ile birlikte eserlerinin yer ald\u0131\u011f\u0131 \u00e7ok say\u0131da sanat kitab\u0131 ve katalog bulunmaktad\u0131r.<\/p>\n<p style=\"text-align: left\">\n<p style=\"text-align: left\">Akdeniz, Almanya M\u00fcnster Sanat Akademisi \/ University of Fine Arts M\u00fcnster \u2018\u015eeref\/Onur\u2019 \u00fcyesidir. Ve ayn\u0131 zamanda Uluslararas\u0131 UNESCO-AIAP Plastik Sanatlar Derne\u011fi ve UNESCO &#8211; AICA Uluslararas\u0131 Sanat Ele\u015ftirmenleri Derne\u011fi \u00fcyesidir.<\/p>\n<p>[\/et_pb_text][\/et_pb_column][\/et_pb_row][\/et_pb_section]<\/p>\n","protected":false},"excerpt":{"rendered":"<p>[et_pb_section fb_built=&#8221;1&#8243; _builder_version=&#8221;4.4.7&#8243;][et_pb_row column_structure=&#8221;1_2,1_2&#8243; _builder_version=&#8221;4.4.7&#8243;][et_pb_column type=&#8221;1_2&#8243; _builder_version=&#8221;4.4.7&#8243;][et_pb_image src=&#8221;https:\/\/gsfsergi.ebyu.edu.tr\/wp-content\/uploads\/2020\/05\/659&#215;460-halil-akdeniz-imgenin-izinde-sergisiyle-ekol-sanatta-1475962660289.jpg&#8221; title_text=&#8221;659&#215;460-halil-akdeniz-imgenin-izinde-sergisiyle-ekol-sanatta-1475962660289&#8243; align=&#8221;right&#8221; _builder_version=&#8221;4.4.8&#8243; hover_enabled=&#8221;0&#8243; custom_padding=&#8221;60px||||false|false&#8221;][\/et_pb_image][\/et_pb_column][et_pb_column type=&#8221;1_2&#8243; _builder_version=&#8221;4.4.7&#8243;][et_pb_text _builder_version=&#8221;4.4.8&#8243; hover_enabled=&#8221;0&#8243; custom_padding=&#8221;60px||60px||false|false&#8221;] Halil Akdeniz akademik kariyerini sanat ve bilim alan\u0131nda yapt\u0131. Ankara Gazi E\u011fitim Enstit\u00fcs\u00fc Resim-\u0130\u015f B\u00f6l\u00fcm\u00fc\u2019n\u00fc bitirdi. Devlet Yurtd\u0131\u015f\u0131 ihtisas s\u0131nav\u0131n\u0131 kazanarak 1968 y\u0131l\u0131nda Almanya\u2019ya gitti.\u00a0 Berlin Devlet G\u00fczel Sanatlar Akademisi \u2013 HdK\u2019de (bug\u00fcnk\u00fc Berlin G\u00fczel Sanatlar \u00dcniversitesi); [&hellip;]<\/p>\n","protected":false},"author":9,"featured_media":0,"parent":0,"menu_order":0,"comment_status":"closed","ping_status":"closed","template":"","meta":{"_et_pb_use_builder":"on","_et_pb_old_content":"","_et_gb_content_width":"","spay_email":""},"jetpack_sharing_enabled":true,"jetpack_likes_enabled":true,"_links":{"self":[{"href":"https:\/\/gsfsergi.ebyu.edu.tr\/index.php?rest_route=\/wp\/v2\/pages\/988"}],"collection":[{"href":"https:\/\/gsfsergi.ebyu.edu.tr\/index.php?rest_route=\/wp\/v2\/pages"}],"about":[{"href":"https:\/\/gsfsergi.ebyu.edu.tr\/index.php?rest_route=\/wp\/v2\/types\/page"}],"author":[{"embeddable":true,"href":"https:\/\/gsfsergi.ebyu.edu.tr\/index.php?rest_route=\/wp\/v2\/users\/9"}],"replies":[{"embeddable":true,"href":"https:\/\/gsfsergi.ebyu.edu.tr\/index.php?rest_route=%2Fwp%2Fv2%2Fcomments&post=988"}],"version-history":[{"count":5,"href":"https:\/\/gsfsergi.ebyu.edu.tr\/index.php?rest_route=\/wp\/v2\/pages\/988\/revisions"}],"predecessor-version":[{"id":1463,"href":"https:\/\/gsfsergi.ebyu.edu.tr\/index.php?rest_route=\/wp\/v2\/pages\/988\/revisions\/1463"}],"wp:attachment":[{"href":"https:\/\/gsfsergi.ebyu.edu.tr\/index.php?rest_route=%2Fwp%2Fv2%2Fmedia&parent=988"}],"curies":[{"name":"wp","href":"https:\/\/api.w.org\/{rel}","templated":true}]}}