{"id":828,"date":"2020-05-19T16:25:18","date_gmt":"2020-05-19T13:25:18","guid":{"rendered":"https:\/\/gsfsergi.ebyu.edu.tr\/?page_id=828"},"modified":"2020-06-05T14:54:34","modified_gmt":"2020-06-05T11:54:34","slug":"mehmet-kavukcu","status":"publish","type":"page","link":"https:\/\/gsfsergi.ebyu.edu.tr\/?page_id=828","title":{"rendered":"Mehmet Kavukcu"},"content":{"rendered":"<p>[et_pb_section fb_built=&#8221;1&#8243; _builder_version=&#8221;4.4.7&#8243;][et_pb_row column_structure=&#8221;1_2,1_2&#8243; _builder_version=&#8221;4.4.7&#8243;][et_pb_column type=&#8221;1_2&#8243; _builder_version=&#8221;4.4.7&#8243;][et_pb_image src=&#8221;https:\/\/gsfsergi.ebyu.edu.tr\/wp-content\/uploads\/2020\/05\/Mehmet_Kavukcu-scaled.jpg&#8221; title_text=&#8221;Mehmet_Kavukcu&#8221; align=&#8221;right&#8221; _builder_version=&#8221;4.4.8&#8243; hover_enabled=&#8221;0&#8243; custom_padding=&#8221;60px||||false|false&#8221;][\/et_pb_image][\/et_pb_column][et_pb_column type=&#8221;1_2&#8243; _builder_version=&#8221;4.4.7&#8243;][et_pb_text _builder_version=&#8221;4.4.8&#8243; hover_enabled=&#8221;0&#8243; custom_padding=&#8221;60px||60px||false|false&#8221;]<\/p>\n<p style=\"text-align: left\">Mehmet Kavukcu, 1962\u2019de Erzincan\u2019da do\u011fdu. Mimar Sinan \u00dcniversitesi G\u00fczel Sanatlar Fak\u00fcltesinde 1988-1992 y\u0131llar\u0131 aras\u0131nda, Prof. Adnan \u00c7oker At\u00f6lyesinde, \u00d6\u011fr. G\u00f6r. Yusuf Taktak ve \u00d6\u011fr. G\u00f6r. Mustafa Ata ile \u00e7al\u0131\u015fmalar yapt\u0131. 1992 y\u0131l\u0131nda mezuniyet s\u0131nav\u0131 birincisi olarak lisans \u00f6\u011frenimini tamamlad\u0131. Mimar Sinan \u00dcniversitesi, Sosyal Bilimler Enstit\u00fcs\u00fc, Resim Anasanat Dal\u0131nda 1994\u2019de y\u00fcksek lisans, 1996 da ise S. Yeterli\u011fini ald\u0131. Atat\u00fcrk \u00dcniversitesi, G\u00fczel Sanatlar Fak\u00fcltesi, Resim B\u00f6l\u00fcm\u00fcne 1994 y\u0131l\u0131nda ara\u015ft\u0131rma g\u00f6revlisi olarak g\u00f6reve ba\u015flayan Kavukcu 1997\u2019de Yrd. Do\u00e7ent 2008\u2019de Do\u00e7ent, 2013\u2019de Profes\u00f6r unvan\u0131n\u0131 ald\u0131. 2014-2016 y\u0131llar\u0131 aras\u0131nda Atat\u00fcrk \u00dcniversitesi, G\u00fczel Sanatlar Fak\u00fcltesi Dekan\u0131 olarak g\u00f6rev yapt\u0131. 2018 Y\u0131l\u0131nda Erzincan Binali Y\u0131ld\u0131r\u0131m \u00dcniversitesi G\u00fczel Sanatlar Fak\u00fcltesine Dekan olarak atanan Kavukcu halen Dekanl\u0131k g\u00f6revine devam etmektedir. Kavukcu\u2019nun hakk\u0131nda yaz\u0131lan \u00e7e\u015fitli makaleleri ve kendine ait iki kitab\u0131 vard\u0131r. Ulusal ve uluslararas\u0131 72 ki\u015fisel etkinlik, \u00e7ok say\u0131da grup etkinliklerde yer alm\u0131\u015f ve bu etkinliklerde, resim, alan-kurgu, performans ve video art ger\u00e7ekle\u015ftirmi\u015f, ulusal ve uluslararas\u0131 platformlarda ad\u0131ndan s\u00f6z ettirmi\u015ftir. Kavukcu, Atat\u00fcrk \u00dcniversitesi G\u00dczel Sanatlar Fak\u00fcltesinde bir m\u00fcze kurulmas\u0131 fikrini sunarak ba\u015flang\u0131c\u0131ndan a\u00e7\u0131l\u0131\u015f\u0131na kadar yer ald\u0131\u011f\u0131 Sanat M\u00fczesi, 2005 y\u0131l\u0131nda \u201cM\u00fczeye Do\u011fru \u0130lk Ad\u0131m\u201d sergisi ile ba\u015flayarak, 2014-2016 y\u0131llar\u0131 aras\u0131nda Atat\u00fcrk \u00dcniversitesi G\u00fczel Sanatlar Fak\u00fcltesi Dekanl\u0131\u011f\u0131 s\u0131ras\u0131nda \u00fcniversitenin sundu\u011fu projelerle, bug\u00fcnk\u00fc modern mekan\u0131na kavu\u015fan sanat m\u00fczesinin yap\u0131m\u0131, ba\u011f\u0131\u015f eser al\u0131m\u0131 ve a\u00e7\u0131l\u0131\u015f\u0131n\u0131n yap\u0131lmas\u0131n\u0131 sa\u011flam\u0131\u015ft\u0131r. K\u0131sa bir se\u00e7ki olarak baz\u0131 sergi, performans, video art ve alan-kurgu (enstalasyon) \u00e7al\u0131\u015fmalar\u0131ndan ;<\/p>\n<ul style=\"text-align: left\">\n<li>1998, K\u0131z\u0131lay Meydan\u0131 Alan-Kurgu, Ankara.<\/li>\n<li>2000, \u00c7ifte Minareli Medrese Alan-Kurgu, Erzurum.<\/li>\n<li>2004-2005, Yerebatan Sarn\u0131c\u0131 Alan-Kurgu, \u0130stanbul.<\/li>\n<li>2007, Atat\u00fcrk \u00dcniversitesi 55. Y\u0131l Etkinlikleri, Erzurum.<\/li>\n<li>2010, TBMM 90. Y\u0131l Etkinlikleri Alan-Kurgu, Ankara.<\/li>\n<li>2011-2013, Mevsimler ve Bi\u00e7imler I-II-II Alan-Kurgu, Erzurum. (Sanat\u00e7\u0131n\u0131n ya\u015fad\u0131\u011f\u0131 do\u011fada ger\u00e7ekle\u015ftirdi\u011fi ve buz k\u00fctlelerinden olu\u015fan toplumsal i\u00e7erikli \u00e7al\u0131\u015fma)<\/li>\n<li>2014-2017, \u015eiddeti D\u00fc\u015f\u00fcnmek I-II-III Alan-Kurgu, Performans, Erzurum. (Ter\u00f6r ve \u015fiddete tepki olarak yap\u0131lan bu \u00e7al\u0131\u015fmalar\u0131n birincisinde \u00e7al\u0131\u015fman\u0131n bir foto\u011fraf\u0131 D\u00fcnyan\u0131n en \u00e7ok g\u00f6r\u00fcnt\u00fclenen foto\u011fraflar\u0131 aras\u0131nda yer ald\u0131)<\/li>\n<li>2015, \u00c7ifte Minareler: Buz ve Ate\u015f, Alan-kurgu, Erzurum.<\/li>\n<li>2016, S\u0131n\u0131rlar\u0131n S\u0131n\u0131rs\u0131z \u00c7\u0131\u011fl\u0131\u011f\u0131 \u2013 Alan-Kurgu, Erzurum. (M\u00fclteci Sorununun ele al\u0131nd\u0131\u011f\u0131 bir \u00e7al\u0131\u015fma)<\/li>\n<li>2016, F\u0131rt\u0131na I-II-III Performans, Video Art, Erzurum. (D\u00fcnyadaki kaosa tepki)<\/li>\n<li>2017, Tabut, Performans, Video Art, Erzurum. (Ter\u00f6r ve \u015fiddete tepki)<\/li>\n<li>2017, Yatak, Performans, Video Art, Erzurum. (Ter\u00f6r ve \u015fiddete tepki)<\/li>\n<li>2018, Evrensel Devinim, Enstalasyon, Swiss B\u00fcy\u00fck Efes Otel, \u0130zmir.<\/li>\n<\/ul>\n<p style=\"text-align: left\">Kavukcu\u2019nun tarihsel miras\u0131 yeniden yorumlamak, T\u00fcrkiye\u2019nin \u00f6nemli yerlerinde \u00f6nemli olabilecek ta\u015f\u0131nabilir ve kal\u0131c\u0131 \u00e7al\u0131\u015fmalar yapmak ve bu \u00e7al\u0131\u015fmalar\u0131 farkl\u0131 \u00fclkelere ta\u015f\u0131y\u0131p k\u00fclt\u00fcr\u00fcm\u00fcz\u00fc tan\u0131tmak gibi ulusal ve uluslararas\u0131 \u00f6l\u00e7ekte toplumsal i\u00e7erikli ve k\u00fclt\u00fcrel tarihe hem sayg\u0131 duyan hem de destekleyen bir\u00e7ok g\u00fcn\u00fcm\u00fcz sanat\u0131na ili\u015fkin projesi bulunmaktad\u0131r.<\/p>\n<p>[\/et_pb_text][\/et_pb_column][\/et_pb_row][\/et_pb_section]<\/p>\n","protected":false},"excerpt":{"rendered":"<p>[et_pb_section fb_built=&#8221;1&#8243; _builder_version=&#8221;4.4.7&#8243;][et_pb_row column_structure=&#8221;1_2,1_2&#8243; _builder_version=&#8221;4.4.7&#8243;][et_pb_column type=&#8221;1_2&#8243; _builder_version=&#8221;4.4.7&#8243;][et_pb_image src=&#8221;https:\/\/gsfsergi.ebyu.edu.tr\/wp-content\/uploads\/2020\/05\/Mehmet_Kavukcu-scaled.jpg&#8221; title_text=&#8221;Mehmet_Kavukcu&#8221; align=&#8221;right&#8221; _builder_version=&#8221;4.4.8&#8243; hover_enabled=&#8221;0&#8243; custom_padding=&#8221;60px||||false|false&#8221;][\/et_pb_image][\/et_pb_column][et_pb_column type=&#8221;1_2&#8243; _builder_version=&#8221;4.4.7&#8243;][et_pb_text _builder_version=&#8221;4.4.8&#8243; hover_enabled=&#8221;0&#8243; custom_padding=&#8221;60px||60px||false|false&#8221;] Mehmet Kavukcu, 1962\u2019de Erzincan\u2019da do\u011fdu. Mimar Sinan \u00dcniversitesi G\u00fczel Sanatlar Fak\u00fcltesinde 1988-1992 y\u0131llar\u0131 aras\u0131nda, Prof. Adnan \u00c7oker At\u00f6lyesinde, \u00d6\u011fr. G\u00f6r. Yusuf Taktak ve \u00d6\u011fr. G\u00f6r. Mustafa Ata ile \u00e7al\u0131\u015fmalar yapt\u0131. 1992 y\u0131l\u0131nda mezuniyet s\u0131nav\u0131 birincisi olarak lisans [&hellip;]<\/p>\n","protected":false},"author":9,"featured_media":0,"parent":0,"menu_order":0,"comment_status":"closed","ping_status":"closed","template":"","meta":{"_et_pb_use_builder":"on","_et_pb_old_content":"","_et_gb_content_width":"","spay_email":""},"jetpack_sharing_enabled":true,"jetpack_likes_enabled":true,"_links":{"self":[{"href":"https:\/\/gsfsergi.ebyu.edu.tr\/index.php?rest_route=\/wp\/v2\/pages\/828"}],"collection":[{"href":"https:\/\/gsfsergi.ebyu.edu.tr\/index.php?rest_route=\/wp\/v2\/pages"}],"about":[{"href":"https:\/\/gsfsergi.ebyu.edu.tr\/index.php?rest_route=\/wp\/v2\/types\/page"}],"author":[{"embeddable":true,"href":"https:\/\/gsfsergi.ebyu.edu.tr\/index.php?rest_route=\/wp\/v2\/users\/9"}],"replies":[{"embeddable":true,"href":"https:\/\/gsfsergi.ebyu.edu.tr\/index.php?rest_route=%2Fwp%2Fv2%2Fcomments&post=828"}],"version-history":[{"count":6,"href":"https:\/\/gsfsergi.ebyu.edu.tr\/index.php?rest_route=\/wp\/v2\/pages\/828\/revisions"}],"predecessor-version":[{"id":1470,"href":"https:\/\/gsfsergi.ebyu.edu.tr\/index.php?rest_route=\/wp\/v2\/pages\/828\/revisions\/1470"}],"wp:attachment":[{"href":"https:\/\/gsfsergi.ebyu.edu.tr\/index.php?rest_route=%2Fwp%2Fv2%2Fmedia&parent=828"}],"curies":[{"name":"wp","href":"https:\/\/api.w.org\/{rel}","templated":true}]}}