{"id":787,"date":"2020-05-19T15:59:56","date_gmt":"2020-05-19T12:59:56","guid":{"rendered":"https:\/\/gsfsergi.ebyu.edu.tr\/?page_id=787"},"modified":"2020-06-05T14:17:29","modified_gmt":"2020-06-05T11:17:29","slug":"m","status":"publish","type":"page","link":"https:\/\/gsfsergi.ebyu.edu.tr\/?page_id=787","title":{"rendered":"M"},"content":{"rendered":"<p style=\"text-align: center\"><div class='et-box et-shadow'>\n\t\t\t\t\t<div class='et-box-content'><p style=\"text-align: center\"><span style=\"font-family: impact, sans-serif;font-size: 18pt\"><a href=\"https:\/\/gsfsergi.ebyu.edu.tr\/?page_id=828\">Mehmet Kavukcu<\/a><\/span><\/p>\n<p style=\"text-align: center\"><span style=\"font-family: impact, sans-serif;font-size: 18pt\"><a href=\"https:\/\/gsfsergi.ebyu.edu.tr\/?page_id=1189\">Mehmet Y\u0131lmaz<\/a><\/span><\/p>\n<p style=\"text-align: center\"><span style=\"font-family: impact, sans-serif;font-size: 18pt\"><a href=\"https:\/\/gsfsergi.ebyu.edu.tr\/?page_id=719\">Melik \u0130skender<\/a><\/span><\/p>\n<p style=\"text-align: center\"><span style=\"font-family: impact, sans-serif;font-size: 18pt\"><a href=\"https:\/\/gsfsergi.ebyu.edu.tr\/?page_id=721\">Mete A\u011fyar<\/a><\/span><\/p>\n<p style=\"text-align: center\"><span style=\"font-family: impact, sans-serif;font-size: 18pt\"><a href=\"https:\/\/gsfsergi.ebyu.edu.tr\/?page_id=1402\">Mustafa Ata<\/a><\/span><\/p>\n<p style=\"text-align: center\"><span style=\"font-family: impact, sans-serif;font-size: 18pt\"><a href=\"https:\/\/gsfsergi.ebyu.edu.tr\/?page_id=723\">Mustafa Karya\u011fd\u0131<\/a><\/span><\/p>\n<p style=\"text-align: center\"><span style=\"font-family: impact, sans-serif;font-size: 18pt\"><a href=\"https:\/\/gsfsergi.ebyu.edu.tr\/?page_id=725\">Mustafa Orkun M\u00fcft\u00fco\u011flu<\/a><\/span><\/p>\n<p style=\"text-align: center\"><\/div><\/div><\/p>\n","protected":false},"excerpt":{"rendered":"","protected":false},"author":9,"featured_media":0,"parent":0,"menu_order":0,"comment_status":"closed","ping_status":"closed","template":"","meta":{"_et_pb_use_builder":"","_et_pb_old_content":"","_et_gb_content_width":"","spay_email":""},"jetpack_sharing_enabled":true,"jetpack_likes_enabled":true,"_links":{"self":[{"href":"https:\/\/gsfsergi.ebyu.edu.tr\/index.php?rest_route=\/wp\/v2\/pages\/787"}],"collection":[{"href":"https:\/\/gsfsergi.ebyu.edu.tr\/index.php?rest_route=\/wp\/v2\/pages"}],"about":[{"href":"https:\/\/gsfsergi.ebyu.edu.tr\/index.php?rest_route=\/wp\/v2\/types\/page"}],"author":[{"embeddable":true,"href":"https:\/\/gsfsergi.ebyu.edu.tr\/index.php?rest_route=\/wp\/v2\/users\/9"}],"replies":[{"embeddable":true,"href":"https:\/\/gsfsergi.ebyu.edu.tr\/index.php?rest_route=%2Fwp%2Fv2%2Fcomments&post=787"}],"version-history":[{"count":3,"href":"https:\/\/gsfsergi.ebyu.edu.tr\/index.php?rest_route=\/wp\/v2\/pages\/787\/revisions"}],"predecessor-version":[{"id":1432,"href":"https:\/\/gsfsergi.ebyu.edu.tr\/index.php?rest_route=\/wp\/v2\/pages\/787\/revisions\/1432"}],"wp:attachment":[{"href":"https:\/\/gsfsergi.ebyu.edu.tr\/index.php?rest_route=%2Fwp%2Fv2%2Fmedia&parent=787"}],"curies":[{"name":"wp","href":"https:\/\/api.w.org\/{rel}","templated":true}]}}