{"id":737,"date":"2020-05-18T14:18:09","date_gmt":"2020-05-18T11:18:09","guid":{"rendered":"https:\/\/gsfsergi.ebyu.edu.tr\/?page_id=737"},"modified":"2020-06-05T15:02:01","modified_gmt":"2020-06-05T12:02:01","slug":"yusuf-taktak","status":"publish","type":"page","link":"https:\/\/gsfsergi.ebyu.edu.tr\/?page_id=737","title":{"rendered":"Yusuf Taktak"},"content":{"rendered":"<p>[et_pb_section fb_built=&#8221;1&#8243; _builder_version=&#8221;4.4.7&#8243;][et_pb_row column_structure=&#8221;1_2,1_2&#8243; _builder_version=&#8221;4.4.7&#8243;][et_pb_column type=&#8221;1_2&#8243; _builder_version=&#8221;4.4.7&#8243;][et_pb_image src=&#8221;https:\/\/gsfsergi.ebyu.edu.tr\/wp-content\/uploads\/2020\/05\/yusuftaktak.jpg&#8221; title_text=&#8221;yusuftaktak&#8221; align=&#8221;right&#8221; _builder_version=&#8221;4.4.8&#8243; hover_enabled=&#8221;0&#8243; custom_padding=&#8221;60px||||false|false&#8221;][\/et_pb_image][\/et_pb_column][et_pb_column type=&#8221;1_2&#8243; _builder_version=&#8221;4.4.7&#8243;][et_pb_text _builder_version=&#8221;4.4.8&#8243; hover_enabled=&#8221;0&#8243; custom_padding=&#8221;60px||60px||false|false&#8221;]<\/p>\n<p style=\"text-align: left\">Yusuf Taktak 1951 Bolvadin\u2019de do\u011fdu. 1969-70 \u0130stanbul Devlet G\u00fczel Sanatlar Akademisi Y\u00fcksek<br \/>Resim B\u00f6l\u00fcm\u00fc\u2019ne girdi. 1974 \u0130stanbul Devlet G\u00fczel Sanatlar Akademisi Y\u00fcksek Resim B\u00f6l\u00fcm\u00fc, Prof.<br \/>Adnan \u00c7oker At\u00f6lyesi\u2019nden mezun oldu.<br \/>1974 Avusturya Salzburg Yaz Akademisi Prof. Mario Deliugiu At\u00f6lyesi\u2019nde e\u011fitim ald\u0131. 1976 \u0130stanbul<br \/>Resim Heykel M\u00fczesi\u2019nde \u00e7al\u0131\u015fmaya ba\u015flad\u0131.<br \/>\u0130stanbul Devlet G\u00fczel Sanatlar Akademisi Prof. Adnan \u00c7oker At\u00f6lyesi\u2019nde \u00f6\u011fretim g\u00f6revlisi oldu.<br \/>1990 \u0130stanbul Resim ve Heykel M\u00fczesi\u2019nden ayr\u0131ld\u0131. 1992 Mimar Sinan \u00dcniversitesi\u2019nden ayr\u0131ld\u0131.<br \/>1997-98 Yeditepe \u00dcniversitesi G\u00fczel Sanatlar Fak\u00fcltesi Resim B\u00f6l\u00fcm\u00fc\u2019nde \u00f6\u011fretim g\u00f6revlisi olarak<br \/>g\u00f6rev ald\u0131. 2005 Y\u0131ld\u0131z Teknik \u00dcniversitesi Sanat Tasar\u0131m Fak\u00fcltesi nde \u00e7al\u0131\u015fmaya ba\u015flad\u0131.<\/p>\n<p>[\/et_pb_text][\/et_pb_column][\/et_pb_row][\/et_pb_section]<\/p>\n","protected":false},"excerpt":{"rendered":"<p>[et_pb_section fb_built=&#8221;1&#8243; _builder_version=&#8221;4.4.7&#8243;][et_pb_row column_structure=&#8221;1_2,1_2&#8243; _builder_version=&#8221;4.4.7&#8243;][et_pb_column type=&#8221;1_2&#8243; _builder_version=&#8221;4.4.7&#8243;][et_pb_image src=&#8221;https:\/\/gsfsergi.ebyu.edu.tr\/wp-content\/uploads\/2020\/05\/yusuftaktak.jpg&#8221; title_text=&#8221;yusuftaktak&#8221; align=&#8221;right&#8221; _builder_version=&#8221;4.4.8&#8243; hover_enabled=&#8221;0&#8243; custom_padding=&#8221;60px||||false|false&#8221;][\/et_pb_image][\/et_pb_column][et_pb_column type=&#8221;1_2&#8243; _builder_version=&#8221;4.4.7&#8243;][et_pb_text _builder_version=&#8221;4.4.8&#8243; hover_enabled=&#8221;0&#8243; custom_padding=&#8221;60px||60px||false|false&#8221;] Yusuf Taktak 1951 Bolvadin\u2019de do\u011fdu. 1969-70 \u0130stanbul Devlet G\u00fczel Sanatlar Akademisi Y\u00fcksekResim B\u00f6l\u00fcm\u00fc\u2019ne girdi. 1974 \u0130stanbul Devlet G\u00fczel Sanatlar Akademisi Y\u00fcksek Resim B\u00f6l\u00fcm\u00fc, Prof.Adnan \u00c7oker At\u00f6lyesi\u2019nden mezun oldu.1974 Avusturya Salzburg Yaz Akademisi Prof. Mario Deliugiu At\u00f6lyesi\u2019nde e\u011fitim [&hellip;]<\/p>\n","protected":false},"author":9,"featured_media":0,"parent":0,"menu_order":0,"comment_status":"closed","ping_status":"closed","template":"","meta":{"_et_pb_use_builder":"on","_et_pb_old_content":"","_et_gb_content_width":"","spay_email":""},"jetpack_sharing_enabled":true,"jetpack_likes_enabled":true,"_links":{"self":[{"href":"https:\/\/gsfsergi.ebyu.edu.tr\/index.php?rest_route=\/wp\/v2\/pages\/737"}],"collection":[{"href":"https:\/\/gsfsergi.ebyu.edu.tr\/index.php?rest_route=\/wp\/v2\/pages"}],"about":[{"href":"https:\/\/gsfsergi.ebyu.edu.tr\/index.php?rest_route=\/wp\/v2\/types\/page"}],"author":[{"embeddable":true,"href":"https:\/\/gsfsergi.ebyu.edu.tr\/index.php?rest_route=\/wp\/v2\/users\/9"}],"replies":[{"embeddable":true,"href":"https:\/\/gsfsergi.ebyu.edu.tr\/index.php?rest_route=%2Fwp%2Fv2%2Fcomments&post=737"}],"version-history":[{"count":3,"href":"https:\/\/gsfsergi.ebyu.edu.tr\/index.php?rest_route=\/wp\/v2\/pages\/737\/revisions"}],"predecessor-version":[{"id":1483,"href":"https:\/\/gsfsergi.ebyu.edu.tr\/index.php?rest_route=\/wp\/v2\/pages\/737\/revisions\/1483"}],"wp:attachment":[{"href":"https:\/\/gsfsergi.ebyu.edu.tr\/index.php?rest_route=%2Fwp%2Fv2%2Fmedia&parent=737"}],"curies":[{"name":"wp","href":"https:\/\/api.w.org\/{rel}","templated":true}]}}