{"id":733,"date":"2020-05-18T14:17:45","date_gmt":"2020-05-18T11:17:45","guid":{"rendered":"https:\/\/gsfsergi.ebyu.edu.tr\/?page_id=733"},"modified":"2020-06-05T15:00:54","modified_gmt":"2020-06-05T12:00:54","slug":"tomur-atagok","status":"publish","type":"page","link":"https:\/\/gsfsergi.ebyu.edu.tr\/?page_id=733","title":{"rendered":"Tomur Atag\u00f6k"},"content":{"rendered":"<p>[et_pb_section fb_built=&#8221;1&#8243; _builder_version=&#8221;4.4.7&#8243;][et_pb_row column_structure=&#8221;1_2,1_2&#8243; _builder_version=&#8221;4.4.7&#8243;][et_pb_column type=&#8221;1_2&#8243; _builder_version=&#8221;4.4.7&#8243;][et_pb_image src=&#8221;https:\/\/gsfsergi.ebyu.edu.tr\/wp-content\/uploads\/2020\/05\/tomur.jpg&#8221; title_text=&#8221;tomur&#8221; align=&#8221;right&#8221; _builder_version=&#8221;4.4.8&#8243; hover_enabled=&#8221;0&#8243; custom_padding=&#8221;60px||||false|false&#8221;][\/et_pb_image][\/et_pb_column][et_pb_column type=&#8221;1_2&#8243; _builder_version=&#8221;4.4.7&#8243;][et_pb_text _builder_version=&#8221;4.4.8&#8243; hover_enabled=&#8221;0&#8243; custom_padding=&#8221;60px||60px||false|false&#8221;]<\/p>\n<div class=\"text left\">\n<p style=\"text-align: left\">\u0130stanbul do\u011fumlu sanat\u00e7\u0131 Robert Kolej&#8217;den mezun olduktan sonra ABD&#8217;de BFA ve MA (University of California, Berkeley) dereceleri alarak T\u00fcrkiye&#8217;ye d\u00f6nd\u00fc. MS\u00dc Resim ve Heykel M\u00fczesi M\u00fcd\u00fcr Yard\u0131mc\u0131l\u0131\u011f\u0131 g\u00f6revinden sonra Y\u0131ld\u0131z Teknik \u00dcniversitesi&#8217;nde \u00f6\u011fretim \u00fcyesi olarak \u00fcniversitenin K\u00fclt\u00fcr, Bas\u0131n ve D\u0131\u015f \u0130li\u015fkiler Ba\u015fkanl\u0131\u011f\u0131&#8217;n\u0131 yapt\u0131, M\u00fczecilik Y\u00fcksek Lisans Program\u0131n\u0131 kurdu ve y\u00fcr\u00fctt\u00fc. Sanat ve m\u00fczecilik ile ilgili \u00e7ok say\u0131da ara\u015ft\u0131rma ve projenin yan\u0131 s\u0131ra bu alanlarda yaz\u0131lar yazd\u0131. 2004-06 tarihleri arasinda YT\u00dc Sanat ve Tasarim Fak\u00fcltesi&#8217;nin dekanl\u0131\u011f\u0131n\u0131 yapt\u0131. Ki\u015fisel sergiler ger\u00e7ekle\u015ftirdi, ulusal ve uluslararas\u0131 sergilere kat\u0131ld\u0131 ve \u00f6d\u00fcller ald\u0131. Tomur ATAG\u00d6K 2006 y\u0131l\u0131ndaki emeklili\u011finden bu yana Demircik\u00f6y, Sar\u0131yer, \u0130stanbul&#8217;da ya\u015fay\u0131p \u00e7al\u0131\u015fmaktad\u0131r.<\/p>\n<\/div>\n<div class=\"text right\">\n<p style=\"text-align: left\">\u00d6nceleri sanattaki mekan\u0131 bi\u00e7imler aras\u0131nda bir ili\u015fkiler sorunu olarak ele al\u0131rken sanat\u00e7\u0131- sanat yap\u0131t\u0131-sanat izleyicisi aras\u0131nda de\u011fi\u015fen ve ya\u015fayan \u00fc\u00e7l\u00fc bir ili\u015fki olarak alg\u0131lamayay\u00f6neldim. Sanat\u00e7\u0131n\u0131n yaratt\u0131\u011f\u0131 yap\u0131t, di\u011ferleri taraf\u0131ndan alg\u0131lan\u0131rken her seferinde var olur.<\/p>\n<p style=\"text-align: left\">Sanat\u00e7\u0131n\u0131n ba\u015flatt\u0131\u011f\u0131 bu eylem, her izleyici ile farkl\u0131 bir sanatsal sonuca ula\u015f\u0131r. Sanat yap\u0131t\u0131, sanat\u00e7\u0131n\u0131n kendi ger\u00e7e\u011fini yans\u0131tmas\u0131n\u0131n \u00f6tesinde, izleyicinin duygu ve d\u00fc\u015f\u00fcncesini de i\u00e7erecektir.Metalik y\u00fczeydeki resimsel ger\u00e7ek ve mekan, sanat\u00e7\u0131n\u0131n ya\u015fayan \u00e7evreden alg\u0131lad\u0131\u011f\u0131 imgeler, yap\u0131t\u0131n d\u0131\u015f\u0131ndaki d\u00fcnyaya \u00e7a\u011fr\u0131\u015f\u0131mlar yapan simge ve betimlemeler, gere\u00e7 ve uygulaman\u0131n kendi farkl\u0131 ger\u00e7ekleri, izleyicinin kendi g\u00f6r\u00fcnt\u00fcs\u00fc ve yorumu; tinsel oldu\u011fu kadar nesnel, farkl\u0131 ger\u00e7ekleri olu\u015fturur.<\/p>\n<p style=\"text-align: left\">Di\u011fer taraftan resimsel ger\u00e7ek ve espas, \u00e7evre ve izleyicinin y\u00fczeye akseden g\u00f6r\u00fcnt\u00fclerinin kat\u0131l\u0131m\u0131 ile fiziki de\u011fi\u015fikli\u011fe u\u011frarken fiziksel mekan ve hareketle biraraya gelerek resmin \u00f6tesinde, ya\u015famla sanat\u0131n b\u00fct\u00fcnl\u00fc\u011f\u00fcn\u00fc sa\u011flar.<\/p>\n<\/div>\n<p>[\/et_pb_text][\/et_pb_column][\/et_pb_row][\/et_pb_section]<\/p>\n","protected":false},"excerpt":{"rendered":"<p>[et_pb_section fb_built=&#8221;1&#8243; _builder_version=&#8221;4.4.7&#8243;][et_pb_row column_structure=&#8221;1_2,1_2&#8243; _builder_version=&#8221;4.4.7&#8243;][et_pb_column type=&#8221;1_2&#8243; _builder_version=&#8221;4.4.7&#8243;][et_pb_image src=&#8221;https:\/\/gsfsergi.ebyu.edu.tr\/wp-content\/uploads\/2020\/05\/tomur.jpg&#8221; title_text=&#8221;tomur&#8221; align=&#8221;right&#8221; _builder_version=&#8221;4.4.8&#8243; hover_enabled=&#8221;0&#8243; custom_padding=&#8221;60px||||false|false&#8221;][\/et_pb_image][\/et_pb_column][et_pb_column type=&#8221;1_2&#8243; _builder_version=&#8221;4.4.7&#8243;][et_pb_text _builder_version=&#8221;4.4.8&#8243; hover_enabled=&#8221;0&#8243; custom_padding=&#8221;60px||60px||false|false&#8221;] \u0130stanbul do\u011fumlu sanat\u00e7\u0131 Robert Kolej&#8217;den mezun olduktan sonra ABD&#8217;de BFA ve MA (University of California, Berkeley) dereceleri alarak T\u00fcrkiye&#8217;ye d\u00f6nd\u00fc. MS\u00dc Resim ve Heykel M\u00fczesi M\u00fcd\u00fcr Yard\u0131mc\u0131l\u0131\u011f\u0131 g\u00f6revinden sonra Y\u0131ld\u0131z Teknik \u00dcniversitesi&#8217;nde \u00f6\u011fretim \u00fcyesi olarak \u00fcniversitenin K\u00fclt\u00fcr, [&hellip;]<\/p>\n","protected":false},"author":9,"featured_media":0,"parent":0,"menu_order":0,"comment_status":"closed","ping_status":"closed","template":"","meta":{"_et_pb_use_builder":"on","_et_pb_old_content":"","_et_gb_content_width":"","spay_email":""},"jetpack_sharing_enabled":true,"jetpack_likes_enabled":true,"_links":{"self":[{"href":"https:\/\/gsfsergi.ebyu.edu.tr\/index.php?rest_route=\/wp\/v2\/pages\/733"}],"collection":[{"href":"https:\/\/gsfsergi.ebyu.edu.tr\/index.php?rest_route=\/wp\/v2\/pages"}],"about":[{"href":"https:\/\/gsfsergi.ebyu.edu.tr\/index.php?rest_route=\/wp\/v2\/types\/page"}],"author":[{"embeddable":true,"href":"https:\/\/gsfsergi.ebyu.edu.tr\/index.php?rest_route=\/wp\/v2\/users\/9"}],"replies":[{"embeddable":true,"href":"https:\/\/gsfsergi.ebyu.edu.tr\/index.php?rest_route=%2Fwp%2Fv2%2Fcomments&post=733"}],"version-history":[{"count":3,"href":"https:\/\/gsfsergi.ebyu.edu.tr\/index.php?rest_route=\/wp\/v2\/pages\/733\/revisions"}],"predecessor-version":[{"id":1481,"href":"https:\/\/gsfsergi.ebyu.edu.tr\/index.php?rest_route=\/wp\/v2\/pages\/733\/revisions\/1481"}],"wp:attachment":[{"href":"https:\/\/gsfsergi.ebyu.edu.tr\/index.php?rest_route=%2Fwp%2Fv2%2Fmedia&parent=733"}],"curies":[{"name":"wp","href":"https:\/\/api.w.org\/{rel}","templated":true}]}}