{"id":731,"date":"2020-05-18T14:17:33","date_gmt":"2020-05-18T11:17:33","guid":{"rendered":"https:\/\/gsfsergi.ebyu.edu.tr\/?page_id=731"},"modified":"2020-06-05T15:00:22","modified_gmt":"2020-06-05T12:00:22","slug":"suleyman-saim-tekcan","status":"publish","type":"page","link":"https:\/\/gsfsergi.ebyu.edu.tr\/?page_id=731","title":{"rendered":"S\u00fcleyman Saim Tekcan"},"content":{"rendered":"<p>[et_pb_section fb_built=&#8221;1&#8243; _builder_version=&#8221;4.4.7&#8243;][et_pb_row column_structure=&#8221;1_2,1_2&#8243; _builder_version=&#8221;4.4.7&#8243;][et_pb_column type=&#8221;1_2&#8243; _builder_version=&#8221;4.4.7&#8243;][et_pb_image src=&#8221;https:\/\/gsfsergi.ebyu.edu.tr\/wp-content\/uploads\/2020\/05\/SSTekcan-portre_ba2469cf-e008-4bf4-a7fb-168a5c4bbd7c_medium.jpg&#8221; title_text=&#8221;SSTekcan-portre_ba2469cf-e008-4bf4-a7fb-168a5c4bbd7c_medium&#8221; align=&#8221;right&#8221; _builder_version=&#8221;4.4.8&#8243; hover_enabled=&#8221;0&#8243; custom_padding=&#8221;60px||||false|false&#8221;][\/et_pb_image][\/et_pb_column][et_pb_column type=&#8221;1_2&#8243; _builder_version=&#8221;4.4.7&#8243;][et_pb_text _builder_version=&#8221;4.4.8&#8243; hover_enabled=&#8221;0&#8243; custom_padding=&#8221;60px||60px||false|false&#8221;]<\/p>\n<p style=\"text-align: left\">S\u00fcleyman Saim Tekcan, 1940 y\u0131l\u0131nda Trabzon\u2019da do\u011fdu. 1963\u2019te Ankara Gazi E\u011fitim Enstit\u00fcs\u00fc Resim-\u0130\u015f B\u00f6l\u00fcm\u00fc\u2019nden lisans diplomas\u0131 ald\u0131. \u0130stanbul Devlet G\u00fczel Sanatlar Akademisi (Mimar Sinan \u00dcniversitesi) Resim B\u00f6l\u00fcm\u00fc\u2019nden lisans ve Mimar Sinan \u00dcniversitesi\u2019nde G\u00fczel Sanatlar Fak\u00fcltesi\u2019nde Sanatta Yeterlilik e\u011fitimini tamamlad\u0131. 1968 ve 1975 y\u0131llar\u0131 aras\u0131nda Atat\u00fcrk E\u011fitim Fak\u00fcltesi\u2019nde e\u011fitim g\u00f6revlisi olarak \u00e7al\u0131\u015ft\u0131. 1970\u2019de bir y\u0131l boyunca Almanya\u2019da bask\u0131 e\u011fitimi \u00fczerine ara\u015ft\u0131rmalarda bulundu. Daha sonra 1975 y\u0131l\u0131nda Mimar Sinan \u00dcniversitesi G\u00fczel Sanatlar Fak\u00fcltesi \u00f6\u011fretim kadrosuna girdi. 1985\u2019te profes\u00f6r oldu ve ayn\u0131 y\u0131l Grafik Sanat Dal\u0131 Ba\u015fkanl\u0131\u011f\u0131 g\u00f6revine atand\u0131. Yugoslavya\u2019da Sarajevo Sanat Akademisi ve Ankara\u2019da Bilkent \u00dcniversitesi\u2019nde \u00f6zg\u00fcn bask\u0131 seminerleri verdi. 1991 y\u0131l\u0131nda Almanya, Bonn\u2019da T\u00fcrk Grafik Sanat\u0131\u2019nda 12 Sanat\u00e7\u0131 ve \u00c7a\u011fda\u015f T\u00fcrk Resmi\u2019nden Bir Kesit ba\u015fl\u0131kl\u0131 iki ayr\u0131 konferans verdi. 1994-1995 y\u0131llar\u0131 aras\u0131nda Mimar Sinan \u00dcniversitesi Dekanl\u0131k g\u00f6revini, Grafik B\u00f6l\u00fcm\u00fc Ba\u015fkanl\u0131\u011f\u0131 ile beraber y\u00fcr\u00fctt\u00fc. 1996 y\u0131l\u0131nda B\u00fcy\u00fckada\u2019da e\u011fitime ba\u015flayan Yeditepe \u00dcniversitesi G\u00fczel Sanatlar Fak\u00fcltesi\u2019ni kurdu ve ilk e\u011fitim y\u0131l\u0131 s\u00fcresince Dekanl\u0131k g\u00f6revini y\u00fcr\u00fctt\u00fc. 2007 y\u0131l\u0131nda ,I\u015f\u0131k \u00dcniversitesi G\u00fczel Sanatlar Fak\u00fcltesi Kurucu Dekanl\u0131\u011f\u0131 g\u00f6revini y\u00fcr\u00fctt\u00fc. 2008 y\u0131l\u0131nda, 1.Uluslararas\u0131 \u00d6zg\u00fcn Bask\u0131resim Bienali J\u00fcri \u00dcyeli\u011fin de bulundu. 2004 y\u0131l\u0131ndan bu yana \u0130MOGA-\u0130stanbul Grafik Sanatlar M\u00fczesi Kurucu Y\u00f6netim Kurulu Ba\u015fkan\u0131 olarak \u00e7al\u0131\u015fmalar\u0131na devam etmektedir.<\/p>\n<p>[\/et_pb_text][\/et_pb_column][\/et_pb_row][\/et_pb_section]<\/p>\n","protected":false},"excerpt":{"rendered":"<p>[et_pb_section fb_built=&#8221;1&#8243; _builder_version=&#8221;4.4.7&#8243;][et_pb_row column_structure=&#8221;1_2,1_2&#8243; _builder_version=&#8221;4.4.7&#8243;][et_pb_column type=&#8221;1_2&#8243; _builder_version=&#8221;4.4.7&#8243;][et_pb_image src=&#8221;https:\/\/gsfsergi.ebyu.edu.tr\/wp-content\/uploads\/2020\/05\/SSTekcan-portre_ba2469cf-e008-4bf4-a7fb-168a5c4bbd7c_medium.jpg&#8221; title_text=&#8221;SSTekcan-portre_ba2469cf-e008-4bf4-a7fb-168a5c4bbd7c_medium&#8221; align=&#8221;right&#8221; _builder_version=&#8221;4.4.8&#8243; hover_enabled=&#8221;0&#8243; custom_padding=&#8221;60px||||false|false&#8221;][\/et_pb_image][\/et_pb_column][et_pb_column type=&#8221;1_2&#8243; _builder_version=&#8221;4.4.7&#8243;][et_pb_text _builder_version=&#8221;4.4.8&#8243; hover_enabled=&#8221;0&#8243; custom_padding=&#8221;60px||60px||false|false&#8221;] S\u00fcleyman Saim Tekcan, 1940 y\u0131l\u0131nda Trabzon\u2019da do\u011fdu. 1963\u2019te Ankara Gazi E\u011fitim Enstit\u00fcs\u00fc Resim-\u0130\u015f B\u00f6l\u00fcm\u00fc\u2019nden lisans diplomas\u0131 ald\u0131. \u0130stanbul Devlet G\u00fczel Sanatlar Akademisi (Mimar Sinan \u00dcniversitesi) Resim B\u00f6l\u00fcm\u00fc\u2019nden lisans ve Mimar Sinan \u00dcniversitesi\u2019nde G\u00fczel Sanatlar Fak\u00fcltesi\u2019nde Sanatta Yeterlilik [&hellip;]<\/p>\n","protected":false},"author":9,"featured_media":0,"parent":0,"menu_order":0,"comment_status":"closed","ping_status":"closed","template":"","meta":{"_et_pb_use_builder":"on","_et_pb_old_content":"","_et_gb_content_width":"","spay_email":""},"jetpack_sharing_enabled":true,"jetpack_likes_enabled":true,"_links":{"self":[{"href":"https:\/\/gsfsergi.ebyu.edu.tr\/index.php?rest_route=\/wp\/v2\/pages\/731"}],"collection":[{"href":"https:\/\/gsfsergi.ebyu.edu.tr\/index.php?rest_route=\/wp\/v2\/pages"}],"about":[{"href":"https:\/\/gsfsergi.ebyu.edu.tr\/index.php?rest_route=\/wp\/v2\/types\/page"}],"author":[{"embeddable":true,"href":"https:\/\/gsfsergi.ebyu.edu.tr\/index.php?rest_route=\/wp\/v2\/users\/9"}],"replies":[{"embeddable":true,"href":"https:\/\/gsfsergi.ebyu.edu.tr\/index.php?rest_route=%2Fwp%2Fv2%2Fcomments&post=731"}],"version-history":[{"count":3,"href":"https:\/\/gsfsergi.ebyu.edu.tr\/index.php?rest_route=\/wp\/v2\/pages\/731\/revisions"}],"predecessor-version":[{"id":1480,"href":"https:\/\/gsfsergi.ebyu.edu.tr\/index.php?rest_route=\/wp\/v2\/pages\/731\/revisions\/1480"}],"wp:attachment":[{"href":"https:\/\/gsfsergi.ebyu.edu.tr\/index.php?rest_route=%2Fwp%2Fv2%2Fmedia&parent=731"}],"curies":[{"name":"wp","href":"https:\/\/api.w.org\/{rel}","templated":true}]}}