{"id":729,"date":"2020-05-18T14:16:52","date_gmt":"2020-05-18T11:16:52","guid":{"rendered":"https:\/\/gsfsergi.ebyu.edu.tr\/?page_id=729"},"modified":"2020-06-05T14:59:52","modified_gmt":"2020-06-05T11:59:52","slug":"sinan-demirtas","status":"publish","type":"page","link":"https:\/\/gsfsergi.ebyu.edu.tr\/?page_id=729","title":{"rendered":"Sinan Demirta\u015f"},"content":{"rendered":"<p>[et_pb_section fb_built=&#8221;1&#8243; _builder_version=&#8221;4.4.7&#8243;][et_pb_row column_structure=&#8221;1_2,1_2&#8243; _builder_version=&#8221;4.4.7&#8243;][et_pb_column type=&#8221;1_2&#8243; _builder_version=&#8221;4.4.7&#8243;][et_pb_image src=&#8221;https:\/\/gsfsergi.ebyu.edu.tr\/wp-content\/uploads\/2020\/05\/1513241459_sinandemirta__tasar__mfoto-e1516870865702.jpg&#8221; title_text=&#8221;1513241459_sinandemirta__tasar__mfoto-e1516870865702&#8243; align=&#8221;right&#8221; _builder_version=&#8221;4.4.8&#8243; hover_enabled=&#8221;0&#8243; custom_padding=&#8221;60px||||false|false&#8221;][\/et_pb_image][\/et_pb_column][et_pb_column type=&#8221;1_2&#8243; _builder_version=&#8221;4.4.7&#8243;][et_pb_text _builder_version=&#8221;4.4.8&#8243; hover_enabled=&#8221;0&#8243; custom_padding=&#8221;60px||60px||false|false&#8221;]<\/p>\n<p style=\"text-align: left\">1966 y\u0131l\u0131nda \u0130stanbul\u2019da do\u011fan Sinan Demirta\u015f, 1993 y\u0131l\u0131nda Mimar Sinan \u00dcniversitesi G\u00fczel Sanatlar Fak\u00fcltesi Resim B\u00f6l\u00fcm\u00fc\u2019nden mezun olur. 1993\u2019te Akbank K\u00fclt\u00fcr Merkezi \u00d6zg\u00fcn Bask\u0131 At\u00f6lyesi\u2019ni, 1997 tarihinde ise Sinan Demirta\u015f Ta\u015f Bask\u0131 At\u00f6lyesi\u2019ni kurar. 1993-2004 tarihleri aras\u0131nda Akbank K\u00fclt\u00fcr Merkezi Bask\u0131 At\u00f6lyeleri y\u00f6neticili\u011fini yapar. 1979\u2019da Uluslararas\u0131 \u00c7ocuk Y\u0131l\u0131 Resim Yar\u0131\u015fmas\u0131 3.\u2019l\u00fck \u00f6d\u00fcl\u00fcn\u00fc, 1994\u2019te \u0130stanbul Yeni E\u011filimler Sergisi j\u00fcri \u00f6zel \u00f6d\u00fcl\u00fcn\u00fc, 1998\u2019de \u201cYans\u0131malar\u201d 14. Esbank Yunus Emre Resim Yar\u0131\u015fmas\u0131 \u00f6d\u00fcl\u00fcn\u00fc, 1999\u2019da Devlet Resim Heykel \u00d6zg\u00fcn Bask\u0131 \u00f6d\u00fcl\u00fcn\u00fc kazan\u0131r. \u00c7al\u0131\u015fmalar\u0131nda a\u011f\u0131rl\u0131kl\u0131 olarak foto\u011fraf sanat\u0131ndan yararlanan Demirta\u015f, foto\u011fraf\u0131 resimsel ger\u00e7ek\u00e7ili\u011fi ara\u015ft\u0131rman\u0131n \u00f6nemli bir arac\u0131 olarak g\u00f6rmekle birlikte, ortaya koydu\u011fu yap\u0131tlar\u0131nda bilin\u00e7li olarak foto-realistik g\u00f6r\u00fcnt\u00fcden uzakla\u015f\u0131r ve kendi \u00f6znel d\u00fcnyas\u0131n\u0131 yans\u0131t\u0131r. Fig\u00fcrlerin bir\u00e7ok farkl\u0131 plandan foto\u011fraflar\u0131n\u0131 \u00e7eken sanat\u00e7\u0131, daha sonra bu g\u00f6r\u00fcnt\u00fcleri kendi zihninde bir araya getirerek birle\u015ftirir ve fig\u00fcr\u00fcn i\u00e7 d\u00fcnyas\u0131n\u0131 yans\u0131tacak \u015fekilde soyut mek\u00e2nlar i\u00e7inde izleyiciyle bulu\u015fturur. Resim sanat\u0131n\u0131n en \u00f6nemli temalar\u0131ndan biri olan portreye g\u00fcn\u00fcm\u00fczden bir bak\u0131\u015f sunan sanat\u00e7\u0131, adeta tuvalin d\u0131\u015f\u0131na ta\u015fan anatomik detaylarla iki boyutlu tuval y\u00fczeyinin s\u0131n\u0131rlar\u0131n\u0131 zorlar. \u0130lk ki\u015fisel sergisini 1996\u2019da Taksim Sanat Galerisi\u2019nde \u201cYollar\u201d ba\u015fl\u0131\u011f\u0131 ile a\u00e7an sanat\u00e7\u0131, Yeditepe \u00dcniversitesi G\u00fczel Sanatlar Fak\u00fcltesi\u2019nde \u00f6\u011fretim g\u00f6revlisi olarak \u00e7al\u0131\u015fmakta ve \u00e7al\u0131\u015fmalar\u0131n\u0131 \u0130stanbul\u2019da s\u00fcrd\u00fcrmektedir.<\/p>\n<p>[\/et_pb_text][\/et_pb_column][\/et_pb_row][\/et_pb_section]<\/p>\n","protected":false},"excerpt":{"rendered":"<p>[et_pb_section fb_built=&#8221;1&#8243; _builder_version=&#8221;4.4.7&#8243;][et_pb_row column_structure=&#8221;1_2,1_2&#8243; _builder_version=&#8221;4.4.7&#8243;][et_pb_column type=&#8221;1_2&#8243; _builder_version=&#8221;4.4.7&#8243;][et_pb_image src=&#8221;https:\/\/gsfsergi.ebyu.edu.tr\/wp-content\/uploads\/2020\/05\/1513241459_sinandemirta__tasar__mfoto-e1516870865702.jpg&#8221; title_text=&#8221;1513241459_sinandemirta__tasar__mfoto-e1516870865702&#8243; align=&#8221;right&#8221; _builder_version=&#8221;4.4.8&#8243; hover_enabled=&#8221;0&#8243; custom_padding=&#8221;60px||||false|false&#8221;][\/et_pb_image][\/et_pb_column][et_pb_column type=&#8221;1_2&#8243; _builder_version=&#8221;4.4.7&#8243;][et_pb_text _builder_version=&#8221;4.4.8&#8243; hover_enabled=&#8221;0&#8243; custom_padding=&#8221;60px||60px||false|false&#8221;] 1966 y\u0131l\u0131nda \u0130stanbul\u2019da do\u011fan Sinan Demirta\u015f, 1993 y\u0131l\u0131nda Mimar Sinan \u00dcniversitesi G\u00fczel Sanatlar Fak\u00fcltesi Resim B\u00f6l\u00fcm\u00fc\u2019nden mezun olur. 1993\u2019te Akbank K\u00fclt\u00fcr Merkezi \u00d6zg\u00fcn Bask\u0131 At\u00f6lyesi\u2019ni, 1997 tarihinde ise Sinan Demirta\u015f Ta\u015f Bask\u0131 At\u00f6lyesi\u2019ni kurar. 1993-2004 tarihleri aras\u0131nda [&hellip;]<\/p>\n","protected":false},"author":9,"featured_media":0,"parent":0,"menu_order":0,"comment_status":"closed","ping_status":"closed","template":"","meta":{"_et_pb_use_builder":"on","_et_pb_old_content":"","_et_gb_content_width":"","spay_email":""},"jetpack_sharing_enabled":true,"jetpack_likes_enabled":true,"_links":{"self":[{"href":"https:\/\/gsfsergi.ebyu.edu.tr\/index.php?rest_route=\/wp\/v2\/pages\/729"}],"collection":[{"href":"https:\/\/gsfsergi.ebyu.edu.tr\/index.php?rest_route=\/wp\/v2\/pages"}],"about":[{"href":"https:\/\/gsfsergi.ebyu.edu.tr\/index.php?rest_route=\/wp\/v2\/types\/page"}],"author":[{"embeddable":true,"href":"https:\/\/gsfsergi.ebyu.edu.tr\/index.php?rest_route=\/wp\/v2\/users\/9"}],"replies":[{"embeddable":true,"href":"https:\/\/gsfsergi.ebyu.edu.tr\/index.php?rest_route=%2Fwp%2Fv2%2Fcomments&post=729"}],"version-history":[{"count":3,"href":"https:\/\/gsfsergi.ebyu.edu.tr\/index.php?rest_route=\/wp\/v2\/pages\/729\/revisions"}],"predecessor-version":[{"id":1479,"href":"https:\/\/gsfsergi.ebyu.edu.tr\/index.php?rest_route=\/wp\/v2\/pages\/729\/revisions\/1479"}],"wp:attachment":[{"href":"https:\/\/gsfsergi.ebyu.edu.tr\/index.php?rest_route=%2Fwp%2Fv2%2Fmedia&parent=729"}],"curies":[{"name":"wp","href":"https:\/\/api.w.org\/{rel}","templated":true}]}}