{"id":721,"date":"2020-05-18T14:15:47","date_gmt":"2020-05-18T11:15:47","guid":{"rendered":"https:\/\/gsfsergi.ebyu.edu.tr\/?page_id=721"},"modified":"2020-06-05T14:56:22","modified_gmt":"2020-06-05T11:56:22","slug":"mete-agyar","status":"publish","type":"page","link":"https:\/\/gsfsergi.ebyu.edu.tr\/?page_id=721","title":{"rendered":"Mete A\u011fyar"},"content":{"rendered":"<p>[et_pb_section fb_built=&#8221;1&#8243; _builder_version=&#8221;4.4.7&#8243;][et_pb_row column_structure=&#8221;1_2,1_2&#8243; _builder_version=&#8221;4.4.7&#8243;][et_pb_column type=&#8221;1_2&#8243; _builder_version=&#8221;4.4.7&#8243;][et_pb_image src=&#8221;https:\/\/gsfsergi.ebyu.edu.tr\/wp-content\/uploads\/2020\/05\/7b8b15db386667bddffcd92714d2b3b2.jpg&#8221; title_text=&#8221;7b8b15db386667bddffcd92714d2b3b2&#8243; align=&#8221;right&#8221; _builder_version=&#8221;4.4.8&#8243; hover_enabled=&#8221;0&#8243; custom_padding=&#8221;60px||||false|false&#8221;][\/et_pb_image][\/et_pb_column][et_pb_column type=&#8221;1_2&#8243; _builder_version=&#8221;4.4.7&#8243;][et_pb_text _builder_version=&#8221;4.4.8&#8243; hover_enabled=&#8221;0&#8243; custom_padding=&#8221;60px||60px||false|false&#8221;]<\/p>\n<p style=\"text-align: left\">(K\u0131r\u015fehir, 1959)<\/p>\n<p>1984&#8217;te Marmara \u00dcniversitesi Atat\u00fcrk E\u011fitim Fak\u00fcltesi Resim-\u0130\u015f E\u011fitimi B\u00f6l\u00fcm\u00fcn\u00fc bitirdi. 1986&#8217;da, MS\u00dcGSF Resim B\u00f6l\u00fcm\u00fcnde y\u00fcksek lisans yapt\u0131. 1989&#8217;da, Almanya&#8217;n\u0131n Bielefeld kentinde mesleki ara\u015ft\u0131rmalarda bulundu. 1990&#8217;da, \u0130ngiltere&#8217;de Bournemouth Sanat Akademisinde resim \u00e7al\u0131\u015fmalar\u0131 yapt\u0131. 1995&#8217;te MS\u00dcGSF&#8217;de sanatta yeterlilik program\u0131n\u0131 tamamlad\u0131.<\/p>\n<p>\u0130lk ki\u015fisel sergisini 1986&#8217;da, \u0130stanbul&#8217;da d\u00fczenledi. 1983&#8217;ten ba\u015flayarak karma sergilere kat\u0131ld\u0131. Halen MS\u00dcGSF&#8217;de Resim B\u00f6l\u00fcm\u00fcnde \u00f6\u011fretim g\u00f6revlisi olarak \u00e7al\u0131\u015fmaktad\u0131r.<\/p>\n<p>Mavi ve K\u0131rm\u0131z\u0131 tonlar\u0131n egemen oldu\u011fu soyut-geometrik anlay\u0131\u015fa ba\u011fl\u0131d\u0131r.<\/p>\n<p>[\/et_pb_text][\/et_pb_column][\/et_pb_row][\/et_pb_section]<\/p>\n","protected":false},"excerpt":{"rendered":"<p>[et_pb_section fb_built=&#8221;1&#8243; _builder_version=&#8221;4.4.7&#8243;][et_pb_row column_structure=&#8221;1_2,1_2&#8243; _builder_version=&#8221;4.4.7&#8243;][et_pb_column type=&#8221;1_2&#8243; _builder_version=&#8221;4.4.7&#8243;][et_pb_image src=&#8221;https:\/\/gsfsergi.ebyu.edu.tr\/wp-content\/uploads\/2020\/05\/7b8b15db386667bddffcd92714d2b3b2.jpg&#8221; title_text=&#8221;7b8b15db386667bddffcd92714d2b3b2&#8243; align=&#8221;right&#8221; _builder_version=&#8221;4.4.8&#8243; hover_enabled=&#8221;0&#8243; custom_padding=&#8221;60px||||false|false&#8221;][\/et_pb_image][\/et_pb_column][et_pb_column type=&#8221;1_2&#8243; _builder_version=&#8221;4.4.7&#8243;][et_pb_text _builder_version=&#8221;4.4.8&#8243; hover_enabled=&#8221;0&#8243; custom_padding=&#8221;60px||60px||false|false&#8221;] (K\u0131r\u015fehir, 1959) 1984&#8217;te Marmara \u00dcniversitesi Atat\u00fcrk E\u011fitim Fak\u00fcltesi Resim-\u0130\u015f E\u011fitimi B\u00f6l\u00fcm\u00fcn\u00fc bitirdi. 1986&#8217;da, MS\u00dcGSF Resim B\u00f6l\u00fcm\u00fcnde y\u00fcksek lisans yapt\u0131. 1989&#8217;da, Almanya&#8217;n\u0131n Bielefeld kentinde mesleki ara\u015ft\u0131rmalarda bulundu. 1990&#8217;da, \u0130ngiltere&#8217;de Bournemouth Sanat Akademisinde resim \u00e7al\u0131\u015fmalar\u0131 yapt\u0131. 1995&#8217;te MS\u00dcGSF&#8217;de sanatta [&hellip;]<\/p>\n","protected":false},"author":9,"featured_media":0,"parent":0,"menu_order":0,"comment_status":"closed","ping_status":"closed","template":"","meta":{"_et_pb_use_builder":"on","_et_pb_old_content":"","_et_gb_content_width":"","spay_email":""},"jetpack_sharing_enabled":true,"jetpack_likes_enabled":true,"_links":{"self":[{"href":"https:\/\/gsfsergi.ebyu.edu.tr\/index.php?rest_route=\/wp\/v2\/pages\/721"}],"collection":[{"href":"https:\/\/gsfsergi.ebyu.edu.tr\/index.php?rest_route=\/wp\/v2\/pages"}],"about":[{"href":"https:\/\/gsfsergi.ebyu.edu.tr\/index.php?rest_route=\/wp\/v2\/types\/page"}],"author":[{"embeddable":true,"href":"https:\/\/gsfsergi.ebyu.edu.tr\/index.php?rest_route=\/wp\/v2\/users\/9"}],"replies":[{"embeddable":true,"href":"https:\/\/gsfsergi.ebyu.edu.tr\/index.php?rest_route=%2Fwp%2Fv2%2Fcomments&post=721"}],"version-history":[{"count":3,"href":"https:\/\/gsfsergi.ebyu.edu.tr\/index.php?rest_route=\/wp\/v2\/pages\/721\/revisions"}],"predecessor-version":[{"id":1473,"href":"https:\/\/gsfsergi.ebyu.edu.tr\/index.php?rest_route=\/wp\/v2\/pages\/721\/revisions\/1473"}],"wp:attachment":[{"href":"https:\/\/gsfsergi.ebyu.edu.tr\/index.php?rest_route=%2Fwp%2Fv2%2Fmedia&parent=721"}],"curies":[{"name":"wp","href":"https:\/\/api.w.org\/{rel}","templated":true}]}}