{"id":719,"date":"2020-05-18T14:15:33","date_gmt":"2020-05-18T11:15:33","guid":{"rendered":"https:\/\/gsfsergi.ebyu.edu.tr\/?page_id=719"},"modified":"2020-06-05T14:55:47","modified_gmt":"2020-06-05T11:55:47","slug":"melik-iskender","status":"publish","type":"page","link":"https:\/\/gsfsergi.ebyu.edu.tr\/?page_id=719","title":{"rendered":"Melik \u0130skender"},"content":{"rendered":"<p>[et_pb_section fb_built=&#8221;1&#8243; _builder_version=&#8221;4.4.7&#8243;][et_pb_row column_structure=&#8221;1_2,1_2&#8243; _builder_version=&#8221;4.4.7&#8243;][et_pb_column type=&#8221;1_2&#8243; _builder_version=&#8221;4.4.7&#8243;][et_pb_image src=&#8221;https:\/\/gsfsergi.ebyu.edu.tr\/wp-content\/uploads\/2020\/05\/20191009_120453-1.png&#8221; title_text=&#8221;20191009_120453-1&#8243; align=&#8221;right&#8221; _builder_version=&#8221;4.4.8&#8243; hover_enabled=&#8221;0&#8243; custom_padding=&#8221;60px||||false|false&#8221;][\/et_pb_image][\/et_pb_column][et_pb_column type=&#8221;1_2&#8243; _builder_version=&#8221;4.4.7&#8243;][et_pb_text _builder_version=&#8221;4.4.8&#8243; hover_enabled=&#8221;0&#8243; custom_padding=&#8221;60px||60px||false|false&#8221;]<\/p>\n<p style=\"text-align: left\">Marmara \u00dcniversitesi Sosyal Bilimler Enstit\u00fcs\u00fcn\u00fc bitirdi. 1990 1995 Marmara \u00dcniversitesi Y\u00fcksek Lisans 1997-2000<\/p>\n<p>2000 T\u00fcrsel \u0130leti\u015fim Konulu Resim Yar\u0131\u015fmas\u0131 Ba\u015far\u0131 \u00d6d\u00fcl\u00fc ve 1995 Tuyap Gen\u00e7 Yetenekler Resim Yar\u0131\u015fmas\u0131 Mansiyon \u00d6d\u00fcl\u00fcn\u00fc alan sanat\u00e7\u0131n\u0131n, 63. Resim Heykel Sergisi Resim Yar\u0131\u015fmas\u0131nda eseri sergilenmeye de\u011fer bulundu.<\/p>\n<p>Halen Marmara \u00dcniversitesi Atat\u00fcrk E\u011fitim Fak\u00fcltesi G\u00fczel Sanatlar E\u011fitimi Resim B\u00f6l\u00fcm\u00fcnde \u00e7al\u0131\u015fmalar\u0131na devam etmektedir.<\/p>\n<p>[\/et_pb_text][\/et_pb_column][\/et_pb_row][\/et_pb_section]<\/p>\n","protected":false},"excerpt":{"rendered":"<p>[et_pb_section fb_built=&#8221;1&#8243; _builder_version=&#8221;4.4.7&#8243;][et_pb_row column_structure=&#8221;1_2,1_2&#8243; _builder_version=&#8221;4.4.7&#8243;][et_pb_column type=&#8221;1_2&#8243; _builder_version=&#8221;4.4.7&#8243;][et_pb_image src=&#8221;https:\/\/gsfsergi.ebyu.edu.tr\/wp-content\/uploads\/2020\/05\/20191009_120453-1.png&#8221; title_text=&#8221;20191009_120453-1&#8243; align=&#8221;right&#8221; _builder_version=&#8221;4.4.8&#8243; hover_enabled=&#8221;0&#8243; custom_padding=&#8221;60px||||false|false&#8221;][\/et_pb_image][\/et_pb_column][et_pb_column type=&#8221;1_2&#8243; _builder_version=&#8221;4.4.7&#8243;][et_pb_text _builder_version=&#8221;4.4.8&#8243; hover_enabled=&#8221;0&#8243; custom_padding=&#8221;60px||60px||false|false&#8221;] Marmara \u00dcniversitesi Sosyal Bilimler Enstit\u00fcs\u00fcn\u00fc bitirdi. 1990 1995 Marmara \u00dcniversitesi Y\u00fcksek Lisans 1997-2000 2000 T\u00fcrsel \u0130leti\u015fim Konulu Resim Yar\u0131\u015fmas\u0131 Ba\u015far\u0131 \u00d6d\u00fcl\u00fc ve 1995 Tuyap Gen\u00e7 Yetenekler Resim Yar\u0131\u015fmas\u0131 Mansiyon \u00d6d\u00fcl\u00fcn\u00fc alan sanat\u00e7\u0131n\u0131n, 63. Resim Heykel Sergisi Resim [&hellip;]<\/p>\n","protected":false},"author":9,"featured_media":0,"parent":0,"menu_order":0,"comment_status":"closed","ping_status":"closed","template":"","meta":{"_et_pb_use_builder":"on","_et_pb_old_content":"","_et_gb_content_width":"","spay_email":""},"jetpack_sharing_enabled":true,"jetpack_likes_enabled":true,"_links":{"self":[{"href":"https:\/\/gsfsergi.ebyu.edu.tr\/index.php?rest_route=\/wp\/v2\/pages\/719"}],"collection":[{"href":"https:\/\/gsfsergi.ebyu.edu.tr\/index.php?rest_route=\/wp\/v2\/pages"}],"about":[{"href":"https:\/\/gsfsergi.ebyu.edu.tr\/index.php?rest_route=\/wp\/v2\/types\/page"}],"author":[{"embeddable":true,"href":"https:\/\/gsfsergi.ebyu.edu.tr\/index.php?rest_route=\/wp\/v2\/users\/9"}],"replies":[{"embeddable":true,"href":"https:\/\/gsfsergi.ebyu.edu.tr\/index.php?rest_route=%2Fwp%2Fv2%2Fcomments&post=719"}],"version-history":[{"count":3,"href":"https:\/\/gsfsergi.ebyu.edu.tr\/index.php?rest_route=\/wp\/v2\/pages\/719\/revisions"}],"predecessor-version":[{"id":1472,"href":"https:\/\/gsfsergi.ebyu.edu.tr\/index.php?rest_route=\/wp\/v2\/pages\/719\/revisions\/1472"}],"wp:attachment":[{"href":"https:\/\/gsfsergi.ebyu.edu.tr\/index.php?rest_route=%2Fwp%2Fv2%2Fmedia&parent=719"}],"curies":[{"name":"wp","href":"https:\/\/api.w.org\/{rel}","templated":true}]}}