{"id":717,"date":"2020-05-18T14:15:21","date_gmt":"2020-05-18T11:15:21","guid":{"rendered":"https:\/\/gsfsergi.ebyu.edu.tr\/?page_id=717"},"modified":"2020-06-05T14:52:47","modified_gmt":"2020-06-05T11:52:47","slug":"irfan-okan","status":"publish","type":"page","link":"https:\/\/gsfsergi.ebyu.edu.tr\/?page_id=717","title":{"rendered":"\u0130rfan Okan"},"content":{"rendered":"<p>[et_pb_section fb_built=&#8221;1&#8243; _builder_version=&#8221;4.4.7&#8243;][et_pb_row column_structure=&#8221;1_2,1_2&#8243; _builder_version=&#8221;4.4.7&#8243;][et_pb_column type=&#8221;1_2&#8243; _builder_version=&#8221;4.4.7&#8243;][et_pb_image src=&#8221;https:\/\/gsfsergi.ebyu.edu.tr\/wp-content\/uploads\/2020\/05\/19.jpg&#8221; title_text=&#8221;19&#8243; align=&#8221;right&#8221; _builder_version=&#8221;4.4.8&#8243; hover_enabled=&#8221;0&#8243; custom_padding=&#8221;60px||||false|false&#8221;][\/et_pb_image][\/et_pb_column][et_pb_column type=&#8221;1_2&#8243; _builder_version=&#8221;4.4.7&#8243;][et_pb_text _builder_version=&#8221;4.4.8&#8243; hover_enabled=&#8221;0&#8243; custom_padding=&#8221;60px||60px||false|false&#8221;]<\/p>\n<p style=\"text-align: left\">1957 y\u0131l\u0131nda \u0130stanbul\u2019da do\u011fdu. Devlet Tatbiki G\u00fczel Sanatlar Y\u00fcksek Okulu (\u015fimdiki ad\u0131yla Marmara \u00dcniversitesi)\u00a0Resim B\u00f6l\u00fcm\u00fc\u2019n\u00fc bitiren sanat\u00e7\u0131 ilk ki\u015fisel sergisini 1982\u2019de \u0130stanbul\u2019da d\u00fczenlemi\u015ftir. 1990 Venedik Bienali\u2019nde\u00a0Kemal \u00d6nsoy ile birlikte T\u00fcrkiye\u2019yi temsil etmi\u015ftir.<\/p>\n<p style=\"text-align: left\">Soyut organik bi\u00e7im \u015femalar\u0131 \u00fczerinde, ger\u00e7eklilikle ger\u00e7ekd\u0131\u015f\u0131\u00a0olan\u0131n ili\u015fkilerini kendine \u00f6zg\u00fc bir teknik d\u00fczeyde yans\u0131tmakta, insan bedeninin yap\u0131s\u0131ndan kaynaklanan bir\u00a0b\u00fct\u00fcnl\u00fc\u011f\u00fc, g\u00f6rsel organizman\u0131n da yap\u0131sal karakteri olarak de\u011ferlendirmektedir.<\/p>\n<p style=\"text-align: left\">Son d\u00f6nem yap\u0131tlar\u0131nda\u00a0tamamen soyut kompozisyonlar ve farkl\u0131 malzeme kullan\u0131mlar\u0131 a\u011f\u0131rl\u0131k kazanm\u0131\u015ft\u0131r. \u0130stanbul\u2019da ya\u015famakta ve\u00a0\u00e7al\u0131\u015fmaktad\u0131r.<\/p>\n<p>[\/et_pb_text][\/et_pb_column][\/et_pb_row][\/et_pb_section]<\/p>\n","protected":false},"excerpt":{"rendered":"<p>[et_pb_section fb_built=&#8221;1&#8243; _builder_version=&#8221;4.4.7&#8243;][et_pb_row column_structure=&#8221;1_2,1_2&#8243; _builder_version=&#8221;4.4.7&#8243;][et_pb_column type=&#8221;1_2&#8243; _builder_version=&#8221;4.4.7&#8243;][et_pb_image src=&#8221;https:\/\/gsfsergi.ebyu.edu.tr\/wp-content\/uploads\/2020\/05\/19.jpg&#8221; title_text=&#8221;19&#8243; align=&#8221;right&#8221; _builder_version=&#8221;4.4.8&#8243; hover_enabled=&#8221;0&#8243; custom_padding=&#8221;60px||||false|false&#8221;][\/et_pb_image][\/et_pb_column][et_pb_column type=&#8221;1_2&#8243; _builder_version=&#8221;4.4.7&#8243;][et_pb_text _builder_version=&#8221;4.4.8&#8243; hover_enabled=&#8221;0&#8243; custom_padding=&#8221;60px||60px||false|false&#8221;] 1957 y\u0131l\u0131nda \u0130stanbul\u2019da do\u011fdu. Devlet Tatbiki G\u00fczel Sanatlar Y\u00fcksek Okulu (\u015fimdiki ad\u0131yla Marmara \u00dcniversitesi)\u00a0Resim B\u00f6l\u00fcm\u00fc\u2019n\u00fc bitiren sanat\u00e7\u0131 ilk ki\u015fisel sergisini 1982\u2019de \u0130stanbul\u2019da d\u00fczenlemi\u015ftir. 1990 Venedik Bienali\u2019nde\u00a0Kemal \u00d6nsoy ile birlikte T\u00fcrkiye\u2019yi temsil etmi\u015ftir. Soyut organik bi\u00e7im \u015femalar\u0131 \u00fczerinde, [&hellip;]<\/p>\n","protected":false},"author":9,"featured_media":0,"parent":0,"menu_order":0,"comment_status":"closed","ping_status":"closed","template":"","meta":{"_et_pb_use_builder":"on","_et_pb_old_content":"","_et_gb_content_width":"","spay_email":""},"jetpack_sharing_enabled":true,"jetpack_likes_enabled":true,"_links":{"self":[{"href":"https:\/\/gsfsergi.ebyu.edu.tr\/index.php?rest_route=\/wp\/v2\/pages\/717"}],"collection":[{"href":"https:\/\/gsfsergi.ebyu.edu.tr\/index.php?rest_route=\/wp\/v2\/pages"}],"about":[{"href":"https:\/\/gsfsergi.ebyu.edu.tr\/index.php?rest_route=\/wp\/v2\/types\/page"}],"author":[{"embeddable":true,"href":"https:\/\/gsfsergi.ebyu.edu.tr\/index.php?rest_route=\/wp\/v2\/users\/9"}],"replies":[{"embeddable":true,"href":"https:\/\/gsfsergi.ebyu.edu.tr\/index.php?rest_route=%2Fwp%2Fv2%2Fcomments&post=717"}],"version-history":[{"count":3,"href":"https:\/\/gsfsergi.ebyu.edu.tr\/index.php?rest_route=\/wp\/v2\/pages\/717\/revisions"}],"predecessor-version":[{"id":1467,"href":"https:\/\/gsfsergi.ebyu.edu.tr\/index.php?rest_route=\/wp\/v2\/pages\/717\/revisions\/1467"}],"wp:attachment":[{"href":"https:\/\/gsfsergi.ebyu.edu.tr\/index.php?rest_route=%2Fwp%2Fv2%2Fmedia&parent=717"}],"curies":[{"name":"wp","href":"https:\/\/api.w.org\/{rel}","templated":true}]}}