{"id":711,"date":"2020-05-18T14:14:34","date_gmt":"2020-05-18T11:14:34","guid":{"rendered":"https:\/\/gsfsergi.ebyu.edu.tr\/?page_id=711"},"modified":"2020-06-05T14:50:05","modified_gmt":"2020-06-05T11:50:05","slug":"gurbuz-dogan-eksioglu","status":"publish","type":"page","link":"https:\/\/gsfsergi.ebyu.edu.tr\/?page_id=711","title":{"rendered":"G\u00fcrb\u00fcz Do\u011fan Ek\u015fio\u011flu"},"content":{"rendered":"<p>[et_pb_section fb_built=&#8221;1&#8243; _builder_version=&#8221;4.4.7&#8243;][et_pb_row column_structure=&#8221;1_2,1_2&#8243; _builder_version=&#8221;4.4.7&#8243;][et_pb_column type=&#8221;1_2&#8243; _builder_version=&#8221;4.4.7&#8243;][et_pb_image src=&#8221;https:\/\/gsfsergi.ebyu.edu.tr\/wp-content\/uploads\/2020\/05\/Gurbuz_Dogan_Eksioglu_medium.jpg&#8221; title_text=&#8221;Gurbuz_Dogan_Eksioglu_medium&#8221; align=&#8221;right&#8221; _builder_version=&#8221;4.4.8&#8243; hover_enabled=&#8221;0&#8243; custom_padding=&#8221;60px||||false|false&#8221;][\/et_pb_image][\/et_pb_column][et_pb_column type=&#8221;1_2&#8243; _builder_version=&#8221;4.4.7&#8243;][et_pb_text _builder_version=&#8221;4.4.8&#8243; hover_enabled=&#8221;0&#8243; custom_padding=&#8221;60px||60px||false|false&#8221;]<\/p>\n<p style=\"text-align: left\"><strong>1954 y\u0131l\u0131nda Mesudiye (Ordu)&#8217;da do\u011fdu. Devlet Tatbiki G\u00fczel Sanatlar Y\u00fcksekokulu Grafik B\u00f6l\u00fcm\u00fcnde \u00f6\u011frenim g\u00f6rd\u00fc. Halen ayn\u0131 kurumda, yeni ad\u0131 Marmara \u00dcniversitesi G\u00fczel Sanatlar Fak\u00fcltesi&#8217;nde Yrd. Do\u00e7. olarak g\u00f6rev yap\u0131yor. 1977 y\u0131l\u0131ndan beri karikat\u00fcr ile ilgilenen sanat\u00e7\u0131, \u015fimdiye kadar 23&#8217;\u00fc uluslararas\u0131 olmak \u00fczere toplam 64 \u00f6d\u00fcl kazand\u0131. <\/strong><\/p>\n<p style=\"text-align: left\"><strong>Ulusal ve uluslararas\u0131 bir\u00e7ok karma serginin yan\u0131 s\u0131ra New York&#8217;da olmak \u00fczere dokuz ki\u015fisel sergi a\u00e7t\u0131. New Yorker Dergisi&#8217;nin kapa\u011f\u0131nda \u00fc\u00e7 kez , The Forbes Dergisi&#8217;nin kapa\u011f\u0131nda bir kez, The Atlantic Monthly, The New York Times gibi dergilerde karikat\u00fcr ve illustrasyonlar\u0131 yer ald\u0131. Sanat\u00e7\u0131 ayn\u0131 zamanda 1998 y\u0131l\u0131 Sedat Simavi G\u00f6rsel Sanatlar \u00d6d\u00fcl\u00fc&#8217;n\u00fcn sahibidir.<\/strong><\/p>\n<p style=\"text-align: left\">\n[\/et_pb_text][\/et_pb_column][\/et_pb_row][\/et_pb_section]<\/p>\n","protected":false},"excerpt":{"rendered":"<p>[et_pb_section fb_built=&#8221;1&#8243; _builder_version=&#8221;4.4.7&#8243;][et_pb_row column_structure=&#8221;1_2,1_2&#8243; _builder_version=&#8221;4.4.7&#8243;][et_pb_column type=&#8221;1_2&#8243; _builder_version=&#8221;4.4.7&#8243;][et_pb_image src=&#8221;https:\/\/gsfsergi.ebyu.edu.tr\/wp-content\/uploads\/2020\/05\/Gurbuz_Dogan_Eksioglu_medium.jpg&#8221; title_text=&#8221;Gurbuz_Dogan_Eksioglu_medium&#8221; align=&#8221;right&#8221; _builder_version=&#8221;4.4.8&#8243; hover_enabled=&#8221;0&#8243; custom_padding=&#8221;60px||||false|false&#8221;][\/et_pb_image][\/et_pb_column][et_pb_column type=&#8221;1_2&#8243; _builder_version=&#8221;4.4.7&#8243;][et_pb_text _builder_version=&#8221;4.4.8&#8243; hover_enabled=&#8221;0&#8243; custom_padding=&#8221;60px||60px||false|false&#8221;] 1954 y\u0131l\u0131nda Mesudiye (Ordu)&#8217;da do\u011fdu. Devlet Tatbiki G\u00fczel Sanatlar Y\u00fcksekokulu Grafik B\u00f6l\u00fcm\u00fcnde \u00f6\u011frenim g\u00f6rd\u00fc. Halen ayn\u0131 kurumda, yeni ad\u0131 Marmara \u00dcniversitesi G\u00fczel Sanatlar Fak\u00fcltesi&#8217;nde Yrd. Do\u00e7. olarak g\u00f6rev yap\u0131yor. 1977 y\u0131l\u0131ndan beri karikat\u00fcr ile ilgilenen sanat\u00e7\u0131, \u015fimdiye [&hellip;]<\/p>\n","protected":false},"author":9,"featured_media":0,"parent":0,"menu_order":0,"comment_status":"closed","ping_status":"closed","template":"","meta":{"_et_pb_use_builder":"on","_et_pb_old_content":"","_et_gb_content_width":"","spay_email":""},"jetpack_sharing_enabled":true,"jetpack_likes_enabled":true,"_links":{"self":[{"href":"https:\/\/gsfsergi.ebyu.edu.tr\/index.php?rest_route=\/wp\/v2\/pages\/711"}],"collection":[{"href":"https:\/\/gsfsergi.ebyu.edu.tr\/index.php?rest_route=\/wp\/v2\/pages"}],"about":[{"href":"https:\/\/gsfsergi.ebyu.edu.tr\/index.php?rest_route=\/wp\/v2\/types\/page"}],"author":[{"embeddable":true,"href":"https:\/\/gsfsergi.ebyu.edu.tr\/index.php?rest_route=\/wp\/v2\/users\/9"}],"replies":[{"embeddable":true,"href":"https:\/\/gsfsergi.ebyu.edu.tr\/index.php?rest_route=%2Fwp%2Fv2%2Fcomments&post=711"}],"version-history":[{"count":3,"href":"https:\/\/gsfsergi.ebyu.edu.tr\/index.php?rest_route=\/wp\/v2\/pages\/711\/revisions"}],"predecessor-version":[{"id":1462,"href":"https:\/\/gsfsergi.ebyu.edu.tr\/index.php?rest_route=\/wp\/v2\/pages\/711\/revisions\/1462"}],"wp:attachment":[{"href":"https:\/\/gsfsergi.ebyu.edu.tr\/index.php?rest_route=%2Fwp%2Fv2%2Fmedia&parent=711"}],"curies":[{"name":"wp","href":"https:\/\/api.w.org\/{rel}","templated":true}]}}