{"id":709,"date":"2020-05-18T14:14:20","date_gmt":"2020-05-18T11:14:20","guid":{"rendered":"https:\/\/gsfsergi.ebyu.edu.tr\/?page_id=709"},"modified":"2020-06-05T14:47:36","modified_gmt":"2020-06-05T11:47:36","slug":"devabil-kara","status":"publish","type":"page","link":"https:\/\/gsfsergi.ebyu.edu.tr\/?page_id=709","title":{"rendered":"Devabil Kara"},"content":{"rendered":"<p>[et_pb_section fb_built=&#8221;1&#8243; _builder_version=&#8221;4.4.7&#8243;][et_pb_row column_structure=&#8221;1_2,1_2&#8243; _builder_version=&#8221;4.4.7&#8243;][et_pb_column type=&#8221;1_2&#8243; _builder_version=&#8221;4.4.7&#8243;][et_pb_image src=&#8221;https:\/\/gsfsergi.ebyu.edu.tr\/wp-content\/uploads\/2020\/05\/devabil-kara.jpg&#8221; title_text=&#8221;devabil kara&#8221; align=&#8221;right&#8221; _builder_version=&#8221;4.4.8&#8243; hover_enabled=&#8221;0&#8243; custom_padding=&#8221;60px||||false|false&#8221;][\/et_pb_image][\/et_pb_column][et_pb_column type=&#8221;1_2&#8243; _builder_version=&#8221;4.4.7&#8243;][et_pb_text _builder_version=&#8221;4.4.8&#8243; hover_enabled=&#8221;0&#8243; custom_padding=&#8221;60px||60px||false|false&#8221;]<\/p>\n<p style=\"text-align: left\"><em><strong>Erzurum\u2019da do\u011fdu.<\/strong><\/em><\/p>\n<p style=\"text-align: left\"><em>-86<\/em>\u00a0Marmara \u00dcniversitesi G\u00fczel Sanatlar Fak\u00fcltesi Resim B\u00f6l\u00fcm\u00fc\u2019nden mezun oldu.<\/p>\n<p style=\"text-align: left\">Marmara \u00dcniversitesi G\u00fczel Sanatlar Fak\u00fcltesi Resim B\u00f6l\u00fcm\u00fc\u2019ne Ara\u015ft\u0131rma G\u00f6revlisi olarak atand\u0131.<\/p>\n<p style=\"text-align: left\">Marmara \u00dcniversitesi Sosyal Bilimler Enstit\u00fcs\u00fc\u2019nde, \u2018Sanat\u00e7\u0131 Ki\u015fili\u011finde Psikolojik Alg\u0131\u2019adl\u0131 Sanatta Yeterlik tezini verdi.<\/p>\n<p style=\"text-align: left\">Halen Marmara \u00dcniversitesi G\u00fczel Sanatlar Fak\u00fcltesi Resim B\u00f6l\u00fcm\u00fc\u2019nde\u00a0 \u00d6\u011fretim \u00dcyesi olarak \u00e7al\u0131\u015fmaktad\u0131r.<\/p>\n<p style=\"text-align: left\"><em><strong>\u00d6d\u00fcller<\/strong><\/em><\/p>\n<p style=\"text-align: left\">Ulusal Egemenlik Haftas\u0131 \u2018Ulusal Egemenlik\u2019 konulu resim yar\u0131\u015fmas\u0131, \u00d6vg\u00fc \u00d6d\u00fcl\u00fc, \u0130stanbul<\/p>\n<p style=\"text-align: left\">DYO Resim Yar\u0131\u015fmas\u0131, \u00d6d\u00fcl, \u0130zmir<\/p>\n<p style=\"text-align: left\">G\u00fclhane Etkinlikleri \u2018Sanat ve El Sanatlar\u0131 Festivali\u2019 \u00d6zg\u00fcn Bask\u0131 Resim Yar\u0131\u015fmas\u0131, Mansiyon, \u0130stanbul<\/p>\n<p style=\"text-align: left\"><em>1988<\/em>\u00a0 L\u00fcleta\u015f\u0131 \u2018Beyaz Alt\u0131n\u2019Resim Yar\u0131\u015fmas\u0131, \u00d6d\u00fcl, Eski\u015fehir<\/p>\n<p style=\"text-align: left\"><em>1989\u00a0\u00a0<\/em>23.DYO Resim Yar\u0131\u015fmas\u0131, Mansiyon, \u0130zmir<\/p>\n<p style=\"text-align: left\"><em>1989<\/em>\u00a0 TC.K\u00fclt\u00fcr Bakanl\u0131\u011f\u0131 50.Devlet Resim Yar\u0131\u015fmas\u0131,2.\u00d6d\u00fcl,Ankara<\/p>\n<p style=\"text-align: left\"><em>1989<\/em>\u00a0 TC.K\u00fclt\u00fcr Bakanl\u0131\u011f\u0131 50.Devlet \u00d6zg\u00fcn Bask\u0131 Resim Yar\u0131\u015fmas\u0131,2. \u00d6d\u00fcl,Ankara<\/p>\n<p style=\"text-align: left\"><em>1990<\/em>\u00a0 T\u00fcrkiye Jokey Kul\u00fcb\u00fc 2.Resim Yar\u0131\u015fmas\u0131,Mansiyon,\u0130stanbul<\/p>\n<p style=\"text-align: left\"><em>1990<\/em>\u00a0 \u00c7a\u011fda\u015f T\u00fcrk Resim Yar\u0131\u015fmas\u0131, Mansiyon, \u0130stanbul<\/p>\n<p style=\"text-align: left\"><em>1993<\/em>\u00a0 Adana \u00c7imento Sanayii 4.Resim Yar\u0131\u015fmas\u0131, Mansiyon, Adana<\/p>\n<p style=\"text-align: left\"><em>1993<\/em>\u00a0 ESBANK 10.Yunus Emre Resim Yar\u0131\u015fmas\u0131, \u00d6d\u00fcl, Eski\u015fehir<\/p>\n<p style=\"text-align: left\">Devlet \u00d6zg\u00fcn Bask\u0131 Resim Yar\u0131\u015fmas\u0131, \u00d6d\u00fcl, Ankara<\/p>\n<p style=\"text-align: left\">2001 5.T\u00fcrkiye Jokey Kulubu Resim Yar\u0131\u015fmas\u0131, \u0131\u0131.\u00d6d\u00fcl, \u0130stanbul<\/p>\n<p style=\"text-align: left\">28 Mart 2007 Y\u0131lba\u015f\u0131 Konsept Tasar\u0131m Yar\u0131\u015fmas\u0131 1.lik \u00f6d\u00fcl\u00fc, Birle\u015fmi\u015f Markalar Derne\u011fi,\u0130stanbul<\/p>\n<p style=\"text-align: left\"><em><strong>Ald\u0131\u011f\u0131 Burslar<\/strong><\/em><\/p>\n<p style=\"text-align: left\">Uluslararas\u0131 Salzburg G\u00fczel Sanatlar Yaz Akademisi,Litografi s\u0131n\u0131f\u0131 bursu,Salzburg\/Avusturya<\/p>\n<p>[\/et_pb_text][\/et_pb_column][\/et_pb_row][\/et_pb_section]<\/p>\n","protected":false},"excerpt":{"rendered":"<p>[et_pb_section fb_built=&#8221;1&#8243; _builder_version=&#8221;4.4.7&#8243;][et_pb_row column_structure=&#8221;1_2,1_2&#8243; _builder_version=&#8221;4.4.7&#8243;][et_pb_column type=&#8221;1_2&#8243; _builder_version=&#8221;4.4.7&#8243;][et_pb_image src=&#8221;https:\/\/gsfsergi.ebyu.edu.tr\/wp-content\/uploads\/2020\/05\/devabil-kara.jpg&#8221; title_text=&#8221;devabil kara&#8221; align=&#8221;right&#8221; _builder_version=&#8221;4.4.8&#8243; hover_enabled=&#8221;0&#8243; custom_padding=&#8221;60px||||false|false&#8221;][\/et_pb_image][\/et_pb_column][et_pb_column type=&#8221;1_2&#8243; _builder_version=&#8221;4.4.7&#8243;][et_pb_text _builder_version=&#8221;4.4.8&#8243; hover_enabled=&#8221;0&#8243; custom_padding=&#8221;60px||60px||false|false&#8221;] Erzurum\u2019da do\u011fdu. -86\u00a0Marmara \u00dcniversitesi G\u00fczel Sanatlar Fak\u00fcltesi Resim B\u00f6l\u00fcm\u00fc\u2019nden mezun oldu. Marmara \u00dcniversitesi G\u00fczel Sanatlar Fak\u00fcltesi Resim B\u00f6l\u00fcm\u00fc\u2019ne Ara\u015ft\u0131rma G\u00f6revlisi olarak atand\u0131. Marmara \u00dcniversitesi Sosyal Bilimler Enstit\u00fcs\u00fc\u2019nde, \u2018Sanat\u00e7\u0131 Ki\u015fili\u011finde Psikolojik Alg\u0131\u2019adl\u0131 Sanatta Yeterlik tezini verdi. Halen [&hellip;]<\/p>\n","protected":false},"author":9,"featured_media":0,"parent":0,"menu_order":0,"comment_status":"closed","ping_status":"closed","template":"","meta":{"_et_pb_use_builder":"on","_et_pb_old_content":"","_et_gb_content_width":"","spay_email":""},"jetpack_sharing_enabled":true,"jetpack_likes_enabled":true,"_links":{"self":[{"href":"https:\/\/gsfsergi.ebyu.edu.tr\/index.php?rest_route=\/wp\/v2\/pages\/709"}],"collection":[{"href":"https:\/\/gsfsergi.ebyu.edu.tr\/index.php?rest_route=\/wp\/v2\/pages"}],"about":[{"href":"https:\/\/gsfsergi.ebyu.edu.tr\/index.php?rest_route=\/wp\/v2\/types\/page"}],"author":[{"embeddable":true,"href":"https:\/\/gsfsergi.ebyu.edu.tr\/index.php?rest_route=\/wp\/v2\/users\/9"}],"replies":[{"embeddable":true,"href":"https:\/\/gsfsergi.ebyu.edu.tr\/index.php?rest_route=%2Fwp%2Fv2%2Fcomments&post=709"}],"version-history":[{"count":3,"href":"https:\/\/gsfsergi.ebyu.edu.tr\/index.php?rest_route=\/wp\/v2\/pages\/709\/revisions"}],"predecessor-version":[{"id":1458,"href":"https:\/\/gsfsergi.ebyu.edu.tr\/index.php?rest_route=\/wp\/v2\/pages\/709\/revisions\/1458"}],"wp:attachment":[{"href":"https:\/\/gsfsergi.ebyu.edu.tr\/index.php?rest_route=%2Fwp%2Fv2%2Fmedia&parent=709"}],"curies":[{"name":"wp","href":"https:\/\/api.w.org\/{rel}","templated":true}]}}