{"id":705,"date":"2020-05-18T14:13:55","date_gmt":"2020-05-18T11:13:55","guid":{"rendered":"https:\/\/gsfsergi.ebyu.edu.tr\/?page_id=705"},"modified":"2020-06-05T14:46:24","modified_gmt":"2020-06-05T11:46:24","slug":"bunyamin-ozgultekin","status":"publish","type":"page","link":"https:\/\/gsfsergi.ebyu.edu.tr\/?page_id=705","title":{"rendered":"B\u00fcnyamin \u00d6zg\u00fcltekin"},"content":{"rendered":"<p>[et_pb_section fb_built=&#8221;1&#8243; _builder_version=&#8221;4.4.7&#8243;][et_pb_row column_structure=&#8221;1_2,1_2&#8243; _builder_version=&#8221;4.4.7&#8243;][et_pb_column type=&#8221;1_2&#8243; _builder_version=&#8221;4.4.7&#8243;][et_pb_image src=&#8221;https:\/\/gsfsergi.ebyu.edu.tr\/wp-content\/uploads\/2020\/05\/B\u00fcnyamin-\u00d6zg\u00fcltekin.jpg&#8221; title_text=&#8221;B\u00fcnyamin-\u00d6zg\u00fcltekin&#8221; align=&#8221;right&#8221; _builder_version=&#8221;4.4.8&#8243; hover_enabled=&#8221;0&#8243; custom_padding=&#8221;60px||||false|false&#8221;][\/et_pb_image][\/et_pb_column][et_pb_column type=&#8221;1_2&#8243; _builder_version=&#8221;4.4.7&#8243;][et_pb_text _builder_version=&#8221;4.4.8&#8243; hover_enabled=&#8221;0&#8243; custom_padding=&#8221;60px||60px||false|false&#8221;]<\/p>\n<p style=\"text-align: left\">972\u2019de GEE Resim-\u0130\u015f B\u00f6l\u00fcm\u00fc\u2019n\u00fc birincilikle bitirdi. Devlet bursuyla gitti\u011fi Kassel G\u00fczel Sanatlar Akademisi\u2019ndeki \u00f6\u011frenimini de birincilikle 1978\u2019de tamamlad\u0131. S\u0131navs\u0131z kabul edildi\u011fi Brauenschweig Akademisi\u2019ni ve Hessen \u00dcniversitesi Pedagoji B\u00f6l\u00fcm\u00fc\u2019n\u00fc bitirdi. Hessen \u00dcniversitesinde g\u00f6reve ba\u015flad\u0131. 1984\u2019te kendi iste\u011fi ile yurda d\u00f6nerek, M\u00dc Resim B\u00f6l\u00fcm\u00fc\u2019ne Ar\u015f. G\u00f6revlisi olarak girdi. 1987\u2019de do\u00e7ent oldu. 1993 y\u0131l\u0131nda profes\u00f6rl\u00fc\u011fe y\u00fckseltildi. 1995 y\u0131l\u0131ndan itibaren M\u00dc Atat\u00fcrk E\u011fitim Fak\u00fcltesi G\u00fczel Sanatlar E\u011fitimi B\u00f6l\u00fcm\u00fc Ba\u015fkanl\u0131\u011f\u0131n\u0131 3 kez y\u00fcr\u00fctt\u00fc .2006 yilinda Y\u00d6K tarafindan Trakya \u00fcniversitesi G\u00fczel Sanatlar Fak\u00fcltesini kurmakla g\u00f6revlendirildi. 2011 yilinda da Kemerburgaz \u00dcniversitesi G\u00fczel Sanatlar ve Tasarim Fak\u00fcltesini kurdu. Halen Alt\u0131nba\u015f \u00dcniversitesi \u011e\u00fczel Sanatlar ve Tasarim Fak\u00fcltesi Dekanli\u011fini y\u00fcr\u00fctmektedir. UPSDnin kurucu \u00fcyesi ve ulusal,uluslararasi 23 \u00f6d\u00fcl\u00fcn sahibidir.<\/p>\n<p style=\"text-align: left\">Teknolojik materyalleri anla\u011fin emrine alarak, \u00fc\u00e7 boyutlu mekanik ayg\u0131tlar i\u00e7inde, led,neon \u0131\u015f\u0131k devinimleri \u00fczerine kurdu\u011fu sistemlerle T\u00fcrkiye\u2019de yeni bir sanatsal olu\u015fumu ba\u015flatt\u0131. Bu t\u00fcr \u00e7al\u0131\u015fmalarla, sanat ve teknoloji i\u015fbirli\u011finin tipik \u00f6rneklerini verdi.<\/p>\n<p>[\/et_pb_text][\/et_pb_column][\/et_pb_row][\/et_pb_section]<\/p>\n","protected":false},"excerpt":{"rendered":"<p>[et_pb_section fb_built=&#8221;1&#8243; _builder_version=&#8221;4.4.7&#8243;][et_pb_row column_structure=&#8221;1_2,1_2&#8243; _builder_version=&#8221;4.4.7&#8243;][et_pb_column type=&#8221;1_2&#8243; _builder_version=&#8221;4.4.7&#8243;][et_pb_image src=&#8221;https:\/\/gsfsergi.ebyu.edu.tr\/wp-content\/uploads\/2020\/05\/B\u00fcnyamin-\u00d6zg\u00fcltekin.jpg&#8221; title_text=&#8221;B\u00fcnyamin-\u00d6zg\u00fcltekin&#8221; align=&#8221;right&#8221; _builder_version=&#8221;4.4.8&#8243; hover_enabled=&#8221;0&#8243; custom_padding=&#8221;60px||||false|false&#8221;][\/et_pb_image][\/et_pb_column][et_pb_column type=&#8221;1_2&#8243; _builder_version=&#8221;4.4.7&#8243;][et_pb_text _builder_version=&#8221;4.4.8&#8243; hover_enabled=&#8221;0&#8243; custom_padding=&#8221;60px||60px||false|false&#8221;] 972\u2019de GEE Resim-\u0130\u015f B\u00f6l\u00fcm\u00fc\u2019n\u00fc birincilikle bitirdi. Devlet bursuyla gitti\u011fi Kassel G\u00fczel Sanatlar Akademisi\u2019ndeki \u00f6\u011frenimini de birincilikle 1978\u2019de tamamlad\u0131. S\u0131navs\u0131z kabul edildi\u011fi Brauenschweig Akademisi\u2019ni ve Hessen \u00dcniversitesi Pedagoji B\u00f6l\u00fcm\u00fc\u2019n\u00fc bitirdi. Hessen \u00dcniversitesinde g\u00f6reve ba\u015flad\u0131. 1984\u2019te kendi iste\u011fi ile [&hellip;]<\/p>\n","protected":false},"author":9,"featured_media":0,"parent":0,"menu_order":0,"comment_status":"closed","ping_status":"closed","template":"","meta":{"_et_pb_use_builder":"on","_et_pb_old_content":"","_et_gb_content_width":"","spay_email":""},"jetpack_sharing_enabled":true,"jetpack_likes_enabled":true,"_links":{"self":[{"href":"https:\/\/gsfsergi.ebyu.edu.tr\/index.php?rest_route=\/wp\/v2\/pages\/705"}],"collection":[{"href":"https:\/\/gsfsergi.ebyu.edu.tr\/index.php?rest_route=\/wp\/v2\/pages"}],"about":[{"href":"https:\/\/gsfsergi.ebyu.edu.tr\/index.php?rest_route=\/wp\/v2\/types\/page"}],"author":[{"embeddable":true,"href":"https:\/\/gsfsergi.ebyu.edu.tr\/index.php?rest_route=\/wp\/v2\/users\/9"}],"replies":[{"embeddable":true,"href":"https:\/\/gsfsergi.ebyu.edu.tr\/index.php?rest_route=%2Fwp%2Fv2%2Fcomments&post=705"}],"version-history":[{"count":3,"href":"https:\/\/gsfsergi.ebyu.edu.tr\/index.php?rest_route=\/wp\/v2\/pages\/705\/revisions"}],"predecessor-version":[{"id":1456,"href":"https:\/\/gsfsergi.ebyu.edu.tr\/index.php?rest_route=\/wp\/v2\/pages\/705\/revisions\/1456"}],"wp:attachment":[{"href":"https:\/\/gsfsergi.ebyu.edu.tr\/index.php?rest_route=%2Fwp%2Fv2%2Fmedia&parent=705"}],"curies":[{"name":"wp","href":"https:\/\/api.w.org\/{rel}","templated":true}]}}