{"id":703,"date":"2020-05-18T14:13:42","date_gmt":"2020-05-18T11:13:42","guid":{"rendered":"https:\/\/gsfsergi.ebyu.edu.tr\/?page_id=703"},"modified":"2020-06-07T11:53:29","modified_gmt":"2020-06-07T08:53:29","slug":"bubi-hayon","status":"publish","type":"page","link":"https:\/\/gsfsergi.ebyu.edu.tr\/?page_id=703","title":{"rendered":"Bubi"},"content":{"rendered":"<p>[et_pb_section fb_built=&#8221;1&#8243; _builder_version=&#8221;4.4.7&#8243;][et_pb_row column_structure=&#8221;1_2,1_2&#8243; _builder_version=&#8221;4.4.7&#8243;][et_pb_column type=&#8221;1_2&#8243; _builder_version=&#8221;4.4.7&#8243;][et_pb_image src=&#8221;https:\/\/gsfsergi.ebyu.edu.tr\/wp-content\/uploads\/2020\/05\/901264_detay.jpg&#8221; title_text=&#8221;901264_detay&#8221; align=&#8221;right&#8221; _builder_version=&#8221;4.4.8&#8243; custom_padding=&#8221;60px||||false|false&#8221;][\/et_pb_image][\/et_pb_column][et_pb_column type=&#8221;1_2&#8243; _builder_version=&#8221;4.4.7&#8243;][et_pb_text _builder_version=&#8221;4.4.8&#8243; custom_padding=&#8221;60px||60px||false|false&#8221; hover_enabled=&#8221;0&#8243;]<\/p>\n<p style=\"text-align: left\">Bubi 1977&#8217;de \u0130stanbul \u00dcniversitesi Edebiyat Fak\u00fcltesi Psikoloji ve Antropoloji B\u00f6l\u00fcm\u00fc&#8217;nden mezun oldu. 1979 ile 1992 y\u0131llar\u0131 aras\u0131nda sanat galerisi y\u00f6neticili\u011fi yapt\u0131. 1991 y\u0131l\u0131nda I. \u0130stanbul Sanat Fuar\u0131 genel k\u00fcrat\u00f6r\u00fc oldu. 2000 y\u0131l\u0131nda Adapazar\u0131\u2019nda kurulan \u0130srail k\u00f6y\u00fcnde 1998 depreminde \u00f6lenler an\u0131s\u0131na yerle\u015ftirme\/heykel \u00e7al\u0131\u015fmas\u0131 yapt\u0131. 2011&#8217;de \u0130stanbul Modern&#8217;de ger\u00e7ekle\u015fen &#8220;Gala Modern&#8221; kapsam\u0131nda sergilenecek &#8220;Oturak&#8221; adl\u0131 yap\u0131t\u0131 sak\u0131ncal\u0131 bulunarak sans\u00fcrlendi. Bu olay\u0131n ard\u0131ndan sanat\u00e7\u0131, \u00fcyesi oldu\u011fu UPSD&#8217;den istifa etti.[1][2][3] 2011 y\u0131l\u0131nda a\u00e7t\u0131\u011f\u0131 100 Bubi Paras\u0131 isimli tek g\u00fcnl\u00fck sergide \u00fcst\u00fcne kendi portresini \u00e7izdi\u011fi paralar\u0131 sergiledi.[4] \u0130stanbul\u2019da ya\u015famakta ve \u00e7al\u0131\u015fmaktad\u0131r. Otodidakt olan sanat\u00e7\u0131, yap\u0131tlar\u0131nda geometrik kompozisyonlardan tuval \u00fczeri tekstil \u00e7e\u015fitlemelerine kadar uzanan kavram dizinlerini \u00e7al\u0131\u015fmaktad\u0131r. Bubi, boyanm\u0131\u015f bez kordonlar\u0131n\u0131, yatay ve dikey kafes bi\u00e7imleri ile \u00f6rg\u00fcsel bir kompozisyon d\u00fczeni i\u00e7inde bir araya getirir. Yap\u0131tlar\u0131 klasik tuval resmi kar\u015f\u0131s\u0131nda, teknik ve estetik bir uygulama olarak yeni \u00f6zg\u00fcn bir se\u00e7enek olu\u015fturmaktad\u0131r.<\/p>\n<p>[\/et_pb_text][\/et_pb_column][\/et_pb_row][\/et_pb_section]<\/p>\n","protected":false},"excerpt":{"rendered":"<p>[et_pb_section fb_built=&#8221;1&#8243; _builder_version=&#8221;4.4.7&#8243;][et_pb_row column_structure=&#8221;1_2,1_2&#8243; _builder_version=&#8221;4.4.7&#8243;][et_pb_column type=&#8221;1_2&#8243; _builder_version=&#8221;4.4.7&#8243;][et_pb_image src=&#8221;https:\/\/gsfsergi.ebyu.edu.tr\/wp-content\/uploads\/2020\/05\/901264_detay.jpg&#8221; title_text=&#8221;901264_detay&#8221; align=&#8221;right&#8221; _builder_version=&#8221;4.4.8&#8243; custom_padding=&#8221;60px||||false|false&#8221;][\/et_pb_image][\/et_pb_column][et_pb_column type=&#8221;1_2&#8243; _builder_version=&#8221;4.4.7&#8243;][et_pb_text _builder_version=&#8221;4.4.8&#8243; custom_padding=&#8221;60px||60px||false|false&#8221; hover_enabled=&#8221;0&#8243;] Bubi 1977&#8217;de \u0130stanbul \u00dcniversitesi Edebiyat Fak\u00fcltesi Psikoloji ve Antropoloji B\u00f6l\u00fcm\u00fc&#8217;nden mezun oldu. 1979 ile 1992 y\u0131llar\u0131 aras\u0131nda sanat galerisi y\u00f6neticili\u011fi yapt\u0131. 1991 y\u0131l\u0131nda I. \u0130stanbul Sanat Fuar\u0131 genel k\u00fcrat\u00f6r\u00fc oldu. 2000 y\u0131l\u0131nda Adapazar\u0131\u2019nda kurulan \u0130srail k\u00f6y\u00fcnde 1998 depreminde [&hellip;]<\/p>\n","protected":false},"author":9,"featured_media":0,"parent":0,"menu_order":0,"comment_status":"closed","ping_status":"closed","template":"","meta":{"_et_pb_use_builder":"on","_et_pb_old_content":"","_et_gb_content_width":"","spay_email":""},"jetpack_sharing_enabled":true,"jetpack_likes_enabled":true,"_links":{"self":[{"href":"https:\/\/gsfsergi.ebyu.edu.tr\/index.php?rest_route=\/wp\/v2\/pages\/703"}],"collection":[{"href":"https:\/\/gsfsergi.ebyu.edu.tr\/index.php?rest_route=\/wp\/v2\/pages"}],"about":[{"href":"https:\/\/gsfsergi.ebyu.edu.tr\/index.php?rest_route=\/wp\/v2\/types\/page"}],"author":[{"embeddable":true,"href":"https:\/\/gsfsergi.ebyu.edu.tr\/index.php?rest_route=\/wp\/v2\/users\/9"}],"replies":[{"embeddable":true,"href":"https:\/\/gsfsergi.ebyu.edu.tr\/index.php?rest_route=%2Fwp%2Fv2%2Fcomments&post=703"}],"version-history":[{"count":8,"href":"https:\/\/gsfsergi.ebyu.edu.tr\/index.php?rest_route=\/wp\/v2\/pages\/703\/revisions"}],"predecessor-version":[{"id":1589,"href":"https:\/\/gsfsergi.ebyu.edu.tr\/index.php?rest_route=\/wp\/v2\/pages\/703\/revisions\/1589"}],"wp:attachment":[{"href":"https:\/\/gsfsergi.ebyu.edu.tr\/index.php?rest_route=%2Fwp%2Fv2%2Fmedia&parent=703"}],"curies":[{"name":"wp","href":"https:\/\/api.w.org\/{rel}","templated":true}]}}