{"id":626,"date":"2020-05-16T14:32:33","date_gmt":"2020-05-16T11:32:33","guid":{"rendered":"https:\/\/gsfsergi.ebyu.edu.tr\/?page_id=626"},"modified":"2021-03-02T15:24:04","modified_gmt":"2021-03-02T12:24:04","slug":"626-2","status":"publish","type":"page","link":"https:\/\/gsfsergi.ebyu.edu.tr\/?page_id=626","title":{"rendered":"ileti\u015fim"},"content":{"rendered":"<p>[et_pb_section fb_built=&#8221;1&#8243; _builder_version=&#8221;3.22&#8243;][et_pb_row column_structure=&#8221;1_2,1_2&#8243; _builder_version=&#8221;3.25&#8243; background_size=&#8221;initial&#8221; background_position=&#8221;top_left&#8221; background_repeat=&#8221;repeat&#8221;][et_pb_column type=&#8221;1_2&#8243; _builder_version=&#8221;3.25&#8243; custom_padding=&#8221;|||&#8221; custom_padding__hover=&#8221;|||&#8221;][et_pb_text _builder_version=&#8221;4.4.8&#8243; custom_padding=&#8221;49px||60px||false|false&#8221;]<\/p>\n<div class='et-box et-shadow'>\n\t\t\t\t\t<div class='et-box-content'>\u00a0<\/p>\n<div id='contact-form-626'>\n<form action='https:\/\/gsfsergi.ebyu.edu.tr\/?page_id=626#contact-form-626' method='post' class='contact-form commentsblock'>\n\n<div class='grunion-field-wrap grunion-field-name-wrap'  >\n<label\n\t\t\t\tfor='g626-sim'\n\t\t\t\tclass='grunion-field-label name'\n\t\t\t\t>\u0130sim<span>(gerekli)<\/span><\/label>\n<input\n\t\t\t\t\ttype='text'\n\t\t\t\t\tname='g626-sim'\n\t\t\t\t\tid='g626-sim'\n\t\t\t\t\tvalue=''\n\t\t\t\t\tclass='name' \n\t\t\t\t\trequired aria-required='true'\n\t\t\t\t\/>\n\t<\/div>\n\n<div class='grunion-field-wrap grunion-field-email-wrap'  >\n<label\n\t\t\t\tfor='g626-eposta'\n\t\t\t\tclass='grunion-field-label email'\n\t\t\t\t>E-posta<span>(gerekli)<\/span><\/label>\n<input\n\t\t\t\t\ttype='email'\n\t\t\t\t\tname='g626-eposta'\n\t\t\t\t\tid='g626-eposta'\n\t\t\t\t\tvalue=''\n\t\t\t\t\tclass='email' \n\t\t\t\t\trequired aria-required='true'\n\t\t\t\t\/>\n\t<\/div>\n\n<div class='grunion-field-wrap grunion-field-text-wrap'  >\n<label\n\t\t\t\tfor='g626-konu'\n\t\t\t\tclass='grunion-field-label text'\n\t\t\t\t>Konu<span>(gerekli)<\/span><\/label>\n<input\n\t\t\t\t\ttype='text'\n\t\t\t\t\tname='g626-konu'\n\t\t\t\t\tid='g626-konu'\n\t\t\t\t\tvalue=''\n\t\t\t\t\tclass='text' \n\t\t\t\t\trequired aria-required='true'\n\t\t\t\t\/>\n\t<\/div>\n\n<div class='grunion-field-wrap grunion-field-textarea-wrap'  >\n<label\n\t\t\t\tfor='contact-form-comment-g626-mesaj'\n\t\t\t\tclass='grunion-field-label textarea'\n\t\t\t\t>Mesaj<span>(gerekli)<\/span><\/label>\n<textarea\n\t\t                name='g626-mesaj'\n\t\t                id='contact-form-comment-g626-mesaj'\n\t\t                rows='20' class='textarea'  required aria-required='true'><\/textarea>\n\t<\/div>\n\t<p class='contact-submit'>\n\t\t<button type='submit' class='pushbutton-wide'>G\u00f6nder<\/button>\t\t<input type='hidden' name='contact-form-id' value='626' \/>\n\t\t<input type='hidden' name='action' value='grunion-contact-form' \/>\n\t\t<input type='hidden' name='contact-form-hash' value='7186c8c2ef720e0955b3b434d8922520a555c8c8' \/>\n\t<\/p>\n<\/form>\n<\/div><\/div><\/div>\n<p>[\/et_pb_text][\/et_pb_column][et_pb_column type=&#8221;1_2&#8243; _builder_version=&#8221;3.25&#8243; custom_padding=&#8221;|||&#8221; custom_padding__hover=&#8221;|||&#8221;][et_pb_text _builder_version=&#8221;4.7.7&#8243; background_size=&#8221;initial&#8221; background_position=&#8221;top_left&#8221; background_repeat=&#8221;repeat&#8221; custom_margin=&#8221;-13px|||||&#8221; custom_padding=&#8221;60px||60px||false|false&#8221; hover_enabled=&#8221;0&#8243; sticky_enabled=&#8221;0&#8243;]<\/p>\n<div class='et-box et-shadow'>\n\t\t\t\t\t<div class='et-box-content'><p>&nbsp;<\/p>\n<p style=\"text-align: center;\"><strong>\u00a0\u00a0Erzincan Binali Y\u0131ld\u0131r\u0131m \u00dcniversitesi G\u00fczel Sanatlar Fak\u00fcltesi<\/strong><strong>Yaln\u0131zba\u011f Yerle\u015fkesi, 24100, Yaln\u0131zba\u011f\/ERZ\u0130NCAN<\/strong><\/p>\n<p style=\"text-align: center;\">\n<p style=\"text-align: center;\"><strong>guzelsanatlar@erzincan.edu.tr<\/strong><\/p>\n<p style=\"text-align: center;\">\n<p style=\"text-align: center;\"><strong>0 446 2240088 \u2013 43218<\/strong><\/p><\/div><\/div>\n<p>[\/et_pb_text][\/et_pb_column][\/et_pb_row][\/et_pb_section]<\/p>\n","protected":false},"excerpt":{"rendered":"<p>[et_pb_section fb_built=&#8221;1&#8243; _builder_version=&#8221;3.22&#8243;][et_pb_row column_structure=&#8221;1_2,1_2&#8243; _builder_version=&#8221;3.25&#8243; background_size=&#8221;initial&#8221; background_position=&#8221;top_left&#8221; background_repeat=&#8221;repeat&#8221;][et_pb_column type=&#8221;1_2&#8243; _builder_version=&#8221;3.25&#8243; custom_padding=&#8221;|||&#8221; custom_padding__hover=&#8221;|||&#8221;][et_pb_text _builder_version=&#8221;4.4.8&#8243; custom_padding=&#8221;49px||60px||false|false&#8221;] [\/et_pb_text][\/et_pb_column][et_pb_column type=&#8221;1_2&#8243; _builder_version=&#8221;3.25&#8243; custom_padding=&#8221;|||&#8221; custom_padding__hover=&#8221;|||&#8221;][et_pb_text _builder_version=&#8221;4.7.7&#8243; background_size=&#8221;initial&#8221; background_position=&#8221;top_left&#8221; background_repeat=&#8221;repeat&#8221; custom_margin=&#8221;-13px|||||&#8221; custom_padding=&#8221;60px||60px||false|false&#8221; hover_enabled=&#8221;0&#8243; sticky_enabled=&#8221;0&#8243;] [\/et_pb_text][\/et_pb_column][\/et_pb_row][\/et_pb_section]<\/p>\n","protected":false},"author":9,"featured_media":0,"parent":0,"menu_order":0,"comment_status":"closed","ping_status":"closed","template":"","meta":{"_et_pb_use_builder":"on","_et_pb_old_content":"<p>[contact-form][contact-field label=\"\u0130sim\" type=\"name\"  required=\"true\" \/][contact-field label=\"E-posta\" type=\"email\" required=\"true\" \/][contact-field label=\"\u0130nternet sitesi\" type=\"url\" \/][contact-field label=\"Mesaj\" type=\"textarea\" \/][\/contact-form]<\/p><p>\u00a0<\/p><p><img class=\"wp-image-243 aligncenter\" src=\"https:\/\/guzelsanatlar.ebyu.edu.tr\/wp-content\/uploads\/2020\/01\/placeholder-300x300.png\" alt=\"\" width=\"40\" height=\"40\" \/><\/p><p style=\"text-align: center;\"><strong>\u00a0\u00a0Erzincan Binali Y\u0131ld\u0131r\u0131m \u00dcniversitesi G\u00fczel Sanatlar Fak\u00fcltesi<\/strong><br \/><strong>Yaln\u0131zba\u011f Yerle\u015fkesi, 24100, Yaln\u0131zba\u011f\/ERZ\u0130NCAN<\/strong><\/p><p style=\"text-align: center;\"><img class=\"alignnone wp-image-244\" src=\"https:\/\/guzelsanatlar.ebyu.edu.tr\/wp-content\/uploads\/2020\/01\/envelope-300x300.png\" alt=\"\" width=\"40\" height=\"40\" \/><\/p><p style=\"text-align: center;\"><strong>guzelsanatlar@erzincan.edu.tr<\/strong><\/p><p style=\"text-align: center;\"><img class=\"wp-image-245 aligncenter\" src=\"https:\/\/guzelsanatlar.ebyu.edu.tr\/wp-content\/uploads\/2020\/01\/phone-call-300x300.png\" alt=\"\" width=\"40\" height=\"40\" \/><\/p><p style=\"text-align: center;\"><strong>0 446 2240088 \u2013 43218<\/strong><\/p>","_et_gb_content_width":"","spay_email":""},"jetpack_sharing_enabled":true,"jetpack_likes_enabled":true,"_links":{"self":[{"href":"https:\/\/gsfsergi.ebyu.edu.tr\/index.php?rest_route=\/wp\/v2\/pages\/626"}],"collection":[{"href":"https:\/\/gsfsergi.ebyu.edu.tr\/index.php?rest_route=\/wp\/v2\/pages"}],"about":[{"href":"https:\/\/gsfsergi.ebyu.edu.tr\/index.php?rest_route=\/wp\/v2\/types\/page"}],"author":[{"embeddable":true,"href":"https:\/\/gsfsergi.ebyu.edu.tr\/index.php?rest_route=\/wp\/v2\/users\/9"}],"replies":[{"embeddable":true,"href":"https:\/\/gsfsergi.ebyu.edu.tr\/index.php?rest_route=%2Fwp%2Fv2%2Fcomments&post=626"}],"version-history":[{"count":40,"href":"https:\/\/gsfsergi.ebyu.edu.tr\/index.php?rest_route=\/wp\/v2\/pages\/626\/revisions"}],"predecessor-version":[{"id":4493,"href":"https:\/\/gsfsergi.ebyu.edu.tr\/index.php?rest_route=\/wp\/v2\/pages\/626\/revisions\/4493"}],"wp:attachment":[{"href":"https:\/\/gsfsergi.ebyu.edu.tr\/index.php?rest_route=%2Fwp%2Fv2%2Fmedia&parent=626"}],"curies":[{"name":"wp","href":"https:\/\/api.w.org\/{rel}","templated":true}]}}