{"id":589,"date":"2020-05-15T14:36:23","date_gmt":"2020-05-15T11:36:23","guid":{"rendered":"https:\/\/gsfsergi.ebyu.edu.tr\/?page_id=589"},"modified":"2020-12-10T11:29:48","modified_gmt":"2020-12-10T08:29:48","slug":"rektor","status":"publish","type":"page","link":"https:\/\/gsfsergi.ebyu.edu.tr\/?page_id=589","title":{"rendered":"Rekt\u00f6r-19192020"},"content":{"rendered":"<p>[et_pb_section fb_built=&#8221;1&#8243; _builder_version=&#8221;3.22&#8243;][et_pb_row column_structure=&#8221;1_2,1_2&#8243; _builder_version=&#8221;4.4.8&#8243;][et_pb_column type=&#8221;1_2&#8243; _builder_version=&#8221;4.4.8&#8243;][et_pb_image src=&#8221;https:\/\/gsfsergi.ebyu.edu.tr\/wp-content\/uploads\/2020\/05\/30973077178-dscf2685-600&#215;496-1.jpg&#8221; title_text=&#8221;30973077178-dscf2685-600&#215;496&#8243; align=&#8221;right&#8221; _builder_version=&#8221;4.4.8&#8243; custom_padding=&#8221;60px||||false|false&#8221;][\/et_pb_image][\/et_pb_column][et_pb_column type=&#8221;1_2&#8243; _builder_version=&#8221;4.4.8&#8243;][et_pb_text admin_label=&#8221;Metin&#8221; _builder_version=&#8221;4.4.8&#8243; custom_padding=&#8221;60px||60px||false|false&#8221;]<\/p>\n<p style=\"text-align: left\">Erzincan \u015fehrimizin tarihsel, ekonomik ve k\u00fclt\u00fcrel a\u00e7\u0131dan m\u00fchim bir kav\u015fakta bulunmas\u0131n\u0131n \u00f6nemini ve \u00fcstlenmi\u015f oldu\u011fumuz misyonun bilincini ta\u015f\u0131maktay\u0131z. Bu do\u011frultuda Erzincan Binali Y\u0131ld\u0131r\u0131m \u00dcniversitesi, e\u011fitim \u00f6\u011fretim a\u00e7\u0131s\u0131ndan birbirinin tamamlay\u0131c\u0131s\u0131 olan bilim, k\u00fclt\u00fcr ve sanat de\u011ferlerini daha ileri bir seviyeye ta\u015f\u0131yacak, ulusal ve uluslararas\u0131 platformlarda yer alacak olan bireyler yeti\u015ftirmeyi hedeflemi\u015ftir.<\/p>\n<p style=\"text-align: left\">\u0130nsan\u0131n ilk ileti\u015fim ve ifade arac\u0131 olan sanat, her zaman bu y\u00f6n\u00fcn\u00fc koruyarak k\u00fclt\u00fcr\u00fcn ve ileti\u015fimin ana mekanizmas\u0131 olmu\u015ftur. Bu a\u00e7\u0131dan \u00e7a\u011fda\u015f sanat\u0131n da g\u00fcn\u00fcm\u00fcz d\u00fcnyas\u0131na y\u00f6n g\u00f6steren tavr\u0131 g\u00f6z arad\u0131 edilemez. Kendi \u00f6znel bi\u00e7imleri, teknikleri ve kavramlar\u0131 ile yol g\u00f6sterici sanat\u00e7\u0131lar\u0131m\u0131z da yeni ku\u015faklara ayd\u0131nl\u0131k bir gelecek b\u0131rakabilmemiz y\u00f6n\u00fcnde kilit noktay\u0131 olu\u015fturmaktad\u0131r.<\/p>\n<p style=\"text-align: left\">Kendi k\u00fclt\u00fcrel k\u00f6klerinden beslenip, bunu yeni boyutlara ta\u015f\u0131yabilen, \u00e7a\u011fda\u015f ve \u00f6zg\u00fcn dillerini olu\u015fturabilen sanat\u00e7\u0131lar yeti\u015ftirebilmek, bu vas\u0131tayla \u00f6\u011frencilerimizin ve b\u00fct\u00fcn bireylerin d\u00fc\u015f\u00fcnsel y\u00f6nelimlerini geli\u015ftirmek ve gelece\u011fe ta\u015f\u0131mak, b\u00fcy\u00fck \u00f6nem verdi\u011fimiz noktalard\u0131r. Bu misyonumuzun somut g\u00f6stergelerinden birisi de Rekt\u00f6rl\u00fc\u011f\u00fcm\u00fczce destekledi\u011fimiz proje kapsam\u0131nda \u00dcniversitemiz G\u00fczel Sanatlar Fak\u00fcltesi taraf\u0131nca haz\u0131rlanm\u0131\u015f, \u00e7a\u011fda\u015f T\u00fcrk sanat\u00e7\u0131lar\u0131n\u0131 bulu\u015fturan, pandemi s\u00fcrecinin olumsuz y\u00f6nlerini geride b\u0131rakmay\u0131 da ama\u00e7layan Erzincan \u00c7a\u011fda\u015f Sanat Sergileri kapsam\u0131nda 19 19 20 20\u00a0 Sanal Sergisi\u2019dir.\u00a0 \u00c7a\u011fda\u015f T\u00fcrk Sanat\u0131\u2019ndan \u00e7e\u015fitli imgeleri ve bu yolla fikirleri birle\u015ftiren 19 19 20 20 Sanal Sergisi\u2019ndeki eserler \u00fcniversitemiz bili\u015fim sistemleri yard\u0131m\u0131yla, resm\u00ee sitemizde bir araya gelmektedir.<\/p>\n<p style=\"text-align: left\">\u00dcniversitemiz, \u015fehrimiz, \u00fclkemiz i\u00e7in bir ad\u0131m atmak ve uluslararas\u0131 platformlarda \u00f6nemli bir s\u00f6z s\u00f6yleyebilmek ad\u0131na izleyiciye sunulan bu sergi, evrensele a\u00e7\u0131k ve t\u00fcm d\u00fcnyayla ileti\u015fim kurabilmeyi hedefleyen vizyonumuz a\u00e7\u0131s\u0131ndan \u00f6nem arz etmektedir. Kat\u0131l\u0131m sa\u011flayan de\u011ferli sanat\u00e7\u0131lar\u0131m\u0131za te\u015fekk\u00fcrlerimi sunar ve bu sanatsal giri\u015fimin daha geni\u015f kapsaml\u0131 ve devam eden bir y\u00f6nelim g\u00f6stermesini temenni ederim.<\/p>\n<p style=\"text-align: left\">Prof. Dr. Ak\u0131n Levent<\/p>\n<p style=\"text-align: left\">REKT\u00d6R<\/p>\n<p>[\/et_pb_text][\/et_pb_column][\/et_pb_row][\/et_pb_section]<\/p>\n","protected":false},"excerpt":{"rendered":"<p>[et_pb_section fb_built=&#8221;1&#8243; _builder_version=&#8221;3.22&#8243;][et_pb_row column_structure=&#8221;1_2,1_2&#8243; _builder_version=&#8221;4.4.8&#8243;][et_pb_column type=&#8221;1_2&#8243; _builder_version=&#8221;4.4.8&#8243;][et_pb_image src=&#8221;https:\/\/gsfsergi.ebyu.edu.tr\/wp-content\/uploads\/2020\/05\/30973077178-dscf2685-600&#215;496-1.jpg&#8221; title_text=&#8221;30973077178-dscf2685-600&#215;496&#8243; align=&#8221;right&#8221; _builder_version=&#8221;4.4.8&#8243; custom_padding=&#8221;60px||||false|false&#8221;][\/et_pb_image][\/et_pb_column][et_pb_column type=&#8221;1_2&#8243; _builder_version=&#8221;4.4.8&#8243;][et_pb_text admin_label=&#8221;Metin&#8221; _builder_version=&#8221;4.4.8&#8243; custom_padding=&#8221;60px||60px||false|false&#8221;] Erzincan \u015fehrimizin tarihsel, ekonomik ve k\u00fclt\u00fcrel a\u00e7\u0131dan m\u00fchim bir kav\u015fakta bulunmas\u0131n\u0131n \u00f6nemini ve \u00fcstlenmi\u015f oldu\u011fumuz misyonun bilincini ta\u015f\u0131maktay\u0131z. Bu do\u011frultuda Erzincan Binali Y\u0131ld\u0131r\u0131m \u00dcniversitesi, e\u011fitim \u00f6\u011fretim a\u00e7\u0131s\u0131ndan birbirinin tamamlay\u0131c\u0131s\u0131 olan bilim, k\u00fclt\u00fcr ve sanat de\u011ferlerini daha ileri bir [&hellip;]<\/p>\n","protected":false},"author":9,"featured_media":0,"parent":0,"menu_order":0,"comment_status":"closed","ping_status":"closed","template":"","meta":{"_et_pb_use_builder":"on","_et_pb_old_content":"<p><img class=\"alignnone size-medium wp-image-815\" src=\"https:\/\/gsfsergi.ebyu.edu.tr\/wp-content\/uploads\/2020\/05\/30973077178-dscf2685-600x496-1-300x248.jpg\" alt=\"\" width=\"300\" height=\"248\" \/><\/p>","_et_gb_content_width":"","spay_email":""},"jetpack_sharing_enabled":true,"jetpack_likes_enabled":true,"_links":{"self":[{"href":"https:\/\/gsfsergi.ebyu.edu.tr\/index.php?rest_route=\/wp\/v2\/pages\/589"}],"collection":[{"href":"https:\/\/gsfsergi.ebyu.edu.tr\/index.php?rest_route=\/wp\/v2\/pages"}],"about":[{"href":"https:\/\/gsfsergi.ebyu.edu.tr\/index.php?rest_route=\/wp\/v2\/types\/page"}],"author":[{"embeddable":true,"href":"https:\/\/gsfsergi.ebyu.edu.tr\/index.php?rest_route=\/wp\/v2\/users\/9"}],"replies":[{"embeddable":true,"href":"https:\/\/gsfsergi.ebyu.edu.tr\/index.php?rest_route=%2Fwp%2Fv2%2Fcomments&post=589"}],"version-history":[{"count":17,"href":"https:\/\/gsfsergi.ebyu.edu.tr\/index.php?rest_route=\/wp\/v2\/pages\/589\/revisions"}],"predecessor-version":[{"id":2095,"href":"https:\/\/gsfsergi.ebyu.edu.tr\/index.php?rest_route=\/wp\/v2\/pages\/589\/revisions\/2095"}],"wp:attachment":[{"href":"https:\/\/gsfsergi.ebyu.edu.tr\/index.php?rest_route=%2Fwp%2Fv2%2Fmedia&parent=589"}],"curies":[{"name":"wp","href":"https:\/\/api.w.org\/{rel}","templated":true}]}}