{"id":585,"date":"2020-05-15T14:30:05","date_gmt":"2020-05-15T11:30:05","guid":{"rendered":"https:\/\/gsfsergi.ebyu.edu.tr\/?page_id=585"},"modified":"2020-12-10T11:30:30","modified_gmt":"2020-12-10T08:30:30","slug":"kurator","status":"publish","type":"page","link":"https:\/\/gsfsergi.ebyu.edu.tr\/?page_id=585","title":{"rendered":"K\u00fcrat\u00f6r-19192020"},"content":{"rendered":"<p>[et_pb_section fb_built=&#8221;1&#8243; _builder_version=&#8221;4.4.7&#8243;][et_pb_row column_structure=&#8221;1_2,1_2&#8243; _builder_version=&#8221;4.4.7&#8243;][et_pb_column type=&#8221;1_2&#8243; _builder_version=&#8221;4.4.7&#8243;][et_pb_image src=&#8221;https:\/\/gsfsergi.ebyu.edu.tr\/wp-content\/uploads\/2020\/05\/thumbnail_AYT_4332-copy.jpg&#8221; title_text=&#8221;thumbnail_AYT_4332 copy&#8221; align=&#8221;right&#8221; _builder_version=&#8221;4.4.7&#8243; custom_padding=&#8221;60px|||||&#8221;][\/et_pb_image][\/et_pb_column][et_pb_column type=&#8221;1_2&#8243; _builder_version=&#8221;4.4.7&#8243;][et_pb_text _builder_version=&#8221;4.4.8&#8243; custom_padding=&#8221;60px|||||&#8221;]<\/p>\n<p style=\"text-align: left\">Sanat e\u011fitimi, bu g\u00fcne kadar bireylerin d\u00fc\u015f\u00fcnsel anlamda geli\u015fmesinde ve bu yolla engin ve uygar k\u00fclt\u00fcrler olu\u015fturulmas\u0131nda merkezi bir konuma sahiptir. Erzincan Binali Y\u0131ld\u0131r\u0131m \u00dcniversitesi G\u00fczel Sanatlar Fak\u00fcltesi de bu anlamda yerelden ulusala ve evrensele geli\u015fen, alg\u0131s\u0131 ve d\u00fc\u015f\u00fcncesi geli\u015fmi\u015f bireyler yeti\u015ftirmek y\u00f6n\u00fcnde, sanat e\u011fitimini \u00fcstlenmi\u015f \u00f6nemli bir yap\u0131lanmad\u0131r. Tarihsel s\u0131rlar\u0131n da i\u00e7inde bar\u0131nd\u0131\u011f\u0131 belle\u011fi ta\u015f\u0131yan F\u0131rat sular\u0131n\u0131 ova boyunca takip eden muhte\u015fem s\u0131rada\u011flar\u0131 ve y\u00fcksek zirveleri ile do\u011fal g\u00fczelli\u011fin her anlamda yans\u0131d\u0131\u011f\u0131, sayg\u0131n\u0131n, sevginin ve mertli\u011fin insan ruhuna i\u015fledi\u011fi bir kent olan Erzincan\u2019da kurulan \u00fcniversitemizde, sanat e\u011fitimi ve sanatla, ge\u00e7mi\u015f, g\u00fcn\u00fcm\u00fcz ve gelece\u011fi \u00fczerine \u00e7\u00f6z\u00fcmlemeler yapabilen, sanat\u0131n evrensel dilini kullanarak k\u00fclt\u00fcrel etkile\u015fimi g\u00fc\u00e7lendiren \u00f6\u011frenciler\/bireyler yeti\u015ftirmek misyonumuzdur.\u00a0 Bu anlamda sanat\u0131 yaln\u0131zca uygulayan de\u011fil alg\u0131layan insanlara ula\u015fabilmek de bizim i\u00e7in b\u00fcy\u00fck \u00f6nem ta\u015f\u0131maktad\u0131r.<\/p>\n<p style=\"text-align: left\">Sanat\u0131n sanal ortamlara ta\u015f\u0131nmas\u0131 yeni bir durum de\u011fildir. Ancak ilk kez bu derece \u00f6nemli bir mana ile b\u00fct\u00fcnle\u015fmektedir. Pandemi s\u00fcreci boyunca sanat da\u011farc\u0131\u011f\u0131nda en \u00f6nemli yeri alan sanal sergilerin, eseri sergilendi\u011fi konum ve mek\u00e2n\u0131n \u00e7ok daha \u00f6tesine ta\u015f\u0131mas\u0131 ve bu vesileyle izleyici kitlesini, internetin ve kitle ileti\u015fim y\u00f6ntemlerinin bu denli yayg\u0131n oldu\u011fu g\u00fcn\u00fcm\u00fcz d\u00fcnyas\u0131nda, evrenselle\u015ftirmesi ba\u011flam\u0131nda b\u00fcy\u00fck \u00f6nem ta\u015f\u0131maktad\u0131r. Bu sebep ve cesaretle biz de \u00dcniversitemiz G\u00fczel Sanatlar Fak\u00fcltesi olarak, \u00c7a\u011fda\u015f T\u00fcrk Sanat\u0131n\u0131n \u00f6nemli bir\u00e7ok ismini bir araya getirdi\u011fimiz Erzincan \u00c7a\u011fda\u015f Sanat Sergileri kapsam\u0131nda, ilk ad\u0131m olan 19 19 20 20 Sanal Sergisi\u2019ni etkile\u015fime a\u00e7\u0131yoruz.<\/p>\n<p style=\"text-align: left\">Sergimiz i\u00e7in sanat\u00e7\u0131lara, sergimizin hepimiz a\u00e7\u0131s\u0131ndan tan\u0131d\u0131k ili\u015fkiler i\u00e7eren 19 19 20 20 ba\u015fl\u0131\u011f\u0131n\u0131 g\u00f6nderdik. Ancak bu ba\u015fl\u0131\u011f\u0131 devam eden ya\u015fam i\u00e7erisinden se\u00e7memiz ve bir kavram \u00e7er\u00e7evesinde kendi ya\u015famlar\u0131n\u0131n herhangi bir an\u0131nda ortaya \u00e7\u0131karm\u0131\u015f olduklar\u0131 i\u015flerinden birini se\u00e7meleri ve g\u00f6ndermeleri bizim i\u00e7in ba\u015fl\u0131\u011f\u0131n anlam\u0131n\u0131 ortaya \u00e7\u0131karan temel nokta oldu. Bu ba\u011flamda ya\u015fad\u0131\u011f\u0131m\u0131z pandemi( Covid-19) s\u00fcrecine, baz\u0131 geleneksel ve g\u00fcncel s\u00f6ylemlere ve Cumhuriyetimizin ilk ad\u0131m\u0131na g\u00f6nderme yapan ba\u015fl\u0131\u011f\u0131m\u0131z sanat\u00e7\u0131lar\u0131m\u0131z\u0131n sanat ya\u015famlar\u0131ndan bir par\u00e7a ile her t\u00fcrl\u00fc \u00f6rt\u00fc\u015f\u00fcr g\u00f6z\u00fckmektedir.<\/p>\n<p style=\"text-align: left\">Devam eden bir seri olarak planlad\u0131\u011f\u0131m\u0131z Erzincan \u00c7a\u011fda\u015f Sanat Sergileri\u2019ni, ileride sanal ortam\u0131n d\u0131\u015f\u0131nda da farkl\u0131 sanat sergileri ve belki daha geni\u015f kapsaml\u0131 olu\u015fumlara y\u00f6n vermesi a\u00e7\u0131s\u0131ndan umut verici buluyorum. Yap\u0131tlar\u0131 ile kat\u0131l\u0131m g\u00f6steren ve g\u00f6n\u00fclden destek veren \u00c7a\u011fda\u015f T\u00fcrk Sanat\u0131n\u0131n de\u011ferli sanat\u00e7\u0131lar\u0131na,\u00fcniversitemiz Rekt\u00f6r\u00fc Say\u0131n Prof. Dr. Ak\u0131n Levent\u2019e ve Fak\u00fcltemiz \u00d6\u011fretim Elamanlar\u0131na te\u015fekk\u00fcrlerimi sunar, serginin ama\u00e7lad\u0131\u011f\u0131m\u0131z gibi sanat\u0131n diliyle insanlara bu zor g\u00fcnlerde umut verece\u011fini temenni ederim.<\/p>\n<p style=\"text-align: left\">\n<p style=\"text-align: left\">Prof. Mehmet Kavukcu<\/p>\n<p style=\"text-align: left\">G\u00fczel Sanatlar Fak\u00fcltesi Dekan\u0131<\/p>\n<p>[\/et_pb_text][\/et_pb_column][\/et_pb_row][\/et_pb_section]<\/p>\n","protected":false},"excerpt":{"rendered":"<p>[et_pb_section fb_built=&#8221;1&#8243; _builder_version=&#8221;4.4.7&#8243;][et_pb_row column_structure=&#8221;1_2,1_2&#8243; _builder_version=&#8221;4.4.7&#8243;][et_pb_column type=&#8221;1_2&#8243; _builder_version=&#8221;4.4.7&#8243;][et_pb_image src=&#8221;https:\/\/gsfsergi.ebyu.edu.tr\/wp-content\/uploads\/2020\/05\/thumbnail_AYT_4332-copy.jpg&#8221; title_text=&#8221;thumbnail_AYT_4332 copy&#8221; align=&#8221;right&#8221; _builder_version=&#8221;4.4.7&#8243; custom_padding=&#8221;60px|||||&#8221;][\/et_pb_image][\/et_pb_column][et_pb_column type=&#8221;1_2&#8243; _builder_version=&#8221;4.4.7&#8243;][et_pb_text _builder_version=&#8221;4.4.8&#8243; custom_padding=&#8221;60px|||||&#8221;] Sanat e\u011fitimi, bu g\u00fcne kadar bireylerin d\u00fc\u015f\u00fcnsel anlamda geli\u015fmesinde ve bu yolla engin ve uygar k\u00fclt\u00fcrler olu\u015fturulmas\u0131nda merkezi bir konuma sahiptir. Erzincan Binali Y\u0131ld\u0131r\u0131m \u00dcniversitesi G\u00fczel Sanatlar Fak\u00fcltesi de bu anlamda yerelden ulusala ve evrensele geli\u015fen, alg\u0131s\u0131 ve [&hellip;]<\/p>\n","protected":false},"author":9,"featured_media":0,"parent":0,"menu_order":0,"comment_status":"closed","ping_status":"closed","template":"","meta":{"_et_pb_use_builder":"on","_et_pb_old_content":"","_et_gb_content_width":"","spay_email":""},"jetpack_sharing_enabled":true,"jetpack_likes_enabled":true,"_links":{"self":[{"href":"https:\/\/gsfsergi.ebyu.edu.tr\/index.php?rest_route=\/wp\/v2\/pages\/585"}],"collection":[{"href":"https:\/\/gsfsergi.ebyu.edu.tr\/index.php?rest_route=\/wp\/v2\/pages"}],"about":[{"href":"https:\/\/gsfsergi.ebyu.edu.tr\/index.php?rest_route=\/wp\/v2\/types\/page"}],"author":[{"embeddable":true,"href":"https:\/\/gsfsergi.ebyu.edu.tr\/index.php?rest_route=\/wp\/v2\/users\/9"}],"replies":[{"embeddable":true,"href":"https:\/\/gsfsergi.ebyu.edu.tr\/index.php?rest_route=%2Fwp%2Fv2%2Fcomments&post=585"}],"version-history":[{"count":12,"href":"https:\/\/gsfsergi.ebyu.edu.tr\/index.php?rest_route=\/wp\/v2\/pages\/585\/revisions"}],"predecessor-version":[{"id":2097,"href":"https:\/\/gsfsergi.ebyu.edu.tr\/index.php?rest_route=\/wp\/v2\/pages\/585\/revisions\/2097"}],"wp:attachment":[{"href":"https:\/\/gsfsergi.ebyu.edu.tr\/index.php?rest_route=%2Fwp%2Fv2%2Fmedia&parent=585"}],"curies":[{"name":"wp","href":"https:\/\/api.w.org\/{rel}","templated":true}]}}