{"id":576,"date":"2020-05-15T10:22:55","date_gmt":"2020-05-15T07:22:55","guid":{"rendered":"https:\/\/gsfsergi.ebyu.edu.tr\/?page_id=576"},"modified":"2020-12-10T11:31:05","modified_gmt":"2020-12-10T08:31:05","slug":"duzenleme-kurulu","status":"publish","type":"page","link":"https:\/\/gsfsergi.ebyu.edu.tr\/?page_id=576","title":{"rendered":"Sergi Hakk\u0131nda-19192020"},"content":{"rendered":"<p>[et_pb_section fb_built=&#8221;1&#8243; _builder_version=&#8221;4.4.7&#8243;][et_pb_row _builder_version=&#8221;4.4.7&#8243; custom_padding=&#8221;60px|||||&#8221;][et_pb_column type=&#8221;4_4&#8243; _builder_version=&#8221;4.4.7&#8243;][et_pb_accordion _builder_version=&#8221;4.4.8&#8243; custom_margin=&#8221;1px|-3px|60px|0px|false|false&#8221; custom_padding=&#8221;60px|60px|60px|60px|false|false&#8221;][et_pb_accordion_item title=&#8221;K\u00fcrat\u00f6r&#8221; open=&#8221;on&#8221; _builder_version=&#8221;4.4.7&#8243;]<\/p>\n<p>Prof. Mehmet Kavukcu<\/p>\n<p>[\/et_pb_accordion_item][et_pb_accordion_item title=&#8221;Sergi D\u00fczenleme Kurulu Ba\u015fkan\u0131&#8221; _builder_version=&#8221;4.4.7&#8243; open=&#8221;off&#8221;]<\/p>\n<p>Prof. Mehmet Kavukcu<\/p>\n<p>[\/et_pb_accordion_item][et_pb_accordion_item title=&#8221;Sergi D\u00fczenleme Kurulu&#8221; _builder_version=&#8221;4.4.8&#8243; open=&#8221;off&#8221;]<\/p>\n<p>Prof. Mehmet Kavukcu<\/p>\n<p>Do\u00e7. Dr. Devabil Kara<\/p>\n<p>Do\u00e7. Evren Kavukcu<\/p>\n<p>Dr. \u00d6\u011fr. \u00dcyesi H\u00fcseyin Avni \u00d6ztop\u00e7u<\/p>\n<p>Dr. \u00d6\u011fr. \u00dcyesi Alpaslan Akp\u0131nar<\/p>\n<p>Ar\u015f. G\u00f6r. Dr. Melik \u0130skender<\/p>\n<p>[\/et_pb_accordion_item][et_pb_accordion_item title=&#8221;Sekreterya&#8221; _builder_version=&#8221;4.4.8&#8243; open=&#8221;off&#8221;]<\/p>\n<p>Dr. \u00d6\u011fr. \u00dcyesi Ayla Birinci<\/p>\n<p>\u00d6\u011fr. G\u00f6r. G\u00fclgin Altu\u011f Ta\u015fkanal<\/p>\n<p>Ar\u015f. G\u00f6r. Hatice Tok<\/p>\n<p>Ar\u015f. G\u00f6r. Nil\u00fcfer Alsaran<\/p>\n<p>[\/et_pb_accordion_item][et_pb_accordion_item title=&#8221;Web Tasar\u0131m&#8221; _builder_version=&#8221;4.4.7&#8243; open=&#8221;off&#8221;]<\/p>\n<p>Dr. \u00d6\u011fr. \u00dcyesi Alpaslan Akp\u0131nar<\/p>\n<p>EBY\u00dc &#8211; Bilgi \u0130\u015flem Daire Ba\u015fkanl\u0131\u011f\u0131<\/p>\n<p>[\/et_pb_accordion_item][et_pb_accordion_item title=&#8221;Grafik Tasar\u0131m&#8221; _builder_version=&#8221;4.4.8&#8243; open=&#8221;off&#8221;]<\/p>\n<p>Tuba Erdo\u011fan<\/p>\n<p>[\/et_pb_accordion_item][et_pb_accordion_item title=&#8221;Sosyal Medya&#8221; _builder_version=&#8221;4.4.8&#8243; open=&#8221;off&#8221;]<\/p>\n<p>Tuba Erdo\u011fan<\/p>\n<p>[\/et_pb_accordion_item][\/et_pb_accordion][\/et_pb_column][\/et_pb_row][\/et_pb_section]<\/p>\n","protected":false},"excerpt":{"rendered":"<p>[et_pb_section fb_built=&#8221;1&#8243; _builder_version=&#8221;4.4.7&#8243;][et_pb_row _builder_version=&#8221;4.4.7&#8243; custom_padding=&#8221;60px|||||&#8221;][et_pb_column type=&#8221;4_4&#8243; _builder_version=&#8221;4.4.7&#8243;][et_pb_accordion _builder_version=&#8221;4.4.8&#8243; custom_margin=&#8221;1px|-3px|60px|0px|false|false&#8221; custom_padding=&#8221;60px|60px|60px|60px|false|false&#8221;][et_pb_accordion_item title=&#8221;K\u00fcrat\u00f6r&#8221; open=&#8221;on&#8221; _builder_version=&#8221;4.4.7&#8243;] Prof. Mehmet Kavukcu [\/et_pb_accordion_item][et_pb_accordion_item title=&#8221;Sergi D\u00fczenleme Kurulu Ba\u015fkan\u0131&#8221; _builder_version=&#8221;4.4.7&#8243; open=&#8221;off&#8221;] Prof. Mehmet Kavukcu [\/et_pb_accordion_item][et_pb_accordion_item title=&#8221;Sergi D\u00fczenleme Kurulu&#8221; _builder_version=&#8221;4.4.8&#8243; open=&#8221;off&#8221;] Prof. Mehmet Kavukcu Do\u00e7. Dr. Devabil Kara Do\u00e7. Evren Kavukcu Dr. \u00d6\u011fr. \u00dcyesi H\u00fcseyin Avni \u00d6ztop\u00e7u Dr. \u00d6\u011fr. \u00dcyesi Alpaslan Akp\u0131nar Ar\u015f. G\u00f6r. [&hellip;]<\/p>\n","protected":false},"author":9,"featured_media":0,"parent":0,"menu_order":0,"comment_status":"closed","ping_status":"closed","template":"","meta":{"_et_pb_use_builder":"on","_et_pb_old_content":"","_et_gb_content_width":"","spay_email":""},"jetpack_sharing_enabled":true,"jetpack_likes_enabled":true,"_links":{"self":[{"href":"https:\/\/gsfsergi.ebyu.edu.tr\/index.php?rest_route=\/wp\/v2\/pages\/576"}],"collection":[{"href":"https:\/\/gsfsergi.ebyu.edu.tr\/index.php?rest_route=\/wp\/v2\/pages"}],"about":[{"href":"https:\/\/gsfsergi.ebyu.edu.tr\/index.php?rest_route=\/wp\/v2\/types\/page"}],"author":[{"embeddable":true,"href":"https:\/\/gsfsergi.ebyu.edu.tr\/index.php?rest_route=\/wp\/v2\/users\/9"}],"replies":[{"embeddable":true,"href":"https:\/\/gsfsergi.ebyu.edu.tr\/index.php?rest_route=%2Fwp%2Fv2%2Fcomments&post=576"}],"version-history":[{"count":27,"href":"https:\/\/gsfsergi.ebyu.edu.tr\/index.php?rest_route=\/wp\/v2\/pages\/576\/revisions"}],"predecessor-version":[{"id":2098,"href":"https:\/\/gsfsergi.ebyu.edu.tr\/index.php?rest_route=\/wp\/v2\/pages\/576\/revisions\/2098"}],"wp:attachment":[{"href":"https:\/\/gsfsergi.ebyu.edu.tr\/index.php?rest_route=%2Fwp%2Fv2%2Fmedia&parent=576"}],"curies":[{"name":"wp","href":"https:\/\/api.w.org\/{rel}","templated":true}]}}