{"id":5206,"date":"2021-03-15T14:10:28","date_gmt":"2021-03-15T11:10:28","guid":{"rendered":"https:\/\/gsfsergi.ebyu.edu.tr\/?page_id=5206"},"modified":"2021-03-16T22:51:33","modified_gmt":"2021-03-16T19:51:33","slug":"kadin-sergisi-hakkinda","status":"publish","type":"page","link":"https:\/\/gsfsergi.ebyu.edu.tr\/?page_id=5206","title":{"rendered":"Kad\u0131n Sergisi Hakk\u0131nda"},"content":{"rendered":"<p>[et_pb_section fb_built=&#8221;1&#8243; _builder_version=&#8221;4.7.7&#8243; background_image=&#8221;https:\/\/gsfsergi.ebyu.edu.tr\/wp-content\/uploads\/2021\/03\/Kadin_Alt_M_A.jpg&#8221;][et_pb_row _builder_version=&#8221;3.25&#8243; background_size=&#8221;initial&#8221; background_position=&#8221;top_left&#8221; background_repeat=&#8221;repeat&#8221;][et_pb_column type=&#8221;4_4&#8243; _builder_version=&#8221;3.25&#8243; custom_padding=&#8221;|||&#8221; custom_padding__hover=&#8221;|||&#8221;][et_pb_text _builder_version=&#8221;4.7.7&#8243; _module_preset=&#8221;default&#8221;]<\/p>\n<p>&nbsp;<\/p>\n<p>&nbsp;<\/p>\n<p>[\/et_pb_text][\/et_pb_column][\/et_pb_row][et_pb_row _builder_version=&#8221;3.25&#8243; background_size=&#8221;initial&#8221; background_position=&#8221;top_left&#8221; background_repeat=&#8221;repeat&#8221;][et_pb_column type=&#8221;4_4&#8243; _builder_version=&#8221;3.25&#8243; custom_padding=&#8221;|||&#8221; custom_padding__hover=&#8221;|||&#8221;][et_pb_text _builder_version=&#8221;4.9.0&#8243; _module_preset=&#8221;default&#8221;]<\/p>\n<p>&nbsp;<\/p>\n<p style=\"padding-left: 40px; text-align: center;\"><span style=\"color: #800080; font-size: 24pt; font-family: 'times new roman', times, serif;\">Kad\u0131n Sergisi Hakk\u0131nda<\/span><\/p>\n<p>[\/et_pb_text][et_pb_text _builder_version=&#8221;4.9.0&#8243; background_color=&#8221;rgba(255,255,255,0.48)&#8221; background_size=&#8221;initial&#8221; background_position=&#8221;top_left&#8221; background_repeat=&#8221;repeat&#8221;]&nbsp;<\/p>\n<p style=\"text-align: center;\"><strong><span style=\"font-size: 12pt; color: #800080;\"><em><span style=\"font-family: 'times new roman', times, serif;\">Se\u00e7ici Dan\u0131\u015fma Kurulu<\/span><\/em><\/span><\/strong><br \/>\n<span style=\"font-size: 12pt; color: #800080;\"><em><span style=\"font-family: 'times new roman', times, serif;\">Mehmet Kavukcu<\/span><\/em><\/span><br \/>\n<span style=\"font-size: 12pt; color: #800080;\"><em><span style=\"font-family: 'times new roman', times, serif;\">H\u00fcsamettin Ko\u00e7an<\/span><\/em><\/span><br \/>\n<span style=\"font-size: 12pt; color: #800080;\"><em><span style=\"font-family: 'times new roman', times, serif;\">Devabil Kara<\/span><\/em><\/span><br \/>\n<span style=\"font-size: 12pt; color: #800080;\"><em><span style=\"font-family: 'times new roman', times, serif;\">Melik \u0130skender<\/span><\/em><\/span><br \/>\n<span style=\"font-size: 12pt; color: #800080;\"><em><span style=\"font-family: 'times new roman', times, serif;\">Evren Kavukcu<\/span><\/em><\/span><br \/>\n<span style=\"font-size: 12pt; color: #800080;\"><em><span style=\"font-family: 'times new roman', times, serif;\">Ay\u00e7a Alper Ak\u00e7ay<\/span><\/em><\/span><br \/>\n<span style=\"font-size: 12pt; color: #800080;\"><em><span style=\"font-family: 'times new roman', times, serif;\">Muhammet Tatar<\/span><\/em><\/span><br \/>\n<span style=\"font-size: 12pt; color: #800080;\"><em><span style=\"font-family: 'times new roman', times, serif;\">Hatice Do\u011fan<\/span><\/em><\/span><\/p>\n<p style=\"text-align: center;\"><strong><span style=\"font-size: 12pt; color: #800080;\"><em><span style=\"font-family: 'times new roman', times, serif;\">K\u00fcrat\u00f6r<\/span><\/em><\/span><\/strong><br \/>\n<span style=\"font-size: 12pt; color: #800080;\"><em><span style=\"font-family: 'times new roman', times, serif;\">Evren Kavukcu<\/span><\/em><\/span><br \/>\n<span style=\"font-size: 12pt; color: #800080;\"><em><span style=\"font-family: 'times new roman', times, serif;\">Ay\u00e7a Alper Ak\u00e7ay<\/span><\/em><\/span><br \/>\n<span style=\"font-size: 12pt; color: #800080;\"><em><span style=\"font-family: 'times new roman', times, serif;\">Hatice Do\u011fan<\/span><\/em><\/span><\/p>\n<p style=\"text-align: center;\"><span style=\"font-size: 12pt; color: #800080;\"><em><span style=\"font-family: 'times new roman', times, serif;\"><strong>Erzincan Valili\u011fini Temsilen<\/strong><br \/>\n<span style=\"font-family: 'times new roman', times, serif; font-size: 12pt;\"><span style=\"color: #800080;\">H\u00fcseyin Remzi KONAK (Vali Yard.)<\/span><\/span><\/span><\/em><\/span><\/p>\n<p style=\"text-align: center;\"><strong><span style=\"font-size: 12pt; color: #800080;\"><em><span style=\"font-family: 'times new roman', times, serif;\">Sergi Metinleri<\/span><\/em><\/span><\/strong><br \/>\n<span style=\"font-size: 12pt; color: #800080;\"><em><span style=\"font-family: 'times new roman', times, serif;\">Hatice Do\u011fan<\/span><\/em><\/span><br \/>\n<span style=\"font-size: 12pt; color: #800080;\"><em><span style=\"font-family: 'times new roman', times, serif;\">Hatice Tok<\/span><\/em><\/span><\/p>\n<p style=\"text-align: center;\"><strong><span style=\"font-size: 12pt; color: #800080;\"><em><span style=\"font-family: 'times new roman', times, serif;\">Web Tasar\u0131m<\/span><\/em><\/span><\/strong><br \/>\n<span style=\"font-size: 12pt; color: #800080;\"><em><span style=\"font-family: 'times new roman', times, serif;\">Alpaslan Akp\u0131nar<\/span><\/em><\/span><\/p>\n<p style=\"text-align: center;\"><strong><span style=\"font-size: 12pt; color: #800080;\"><em><span style=\"font-family: 'times new roman', times, serif;\">Sergi Sekretaryas\u0131<\/span><\/em><\/span><\/strong><br \/>\n<span style=\"color: #800080;\"><em><span style=\"font-family: 'times new roman', times, serif; font-size: 12pt;\">Ayla Birinci<\/span><\/em><\/span><br \/>\n<span style=\"color: #800080;\"><em><span style=\"font-family: 'times new roman', times, serif; font-size: 12pt;\">Alev Karakuzu<\/span><\/em><\/span><br \/>\n<span style=\"color: #800080;\"><em><span style=\"font-family: 'times new roman', times, serif; font-size: 12pt;\">Ebru Arslan<\/span><\/em><\/span><\/p>\n<p style=\"text-align: center;\"><strong><span style=\"font-size: 12pt; color: #800080;\"><em><span style=\"font-family: 'times new roman', times, serif;\">Afi\u015f Tasar\u0131m<\/span><\/em><\/span><\/strong><br \/>\n<span style=\"font-size: 12pt; color: #800080;\"><em><span style=\"font-family: 'times new roman', times, serif;\">Merve Yaz\u0131c\u0131<\/span><\/em><\/span><br \/>\n<span style=\"font-size: 12pt; color: #800080;\"><em><span style=\"font-family: 'times new roman', times, serif;\">Metin Yal\u00e7\u0131n<\/span><\/em><\/span><br \/>\n<span style=\"font-size: 12pt; color: #800080;\"><em><span style=\"font-family: 'times new roman', times, serif;\">Volkan Atar<\/span><\/em><\/span><\/p>\n<p style=\"text-align: center;\"><strong><span style=\"font-size: 12pt; color: #800080;\"><em><span style=\"font-family: 'times new roman', times, serif;\">Sosyal Medya<\/span><\/em><\/span><\/strong><br \/>\n<span style=\"font-size: 12pt; color: #800080;\"><em><span style=\"font-family: 'times new roman', times, serif;\">G\u00fclgin Altu\u011f Ta\u015fkanal<\/span><\/em><\/span><br \/>\n<span style=\"font-size: 12pt; color: #800080;\"><em><span style=\"font-family: 'times new roman', times, serif;\">Elif \u00d6z<\/span><\/em><\/span><br \/>\n<span style=\"font-size: 12pt; color: #800080;\"><em><span style=\"font-family: 'times new roman', times, serif;\">Nil\u00fcfer Alsaran<\/span><\/em><\/span><\/p>\n<p style=\"text-align: center;\"><strong><span style=\"font-size: 12pt; color: #800080;\"><em><span style=\"font-family: 'times new roman', times, serif;\">Envanter Tarama Toplama<\/span><\/em><\/span><\/strong><br \/>\n<span style=\"font-size: 12pt; color: #800080;\"><em><span style=\"font-family: 'times new roman', times, serif;\">Harun Yaz\u0131c\u0131<\/span><\/em><\/span><br \/>\n<span style=\"font-size: 12pt; color: #800080;\"><em><span style=\"font-family: 'times new roman', times, serif;\">Mehmet G\u00fcney<\/span><\/em><\/span><br \/>\n<span style=\"font-size: 12pt; color: #800080;\"><em><span style=\"font-family: 'times new roman', times, serif;\">Osman Avc\u0131<\/span><\/em><\/span><\/p>\n<p style=\"text-align: center;\"><strong><span style=\"font-size: 12pt; color: #800080;\"><em><span style=\"font-family: 'times new roman', times, serif;\">Moderat\u00f6r<\/span><\/em><\/span><\/strong><br \/>\n<span style=\"font-size: 12pt; color: #800080;\"><em><span style=\"font-family: 'times new roman', times, serif;\">Hatice Tok<\/span><\/em><\/span><\/p>\n<p>&nbsp;[\/et_pb_text][\/et_pb_column][\/et_pb_row][et_pb_row _builder_version=&#8221;4.7.7&#8243; _module_preset=&#8221;default&#8221;][et_pb_column type=&#8221;4_4&#8243; _builder_version=&#8221;4.7.7&#8243; _module_preset=&#8221;default&#8221;][et_pb_text _builder_version=&#8221;4.9.0&#8243; _module_preset=&#8221;default&#8221;]<\/p>\n<p>&nbsp;<\/p>\n<p>&nbsp;<\/p>\n<p>[\/et_pb_text][et_pb_button button_url=&#8221;@ET-DC@eyJkeW5hbWljIjp0cnVlLCJjb250ZW50IjoicG9zdF9saW5rX3VybF9wYWdlIiwic2V0dGluZ3MiOnsicG9zdF9pZCI6IjkifX0=@&#8221; button_text=&#8221;Ana Sayfaya D\u00f6nmek \u0130\u00e7in T\u0131klay\u0131n\u0131z&#8230;&#8221; button_alignment=&#8221;right&#8221; _builder_version=&#8221;4.9.0&#8243; _dynamic_attributes=&#8221;button_url&#8221; _module_preset=&#8221;default&#8221; custom_button=&#8221;on&#8221; button_text_color=&#8221;#800080&#8243; button_bg_color=&#8221;rgba(255,255,255,0.36)&#8221; button_border_width=&#8221;0px&#8221; button_border_radius=&#8221;0px&#8221; button_font=&#8221;Times New Roman||on||||||&#8221; button_icon=&#8221;%%190%%&#8221; button_icon_placement=&#8221;left&#8221; animation_style=&#8221;fade&#8221;][\/et_pb_button][et_pb_text _builder_version=&#8221;4.9.0&#8243; _module_preset=&#8221;default&#8221;]<\/p>\n<p>&nbsp;<\/p>\n<p>&nbsp;<\/p>\n<p>[\/et_pb_text][\/et_pb_column][\/et_pb_row][\/et_pb_section]<\/p>\n","protected":false},"excerpt":{"rendered":"<p>[et_pb_section fb_built=&#8221;1&#8243; _builder_version=&#8221;4.7.7&#8243; background_image=&#8221;https:\/\/gsfsergi.ebyu.edu.tr\/wp-content\/uploads\/2021\/03\/Kadin_Alt_M_A.jpg&#8221;][et_pb_row _builder_version=&#8221;3.25&#8243; background_size=&#8221;initial&#8221; background_position=&#8221;top_left&#8221; background_repeat=&#8221;repeat&#8221;][et_pb_column type=&#8221;4_4&#8243; _builder_version=&#8221;3.25&#8243; custom_padding=&#8221;|||&#8221; custom_padding__hover=&#8221;|||&#8221;][et_pb_text _builder_version=&#8221;4.7.7&#8243; _module_preset=&#8221;default&#8221;] &nbsp; &nbsp; [\/et_pb_text][\/et_pb_column][\/et_pb_row][et_pb_row _builder_version=&#8221;3.25&#8243; background_size=&#8221;initial&#8221; background_position=&#8221;top_left&#8221; background_repeat=&#8221;repeat&#8221;][et_pb_column type=&#8221;4_4&#8243; _builder_version=&#8221;3.25&#8243; custom_padding=&#8221;|||&#8221; custom_padding__hover=&#8221;|||&#8221;][et_pb_text _builder_version=&#8221;4.9.0&#8243; _module_preset=&#8221;default&#8221;] &nbsp; Kad\u0131n Sergisi Hakk\u0131nda [\/et_pb_text][et_pb_text _builder_version=&#8221;4.9.0&#8243; background_color=&#8221;rgba(255,255,255,0.48)&#8221; background_size=&#8221;initial&#8221; background_position=&#8221;top_left&#8221; background_repeat=&#8221;repeat&#8221;]&nbsp; Se\u00e7ici Dan\u0131\u015fma Kurulu Mehmet Kavukcu H\u00fcsamettin Ko\u00e7an Devabil Kara Melik \u0130skender Evren Kavukcu Ay\u00e7a Alper Ak\u00e7ay Muhammet Tatar [&hellip;]<\/p>\n","protected":false},"author":9,"featured_media":0,"parent":0,"menu_order":0,"comment_status":"closed","ping_status":"closed","template":"","meta":{"_et_pb_use_builder":"on","_et_pb_old_content":"","_et_gb_content_width":"","spay_email":""},"jetpack_sharing_enabled":true,"jetpack_likes_enabled":true,"_links":{"self":[{"href":"https:\/\/gsfsergi.ebyu.edu.tr\/index.php?rest_route=\/wp\/v2\/pages\/5206"}],"collection":[{"href":"https:\/\/gsfsergi.ebyu.edu.tr\/index.php?rest_route=\/wp\/v2\/pages"}],"about":[{"href":"https:\/\/gsfsergi.ebyu.edu.tr\/index.php?rest_route=\/wp\/v2\/types\/page"}],"author":[{"embeddable":true,"href":"https:\/\/gsfsergi.ebyu.edu.tr\/index.php?rest_route=\/wp\/v2\/users\/9"}],"replies":[{"embeddable":true,"href":"https:\/\/gsfsergi.ebyu.edu.tr\/index.php?rest_route=%2Fwp%2Fv2%2Fcomments&post=5206"}],"version-history":[{"count":13,"href":"https:\/\/gsfsergi.ebyu.edu.tr\/index.php?rest_route=\/wp\/v2\/pages\/5206\/revisions"}],"predecessor-version":[{"id":5401,"href":"https:\/\/gsfsergi.ebyu.edu.tr\/index.php?rest_route=\/wp\/v2\/pages\/5206\/revisions\/5401"}],"wp:attachment":[{"href":"https:\/\/gsfsergi.ebyu.edu.tr\/index.php?rest_route=%2Fwp%2Fv2%2Fmedia&parent=5206"}],"curies":[{"name":"wp","href":"https:\/\/api.w.org\/{rel}","templated":true}]}}