{"id":5139,"date":"2021-03-15T13:00:01","date_gmt":"2021-03-15T10:00:01","guid":{"rendered":"https:\/\/gsfsergi.ebyu.edu.tr\/?page_id=5139"},"modified":"2021-03-16T22:44:13","modified_gmt":"2021-03-16T19:44:13","slug":"kuratorler-sunus","status":"publish","type":"page","link":"https:\/\/gsfsergi.ebyu.edu.tr\/?page_id=5139","title":{"rendered":"Kad\u0131n Sergisi K\u00fcrat\u00f6r Sunu\u015f"},"content":{"rendered":"<p>[et_pb_section fb_built=&#8221;1&#8243; _builder_version=&#8221;4.7.7&#8243; background_image=&#8221;https:\/\/gsfsergi.ebyu.edu.tr\/wp-content\/uploads\/2021\/03\/Kadin_Alt_M_A.jpg&#8221;][et_pb_row _builder_version=&#8221;3.25&#8243; background_size=&#8221;initial&#8221; background_position=&#8221;top_left&#8221; background_repeat=&#8221;repeat&#8221;][et_pb_column type=&#8221;4_4&#8243; _builder_version=&#8221;3.25&#8243; custom_padding=&#8221;|||&#8221; custom_padding__hover=&#8221;|||&#8221;][et_pb_text _builder_version=&#8221;4.7.7&#8243; _module_preset=&#8221;default&#8221;]<\/p>\n<p>&nbsp;<\/p>\n<p>&nbsp;<\/p>\n<p>[\/et_pb_text][\/et_pb_column][\/et_pb_row][et_pb_row column_structure=&#8221;1_3,2_3&#8243; _builder_version=&#8221;3.25&#8243; background_size=&#8221;initial&#8221; background_position=&#8221;top_left&#8221; background_repeat=&#8221;repeat&#8221;][et_pb_column type=&#8221;1_3&#8243; _builder_version=&#8221;3.25&#8243; custom_padding=&#8221;|||&#8221; custom_padding__hover=&#8221;|||&#8221;][et_pb_image src=&#8221;https:\/\/gsfsergi.ebyu.edu.tr\/wp-content\/uploads\/2020\/12\/KuratorFoto.jpg&#8221; title_text=&#8221;Evren Kavukcu&#8221; show_in_lightbox=&#8221;on&#8221; use_overlay=&#8221;on&#8221; overlay_icon_color=&#8221;#ffffff&#8221; hover_overlay_color=&#8221;rgba(128,0,128,0.19)&#8221; hover_icon=&#8221;%%51%%&#8221; _builder_version=&#8221;4.9.0&#8243; _module_preset=&#8221;default&#8221; width=&#8221;100px&#8221; max_height=&#8221;200px&#8221;][\/et_pb_image][et_pb_image src=&#8221;https:\/\/gsfsergi.ebyu.edu.tr\/wp-content\/uploads\/2021\/03\/Ayca-Alper-Akcay-1.jpeg&#8221; title_text=&#8221;Ay\u00e7a Alper Ak\u00e7ay&#8221; show_in_lightbox=&#8221;on&#8221; use_overlay=&#8221;on&#8221; overlay_icon_color=&#8221;#ffffff&#8221; hover_overlay_color=&#8221;rgba(128,0,128,0.19)&#8221; hover_icon=&#8221;%%51%%&#8221; _builder_version=&#8221;4.9.0&#8243; _module_preset=&#8221;default&#8221; width=&#8221;100px&#8221; max_height=&#8221;200px&#8221;][\/et_pb_image][et_pb_image src=&#8221;https:\/\/gsfsergi.ebyu.edu.tr\/wp-content\/uploads\/2021\/03\/Hatice-Dog\u0306an-Portre-scaled.jpg&#8221; title_text=&#8221;Hatice Dog\u0306an&#8221; show_in_lightbox=&#8221;on&#8221; use_overlay=&#8221;on&#8221; overlay_icon_color=&#8221;#ffffff&#8221; hover_overlay_color=&#8221;rgba(128,0,128,0.19)&#8221; hover_icon=&#8221;%%51%%&#8221; _builder_version=&#8221;4.9.0&#8243; _module_preset=&#8221;default&#8221; width=&#8221;100px&#8221; max_height=&#8221;200px&#8221;][\/et_pb_image][\/et_pb_column][et_pb_column type=&#8221;2_3&#8243; _builder_version=&#8221;3.25&#8243; custom_padding=&#8221;|||&#8221; custom_padding__hover=&#8221;|||&#8221;][et_pb_text _builder_version=&#8221;4.9.0&#8243; _module_preset=&#8221;default&#8221; background_color=&#8221;rgba(255,255,255,0.48)&#8221; background_size=&#8221;initial&#8221; background_position=&#8221;top_left&#8221; background_repeat=&#8221;repeat&#8221; hover_enabled=&#8221;0&#8243; sticky_enabled=&#8221;0&#8243;]<\/p>\n<p>&nbsp;<\/p>\n<p style=\"text-align: right;\"><span style=\"font-family: 'times new roman', times, serif; font-size: 36pt; color: #800080;\"><em>Evren Kavukcu <\/em><\/span><\/p>\n<p style=\"text-align: right;\"><span style=\"font-family: 'times new roman', times, serif; font-size: 36pt; color: #800080;\"><em>Ay\u00e7a Alper Ak\u00e7ay <\/em><\/span><\/p>\n<p style=\"text-align: right;\"><span style=\"font-family: 'times new roman', times, serif; font-size: 36pt; color: #800080;\"><em>Hatice Do\u011fan <\/em><\/span><\/p>\n<p>&nbsp;<\/p>\n<p>[\/et_pb_text][et_pb_text _builder_version=&#8221;4.9.0&#8243; _module_preset=&#8221;default&#8221;]<\/p>\n<p style=\"text-align: right;\"><span style=\"font-size: 14pt;\"><strong><em><span style=\"color: #800080; font-family: 'times new roman', times, serif;\">Kad\u0131n Sergisi K\u00fcrat\u00f6leri<\/span><\/em><\/strong><\/span><\/p>\n<p>[\/et_pb_text][et_pb_text _builder_version=&#8221;4.9.0&#8243; _module_preset=&#8221;default&#8221; background_color=&#8221;rgba(255,255,255,0.48)&#8221; background_size=&#8221;initial&#8221; background_position=&#8221;top_left&#8221; background_repeat=&#8221;repeat&#8221;]<\/p>\n<p>&nbsp;<\/p>\n<p style=\"padding-left: 40px; padding-right: 40px;\"><span style=\"font-size: 12pt; color: #800080;\"><em><span style=\"font-family: 'times new roman', times, serif;\">Bir kad\u0131n do\u011far do\u011fmaz erkekten farkl\u0131 konulur ad\u0131. Sanki gidece\u011fi yerler en ba\u015f\u0131ndan belirlenmi\u015ftir, duraca\u011f\u0131 yerlere karar verildi\u011fi gibi. Daha ilerisine gitmek isteyenler, cesaret edenler \u2013 bu \u00e7o\u011fu zaman bir cesaret meselesidir \u00e7\u00fcnk\u00fc- ana haber b\u00fcltenlerinin konusu olurlar maalesef.. Daha ilerisine cesaret edenler ya b\u00fcy\u00fck bir ba\u015far\u0131 hikayesinin kahraman\u0131, ya da: \u201cO\u2019nun da orada ne i\u015fi varm\u0131\u015f o saatte?\u201d sorusunun muhatab\u0131 haline gelirler.<br \/>Bir kad\u0131n\u0131n erkek merkezli d\u00fcnyada ba\u015far\u0131l\u0131 olabilmesi, bir anlamda hayatta kalabilmesi \u00e7o\u011fu kez erkekle\u015fmesi ile m\u00fcmk\u00fcn g\u00f6r\u00fcn\u00fcr. Trafikte ya da i\u015f hayat\u0131nda yani hayat\u0131n herhangi bir alan\u0131nda ba\u015far\u0131l\u0131 kad\u0131nlar \u201cerkek gibi\u201d ,\u201cadam gibi\u201d yap\u0131yorlard\u0131r i\u015flerini. Ba\u015far\u0131l\u0131 olabilmeleri i\u00e7in kad\u0131ns\u0131 g\u00f6r\u00fclen hassasiyetleri bir kenara b\u0131rakmalar\u0131 beklenir. Oysa kad\u0131nl\u0131k bir zafiyet de\u011fil, m\u00fccadele ve \u00e7e\u015fitli zorluklar i\u00e7eren, ama bu zorlu\u011fa zarafet i\u00e7inde kar\u015f\u0131 duruldu\u011fu bir var olma halidir. Kad\u0131n\u0131n kendisi ile ilgili verece\u011fi kararlar \u00e7o\u011fu zaman ba\u015fkalar\u0131n\u0131n \u00f6ncelikli s\u00f6z s\u00f6yleme alanlar\u0131d\u0131r. En k\u00fc\u00e7\u00fc\u011f\u00fcnden en b\u00fcy\u00fc\u011f\u00fcne kadar b\u00fct\u00fcn toplumsal kurumlar kad\u0131n ve kad\u0131n bedeni ile ilgili kendilerinde tasarruf hakk\u0131 bulmu\u015flard\u0131r.<br \/>Kad\u0131n s\u00f6z konusu oldu\u011funda toplumun iki y\u00fczl\u00fc yarg\u0131 sistemi daha fazla g\u00f6ze batar. Kad\u0131nlar\u0131 tan\u0131mlamak i\u00e7in daha fazla etiket icat edilmi\u015ftir. Kad\u0131ndan hem saklanmas\u0131 beklenir, hem de g\u00f6r\u00fcnmesi, hem k\u0131r\u0131lgan ve korunmaya muhta\u00e7 olmas\u0131 beklenir, hem de cesur,.. A\u011flamas\u0131 istenmez, fazla konu\u015fmas\u0131 da\u2026 \u201cBir kad\u0131n olarak\u201d susmas\u0131 beklenir. Ne fazla olmal\u0131d\u0131r ne istenenden az\u2026 Her kad\u0131n \u00f6nceden belirlenmi\u015f bir \u00f6l\u00e7\u00fcler sisteminin g\u00f6lgesinde ya\u015fam\u0131n\u0131 s\u00fcrd\u00fcr\u00fcr. Bu \u00f6l\u00e7\u00fcler sisteminin bahanesi kad\u0131n\u0131 korumakt\u0131r. Kendisinden korunaca\u011f\u0131 tehlike ise bu \u00f6l\u00e7\u00fcler sisteminin kurucusu erkek egemenli\u011finin ta kendisidir. Kad\u0131n\u0131n ya bu \u00f6l\u00e7\u00fclerden azat edilmesi ya da \u00f6l\u00e7\u00fclerin de\u011fi\u015ftirilmesi gerekir.<br \/>Kad\u0131n her sabah erkekten ba\u015fka bir d\u00fcnyaya uyan\u0131r. B\u00fct\u00fcn g\u00f6zlerin \u00fczerinde oldu\u011fu, \u00fczerine y\u00fcklendi\u011fi sorumluluklarla ba\u015f etmeye \u00e7al\u0131\u015ft\u0131\u011f\u0131, her alanda kendini ispat etmek zorunda b\u0131rak\u0131ld\u0131\u011f\u0131 bir d\u00fcnyaya. \u00c7\u00fcnk\u00fc kad\u0131n\u0131n yapt\u0131\u011f\u0131 her hata ilk \u00f6nce \u201ckad\u0131n\u201dl\u0131\u011f\u0131na verilir. Toplum i\u00e7in erkekten bir eksiktir, \u00e7ocu\u011fu olunca bir fazla. Kendini uydurmas\u0131 gereken \u00e7ok fazla kal\u0131p, a\u015fmamas\u0131 gereken \u00e7ok fazla s\u0131n\u0131r vard\u0131r. Bu s\u0131n\u0131rlar kad\u0131n\u0131n ya\u015fad\u0131\u011f\u0131 toplumsal s\u0131n\u0131fa, kad\u0131n\u0131n ya\u015f\u0131na, mesle\u011fine hatta bedensel yap\u0131s\u0131na g\u00f6re zihinlerde yeniden kurulur her seferinde. Her kad\u0131n bu s\u0131n\u0131rlar\u0131n i\u00e7erisinde kendi varolu\u015funun c\u0131l\u0131z ama kararl\u0131 sesini duyurmak i\u00e7in \u00e7abalar hayat\u0131 boyunca.<br \/>Bu s\u0131n\u0131rlar\u0131 y\u0131kmak yak\u0131n zamanda kolay ya da m\u00fcmk\u00fcn g\u00f6r\u00fcnmese de; de\u011fi\u015ftirmek, biraz esnetmek, kad\u0131n\u0131n daha rahat s\u0131\u011fabilece\u011fi, nefes alabilece\u011fi bir duruma getirmek \u00fczere, bu sergiye kat\u0131lan \u00fclkemizin de\u011ferli sanat\u00e7\u0131lar\u0131 vas\u0131tas\u0131 ile bir s\u00f6z s\u00f6ylemek amac\u0131nday\u0131z. Kendi hayat\u0131 \u00fczerinde karar verme hakk\u0131 elinden al\u0131nan, kendini ger\u00e7ekle\u015ftirme imkan\u0131ndan mahrum b\u0131rak\u0131lm\u0131\u015f t\u00fcm k\u0131z karde\u015flerimizin, sadece birinin k\u0131z\u0131, e\u015fi, annesi olarak de\u011fil, toplumda tek ba\u015f\u0131na de\u011feri ve yeri olan, benzersiz yetenekleri ile, d\u00fc\u015f\u00fcnen, hayata de\u011ferler \u00fcreten bireyler olarak var olabilmeleri i\u00e7in bir ba\u015flang\u0131\u00e7 noktas\u0131, bir k\u0131v\u0131lc\u0131m yaratma iste\u011findeyiz.<br \/>Bu iste\u011fimizi ger\u00e7ekle\u015ftirme yolunda bizden katk\u0131lar\u0131n\u0131 ve desteklerini esirgemeyen t\u00fcm sanat\u00e7\u0131 dostlar\u0131m\u0131za, \u00f6\u011frencilerimize en i\u00e7ten te\u015fekk\u00fcrlerimizi sunar\u0131z. Ayr\u0131ca b\u00f6yle bir sergiyi olu\u015fturmam\u0131zda \u00f6n ayak olan i\u015fbirlik\u00e7imiz Erzincan Valisi Say\u0131n Mehmet Makas\u2019a ve Erzincan Binali Y\u0131ld\u0131r\u0131m \u00dcniversitesi Rekt\u00f6r\u00fc Say\u0131n Prof. Dr. Ak\u0131n Levent\u2019e te\u015fekk\u00fcrlerimizi sunar\u0131z. Kad\u0131n\u0131n toplum i\u00e7erisindeki \u00f6ncelikli olmas\u0131 gereken konumunun cinsiyet e\u015fitsizlikleri ile g\u00f6z ard\u0131 edilmedi\u011fi bir d\u00fcnyada sanat ile ya\u015famak dile\u011fi ile\u2026<\/span><\/em><\/span><\/p>\n<p>&nbsp;<\/p>\n<p>[\/et_pb_text][\/et_pb_column][\/et_pb_row][et_pb_row _builder_version=&#8221;4.7.7&#8243; _module_preset=&#8221;default&#8221;][et_pb_column type=&#8221;4_4&#8243; _builder_version=&#8221;4.7.7&#8243; _module_preset=&#8221;default&#8221;][et_pb_text _builder_version=&#8221;4.7.7&#8243; _module_preset=&#8221;default&#8221;]<\/p>\n<p>&nbsp;<\/p>\n<p>&nbsp;<\/p>\n<p>[\/et_pb_text][et_pb_button button_url=&#8221;@ET-DC@eyJkeW5hbWljIjp0cnVlLCJjb250ZW50IjoicG9zdF9saW5rX3VybF9wYWdlIiwic2V0dGluZ3MiOnsicG9zdF9pZCI6IjkifX0=@&#8221; button_text=&#8221;Ana Sayfaya D\u00f6nmek \u0130\u00e7in T\u0131klay\u0131n\u0131z&#8230;&#8221; button_alignment=&#8221;right&#8221; _builder_version=&#8221;4.9.0&#8243; _dynamic_attributes=&#8221;button_url&#8221; _module_preset=&#8221;default&#8221; custom_button=&#8221;on&#8221; button_text_color=&#8221;#800080&#8243; button_bg_color=&#8221;rgba(255,255,255,0.36)&#8221; button_border_width=&#8221;0px&#8221; button_border_radius=&#8221;0px&#8221; button_font=&#8221;Times New Roman||on||||||&#8221; button_icon=&#8221;%%190%%&#8221; button_icon_placement=&#8221;left&#8221; animation_style=&#8221;fade&#8221;][\/et_pb_button][et_pb_text _builder_version=&#8221;4.9.0&#8243; _module_preset=&#8221;default&#8221;]<\/p>\n<p>&nbsp;<\/p>\n<p>&nbsp;<\/p>\n<p>[\/et_pb_text][\/et_pb_column][\/et_pb_row][\/et_pb_section]<\/p>\n","protected":false},"excerpt":{"rendered":"<p>[et_pb_section fb_built=&#8221;1&#8243; _builder_version=&#8221;4.7.7&#8243; background_image=&#8221;https:\/\/gsfsergi.ebyu.edu.tr\/wp-content\/uploads\/2021\/03\/Kadin_Alt_M_A.jpg&#8221;][et_pb_row _builder_version=&#8221;3.25&#8243; background_size=&#8221;initial&#8221; background_position=&#8221;top_left&#8221; background_repeat=&#8221;repeat&#8221;][et_pb_column type=&#8221;4_4&#8243; _builder_version=&#8221;3.25&#8243; custom_padding=&#8221;|||&#8221; custom_padding__hover=&#8221;|||&#8221;][et_pb_text _builder_version=&#8221;4.7.7&#8243; _module_preset=&#8221;default&#8221;] &nbsp; &nbsp; [\/et_pb_text][\/et_pb_column][\/et_pb_row][et_pb_row column_structure=&#8221;1_3,2_3&#8243; _builder_version=&#8221;3.25&#8243; background_size=&#8221;initial&#8221; background_position=&#8221;top_left&#8221; background_repeat=&#8221;repeat&#8221;][et_pb_column type=&#8221;1_3&#8243; _builder_version=&#8221;3.25&#8243; custom_padding=&#8221;|||&#8221; custom_padding__hover=&#8221;|||&#8221;][et_pb_image src=&#8221;https:\/\/gsfsergi.ebyu.edu.tr\/wp-content\/uploads\/2020\/12\/KuratorFoto.jpg&#8221; title_text=&#8221;Evren Kavukcu&#8221; show_in_lightbox=&#8221;on&#8221; use_overlay=&#8221;on&#8221; overlay_icon_color=&#8221;#ffffff&#8221; hover_overlay_color=&#8221;rgba(128,0,128,0.19)&#8221; hover_icon=&#8221;%%51%%&#8221; _builder_version=&#8221;4.9.0&#8243; _module_preset=&#8221;default&#8221; width=&#8221;100px&#8221; max_height=&#8221;200px&#8221;][\/et_pb_image][et_pb_image src=&#8221;https:\/\/gsfsergi.ebyu.edu.tr\/wp-content\/uploads\/2021\/03\/Ayca-Alper-Akcay-1.jpeg&#8221; title_text=&#8221;Ay\u00e7a Alper Ak\u00e7ay&#8221; show_in_lightbox=&#8221;on&#8221; use_overlay=&#8221;on&#8221; overlay_icon_color=&#8221;#ffffff&#8221; hover_overlay_color=&#8221;rgba(128,0,128,0.19)&#8221; hover_icon=&#8221;%%51%%&#8221; _builder_version=&#8221;4.9.0&#8243; _module_preset=&#8221;default&#8221; width=&#8221;100px&#8221; max_height=&#8221;200px&#8221;][\/et_pb_image][et_pb_image src=&#8221;https:\/\/gsfsergi.ebyu.edu.tr\/wp-content\/uploads\/2021\/03\/Hatice-Dog\u0306an-Portre-scaled.jpg&#8221; title_text=&#8221;Hatice Dog\u0306an&#8221; show_in_lightbox=&#8221;on&#8221; [&hellip;]<\/p>\n","protected":false},"author":9,"featured_media":0,"parent":0,"menu_order":0,"comment_status":"closed","ping_status":"closed","template":"","meta":{"_et_pb_use_builder":"on","_et_pb_old_content":"","_et_gb_content_width":"","spay_email":""},"jetpack_sharing_enabled":true,"jetpack_likes_enabled":true,"_links":{"self":[{"href":"https:\/\/gsfsergi.ebyu.edu.tr\/index.php?rest_route=\/wp\/v2\/pages\/5139"}],"collection":[{"href":"https:\/\/gsfsergi.ebyu.edu.tr\/index.php?rest_route=\/wp\/v2\/pages"}],"about":[{"href":"https:\/\/gsfsergi.ebyu.edu.tr\/index.php?rest_route=\/wp\/v2\/types\/page"}],"author":[{"embeddable":true,"href":"https:\/\/gsfsergi.ebyu.edu.tr\/index.php?rest_route=\/wp\/v2\/users\/9"}],"replies":[{"embeddable":true,"href":"https:\/\/gsfsergi.ebyu.edu.tr\/index.php?rest_route=%2Fwp%2Fv2%2Fcomments&post=5139"}],"version-history":[{"count":16,"href":"https:\/\/gsfsergi.ebyu.edu.tr\/index.php?rest_route=\/wp\/v2\/pages\/5139\/revisions"}],"predecessor-version":[{"id":5396,"href":"https:\/\/gsfsergi.ebyu.edu.tr\/index.php?rest_route=\/wp\/v2\/pages\/5139\/revisions\/5396"}],"wp:attachment":[{"href":"https:\/\/gsfsergi.ebyu.edu.tr\/index.php?rest_route=%2Fwp%2Fv2%2Fmedia&parent=5139"}],"curies":[{"name":"wp","href":"https:\/\/api.w.org\/{rel}","templated":true}]}}