{"id":5134,"date":"2021-03-15T12:57:52","date_gmt":"2021-03-15T09:57:52","guid":{"rendered":"https:\/\/gsfsergi.ebyu.edu.tr\/?page_id=5134"},"modified":"2021-03-16T17:50:07","modified_gmt":"2021-03-16T14:50:07","slug":"ebyu-rektor-sunus","status":"publish","type":"page","link":"https:\/\/gsfsergi.ebyu.edu.tr\/?page_id=5134","title":{"rendered":"Kad\u0131n Sergisi EBY\u00dc Rekt\u00f6r Sunu\u015f"},"content":{"rendered":"<p>[et_pb_section fb_built=&#8221;1&#8243; _builder_version=&#8221;4.7.7&#8243; background_image=&#8221;https:\/\/gsfsergi.ebyu.edu.tr\/wp-content\/uploads\/2021\/03\/Kadin_Alt_M_A.jpg&#8221;][et_pb_row _builder_version=&#8221;3.25&#8243; background_size=&#8221;initial&#8221; background_position=&#8221;top_left&#8221; background_repeat=&#8221;repeat&#8221;][et_pb_column type=&#8221;4_4&#8243; _builder_version=&#8221;3.25&#8243; custom_padding=&#8221;|||&#8221; custom_padding__hover=&#8221;|||&#8221;][et_pb_text _builder_version=&#8221;4.7.7&#8243; _module_preset=&#8221;default&#8221;]<\/p>\n<p>&nbsp;<\/p>\n<p>&nbsp;<\/p>\n<p>[\/et_pb_text][\/et_pb_column][\/et_pb_row][et_pb_row column_structure=&#8221;1_3,2_3&#8243; _builder_version=&#8221;3.25&#8243; background_size=&#8221;initial&#8221; background_position=&#8221;top_left&#8221; background_repeat=&#8221;repeat&#8221;][et_pb_column type=&#8221;1_3&#8243; _builder_version=&#8221;3.25&#8243; custom_padding=&#8221;|||&#8221; custom_padding__hover=&#8221;|||&#8221;][et_pb_image src=&#8221;https:\/\/gsfsergi.ebyu.edu.tr\/wp-content\/uploads\/2020\/05\/30973077178-dscf2685-600&#215;496-1.jpg&#8221; title_text=&#8221;30973077178-dscf2685-600&#215;496&#8243; show_in_lightbox=&#8221;on&#8221; use_overlay=&#8221;on&#8221; overlay_icon_color=&#8221;#ffffff&#8221; hover_overlay_color=&#8221;rgba(128,0,128,0.19)&#8221; hover_icon=&#8221;%%51%%&#8221; _builder_version=&#8221;4.9.0&#8243; _module_preset=&#8221;default&#8221;][\/et_pb_image][\/et_pb_column][et_pb_column type=&#8221;2_3&#8243; _builder_version=&#8221;3.25&#8243; custom_padding=&#8221;|||&#8221; custom_padding__hover=&#8221;|||&#8221;][et_pb_text _builder_version=&#8221;4.9.0&#8243; _module_preset=&#8221;default&#8221; background_color=&#8221;rgba(255,255,255,0.48)&#8221; background_size=&#8221;initial&#8221; background_position=&#8221;top_left&#8221; background_repeat=&#8221;repeat&#8221;]<\/p>\n<p>&nbsp;<\/p>\n<p style=\"text-align: right;\"><span style=\"font-family: 'times new roman', times, serif; font-size: 36pt; color: #800080;\"><em>Prof. Dr. Ak\u0131n Levent<\/em><\/span><\/p>\n<p>[\/et_pb_text][et_pb_text _builder_version=&#8221;4.9.0&#8243; _module_preset=&#8221;default&#8221;]<\/p>\n<p style=\"text-align: right;\"><span style=\"font-size: 14pt;\"><strong><em><span style=\"color: #800080; font-family: 'times new roman', times, serif;\">Erzincan Binali Y\u0131ld\u0131r\u0131m \u00dcniversitesi Rekt\u00f6r\u00fc<\/span><\/em><\/strong><\/span><\/p>\n<p>[\/et_pb_text][et_pb_text _builder_version=&#8221;4.9.0&#8243; _module_preset=&#8221;default&#8221; background_color=&#8221;rgba(255,255,255,0.48)&#8221; background_size=&#8221;initial&#8221; background_position=&#8221;top_left&#8221; background_repeat=&#8221;repeat&#8221; hover_enabled=&#8221;0&#8243; sticky_enabled=&#8221;0&#8243;]<\/p>\n<p style=\"text-align: right;\"><span style=\"color: #800080;\"><strong><em><span style=\"font-family: 'times new roman', times, serif;\">Sunu\u015f<\/span><\/em><\/strong><\/span><\/p>\n<p style=\"padding-left: 40px; text-align: right;\"><span style=\"color: #800080;\"><em><span style=\"font-family: 'times new roman', times, serif;\">Erzincan Binali Y\u0131ld\u0131r\u0131m \u00dcniversitesi olarak insan merkezli bir e\u011fitim anlay\u0131\u015f\u0131yla, bilimi ve akl\u0131 esas alarak \u00fclkemizin de\u011ferleri ve hedefleri do\u011frultusunda \u00fcst\u00fcn nitelikli bireyler yeti\u015ftirmek; uluslararas\u0131 \u00f6l\u00e7ekte bilim, teknoloji ve sanat \u00fcreterek b\u00f6lgenin ve \u00fclkenin s\u00fcrd\u00fcr\u00fclebilir kalk\u0131nmas\u0131na katk\u0131da bulunmak ve toplumun sorunlar\u0131n\u0131 \u00e7\u00f6zmeye y\u00f6nelik \u00e7al\u0131\u015fmalar \u00fcretmek misyonumuzdur. Toplumun \u00f6ncelikli sorunlar\u0131ndan biri de cinsiyet ayr\u0131mc\u0131l\u0131\u011f\u0131d\u0131r. Bir\u00e7o\u011fu kad\u0131n kavram\u0131 \u00fczerinden bi\u00e7imlendirilen toplumsal cinsiyet rollerinin bilimsel \u00e7al\u0131\u015fmam\u0131za engel olmas\u0131n\u0131 \u00fcniversite olarak asla istemeyiz. Bilimsel d\u00fc\u015f\u00fcnce, cinsiyetler aras\u0131nda hi\u00e7bir ayr\u0131m g\u00f6zetmeksizin \u00e7al\u0131\u015fma disiplini gerektirir.<\/span><\/em><\/span><\/p>\n<p style=\"padding-left: 40px; text-align: right;\"><span style=\"color: #800080;\"><em><span style=\"font-family: 'times new roman', times, serif;\">Bug\u00fcn e\u011fitimin b\u00fcy\u00fck akt\u00f6rlerinden biri de kad\u0131nlard\u0131r. \u00dclkemizin g\u00fc\u00e7l\u00fc ve \u00e7al\u0131\u015fkan kad\u0131nlar\u0131n\u0131n bu g\u00fcc\u00fcn\u00fc ve \u00e7al\u0131\u015fkanl\u0131\u011f\u0131n\u0131 toplumun g\u00f6rebilmesi de olduk\u00e7a m\u00fchimdir. Bu ba\u011flamda kad\u0131n kavram\u0131n\u0131n yeniden ele al\u0131nmas\u0131 ve irdelenmesi b\u00fcy\u00fck \u00f6nem arz etmektedir. \u00a0Bu konuda insanlar\u0131n bilin\u00e7lenmesinde en etkin yol elbette e\u011fitimdir. K\u00fclt\u00fcr\u00fcn en etkili yap\u0131 ta\u015flar\u0131ndan biri olan sanat da e\u011fitimin ta\u00e7lanmas\u0131n\u0131 sa\u011flayan \u00e7ok \u00f6nemli bir de\u011ferdir. Bu anlamda sanat ve sanat e\u011fitimine her daim destek veren bir e\u011fitim kurumu olarak, D\u00fcnya Kad\u0131nlar G\u00fcn\u00fc hasebiyle, T\u00fcrkiye\u2019nin de\u011ferli sanat\u00e7\u0131lar\u0131n\u0131 bir araya getiren bir sergi a\u00e7\u0131yoruz. \u00dcniversitemiz G\u00fczel Sanatlar Fak\u00fcltesi \u00d6\u011fretim Elemanlar\u0131 deste\u011fi ve Erzincan Valili\u011fi i\u015f birli\u011finde, Atat\u00fcrk \u00dcniversitesi \u00d6\u011fretim \u00dcyeleri Do\u00e7. Evren Kavukcu, Do\u00e7. Ay\u00e7a Alper Ak\u00e7ay ve Dr. \u00d6\u011fr. \u00dcyesi Hatice Do\u011fan k\u00fcrat\u00f6rl\u00fc\u011f\u00fcnde a\u00e7\u0131lan Kad\u0131n ba\u015fl\u0131kl\u0131 serginin yukar\u0131da s\u00f6z\u00fc edilen problemlere bir onar\u0131c\u0131 unsur olmas\u0131n\u0131 umut ediyorum.<\/span><\/em><\/span><\/p>\n<p style=\"padding-left: 40px; text-align: right;\"><span style=\"color: #800080;\"><em><span style=\"font-family: 'times new roman', times, serif;\">\u00dclkemizin de\u011ferli sanat\u00e7\u0131lar\u0131n\u0131 bir araya getiren bu serginin, sanat\u0131n ayd\u0131nlat\u0131c\u0131 g\u00fcc\u00fc ile cinsiyet e\u015fitli\u011fine y\u00f6nelik \u00f6nemli bir d\u00fc\u015f\u00fcnme g\u00fcc\u00fc geli\u015ftirece\u011fine inan\u0131yorum. B\u00f6yle etkili bir serginin olu\u015fmas\u0131nda \u00f6n ayak olan Erzincan Valili\u011fine ve Atat\u00fcrk \u00dcniversitesi Rekt\u00f6rl\u00fc\u011f\u00fcne, sergiye kat\u0131lan \u00e7ok de\u011ferli sanat\u00e7\u0131lar\u0131m\u0131za, serginin olu\u015fmas\u0131nda eme\u011fi ge\u00e7en \u00fcniversitemiz G\u00fczel Sanatlar Fak\u00fcltesi \u00d6\u011fretim Elamanlar\u0131na, katk\u0131 sa\u011flayan personelimiz ve t\u00fcm \u00f6\u011frencilerimize te\u015fekk\u00fcrlerimi sunar\u0131m. Bundan sonraki s\u00fcre\u00e7te de \u00e7a\u011fda\u015f sanat\u0131n \u00fcniversitemiz e\u011fitim hayat\u0131na b\u00f6yle co\u015fku i\u00e7inde katk\u0131 vermesi dile\u011fi ile\u2026<\/span><\/em><\/span><\/p>\n<p>[\/et_pb_text][\/et_pb_column][\/et_pb_row][et_pb_row _builder_version=&#8221;4.7.7&#8243; _module_preset=&#8221;default&#8221;][et_pb_column type=&#8221;4_4&#8243; _builder_version=&#8221;4.7.7&#8243; _module_preset=&#8221;default&#8221;][et_pb_text _builder_version=&#8221;4.7.7&#8243; _module_preset=&#8221;default&#8221;]<\/p>\n<p>&nbsp;<\/p>\n<p>&nbsp;<\/p>\n<p>[\/et_pb_text][et_pb_button button_url=&#8221;@ET-DC@eyJkeW5hbWljIjp0cnVlLCJjb250ZW50IjoicG9zdF9saW5rX3VybF9wYWdlIiwic2V0dGluZ3MiOnsicG9zdF9pZCI6IjkifX0=@&#8221; button_text=&#8221;Ana Sayfaya D\u00f6nmek \u0130\u00e7in T\u0131klay\u0131n\u0131z&#8230;&#8221; button_alignment=&#8221;right&#8221; _builder_version=&#8221;4.9.0&#8243; _dynamic_attributes=&#8221;button_url&#8221; _module_preset=&#8221;default&#8221; custom_button=&#8221;on&#8221; button_text_color=&#8221;#800080&#8243; button_bg_color=&#8221;rgba(255,255,255,0.36)&#8221; button_border_width=&#8221;0px&#8221; button_border_radius=&#8221;0px&#8221; button_font=&#8221;Times New Roman||on||||||&#8221; button_icon=&#8221;%%190%%&#8221; button_icon_placement=&#8221;left&#8221; animation_style=&#8221;fade&#8221;][\/et_pb_button][et_pb_text _builder_version=&#8221;4.9.0&#8243; _module_preset=&#8221;default&#8221;]<\/p>\n<p>&nbsp;<\/p>\n<p>&nbsp;<\/p>\n<p>[\/et_pb_text][\/et_pb_column][\/et_pb_row][\/et_pb_section]<\/p>\n","protected":false},"excerpt":{"rendered":"<p>[et_pb_section fb_built=&#8221;1&#8243; _builder_version=&#8221;4.7.7&#8243; background_image=&#8221;https:\/\/gsfsergi.ebyu.edu.tr\/wp-content\/uploads\/2021\/03\/Kadin_Alt_M_A.jpg&#8221;][et_pb_row _builder_version=&#8221;3.25&#8243; background_size=&#8221;initial&#8221; background_position=&#8221;top_left&#8221; background_repeat=&#8221;repeat&#8221;][et_pb_column type=&#8221;4_4&#8243; _builder_version=&#8221;3.25&#8243; custom_padding=&#8221;|||&#8221; custom_padding__hover=&#8221;|||&#8221;][et_pb_text _builder_version=&#8221;4.7.7&#8243; _module_preset=&#8221;default&#8221;] &nbsp; &nbsp; [\/et_pb_text][\/et_pb_column][\/et_pb_row][et_pb_row column_structure=&#8221;1_3,2_3&#8243; _builder_version=&#8221;3.25&#8243; background_size=&#8221;initial&#8221; background_position=&#8221;top_left&#8221; background_repeat=&#8221;repeat&#8221;][et_pb_column type=&#8221;1_3&#8243; _builder_version=&#8221;3.25&#8243; custom_padding=&#8221;|||&#8221; custom_padding__hover=&#8221;|||&#8221;][et_pb_image src=&#8221;https:\/\/gsfsergi.ebyu.edu.tr\/wp-content\/uploads\/2020\/05\/30973077178-dscf2685-600&#215;496-1.jpg&#8221; title_text=&#8221;30973077178-dscf2685-600&#215;496&#8243; show_in_lightbox=&#8221;on&#8221; use_overlay=&#8221;on&#8221; overlay_icon_color=&#8221;#ffffff&#8221; hover_overlay_color=&#8221;rgba(128,0,128,0.19)&#8221; hover_icon=&#8221;%%51%%&#8221; _builder_version=&#8221;4.9.0&#8243; _module_preset=&#8221;default&#8221;][\/et_pb_image][\/et_pb_column][et_pb_column type=&#8221;2_3&#8243; _builder_version=&#8221;3.25&#8243; custom_padding=&#8221;|||&#8221; custom_padding__hover=&#8221;|||&#8221;][et_pb_text _builder_version=&#8221;4.9.0&#8243; _module_preset=&#8221;default&#8221; background_color=&#8221;rgba(255,255,255,0.48)&#8221; background_size=&#8221;initial&#8221; background_position=&#8221;top_left&#8221; background_repeat=&#8221;repeat&#8221;] &nbsp; Prof. Dr. Ak\u0131n Levent [\/et_pb_text][et_pb_text _builder_version=&#8221;4.9.0&#8243; _module_preset=&#8221;default&#8221;] Erzincan Binali [&hellip;]<\/p>\n","protected":false},"author":9,"featured_media":0,"parent":0,"menu_order":0,"comment_status":"closed","ping_status":"closed","template":"","meta":{"_et_pb_use_builder":"on","_et_pb_old_content":"","_et_gb_content_width":"","spay_email":""},"jetpack_sharing_enabled":true,"jetpack_likes_enabled":true,"_links":{"self":[{"href":"https:\/\/gsfsergi.ebyu.edu.tr\/index.php?rest_route=\/wp\/v2\/pages\/5134"}],"collection":[{"href":"https:\/\/gsfsergi.ebyu.edu.tr\/index.php?rest_route=\/wp\/v2\/pages"}],"about":[{"href":"https:\/\/gsfsergi.ebyu.edu.tr\/index.php?rest_route=\/wp\/v2\/types\/page"}],"author":[{"embeddable":true,"href":"https:\/\/gsfsergi.ebyu.edu.tr\/index.php?rest_route=\/wp\/v2\/users\/9"}],"replies":[{"embeddable":true,"href":"https:\/\/gsfsergi.ebyu.edu.tr\/index.php?rest_route=%2Fwp%2Fv2%2Fcomments&post=5134"}],"version-history":[{"count":9,"href":"https:\/\/gsfsergi.ebyu.edu.tr\/index.php?rest_route=\/wp\/v2\/pages\/5134\/revisions"}],"predecessor-version":[{"id":5382,"href":"https:\/\/gsfsergi.ebyu.edu.tr\/index.php?rest_route=\/wp\/v2\/pages\/5134\/revisions\/5382"}],"wp:attachment":[{"href":"https:\/\/gsfsergi.ebyu.edu.tr\/index.php?rest_route=%2Fwp%2Fv2%2Fmedia&parent=5134"}],"curies":[{"name":"wp","href":"https:\/\/api.w.org\/{rel}","templated":true}]}}