{"id":4874,"date":"2021-03-09T12:10:15","date_gmt":"2021-03-09T09:10:15","guid":{"rendered":"https:\/\/gsfsergi.ebyu.edu.tr\/?page_id=4874"},"modified":"2021-03-17T21:57:26","modified_gmt":"2021-03-17T18:57:26","slug":"fikret-hasimov-kadin-sergisi","status":"publish","type":"page","link":"https:\/\/gsfsergi.ebyu.edu.tr\/?page_id=4874","title":{"rendered":"Fikret Ha\u015fimov &#8211; Kad\u0131n Sergisi"},"content":{"rendered":"<p>[et_pb_section fb_built=&#8221;1&#8243; _builder_version=&#8221;4.7.7&#8243; background_enable_image=&#8221;off&#8221;][et_pb_row _builder_version=&#8221;3.25&#8243; background_size=&#8221;initial&#8221; background_position=&#8221;top_left&#8221; background_repeat=&#8221;repeat&#8221;][et_pb_column type=&#8221;4_4&#8243; _builder_version=&#8221;3.25&#8243; custom_padding=&#8221;|||&#8221; custom_padding__hover=&#8221;|||&#8221;][et_pb_text _builder_version=&#8221;4.7.7&#8243; _module_preset=&#8221;default&#8221;]<\/p>\n<p>&nbsp;<\/p>\n<p>&nbsp;<\/p>\n<p>[\/et_pb_text][\/et_pb_column][\/et_pb_row][et_pb_row column_structure=&#8221;1_3,2_3&#8243; _builder_version=&#8221;3.25&#8243; background_size=&#8221;initial&#8221; background_position=&#8221;top_left&#8221; background_repeat=&#8221;repeat&#8221;][et_pb_column type=&#8221;1_3&#8243; _builder_version=&#8221;3.25&#8243; custom_padding=&#8221;|||&#8221; custom_padding__hover=&#8221;|||&#8221;][et_pb_text _builder_version=&#8221;4.9.0&#8243; _module_preset=&#8221;default&#8221;]<\/p>\n<p>&nbsp;<\/p>\n<p>&nbsp;<\/p>\n<p style=\"text-align: right;\"><span style=\"font-family: 'times new roman', times, serif; font-size: 36pt; color: #800080;\"><em>Fikret Ha\u015fimov<\/em><\/span><\/p>\n<p>[\/et_pb_text][et_pb_text _builder_version=&#8221;4.9.0&#8243; _module_preset=&#8221;default&#8221;]<\/p>\n<p>&nbsp;<\/p>\n<p>&nbsp;<\/p>\n<p>&nbsp;<\/p>\n<p>&nbsp;<\/p>\n<p>&nbsp;<\/p>\n<p style=\"text-align: right;\"><strong><em><span style=\"color: #800080; font-family: 'times new roman', times, serif;\">\u201c\u0130simsiz\u201d<\/span><\/em><\/strong><br \/><strong><em><span style=\"color: #800080; font-family: 'times new roman', times, serif;\"> 27\u00d718 cm<\/span><\/em><\/strong><br \/><strong><em><span style=\"color: #800080; font-family: 'times new roman', times, serif;\"> Ka\u011f\u0131t \u00dczerine \u00c7ini M\u00fcrekkebi<\/span><\/em><\/strong><br \/><strong><em><span style=\"color: #800080; font-family: 'times new roman', times, serif;\"> 2005<\/span><\/em><\/strong><\/p>\n<p>[\/et_pb_text][\/et_pb_column][et_pb_column type=&#8221;2_3&#8243; _builder_version=&#8221;3.25&#8243; custom_padding=&#8221;|||&#8221; custom_padding__hover=&#8221;|||&#8221;][et_pb_image src=&#8221;https:\/\/gsfsergi.ebyu.edu.tr\/wp-content\/uploads\/2021\/03\/Fikret-Hasimov.jpg&#8221; title_text=&#8221;Fikret Ha\u015fimov&#8221; show_in_lightbox=&#8221;on&#8221; use_overlay=&#8221;on&#8221; overlay_icon_color=&#8221;#ffffff&#8221; hover_overlay_color=&#8221;rgba(128,0,128,0.19)&#8221; hover_icon=&#8221;%%51%%&#8221; _builder_version=&#8221;4.9.0&#8243; _module_preset=&#8221;default&#8221;][\/et_pb_image][et_pb_text _builder_version=&#8221;4.9.0&#8243; background_color=&#8221;rgba(255,255,255,0.64)&#8221; background_size=&#8221;initial&#8221; background_position=&#8221;top_left&#8221; background_repeat=&#8221;repeat&#8221;]<\/p>\n<p style=\"text-align: center;\"><span style=\"color: #800080;\"><span style=\"font-size: 36pt;\"><strong><a href=\"https:\/\/gsfsergi.ebyu.edu.tr\/?page_id=4636\">\u2039<\/a>\u00a0 \u00a0 <\/strong><\/span><span style=\"font-size: 14pt;\">I<span style=\"font-size: 36pt;\">\u00a0 \u00a0 <\/span><\/span><a style=\"color: #800080;\" href=\"https:\/\/gsfsergi.ebyu.edu.tr\/?page_id=4542\"><strong><span style=\"font-size: 36pt;\">\u203a<\/span><\/strong><\/a><\/span><\/p>\n<p>[\/et_pb_text][et_pb_text _builder_version=&#8221;4.9.0&#8243; background_color=&#8221;rgba(255,255,255,0.64)&#8221; background_size=&#8221;initial&#8221; background_position=&#8221;top_left&#8221; background_repeat=&#8221;repeat&#8221;]<\/p>\n<p style=\"text-align: center;\"><a href=\"https:\/\/gsfsergi.ebyu.edu.tr\/?page_id=607\"><em><span style=\"font-size: 11pt; font-family: 'times new roman', times, serif;\"><span style=\"color: #800080;\">Sergi Anasayfa<\/span><\/span><\/em><\/a><\/p>\n<p>[\/et_pb_text][\/et_pb_column][\/et_pb_row][et_pb_row _builder_version=&#8221;4.7.7&#8243; _module_preset=&#8221;default&#8221;][et_pb_column type=&#8221;4_4&#8243; _builder_version=&#8221;4.7.7&#8243; _module_preset=&#8221;default&#8221;][et_pb_text _builder_version=&#8221;4.7.7&#8243; _module_preset=&#8221;default&#8221;]<\/p>\n<p>&nbsp;<\/p>\n<p>&nbsp;<\/p>\n<p>[\/et_pb_text][\/et_pb_column][\/et_pb_row][et_pb_row column_structure=&#8221;1_3,2_3&#8243; _builder_version=&#8221;4.7.7&#8243; _module_preset=&#8221;default&#8221;][et_pb_column type=&#8221;1_3&#8243; _builder_version=&#8221;4.7.7&#8243; _module_preset=&#8221;default&#8221;][et_pb_text _builder_version=&#8221;4.9.0&#8243; _module_preset=&#8221;default&#8221;]<\/p>\n<p><img class=\"aligncenter\" src=\"https:\/\/gsfsergi.ebyu.edu.tr\/wp-content\/uploads\/2020\/06\/Fikret_Hasimov.jpg\" \/><\/p>\n<p>[\/et_pb_text][\/et_pb_column][et_pb_column type=&#8221;2_3&#8243; _builder_version=&#8221;4.7.7&#8243; _module_preset=&#8221;default&#8221;][et_pb_accordion open_toggle_text_color=&#8221;#800080&#8243; closed_toggle_text_color=&#8221;#800080&#8243; _builder_version=&#8221;4.9.0&#8243; _module_preset=&#8221;default&#8221; toggle_text_color=&#8221;#800080&#8243; toggle_font=&#8221;Times New Roman||on||||||&#8221; closed_toggle_font=&#8221;Times New Roman||on||||||&#8221; body_font=&#8221;Times New Roman||on||||||&#8221; body_text_color=&#8221;#800080&#8243;][et_pb_accordion_item title=&#8221;Fikret Ha\u015fimov&#8221; open=&#8221;on&#8221; _builder_version=&#8221;4.9.0&#8243; _module_preset=&#8221;default&#8221;][\/et_pb_accordion_item][et_pb_accordion_item title=&#8221;\u00d6zge\u00e7mi\u015f&#8221; _builder_version=&#8221;4.9.0&#8243; _module_preset=&#8221;default&#8221; toggle_font=&#8221;Times New Roman||on||||||&#8221; open=&#8221;off&#8221;]<\/p>\n<p style=\"padding-left: 40px;\"><em><span style=\"font-family: 'times new roman', times, serif;\">Prof. Dr. Fikret Ha\u015fimov, \u00a0\u015eahbuz Kasabas\u0131 &#8211; Nahcivan Azerbaycan&#8217;da do\u011fdu. Azim Azimzade G\u00fczel Sanatlar Kollejinden mezun oldu. ST. Perestsburg G\u00fczel Sanatlar Akademisinden mezun oldu. $.S.C.B. Sanat\u00e7\u0131 Derne\u011fi \u00dcyesi.<br \/>Azerbaycan Devlet G\u00fczel Sanatlar \u00dcniversitesi Resim B\u00f6l\u00fcm Ba\u015fkanl\u0131\u011f\u0131 g\u00f6revinde bulundu.<br \/>Atat\u00fcrk \u00dcniversitesi G\u00fczel sanatlar Fak\u00fcltesi Resim B\u00f6l\u00fcm\u00fcnde 1998-2020 y\u0131llar\u0131nda \u00d6\u011fretim \u00dcyesli\u011fi yapm\u0131\u015ft\u0131r.<\/span><\/em><\/p>\n<p style=\"padding-left: 40px;\"><span style=\"font-family: 'times new roman', times, serif;\"><em>1974, Lisans, S.T. Petersburg G\u00fczel Sanatlar Akademisi;<\/em><\/span><br \/><span style=\"font-family: 'times new roman', times, serif;\"><em>1976, Y. Lisans, S.T. Petersburg G\u00fczel Sanatlar Akademisi;<\/em><\/span><br \/><span style=\"font-family: 'times new roman', times, serif;\"><em>1980, Doktora, Bak\u00fc G\u00fczel Sanatlar \u00dcniversitesi;<\/em><\/span><br \/><span style=\"font-family: 'times new roman', times, serif;\"><em>Palet Dostlu\u011fu Sergisi, Prag-Bak\u00fc, UH. Hradi\u015fte, \u00c7ekoslovakya, 1982;<\/em><\/span><br \/><span style=\"font-family: 'times new roman', times, serif;\"><em>Grup Sergisi, Bak\u00fc, Azerbaycan, 1983;<\/em><\/span><br \/><span style=\"font-family: 'times new roman', times, serif;\"><em>Grup Sergisi, Moskova, Rusya, 1985;<\/em><\/span><br \/><span style=\"font-family: 'times new roman', times, serif;\"><em>Grup Sergisi, Prag, \u00c7ek Cumhuriyeti, 1986<\/em><\/span><br \/><span style=\"font-family: 'times new roman', times, serif;\"><em>Santa Monica Sanat Galerisi, California, Los Angeles, Amerika Birle\u015fik Devletleri,1987;<\/em><\/span><br \/><span style=\"font-family: 'times new roman', times, serif;\"><em>Kafkasya Ressamlar Bienali, Tiflis, G\u00fcrcistan, 1987;<\/em><\/span><br \/><span style=\"font-family: 'times new roman', times, serif;\"><em>Grup Sergisi, Nitsa, Nant, Fransa, Berlin, Almanya, Dubai, Birle\u015fik Arap Emirlikleri,1987;<\/em><\/span><br \/><span style=\"font-family: 'times new roman', times, serif;\"><em>Uluslar aras\u0131 6. T\u00fcrk D\u00fcnyas\u0131 Resim Sergisi, Ankara, T\u00fcrkiye, 2003;<\/em><\/span><br \/><span style=\"font-family: 'times new roman', times, serif;\"><em>T\u00fcrk D\u00fcnyas\u0131 Karma Resim Sergisi, Ankara, T\u00fcrkiye, 2005;<\/em><\/span><br \/><span style=\"font-family: 'times new roman', times, serif;\"><em>Uluslar aras\u0131 10. T\u00fcrk D\u00fcnyas\u0131 Resim Sergisi, Ceyhan, T\u00fcrkiye, 2008;<\/em><\/span><br \/><span style=\"font-family: 'times new roman', times, serif;\"><em>T\u00fcrkiye\u2019de Ya\u015fayan Azerbaycanl\u0131 Ressamlar\u0131n G\u00f6z\u00fcyle \u201cYaral\u0131 Karaba\u011f\u201d, \u0130stanbul, T\u00fcrkiye, 2008;<\/em><\/span><br \/><span style=\"font-family: 'times new roman', times, serif;\"><em>Uluslararas\u0131 Bask\u0131 Resim Sergisi, Erzincan, T\u00fcrkiye, 2009;<\/em><\/span><br \/><span style=\"font-family: 'times new roman', times, serif;\"><em>Azerbaycan \u00c7a\u011fda\u015f Sanatlar M\u00fczesi Daimi Koleksiyon, Bak\u00fc, Azerbaycan, 2009;<\/em><\/span><br \/><span style=\"font-family: 'times new roman', times, serif;\"><em>Mu\u011fla \u00dcniversitesi G\u00fczel Sanatlar ve Tasar\u0131m Fak\u00fclteleri \u00d6\u011fretim Elemanlar\u0131 Sergisi, Mu\u011fla, T\u00fcrkiye, 2009;<\/em><\/span><br \/><span style=\"font-family: 'times new roman', times, serif;\"><em>\u201c2011\u2019e Do\u011fru Uluslar aras\u0131 Sanat Bulu\u015fmas\u0131\u201d Sergisi, Erzurum, T\u00fcrkiye, 2009;<\/em><\/span><br \/><span style=\"font-family: 'times new roman', times, serif;\"><em>B\u00fcy\u00fck Bulu\u015fma 22 Ocak-22 \u015eubat I\u015f\u0131k \u00dcniversitesi G\u00fczel Sanatlar Fak\u00fcltesi Galeri, I\u015f\u0131k, \u0130stanbul, 2010;<\/em><\/span><br \/><span style=\"font-family: 'times new roman', times, serif;\"><em>&#8211;\u00a0 Ressam\u0131n eserleri T\u00fcrkiye, Fransa, Rusya, Amerika Birle\u015fik Devletleri, Almanya, Hollanda, \u00c7ekoslovakya \u00fclkelerinin koleksiyonlar\u0131nda bulunmaktad\u0131r.<\/em><\/span><br \/><span style=\"font-family: 'times new roman', times, serif;\"><em>&#8211; Azerbaycan Cumhurba\u015fkan\u0131 Haydar Aliyev\u2019in ferman\u0131 ile Ressam Fikret Ha\u015fimov\u2019a \u201cEmektar Ressam\u201d unvan\u0131 verilmi\u015ftir, 30 May\u0131s 2002.<\/em><\/span><\/p>\n<p style=\"padding-left: 80px;\">[\/et_pb_accordion_item][\/et_pb_accordion][\/et_pb_column][\/et_pb_row][et_pb_row _builder_version=&#8221;4.7.7&#8243; _module_preset=&#8221;default&#8221;][et_pb_column type=&#8221;4_4&#8243; _builder_version=&#8221;4.7.7&#8243; _module_preset=&#8221;default&#8221;][et_pb_text _builder_version=&#8221;4.9.0&#8243; _module_preset=&#8221;default&#8221;]<\/p>\n<p>&nbsp;<\/p>\n<p>&nbsp;<\/p>\n<p>[\/et_pb_text][\/et_pb_column][\/et_pb_row][\/et_pb_section]<\/p>\n","protected":false},"excerpt":{"rendered":"<p>[et_pb_section fb_built=&#8221;1&#8243; _builder_version=&#8221;4.7.7&#8243; background_enable_image=&#8221;off&#8221;][et_pb_row _builder_version=&#8221;3.25&#8243; background_size=&#8221;initial&#8221; background_position=&#8221;top_left&#8221; background_repeat=&#8221;repeat&#8221;][et_pb_column type=&#8221;4_4&#8243; _builder_version=&#8221;3.25&#8243; custom_padding=&#8221;|||&#8221; custom_padding__hover=&#8221;|||&#8221;][et_pb_text _builder_version=&#8221;4.7.7&#8243; _module_preset=&#8221;default&#8221;] &nbsp; &nbsp; [\/et_pb_text][\/et_pb_column][\/et_pb_row][et_pb_row column_structure=&#8221;1_3,2_3&#8243; _builder_version=&#8221;3.25&#8243; background_size=&#8221;initial&#8221; background_position=&#8221;top_left&#8221; background_repeat=&#8221;repeat&#8221;][et_pb_column type=&#8221;1_3&#8243; _builder_version=&#8221;3.25&#8243; custom_padding=&#8221;|||&#8221; custom_padding__hover=&#8221;|||&#8221;][et_pb_text _builder_version=&#8221;4.9.0&#8243; _module_preset=&#8221;default&#8221;] &nbsp; &nbsp; Fikret Ha\u015fimov [\/et_pb_text][et_pb_text _builder_version=&#8221;4.9.0&#8243; _module_preset=&#8221;default&#8221;] &nbsp; &nbsp; &nbsp; &nbsp; &nbsp; \u201c\u0130simsiz\u201d 27\u00d718 cm Ka\u011f\u0131t \u00dczerine \u00c7ini M\u00fcrekkebi 2005 [\/et_pb_text][\/et_pb_column][et_pb_column type=&#8221;2_3&#8243; _builder_version=&#8221;3.25&#8243; custom_padding=&#8221;|||&#8221; custom_padding__hover=&#8221;|||&#8221;][et_pb_image src=&#8221;https:\/\/gsfsergi.ebyu.edu.tr\/wp-content\/uploads\/2021\/03\/Fikret-Hasimov.jpg&#8221; title_text=&#8221;Fikret [&hellip;]<\/p>\n","protected":false},"author":9,"featured_media":0,"parent":0,"menu_order":0,"comment_status":"closed","ping_status":"closed","template":"","meta":{"_et_pb_use_builder":"on","_et_pb_old_content":"","_et_gb_content_width":"","spay_email":""},"jetpack_sharing_enabled":true,"jetpack_likes_enabled":true,"_links":{"self":[{"href":"https:\/\/gsfsergi.ebyu.edu.tr\/index.php?rest_route=\/wp\/v2\/pages\/4874"}],"collection":[{"href":"https:\/\/gsfsergi.ebyu.edu.tr\/index.php?rest_route=\/wp\/v2\/pages"}],"about":[{"href":"https:\/\/gsfsergi.ebyu.edu.tr\/index.php?rest_route=\/wp\/v2\/types\/page"}],"author":[{"embeddable":true,"href":"https:\/\/gsfsergi.ebyu.edu.tr\/index.php?rest_route=\/wp\/v2\/users\/9"}],"replies":[{"embeddable":true,"href":"https:\/\/gsfsergi.ebyu.edu.tr\/index.php?rest_route=%2Fwp%2Fv2%2Fcomments&post=4874"}],"version-history":[{"count":9,"href":"https:\/\/gsfsergi.ebyu.edu.tr\/index.php?rest_route=\/wp\/v2\/pages\/4874\/revisions"}],"predecessor-version":[{"id":5522,"href":"https:\/\/gsfsergi.ebyu.edu.tr\/index.php?rest_route=\/wp\/v2\/pages\/4874\/revisions\/5522"}],"wp:attachment":[{"href":"https:\/\/gsfsergi.ebyu.edu.tr\/index.php?rest_route=%2Fwp%2Fv2%2Fmedia&parent=4874"}],"curies":[{"name":"wp","href":"https:\/\/api.w.org\/{rel}","templated":true}]}}