{"id":4644,"date":"2021-03-08T11:15:15","date_gmt":"2021-03-08T08:15:15","guid":{"rendered":"https:\/\/gsfsergi.ebyu.edu.tr\/?page_id=4644"},"modified":"2021-03-17T22:00:41","modified_gmt":"2021-03-17T19:00:41","slug":"mehmet-kavukcu-kadin-sergisi","status":"publish","type":"page","link":"https:\/\/gsfsergi.ebyu.edu.tr\/?page_id=4644","title":{"rendered":"Mehmet Kavukcu &#8211; Kad\u0131n Sergisi"},"content":{"rendered":"<p>[et_pb_section fb_built=&#8221;1&#8243; _builder_version=&#8221;4.7.7&#8243; background_enable_image=&#8221;off&#8221;][et_pb_row _builder_version=&#8221;3.25&#8243; background_size=&#8221;initial&#8221; background_position=&#8221;top_left&#8221; background_repeat=&#8221;repeat&#8221;][et_pb_column type=&#8221;4_4&#8243; _builder_version=&#8221;3.25&#8243; custom_padding=&#8221;|||&#8221; custom_padding__hover=&#8221;|||&#8221;][et_pb_text _builder_version=&#8221;4.7.7&#8243; _module_preset=&#8221;default&#8221;]<\/p>\n<p>&nbsp;<\/p>\n<p>&nbsp;<\/p>\n<p>[\/et_pb_text][\/et_pb_column][\/et_pb_row][et_pb_row column_structure=&#8221;1_3,2_3&#8243; _builder_version=&#8221;3.25&#8243; background_size=&#8221;initial&#8221; background_position=&#8221;top_left&#8221; background_repeat=&#8221;repeat&#8221;][et_pb_column type=&#8221;1_3&#8243; _builder_version=&#8221;3.25&#8243; custom_padding=&#8221;|||&#8221; custom_padding__hover=&#8221;|||&#8221;][et_pb_text _builder_version=&#8221;4.9.0&#8243; _module_preset=&#8221;default&#8221;]<\/p>\n<p>&nbsp;<\/p>\n<p>&nbsp;<\/p>\n<p style=\"text-align: right;\"><span style=\"font-family: 'times new roman', times, serif; font-size: 36pt; color: #800080;\"><em>Mehmet Kavukcu<\/em><\/span><\/p>\n<p>[\/et_pb_text][et_pb_text _builder_version=&#8221;4.9.0&#8243; _module_preset=&#8221;default&#8221;]<\/p>\n<p>&nbsp;<\/p>\n<p>&nbsp;<\/p>\n<p>&nbsp;<\/p>\n<p>&nbsp;<\/p>\n<p style=\"text-align: right;\"><strong><em><span style=\"color: #800080; font-family: 'times new roman', times, serif;\">\u201c\u015eiddeti D\u00fc\u015f\u00fcnmek VIII: Kad\u0131n\u201d<\/span><\/em><\/strong><br \/><strong><em><span style=\"color: #800080; font-family: 'times new roman', times, serif;\"> 4\u00d74\u00d714 m<\/span><\/em><\/strong><br \/><strong><em><span style=\"color: #800080; font-family: 'times new roman', times, serif;\">Buz Enstalasyon-Performans<\/span><\/em><\/strong><br \/><strong><em><span style=\"color: #800080; font-family: 'times new roman', times, serif;\"> 2021<\/span><\/em><\/strong><br \/><strong><em><span style=\"color: #800080; font-family: 'times new roman', times, serif;\">Erzincan<\/span><\/em><\/strong><\/p>\n<p>[\/et_pb_text][\/et_pb_column][et_pb_column type=&#8221;2_3&#8243; _builder_version=&#8221;3.25&#8243; custom_padding=&#8221;|||&#8221; custom_padding__hover=&#8221;|||&#8221;][et_pb_text _builder_version=&#8221;4.9.0&#8243; _module_preset=&#8221;default&#8221;]<\/p>\n<p style=\"text-align: center;\"><iframe src=\"\/\/www.youtube.com\/embed\/covoC58UJ1o\" width=\"560\" height=\"314\" allowfullscreen=\"allowfullscreen\"><\/iframe><\/p>\n<p>[\/et_pb_text][et_pb_text _builder_version=&#8221;4.9.0&#8243; background_color=&#8221;rgba(255,255,255,0.64)&#8221; background_size=&#8221;initial&#8221; background_position=&#8221;top_left&#8221; background_repeat=&#8221;repeat&#8221;]<\/p>\n<p style=\"text-align: center;\"><span style=\"color: #800080;\"><span style=\"font-size: 36pt;\"><strong><a href=\"https:\/\/gsfsergi.ebyu.edu.tr\/?page_id=4567\">\u2039<\/a>\u00a0 \u00a0 <\/strong><\/span><span style=\"font-size: 14pt;\">I<span style=\"font-size: 36pt;\">\u00a0 \u00a0 <\/span><\/span><a href=\"https:\/\/gsfsergi.ebyu.edu.tr\/?page_id=4571\"><strong><span style=\"font-size: 36pt;\">\u203a<\/span><\/strong><\/a><\/span><\/p>\n<p>[\/et_pb_text][et_pb_text _builder_version=&#8221;4.7.7&#8243; background_color=&#8221;rgba(255,255,255,0.64)&#8221; background_size=&#8221;initial&#8221; background_position=&#8221;top_left&#8221; background_repeat=&#8221;repeat&#8221;]<\/p>\n<p style=\"text-align: center;\"><a href=\"https:\/\/gsfsergi.ebyu.edu.tr\/?page_id=607\"><em><span style=\"font-size: 11pt; font-family: 'times new roman', times, serif;\"><span style=\"color: #800080;\">Sergi Anasayfa<\/span><\/span><\/em><\/a><\/p>\n<p>[\/et_pb_text][et_pb_text _builder_version=&#8221;4.9.0&#8243; _module_preset=&#8221;default&#8221;]<\/p>\n<p>&nbsp;<\/p>\n<p>&nbsp;<\/p>\n<p>[\/et_pb_text][\/et_pb_column][\/et_pb_row][et_pb_row column_structure=&#8221;1_5,1_5,1_5,1_5,1_5&#8243; _builder_version=&#8221;4.9.0&#8243; _module_preset=&#8221;default&#8221;][et_pb_column type=&#8221;1_5&#8243; _builder_version=&#8221;4.9.0&#8243; _module_preset=&#8221;default&#8221;][et_pb_image src=&#8221;https:\/\/gsfsergi.ebyu.edu.tr\/wp-content\/uploads\/2021\/03\/Mehmet-Kavukvcu-1-scaled.jpg&#8221; title_text=&#8221;Mehmet Kavukvcu 1&#8243; show_in_lightbox=&#8221;on&#8221; use_overlay=&#8221;on&#8221; overlay_icon_color=&#8221;#ffffff&#8221; hover_overlay_color=&#8221;rgba(128,0,128,0.19)&#8221; hover_icon=&#8221;%%51%%&#8221; _builder_version=&#8221;4.9.0&#8243; _module_preset=&#8221;default&#8221;][\/et_pb_image][\/et_pb_column][et_pb_column type=&#8221;1_5&#8243; _builder_version=&#8221;4.9.0&#8243; _module_preset=&#8221;default&#8221;][et_pb_image src=&#8221;https:\/\/gsfsergi.ebyu.edu.tr\/wp-content\/uploads\/2021\/03\/Mehmet-Kavukcu-5-scaled.jpg&#8221; title_text=&#8221;Mehmet Kavukcu 5&#8243; show_in_lightbox=&#8221;on&#8221; use_overlay=&#8221;on&#8221; overlay_icon_color=&#8221;#ffffff&#8221; hover_overlay_color=&#8221;rgba(128,0,128,0.19)&#8221; hover_icon=&#8221;%%51%%&#8221; _builder_version=&#8221;4.9.0&#8243; _module_preset=&#8221;default&#8221;][\/et_pb_image][\/et_pb_column][et_pb_column type=&#8221;1_5&#8243; _builder_version=&#8221;4.9.0&#8243; _module_preset=&#8221;default&#8221;][et_pb_image src=&#8221;https:\/\/gsfsergi.ebyu.edu.tr\/wp-content\/uploads\/2021\/03\/Mehmet-Kavukcu-6.jpg&#8221; title_text=&#8221;Mehmet Kavukcu 6&#8243; show_in_lightbox=&#8221;on&#8221; use_overlay=&#8221;on&#8221; overlay_icon_color=&#8221;#ffffff&#8221; hover_overlay_color=&#8221;rgba(128,0,128,0.19)&#8221; hover_icon=&#8221;%%51%%&#8221; _builder_version=&#8221;4.9.0&#8243; _module_preset=&#8221;default&#8221;][\/et_pb_image][\/et_pb_column][et_pb_column type=&#8221;1_5&#8243; _builder_version=&#8221;4.9.0&#8243; _module_preset=&#8221;default&#8221;][et_pb_image src=&#8221;https:\/\/gsfsergi.ebyu.edu.tr\/wp-content\/uploads\/2021\/03\/Mehmet-Kavukcu-4-scaled.jpg&#8221; title_text=&#8221;Mehmet Kavukcu 4&#8243; show_in_lightbox=&#8221;on&#8221; use_overlay=&#8221;on&#8221; overlay_icon_color=&#8221;#ffffff&#8221; hover_overlay_color=&#8221;rgba(128,0,128,0.19)&#8221; hover_icon=&#8221;%%51%%&#8221; _builder_version=&#8221;4.9.0&#8243; _module_preset=&#8221;default&#8221;][\/et_pb_image][\/et_pb_column][et_pb_column type=&#8221;1_5&#8243; _builder_version=&#8221;4.9.0&#8243; _module_preset=&#8221;default&#8221;][et_pb_image src=&#8221;https:\/\/gsfsergi.ebyu.edu.tr\/wp-content\/uploads\/2021\/03\/Mehmet-Kavukcu-3-scaled.jpg&#8221; title_text=&#8221;Mehmet Kavukcu 3&#8243; show_in_lightbox=&#8221;on&#8221; use_overlay=&#8221;on&#8221; overlay_icon_color=&#8221;#ffffff&#8221; hover_overlay_color=&#8221;rgba(128,0,128,0.19)&#8221; hover_icon=&#8221;%%51%%&#8221; _builder_version=&#8221;4.9.0&#8243; _module_preset=&#8221;default&#8221;][\/et_pb_image][\/et_pb_column][\/et_pb_row][et_pb_row _builder_version=&#8221;3.25&#8243; background_size=&#8221;initial&#8221; background_position=&#8221;top_left&#8221; background_repeat=&#8221;repeat&#8221;][et_pb_column type=&#8221;4_4&#8243; _builder_version=&#8221;3.25&#8243; custom_padding=&#8221;|||&#8221; custom_padding__hover=&#8221;|||&#8221;][et_pb_text _builder_version=&#8221;4.9.0&#8243; _module_preset=&#8221;default&#8221;]<\/p>\n<p>&nbsp;<\/p>\n<p style=\"padding-left: 40px;\"><span style=\"color: #800080; font-size: 24pt; font-family: 'times new roman', times, serif;\">M<\/span><\/p>\n<p>[\/et_pb_text][et_pb_text _builder_version=&#8221;4.9.0&#8243; background_color=&#8221;rgba(255,255,255,0.48)&#8221; background_size=&#8221;initial&#8221; background_position=&#8221;top_left&#8221; background_repeat=&#8221;repeat&#8221;]<\/p>\n<p>&nbsp;<\/p>\n<p style=\"text-align: left; padding-left: 40px; padding-right: 40px;\"><span style=\"font-family: 'times new roman', times, serif; font-size: 12pt; color: #800080;\">T<\/span><em><span style=\"font-family: 'times new roman', times, serif; font-size: 12pt; color: #800080;\">.<\/span><\/em><\/p>\n<p style=\"padding-right: 40px; text-align: right;\"><em><span style=\"font-family: 'times new roman', times, serif; font-size: 12pt; color: #800080;\">Mehmet KAVUKCU<\/span><\/em><\/p>\n<p style=\"text-align: left; padding-left: 40px;\">[\/et_pb_text][\/et_pb_column][\/et_pb_row][et_pb_row _builder_version=&#8221;4.7.7&#8243; _module_preset=&#8221;default&#8221;][et_pb_column type=&#8221;4_4&#8243; _builder_version=&#8221;4.7.7&#8243; _module_preset=&#8221;default&#8221;][et_pb_text _builder_version=&#8221;4.7.7&#8243; _module_preset=&#8221;default&#8221;]<\/p>\n<p>&nbsp;<\/p>\n<p>&nbsp;<\/p>\n<p>[\/et_pb_text][\/et_pb_column][\/et_pb_row][et_pb_row column_structure=&#8221;1_3,2_3&#8243; _builder_version=&#8221;4.7.7&#8243; _module_preset=&#8221;default&#8221;][et_pb_column type=&#8221;1_3&#8243; _builder_version=&#8221;4.7.7&#8243; _module_preset=&#8221;default&#8221;][et_pb_text _builder_version=&#8221;4.9.0&#8243; _module_preset=&#8221;default&#8221;]<\/p>\n<p><img class=\"aligncenter\" src=\"https:\/\/gsfsergi.ebyu.edu.tr\/wp-content\/uploads\/2020\/05\/thumbnail_AYT_4332-copy.jpg\" \/><\/p>\n<p>[\/et_pb_text][\/et_pb_column][et_pb_column type=&#8221;2_3&#8243; _builder_version=&#8221;4.7.7&#8243; _module_preset=&#8221;default&#8221;][et_pb_accordion open_toggle_text_color=&#8221;#800080&#8243; closed_toggle_text_color=&#8221;#800080&#8243; _builder_version=&#8221;4.9.0&#8243; _module_preset=&#8221;default&#8221; toggle_text_color=&#8221;#800080&#8243; toggle_font=&#8221;Times New Roman||on||||||&#8221; closed_toggle_font=&#8221;Times New Roman||on||||||&#8221; body_font=&#8221;Times New Roman||on||||||&#8221; body_text_color=&#8221;#800080&#8243;][et_pb_accordion_item title=&#8221;Mehmet Kavukcu&#8221; open=&#8221;on&#8221; _builder_version=&#8221;4.9.0&#8243; _module_preset=&#8221;default&#8221;][\/et_pb_accordion_item][et_pb_accordion_item title=&#8221;\u00d6zge\u00e7mi\u015f&#8221; _builder_version=&#8221;4.9.0&#8243; _module_preset=&#8221;default&#8221; toggle_font=&#8221;Times New Roman||on||||||&#8221; open=&#8221;off&#8221;]<\/p>\n<p style=\"text-align: left; padding-left: 40px;\"><em><span style=\"font-family: 'times new roman', times, serif;\">Mehmet Kavukcu,1962\u2019de Erzincan\u2019da do\u011fdu. Mimar Sinan \u00dcniversitesi G\u00fczel Sanatlar Fak\u00fcltesinde 1988-1992 y\u0131llar\u0131 aras\u0131nda, Prof. Adnan \u00c7oker At\u00f6lyesinde, \u00d6\u011fr. G\u00f6r. Yusuf Taktak ve \u00d6\u011fr. G\u00f6r. Mustafa Ata ile \u00e7al\u0131\u015fmalar yapt\u0131. 1992 y\u0131l\u0131nda mezuniyet s\u0131nav\u0131 birincisi olarak lisans \u00f6\u011frenimini tamamlad\u0131. Mimar Sinan \u00dcniversitesi, Sosyal Bilimler Enstit\u00fcs\u00fc, Resim Anasanat Dal\u0131nda 1994\u2019de y\u00fcksek lisans, 1996 da ise S. Yeterli\u011fini ald\u0131. Atat\u00fcrk \u00dcniversitesi, G\u00fczel Sanatlar Fak\u00fcltesi, Resim B\u00f6l\u00fcm\u00fcne 1994 y\u0131l\u0131nda ara\u015ft\u0131rma g\u00f6revlisi olarak g\u00f6reve ba\u015flayan Kavukcu 1997\u2019de Yrd. Do\u00e7ent 2008\u2019de Do\u00e7ent, 2013\u2019de Profes\u00f6r unvan\u0131n\u0131 ald\u0131. 2014-2016 y\u0131llar\u0131 aras\u0131nda Atat\u00fcrk \u00dcniversitesi, G\u00fczel Sanatlar Fak\u00fcltesi Dekan\u0131 olarak g\u00f6rev yapt\u0131. 2018 Y\u0131l\u0131nda Erzincan Binali Y\u0131ld\u0131r\u0131m \u00dcniversitesi G\u00fczel Sanatlar Fak\u00fcltesine Dekan olarak atanan Kavukcu halen Dekanl\u0131k g\u00f6revine devam etmektedir. Kavukcu\u2019nun hakk\u0131nda yaz\u0131lan \u00e7e\u015fitli makaleleri ve kendine ait iki kitab\u0131 vard\u0131r. Ulusal ve uluslararas\u0131 72 ki\u015fisel etkinlik, \u00e7ok say\u0131da grup etkinliklerde yer alm\u0131\u015f ve bu etkinliklerde, resim, alan-kurgu, performans ve video art ger\u00e7ekle\u015ftirmi\u015f, ulusal ve uluslararas\u0131 platformlarda ad\u0131ndan s\u00f6z ettirmi\u015ftir. Kavukcu, Atat\u00fcrk \u00dcniversitesi G\u00dczel Sanatlar Fak\u00fcltesinde bir m\u00fcze kurulmas\u0131 fikrini sunarak ba\u015flang\u0131c\u0131ndan a\u00e7\u0131l\u0131\u015f\u0131na kadar yer ald\u0131\u011f\u0131 Sanat M\u00fczesi, 2005 y\u0131l\u0131nda \u201cM\u00fczeye Do\u011fru \u0130lk Ad\u0131m\u201d sergisi ile ba\u015flayarak, 2014-2016 y\u0131llar\u0131 aras\u0131nda Atat\u00fcrk \u00dcniversitesi G\u00fczel Sanatlar Fak\u00fcltesi Dekanl\u0131\u011f\u0131 s\u0131ras\u0131nda \u00fcniversitenin sundu\u011fu projelerle, bug\u00fcnk\u00fc modern mekan\u0131na kavu\u015fan sanat m\u00fczesinin yap\u0131m\u0131, ba\u011f\u0131\u015f eser al\u0131m\u0131 ve a\u00e7\u0131l\u0131\u015f\u0131n\u0131n yap\u0131lmas\u0131n\u0131 sa\u011flam\u0131\u015ft\u0131r. K\u0131sa bir se\u00e7ki olarak baz\u0131 sergi, performans, video art ve alan-kurgu (enstalasyon) \u00e7al\u0131\u015fmalar\u0131ndan ;<\/span><\/em><\/p>\n<p style=\"padding-left: 40px;\"><em><span style=\"font-family: 'times new roman', times, serif;\">1998, K\u0131z\u0131lay Meydan\u0131 Alan-Kurgu, Ankara.<\/span><\/em><\/p>\n<p style=\"padding-left: 40px;\"><em><span style=\"font-family: 'times new roman', times, serif;\">2000, \u00c7ifte Minareli Medrese Alan-Kurgu, Erzurum.<\/span><\/em><\/p>\n<p style=\"padding-left: 40px;\"><em><span style=\"font-family: 'times new roman', times, serif;\">2004-2005, Yerebatan Sarn\u0131c\u0131 Alan-Kurgu, \u0130stanbul.<\/span><\/em><\/p>\n<p style=\"padding-left: 40px;\"><em><span style=\"font-family: 'times new roman', times, serif;\">2007, Atat\u00fcrk \u00dcniversitesi 55. Y\u0131l Etkinlikleri, Erzurum.<\/span><\/em><\/p>\n<p style=\"padding-left: 40px;\"><em><span style=\"font-family: 'times new roman', times, serif;\">2010, TBMM 90. Y\u0131l Etkinlikleri Alan-Kurgu, Ankara.<\/span><\/em><\/p>\n<p style=\"padding-left: 40px;\"><em><span style=\"font-family: 'times new roman', times, serif;\">2011-2013, Mevsimler ve Bi\u00e7imler I-II-II Alan-Kurgu, Erzurum. (Sanat\u00e7\u0131n\u0131n ya\u015fad\u0131\u011f\u0131 do\u011fada ger\u00e7ekle\u015ftirdi\u011fi ve buz k\u00fctlelerinden olu\u015fan toplumsal i\u00e7erikli \u00e7al\u0131\u015fma)<\/span><\/em><\/p>\n<p style=\"padding-left: 40px;\"><em><span style=\"font-family: 'times new roman', times, serif;\">2014-2017, \u015eiddeti D\u00fc\u015f\u00fcnmek I-II-III Alan-Kurgu, Performans, Erzurum. (Ter\u00f6r ve \u015fiddete tepki olarak yap\u0131lan bu \u00e7al\u0131\u015fmalar\u0131n birincisinde \u00e7al\u0131\u015fman\u0131n bir foto\u011fraf\u0131 D\u00fcnyan\u0131n en \u00e7ok g\u00f6r\u00fcnt\u00fclenen foto\u011fraflar\u0131 aras\u0131nda yer ald\u0131)<\/span><\/em><\/p>\n<p style=\"padding-left: 40px;\"><em><span style=\"font-family: 'times new roman', times, serif;\">2015, \u00c7ifte Minareler: Buz ve Ate\u015f, Alan-kurgu, Erzurum.<\/span><\/em><\/p>\n<p style=\"padding-left: 40px;\"><em><span style=\"font-family: 'times new roman', times, serif;\">2016, S\u0131n\u0131rlar\u0131n S\u0131n\u0131rs\u0131z \u00c7\u0131\u011fl\u0131\u011f\u0131 \u2013 Alan-Kurgu, Erzurum. (M\u00fclteci Sorununun ele al\u0131nd\u0131\u011f\u0131 bir \u00e7al\u0131\u015fma)<\/span><\/em><\/p>\n<p style=\"padding-left: 40px;\"><em><span style=\"font-family: 'times new roman', times, serif;\">2016, F\u0131rt\u0131na I-II-III Performans, Video Art, Erzurum. (D\u00fcnyadaki kaosa tepki)<\/span><\/em><\/p>\n<p style=\"padding-left: 40px;\"><em><span style=\"font-family: 'times new roman', times, serif;\">2017, Tabut, Performans, Video Art, Erzurum. (Ter\u00f6r ve \u015fiddete tepki)<\/span><\/em><\/p>\n<p style=\"padding-left: 40px;\"><em><span style=\"font-family: 'times new roman', times, serif;\">2017, Yatak, Performans, Video Art, Erzurum. (Ter\u00f6r ve \u015fiddete tepki)<\/span><\/em><\/p>\n<p style=\"padding-left: 40px;\"><em><span style=\"font-family: 'times new roman', times, serif;\">2018, Evrensel Devinim, Enstalasyon, Swiss B\u00fcy\u00fck Efes Otel, \u0130zmir.<\/span><\/em><\/p>\n<p style=\"padding-left: 40px;\"><em><span style=\"font-family: 'times new roman', times, serif;\">Kavukcu\u2019nun tarihsel miras\u0131 yeniden yorumlamak, T\u00fcrkiye\u2019nin \u00f6nemli yerlerinde \u00f6nemli olabilecek ta\u015f\u0131nabilir ve kal\u0131c\u0131 \u00e7al\u0131\u015fmalar yapmak ve bu \u00e7al\u0131\u015fmalar\u0131 farkl\u0131 \u00fclkelere ta\u015f\u0131y\u0131p k\u00fclt\u00fcr\u00fcm\u00fcz\u00fc tan\u0131tmak gibi ulusal ve uluslararas\u0131 \u00f6l\u00e7ekte toplumsal i\u00e7erikli ve k\u00fclt\u00fcrel tarihe hem sayg\u0131 duyan hem de destekleyen bir\u00e7ok g\u00fcn\u00fcm\u00fcz sanat\u0131na ili\u015fkin projesi bulunmaktad\u0131r.<\/span><\/em><\/p>\n<p style=\"text-align: left; padding-left: 40px;\">[\/et_pb_accordion_item][\/et_pb_accordion][\/et_pb_column][\/et_pb_row][et_pb_row _builder_version=&#8221;4.7.7&#8243; _module_preset=&#8221;default&#8221;][et_pb_column type=&#8221;4_4&#8243; _builder_version=&#8221;4.7.7&#8243; _module_preset=&#8221;default&#8221;][et_pb_text _builder_version=&#8221;4.9.0&#8243; _module_preset=&#8221;default&#8221;]<\/p>\n<p>&nbsp;<\/p>\n<p>&nbsp;<\/p>\n<p>[\/et_pb_text][\/et_pb_column][\/et_pb_row][\/et_pb_section]<\/p>\n","protected":false},"excerpt":{"rendered":"<p>[et_pb_section fb_built=&#8221;1&#8243; _builder_version=&#8221;4.7.7&#8243; background_enable_image=&#8221;off&#8221;][et_pb_row _builder_version=&#8221;3.25&#8243; background_size=&#8221;initial&#8221; background_position=&#8221;top_left&#8221; background_repeat=&#8221;repeat&#8221;][et_pb_column type=&#8221;4_4&#8243; _builder_version=&#8221;3.25&#8243; custom_padding=&#8221;|||&#8221; custom_padding__hover=&#8221;|||&#8221;][et_pb_text _builder_version=&#8221;4.7.7&#8243; _module_preset=&#8221;default&#8221;] &nbsp; &nbsp; [\/et_pb_text][\/et_pb_column][\/et_pb_row][et_pb_row column_structure=&#8221;1_3,2_3&#8243; _builder_version=&#8221;3.25&#8243; background_size=&#8221;initial&#8221; background_position=&#8221;top_left&#8221; background_repeat=&#8221;repeat&#8221;][et_pb_column type=&#8221;1_3&#8243; _builder_version=&#8221;3.25&#8243; custom_padding=&#8221;|||&#8221; custom_padding__hover=&#8221;|||&#8221;][et_pb_text _builder_version=&#8221;4.9.0&#8243; _module_preset=&#8221;default&#8221;] &nbsp; &nbsp; Mehmet Kavukcu [\/et_pb_text][et_pb_text _builder_version=&#8221;4.9.0&#8243; _module_preset=&#8221;default&#8221;] &nbsp; &nbsp; &nbsp; &nbsp; \u201c\u015eiddeti D\u00fc\u015f\u00fcnmek VIII: Kad\u0131n\u201d 4\u00d74\u00d714 mBuz Enstalasyon-Performans 2021Erzincan [\/et_pb_text][\/et_pb_column][et_pb_column type=&#8221;2_3&#8243; _builder_version=&#8221;3.25&#8243; custom_padding=&#8221;|||&#8221; custom_padding__hover=&#8221;|||&#8221;][et_pb_text _builder_version=&#8221;4.9.0&#8243; _module_preset=&#8221;default&#8221;] [\/et_pb_text][et_pb_text [&hellip;]<\/p>\n","protected":false},"author":9,"featured_media":0,"parent":0,"menu_order":0,"comment_status":"closed","ping_status":"closed","template":"","meta":{"_et_pb_use_builder":"on","_et_pb_old_content":"","_et_gb_content_width":"","spay_email":""},"jetpack_sharing_enabled":true,"jetpack_likes_enabled":true,"_links":{"self":[{"href":"https:\/\/gsfsergi.ebyu.edu.tr\/index.php?rest_route=\/wp\/v2\/pages\/4644"}],"collection":[{"href":"https:\/\/gsfsergi.ebyu.edu.tr\/index.php?rest_route=\/wp\/v2\/pages"}],"about":[{"href":"https:\/\/gsfsergi.ebyu.edu.tr\/index.php?rest_route=\/wp\/v2\/types\/page"}],"author":[{"embeddable":true,"href":"https:\/\/gsfsergi.ebyu.edu.tr\/index.php?rest_route=\/wp\/v2\/users\/9"}],"replies":[{"embeddable":true,"href":"https:\/\/gsfsergi.ebyu.edu.tr\/index.php?rest_route=%2Fwp%2Fv2%2Fcomments&post=4644"}],"version-history":[{"count":9,"href":"https:\/\/gsfsergi.ebyu.edu.tr\/index.php?rest_route=\/wp\/v2\/pages\/4644\/revisions"}],"predecessor-version":[{"id":5545,"href":"https:\/\/gsfsergi.ebyu.edu.tr\/index.php?rest_route=\/wp\/v2\/pages\/4644\/revisions\/5545"}],"wp:attachment":[{"href":"https:\/\/gsfsergi.ebyu.edu.tr\/index.php?rest_route=%2Fwp%2Fv2%2Fmedia&parent=4644"}],"curies":[{"name":"wp","href":"https:\/\/api.w.org\/{rel}","templated":true}]}}