{"id":4636,"date":"2021-03-08T11:13:32","date_gmt":"2021-03-08T08:13:32","guid":{"rendered":"https:\/\/gsfsergi.ebyu.edu.tr\/?page_id=4636"},"modified":"2021-03-17T21:57:18","modified_gmt":"2021-03-17T18:57:18","slug":"evren-kavukcu-kadin-sergisi","status":"publish","type":"page","link":"https:\/\/gsfsergi.ebyu.edu.tr\/?page_id=4636","title":{"rendered":"Evren Kavukcu &#8211; Kad\u0131n Sergisi"},"content":{"rendered":"<p>[et_pb_section fb_built=&#8221;1&#8243; _builder_version=&#8221;4.7.7&#8243; background_enable_image=&#8221;off&#8221;][et_pb_row _builder_version=&#8221;3.25&#8243; background_size=&#8221;initial&#8221; background_position=&#8221;top_left&#8221; background_repeat=&#8221;repeat&#8221;][et_pb_column type=&#8221;4_4&#8243; _builder_version=&#8221;3.25&#8243; custom_padding=&#8221;|||&#8221; custom_padding__hover=&#8221;|||&#8221;][et_pb_text _builder_version=&#8221;4.7.7&#8243; _module_preset=&#8221;default&#8221;]<\/p>\n<p>&nbsp;<\/p>\n<p>&nbsp;<\/p>\n<p>[\/et_pb_text][\/et_pb_column][\/et_pb_row][et_pb_row column_structure=&#8221;1_3,2_3&#8243; _builder_version=&#8221;3.25&#8243; background_size=&#8221;initial&#8221; background_position=&#8221;top_left&#8221; background_repeat=&#8221;repeat&#8221;][et_pb_column type=&#8221;1_3&#8243; _builder_version=&#8221;3.25&#8243; custom_padding=&#8221;|||&#8221; custom_padding__hover=&#8221;|||&#8221;][et_pb_text _builder_version=&#8221;4.9.0&#8243; _module_preset=&#8221;default&#8221;]<\/p>\n<p>&nbsp;<\/p>\n<p>&nbsp;<\/p>\n<p style=\"text-align: right;\"><span style=\"font-family: 'times new roman', times, serif; font-size: 36pt; color: #800080;\"><em>Evren Kavukcu<\/em><\/span><\/p>\n<p>[\/et_pb_text][et_pb_text _builder_version=&#8221;4.9.0&#8243; _module_preset=&#8221;default&#8221;]<\/p>\n<p>&nbsp;<\/p>\n<p>&nbsp;<\/p>\n<p>&nbsp;<\/p>\n<p>&nbsp;<\/p>\n<p>&nbsp;<\/p>\n<p style=\"text-align: right;\"><strong><em><span style=\"color: #800080; font-family: 'times new roman', times, serif;\">\u201cKad\u0131n\u201d<\/span><\/em><\/strong><br \/><strong><em><span style=\"color: #800080; font-family: 'times new roman', times, serif;\"> 40\u00d740 cm<\/span><\/em><\/strong><br \/><strong><em><span style=\"color: #800080; font-family: 'times new roman', times, serif;\"> Dijital<\/span><\/em><\/strong><br \/><strong><em><span style=\"color: #800080; font-family: 'times new roman', times, serif;\"> 2021<\/span><\/em><\/strong><\/p>\n<p>[\/et_pb_text][\/et_pb_column][et_pb_column type=&#8221;2_3&#8243; _builder_version=&#8221;3.25&#8243; custom_padding=&#8221;|||&#8221; custom_padding__hover=&#8221;|||&#8221;][et_pb_image src=&#8221;https:\/\/gsfsergi.ebyu.edu.tr\/wp-content\/uploads\/2021\/03\/Evren-Kavukcu-scaled.jpg&#8221; title_text=&#8221;Evren Kavukcu&#8221; show_in_lightbox=&#8221;on&#8221; use_overlay=&#8221;on&#8221; overlay_icon_color=&#8221;#ffffff&#8221; hover_overlay_color=&#8221;rgba(128,0,128,0.19)&#8221; hover_icon=&#8221;%%51%%&#8221; _builder_version=&#8221;4.9.0&#8243; _module_preset=&#8221;default&#8221;][\/et_pb_image][et_pb_text _builder_version=&#8221;4.9.0&#8243; background_color=&#8221;rgba(255,255,255,0.64)&#8221; background_size=&#8221;initial&#8221; background_position=&#8221;top_left&#8221; background_repeat=&#8221;repeat&#8221;]<\/p>\n<p style=\"text-align: center;\"><span style=\"color: #800080;\"><span style=\"font-size: 36pt;\"><strong><a href=\"https:\/\/gsfsergi.ebyu.edu.tr\/?page_id=4538\">\u2039<\/a>\u00a0 \u00a0 <\/strong><\/span><span style=\"font-size: 14pt;\">I<span style=\"font-size: 36pt;\">\u00a0 \u00a0 <\/span><\/span><a href=\"https:\/\/gsfsergi.ebyu.edu.tr\/?page_id=4874\"><strong><span style=\"font-size: 36pt;\">\u203a<\/span><\/strong><\/a><\/span><\/p>\n<p>[\/et_pb_text][et_pb_text _builder_version=&#8221;4.7.7&#8243; background_color=&#8221;rgba(255,255,255,0.64)&#8221; background_size=&#8221;initial&#8221; background_position=&#8221;top_left&#8221; background_repeat=&#8221;repeat&#8221;]<\/p>\n<p style=\"text-align: center;\"><a href=\"https:\/\/gsfsergi.ebyu.edu.tr\/?page_id=607\"><em><span style=\"font-size: 11pt; font-family: 'times new roman', times, serif;\"><span style=\"color: #800080;\">Sergi Anasayfa<\/span><\/span><\/em><\/a><\/p>\n<p>[\/et_pb_text][\/et_pb_column][\/et_pb_row][et_pb_row _builder_version=&#8221;3.25&#8243; background_size=&#8221;initial&#8221; background_position=&#8221;top_left&#8221; background_repeat=&#8221;repeat&#8221;][et_pb_column type=&#8221;4_4&#8243; _builder_version=&#8221;3.25&#8243; custom_padding=&#8221;|||&#8221; custom_padding__hover=&#8221;|||&#8221;][et_pb_text _builder_version=&#8221;4.9.0&#8243; _module_preset=&#8221;default&#8221;]<\/p>\n<p>&nbsp;<\/p>\n<p style=\"padding-left: 40px;\"><span style=\"color: #800080; font-size: 24pt; font-family: 'times new roman', times, serif;\">\u0130nsan Olmak<\/span><\/p>\n<p>[\/et_pb_text][et_pb_text _builder_version=&#8221;4.9.0&#8243; background_color=&#8221;rgba(255,255,255,0.48)&#8221; background_size=&#8221;initial&#8221; background_position=&#8221;top_left&#8221; background_repeat=&#8221;repeat&#8221;]<\/p>\n<p>&nbsp;<\/p>\n<p style=\"text-align: left; padding-left: 40px; padding-right: 40px;\"><span style=\"font-family: 'times new roman', times, serif; font-size: 12pt; color: #800080;\">Her \u015feyden \u00f6nce insan olmak\u2026 Ya\u015fad\u0131\u011f\u0131m\u0131z d\u00fcnyada, insani de\u011ferlerimizi kaybetmeden ya\u015famak. \u0130nsan olmak, Kad\u0131n ya da Erkek fark etmez; ama toplumlar erke\u011fi y\u00fcceltirken kad\u0131n\u0131 s\u0131n\u0131fsal olarak a\u015fa\u011f\u0131ya \u00e7ekiyor. Asl\u0131nda Kad\u0131n, varl\u0131\u011f\u0131n ta kendisi olarak en temel yap\u0131 ta\u015f\u0131. \u00dczerine y\u00fcklenen o kadar \u00e7ok etiket ile tek bir birey olarak varl\u0131\u011f\u0131n\u0131 korurken, varl\u0131\u011f\u0131n da devam\u0131n\u0131 sa\u011flayan yeg\u00e2ne eleman. \u201cKad\u0131n ve G\u00fczel\u201d, \u201cKad\u0131n ve Estetik\u201d varolu\u015fundan beri \u00fczerine yap\u0131\u015fan etiketlerdir. Kad\u0131n=Estetik, Kad\u0131n=G\u00fczel, neden? Kad\u0131n kelimesinin yan\u0131nda s\u00f6ylenmesi gereken tek \u015fey insan olmakt\u0131r.<\/span><\/p>\n<p style=\"padding-right: 40px; text-align: right;\"><em><span style=\"font-family: 'times new roman', times, serif; font-size: 12pt; color: #800080;\">Evren KAVUKCU<\/span><\/em><\/p>\n<p style=\"text-align: left; padding-left: 40px;\">[\/et_pb_text][\/et_pb_column][\/et_pb_row][et_pb_row _builder_version=&#8221;4.7.7&#8243; _module_preset=&#8221;default&#8221;][et_pb_column type=&#8221;4_4&#8243; _builder_version=&#8221;4.7.7&#8243; _module_preset=&#8221;default&#8221;][et_pb_text _builder_version=&#8221;4.7.7&#8243; _module_preset=&#8221;default&#8221;]<\/p>\n<p>&nbsp;<\/p>\n<p>&nbsp;<\/p>\n<p>[\/et_pb_text][\/et_pb_column][\/et_pb_row][et_pb_row column_structure=&#8221;1_3,2_3&#8243; _builder_version=&#8221;4.7.7&#8243; _module_preset=&#8221;default&#8221;][et_pb_column type=&#8221;1_3&#8243; _builder_version=&#8221;4.7.7&#8243; _module_preset=&#8221;default&#8221;][et_pb_text _builder_version=&#8221;4.9.0&#8243; _module_preset=&#8221;default&#8221;]<\/p>\n<p><img class=\"aligncenter\" src=\"https:\/\/gsfsergi.ebyu.edu.tr\/wp-content\/uploads\/2020\/12\/KuratorFoto.jpg\" \/><\/p>\n<p>[\/et_pb_text][\/et_pb_column][et_pb_column type=&#8221;2_3&#8243; _builder_version=&#8221;4.7.7&#8243; _module_preset=&#8221;default&#8221;][et_pb_accordion open_toggle_text_color=&#8221;#800080&#8243; closed_toggle_text_color=&#8221;#800080&#8243; _builder_version=&#8221;4.9.0&#8243; _module_preset=&#8221;default&#8221; toggle_text_color=&#8221;#800080&#8243; toggle_font=&#8221;Times New Roman||on||||||&#8221; closed_toggle_font=&#8221;Times New Roman||on||||||&#8221; body_font=&#8221;Times New Roman||on||||||&#8221; body_text_color=&#8221;#800080&#8243;][et_pb_accordion_item title=&#8221;Evren Kavukcu&#8221; open=&#8221;on&#8221; _builder_version=&#8221;4.9.0&#8243; _module_preset=&#8221;default&#8221;][\/et_pb_accordion_item][et_pb_accordion_item title=&#8221;\u00d6zge\u00e7mi\u015f&#8221; _builder_version=&#8221;4.9.0&#8243; _module_preset=&#8221;default&#8221; toggle_font=&#8221;Times New Roman||on||||||&#8221; open=&#8221;off&#8221;]<\/p>\n<p style=\"text-align: left; padding-left: 40px;\"><span style=\"font-family: times new roman, times, serif;\"><i>Evren Kavukcu, 1977\u2019de \u0130zmir\u2019de do\u011fdu. 1999-2003 y\u0131llar\u0131 aras\u0131nda Atat\u00fcrk \u00dcniversitesi,<br \/>G\u00fczel Sanatlar Fak\u00fcltesini \u00fc\u00e7\u00fcnc\u00fcl\u00fckle, Resim (i.\u00f6) b\u00f6l\u00fcm\u00fcn\u00fc birincilikle tamamlad\u0131. Atat\u00fcrk<br \/>\u00dcniversitesi, Sosyal Bilimler Enstit\u00fcs\u00fc, Resim Ana Sanat Dal\u0131nda 2003\u2019de y\u00fcksek Lisans e\u011fitimini,<br \/>2009 y\u0131l\u0131nda ise Sanatta Yeterlili\u011fini ald\u0131. Atat\u00fcrk \u00dcniversitesi G\u00fczel Sanatlar Fak\u00fcltesi Resim<br \/>B\u00f6l\u00fcm\u00fcne 2005 y\u0131l\u0131nda Ara\u015ft\u0131rma G\u00f6revlisi olarak g\u00f6reve ba\u015flayan Kavukcu, 2013\u2019de Dr. \u00d6\u011fr.<br \/>\u00dcyeli\u011fine, 2017\u2019de Do\u00e7ent unvan\u0131n\u0131 ald\u0131. Kavukcu ulusal ve uluslararas\u0131 bir\u00e7ok ki\u015fisel sergi ve \u00e7ok<br \/>say\u0131da grup etkinliklerinde yer alm\u0131\u015f, Atat\u00fcrk \u00dcniversitesi, G\u00fczel Sanatlar Fak\u00fcltesi, Resim<br \/>B\u00f6l\u00fcm\u00fcnde Do\u00e7ent olarak \u00e7al\u0131\u015fmalar\u0131na devam etmektedir. \u00c7al\u0131\u015fmalar\u0131ndan;<br \/>Ki\u015fisel Sergiler<br \/>2006 \u2013 \u201cEvrensel Boyut\u201d Atat\u00fcrk \u00dcniversitesi Sanat Galerisi, Erzurum<br \/>2014 \u2013 \u201cEvrensell\u0131\u0307k\u201d, Girne Amerikan \u00dcniversitesi Sergi Salonu, Girne, K\u0131br\u0131s<br \/>2016 \u2013 \u201cBen kimin? Ne istiyorum? Ne yapmal\u0131y\u0131m\u201d, Ortak\u00f6y K\u00fclt\u00fcr Merkezi Sanat Galerisi, \u0130stanbul<br \/>2016 \u2013 \u201cBen kimin? Ne istiyorum? Ne yapmal\u0131y\u0131m\u201d, Atat\u00fcrk \u00dcniversitesi G\u00fczel Sanatlar Fak\u00fcltesi<br \/>Sergi Salonu, Erzurum<br \/>2017 \u2013 Artvin \u00c7oruh \u00dcniversitesi Tasar\u0131m Toplulu\u011fu, Artvin \u00c7oruh \u00dcniversitesi Orman Fak\u00fcltesi<br \/>Peyzaj Mimarl\u0131\u011f\u0131 B\u00f6l\u00fcm\u00fc Sergi Salonu, Artvin<br \/>Karma Sergiler<br \/>2003 \u2013 \u201c\u0130ster Bulu\u015fma I\u201d, Devlet G\u00fczel Sanatlar Galerisi, \u0130stanbul<br \/>2003 \u2013 \u201c\u0130ster Bulu\u015fma II\u201d, Alkent Actual Sanat Galerisi, \u0130stanbul<br \/>2003 \u2013 \u201c\u0130ster Bulu\u015fma III\u201d, Atat\u00fcrk \u00dcniversitesi Sanat Galerisi, Erzurum<br \/>2006 \u2013 \u201c\u00d6yp \u00dcniversiteleri III. Karma Sergisi\u201d, Kayseri<br \/>2007 \u2013 \u201cB\u00f6lge \u00dcniversiteleri \u00d6\u011fretim Elemanlar\u0131 Karma Resim Sergisi\u201d, Atat\u00fcrk \u00dcniversitesi G\u00fczel<br \/>Sanatlar Fak\u00fcltesi, Erzurum<br \/>2007 \u2013 \u201cYol Sergisi \u00dc\u00e7\u201d Cumhuriyet \u00dcniversitesi Kamp\u00fcs\u00fc Sergi Salonu, Sivas<br \/>2007 \u2013 \u201cYol Sergisi \u00dc\u00e7\u201d T. C. K\u00fclt\u00fcr ve Turizm Bakanl\u0131\u011f\u0131 Devlet G\u00fczel Sanatlar Galerisi, Erzurum<br \/>2013 \u2013 \u201c\u00d6zg\u00fcr ve 90, T.C \u201c, Berlin B\u00fcy\u00fckel\u00e7ili\u011fi, Berlin, Almanya<br \/>2014 \u2013 \u201cUsta-\u00c7\u0131rak\u201d, Girne Amerikan \u00dcniversitesi Sergi Salonu, Girne<br \/>2015 \u2013 \u201cKad\u0131n Eli Yine Hayata Dokunuyor\u201d, Recep Tayyip Erdo\u011fan \u00dcniversitesi K\u00fclt\u00fcr Merkezi,<br \/>Rize<br \/>2016 \u2013 \u201c\u00d6\u011fretim Elemanlar\u0131 Sergisi\u201d, Atat\u00fcrk \u00dcniversitesi G\u00fczel Sanatlar Fak\u00fcltesi Sergi Salonu,<br \/>Erzurum<br \/>2018 \u2013 \u201c2.Uluslararas\u0131 D\u00fcnya Sanat G\u00fcn\u00fc \u00c7al\u0131\u015ftay\u0131 ve Sergi\u201d, Ardahan \u00dcniversitesi, Ardahan<\/i><\/span><\/p>\n<p style=\"text-align: left; padding-left: 40px;\">[\/et_pb_accordion_item][\/et_pb_accordion][\/et_pb_column][\/et_pb_row][et_pb_row _builder_version=&#8221;4.7.7&#8243; _module_preset=&#8221;default&#8221;][et_pb_column type=&#8221;4_4&#8243; _builder_version=&#8221;4.7.7&#8243; _module_preset=&#8221;default&#8221;][et_pb_text _builder_version=&#8221;4.9.0&#8243; _module_preset=&#8221;default&#8221;]<\/p>\n<p>&nbsp;<\/p>\n<p>&nbsp;<\/p>\n<p>[\/et_pb_text][\/et_pb_column][\/et_pb_row][\/et_pb_section]<\/p>\n","protected":false},"excerpt":{"rendered":"<p>[et_pb_section fb_built=&#8221;1&#8243; _builder_version=&#8221;4.7.7&#8243; background_enable_image=&#8221;off&#8221;][et_pb_row _builder_version=&#8221;3.25&#8243; background_size=&#8221;initial&#8221; background_position=&#8221;top_left&#8221; background_repeat=&#8221;repeat&#8221;][et_pb_column type=&#8221;4_4&#8243; _builder_version=&#8221;3.25&#8243; custom_padding=&#8221;|||&#8221; custom_padding__hover=&#8221;|||&#8221;][et_pb_text _builder_version=&#8221;4.7.7&#8243; _module_preset=&#8221;default&#8221;] &nbsp; &nbsp; [\/et_pb_text][\/et_pb_column][\/et_pb_row][et_pb_row column_structure=&#8221;1_3,2_3&#8243; _builder_version=&#8221;3.25&#8243; background_size=&#8221;initial&#8221; background_position=&#8221;top_left&#8221; background_repeat=&#8221;repeat&#8221;][et_pb_column type=&#8221;1_3&#8243; _builder_version=&#8221;3.25&#8243; custom_padding=&#8221;|||&#8221; custom_padding__hover=&#8221;|||&#8221;][et_pb_text _builder_version=&#8221;4.9.0&#8243; _module_preset=&#8221;default&#8221;] &nbsp; &nbsp; Evren Kavukcu [\/et_pb_text][et_pb_text _builder_version=&#8221;4.9.0&#8243; _module_preset=&#8221;default&#8221;] &nbsp; &nbsp; &nbsp; &nbsp; &nbsp; \u201cKad\u0131n\u201d 40\u00d740 cm Dijital 2021 [\/et_pb_text][\/et_pb_column][et_pb_column type=&#8221;2_3&#8243; _builder_version=&#8221;3.25&#8243; custom_padding=&#8221;|||&#8221; custom_padding__hover=&#8221;|||&#8221;][et_pb_image src=&#8221;https:\/\/gsfsergi.ebyu.edu.tr\/wp-content\/uploads\/2021\/03\/Evren-Kavukcu-scaled.jpg&#8221; title_text=&#8221;Evren Kavukcu&#8221; show_in_lightbox=&#8221;on&#8221; use_overlay=&#8221;on&#8221; [&hellip;]<\/p>\n","protected":false},"author":9,"featured_media":0,"parent":0,"menu_order":0,"comment_status":"closed","ping_status":"closed","template":"","meta":{"_et_pb_use_builder":"on","_et_pb_old_content":"","_et_gb_content_width":"","spay_email":""},"jetpack_sharing_enabled":true,"jetpack_likes_enabled":true,"_links":{"self":[{"href":"https:\/\/gsfsergi.ebyu.edu.tr\/index.php?rest_route=\/wp\/v2\/pages\/4636"}],"collection":[{"href":"https:\/\/gsfsergi.ebyu.edu.tr\/index.php?rest_route=\/wp\/v2\/pages"}],"about":[{"href":"https:\/\/gsfsergi.ebyu.edu.tr\/index.php?rest_route=\/wp\/v2\/types\/page"}],"author":[{"embeddable":true,"href":"https:\/\/gsfsergi.ebyu.edu.tr\/index.php?rest_route=\/wp\/v2\/users\/9"}],"replies":[{"embeddable":true,"href":"https:\/\/gsfsergi.ebyu.edu.tr\/index.php?rest_route=%2Fwp%2Fv2%2Fcomments&post=4636"}],"version-history":[{"count":5,"href":"https:\/\/gsfsergi.ebyu.edu.tr\/index.php?rest_route=\/wp\/v2\/pages\/4636\/revisions"}],"predecessor-version":[{"id":5520,"href":"https:\/\/gsfsergi.ebyu.edu.tr\/index.php?rest_route=\/wp\/v2\/pages\/4636\/revisions\/5520"}],"wp:attachment":[{"href":"https:\/\/gsfsergi.ebyu.edu.tr\/index.php?rest_route=%2Fwp%2Fv2%2Fmedia&parent=4636"}],"curies":[{"name":"wp","href":"https:\/\/api.w.org\/{rel}","templated":true}]}}