{"id":4624,"date":"2021-03-08T10:28:05","date_gmt":"2021-03-08T07:28:05","guid":{"rendered":"https:\/\/gsfsergi.ebyu.edu.tr\/?page_id=4624"},"modified":"2021-03-17T22:03:59","modified_gmt":"2021-03-17T19:03:59","slug":"tulin-onat-kadin-sergisi","status":"publish","type":"page","link":"https:\/\/gsfsergi.ebyu.edu.tr\/?page_id=4624","title":{"rendered":"T\u00fclin Onat &#8211; Kad\u0131n Sergisi"},"content":{"rendered":"<p>[et_pb_section fb_built=&#8221;1&#8243; _builder_version=&#8221;4.7.7&#8243; background_enable_image=&#8221;off&#8221;][et_pb_row _builder_version=&#8221;3.25&#8243; background_size=&#8221;initial&#8221; background_position=&#8221;top_left&#8221; background_repeat=&#8221;repeat&#8221;][et_pb_column type=&#8221;4_4&#8243; _builder_version=&#8221;3.25&#8243; custom_padding=&#8221;|||&#8221; custom_padding__hover=&#8221;|||&#8221;][et_pb_text _builder_version=&#8221;4.7.7&#8243; _module_preset=&#8221;default&#8221;]<\/p>\n<p>&nbsp;<\/p>\n<p>&nbsp;<\/p>\n<p>[\/et_pb_text][\/et_pb_column][\/et_pb_row][et_pb_row column_structure=&#8221;1_3,2_3&#8243; _builder_version=&#8221;3.25&#8243; background_size=&#8221;initial&#8221; background_position=&#8221;top_left&#8221; background_repeat=&#8221;repeat&#8221;][et_pb_column type=&#8221;1_3&#8243; _builder_version=&#8221;3.25&#8243; custom_padding=&#8221;|||&#8221; custom_padding__hover=&#8221;|||&#8221;][et_pb_text _builder_version=&#8221;4.9.0&#8243; _module_preset=&#8221;default&#8221;]<\/p>\n<p>&nbsp;<\/p>\n<p>&nbsp;<\/p>\n<p style=\"text-align: right;\"><span style=\"font-family: 'times new roman', times, serif; font-size: 36pt; color: #800080;\"><em>T\u00fclin Onat<\/em><\/span><\/p>\n<p>[\/et_pb_text][et_pb_text _builder_version=&#8221;4.9.0&#8243; _module_preset=&#8221;default&#8221;]<\/p>\n<p>&nbsp;<\/p>\n<p>&nbsp;<\/p>\n<p>&nbsp;<\/p>\n<p>&nbsp;<\/p>\n<p>&nbsp;<\/p>\n<p style=\"text-align: right;\"><strong><em><span style=\"color: #800080; font-family: 'times new roman', times, serif;\">\u201cDilek A\u011fac\u0131\u201d<\/span><\/em><\/strong><br \/><strong><em><span style=\"color: #800080; font-family: 'times new roman', times, serif;\"> Enstalasyon<\/span><\/em><\/strong><br \/><strong><em><span style=\"color: #800080; font-family: 'times new roman', times, serif;\"> 2008<\/span><\/em><\/strong><br \/><strong><em><span style=\"color: #800080; font-family: 'times new roman', times, serif;\"> Akmerkez<\/span><\/em><\/strong><\/p>\n<p>[\/et_pb_text][\/et_pb_column][et_pb_column type=&#8221;2_3&#8243; _builder_version=&#8221;3.25&#8243; custom_padding=&#8221;|||&#8221; custom_padding__hover=&#8221;|||&#8221;][et_pb_image src=&#8221;https:\/\/gsfsergi.ebyu.edu.tr\/wp-content\/uploads\/2021\/03\/Tulin-Onat-Detay.jpeg&#8221; title_text=&#8221;T\u00fclin Onat-Detay&#8221; show_in_lightbox=&#8221;on&#8221; use_overlay=&#8221;on&#8221; overlay_icon_color=&#8221;#ffffff&#8221; hover_overlay_color=&#8221;rgba(128,0,128,0.19)&#8221; hover_icon=&#8221;%%51%%&#8221; _builder_version=&#8221;4.9.0&#8243; _module_preset=&#8221;default&#8221;][\/et_pb_image][et_pb_text _builder_version=&#8221;4.9.0&#8243; background_color=&#8221;rgba(255,255,255,0.64)&#8221; background_size=&#8221;initial&#8221; background_position=&#8221;top_left&#8221; background_repeat=&#8221;repeat&#8221;]<\/p>\n<p style=\"text-align: center;\"><span style=\"color: #800080;\"><span style=\"font-size: 36pt;\"><strong><a href=\"https:\/\/gsfsergi.ebyu.edu.tr\/?page_id=4620\">\u2039<\/a>\u00a0 \u00a0 <\/strong><\/span><span style=\"font-size: 14pt;\">I<span style=\"font-size: 36pt;\">\u00a0 \u00a0 <\/span><\/span><a href=\"https:\/\/gsfsergi.ebyu.edu.tr\/?page_id=4433\"><strong><span style=\"font-size: 36pt;\">\u203a<\/span><\/strong><\/a><\/span><\/p>\n<p>[\/et_pb_text][et_pb_text _builder_version=&#8221;4.7.7&#8243; background_color=&#8221;rgba(255,255,255,0.64)&#8221; background_size=&#8221;initial&#8221; background_position=&#8221;top_left&#8221; background_repeat=&#8221;repeat&#8221;]<\/p>\n<p style=\"text-align: center;\"><a href=\"https:\/\/gsfsergi.ebyu.edu.tr\/?page_id=607\"><em><span style=\"font-size: 11pt; font-family: 'times new roman', times, serif;\"><span style=\"color: #800080;\">Sergi Anasayfa<\/span><\/span><\/em><\/a><\/p>\n<p>[\/et_pb_text][et_pb_text _builder_version=&#8221;4.9.0&#8243; _module_preset=&#8221;default&#8221;]<\/p>\n<p>&nbsp;<\/p>\n<p>&nbsp;<\/p>\n<p>[\/et_pb_text][\/et_pb_column][\/et_pb_row][et_pb_row column_structure=&#8221;1_4,1_4,1_4,1_4&#8243; _builder_version=&#8221;4.9.0&#8243; _module_preset=&#8221;default&#8221;][et_pb_column type=&#8221;1_4&#8243; _builder_version=&#8221;4.9.0&#8243; _module_preset=&#8221;default&#8221;][\/et_pb_column][et_pb_column type=&#8221;1_4&#8243; _builder_version=&#8221;4.9.0&#8243; _module_preset=&#8221;default&#8221;][\/et_pb_column][et_pb_column type=&#8221;1_4&#8243; _builder_version=&#8221;4.9.0&#8243; _module_preset=&#8221;default&#8221;][\/et_pb_column][et_pb_column type=&#8221;1_4&#8243; _builder_version=&#8221;4.9.0&#8243; _module_preset=&#8221;default&#8221;][et_pb_image src=&#8221;https:\/\/gsfsergi.ebyu.edu.tr\/wp-content\/uploads\/2021\/03\/Tulin-Onat-1.jpeg&#8221; title_text=&#8221;T\u00fclin Onat-1&#8243; show_in_lightbox=&#8221;on&#8221; use_overlay=&#8221;on&#8221; overlay_icon_color=&#8221;#ffffff&#8221; hover_overlay_color=&#8221;rgba(128,0,128,0.19)&#8221; hover_icon=&#8221;%%51%%&#8221; _builder_version=&#8221;4.9.0&#8243; _module_preset=&#8221;default&#8221;][\/et_pb_image][\/et_pb_column][\/et_pb_row][et_pb_row _builder_version=&#8221;3.25&#8243; background_size=&#8221;initial&#8221; background_position=&#8221;top_left&#8221; background_repeat=&#8221;repeat&#8221;][et_pb_column type=&#8221;4_4&#8243; _builder_version=&#8221;3.25&#8243; custom_padding=&#8221;|||&#8221; custom_padding__hover=&#8221;|||&#8221;][et_pb_text _builder_version=&#8221;4.9.0&#8243; _module_preset=&#8221;default&#8221;]<\/p>\n<p>&nbsp;<\/p>\n<p style=\"padding-left: 40px;\"><span style=\"color: #800080; font-size: 24pt; font-family: 'times new roman', times, serif;\">Mektup<\/span><\/p>\n<p>[\/et_pb_text][et_pb_text _builder_version=&#8221;4.9.0&#8243; background_color=&#8221;rgba(255,255,255,0.48)&#8221; background_size=&#8221;initial&#8221; background_position=&#8221;top_left&#8221; background_repeat=&#8221;repeat&#8221;]<\/p>\n<p>&nbsp;<\/p>\n<p style=\"text-align: left; padding-left: 40px; padding-right: 40px;\"><em><span style=\"font-family: 'times new roman', times, serif; font-size: 12pt; color: #800080;\">Her g\u00fcn en az \u00fc\u00e7 kad\u0131n\u0131n katledildi\u011fi bir \u00fclkede \u201cKADIN\u201d olmak zor zanaat.<br \/>Ama \u201dKADIN SANAT\u00c7I\u201d olmak, ba\u015fka bir ser\u00fcven&#8230;<br \/>Daha \u00e7ocuklukta ba\u015flar bu macera.<br \/>Resim yapt\u0131\u011f\u0131 i\u00e7in t\u00fcm olanaklar\u0131 sunan, her \u00e7e\u015fit malzemeyi sa\u011flayan, daha ilkokulda zengin ya\u011fl\u0131boya tak\u0131mlar\u0131 alan, rahat \u00e7al\u0131\u015fabilmem i\u00e7in teras kat\u0131n\u0131 bana tahsis eden babam; s\u0131ra akademiye girmeye gelince t\u00fcm\u00fcyle de\u011fi\u015fti. Hatta \u201cBen k\u0131z\u0131m\u0131 sokakta bulmad\u0131m\u201d demeye ba\u015flad\u0131, kar\u015f\u0131 \u00e7\u0131k\u0131\u015flar\u0131na cevap olarak.<br \/>Ama bu i\u015f benim i\u00e7in \u00e7ok ciddi. Hatta hayat\u0131mda bundan daha \u00f6nemli hi\u00e7bir \u015fey yok. Gizlice akademi s\u0131navlar\u0131na girmek; hi\u00e7 istemedi\u011fim halde zorla sokuldu\u011fum \u00fcniversite s\u0131navlar\u0131ndan kimya b\u00f6l\u00fcm\u00fcn\u00fc kazanarak \u00e7\u0131kmak, ne b\u00fcy\u00fck i\u015fkenceydi.<br \/>Bu zul\u00fcm, DGSA giri\u015f s\u0131navlar\u0131 boyunca s\u00fcrd\u00fc. Akademi birinci s\u0131n\u0131f ise b\u00fcy\u00fck bir maraton oldu. Evimizin iki sokak ilerisindeki Fen Fak\u00fcltesi\u2019ne (Laleli) gidiyorum diye, F\u0131nd\u0131kl\u0131\u2019 ya gitmek inan\u0131lmaz bir ser\u00fcvendi benim i\u00e7in ve koskocaman bir yaland\u0131. S\u00fcrekli zamanla yar\u0131\u015fmak; benim i\u00e7in her \u015feyden daha k\u0131ymetli olan saniyeler, dakikalar&#8230; O g\u00fcnlerdeki hayat\u0131mla nas\u0131l ba\u015fa \u00e7\u0131kt\u0131m bilmiyorum; ama bu g\u00fcn de olsa ayn\u0131 \u015feyleri yapaca\u011f\u0131mdan ad\u0131m gibi eminim.<br \/>Bir k\u0131z \u00e7ocu\u011fu t\u0131rnaklar\u0131 ile kaz\u0131rsa, inatla direnirse ancak bir \u201dSanat\u00e7\u0131\u201c olabilir. Yoksa bamba\u015fka bir meslek sahibi olmak zorunda kal\u0131r&#8230;<br \/><\/span><\/em><\/p>\n<p style=\"padding-right: 40px; text-align: right;\"><em><span style=\"font-family: 'times new roman', times, serif; font-size: 12pt; color: #800080;\">T\u00fclin ONAT<\/span><\/em><\/p>\n<p style=\"text-align: left; padding-left: 40px;\">[\/et_pb_text][\/et_pb_column][\/et_pb_row][et_pb_row _builder_version=&#8221;4.7.7&#8243; _module_preset=&#8221;default&#8221;][et_pb_column type=&#8221;4_4&#8243; _builder_version=&#8221;4.7.7&#8243; _module_preset=&#8221;default&#8221;][et_pb_text _builder_version=&#8221;4.7.7&#8243; _module_preset=&#8221;default&#8221;]<\/p>\n<p>&nbsp;<\/p>\n<p>&nbsp;<\/p>\n<p>[\/et_pb_text][\/et_pb_column][\/et_pb_row][et_pb_row column_structure=&#8221;1_3,2_3&#8243; _builder_version=&#8221;4.7.7&#8243; _module_preset=&#8221;default&#8221;][et_pb_column type=&#8221;1_3&#8243; _builder_version=&#8221;4.7.7&#8243; _module_preset=&#8221;default&#8221;][et_pb_text _builder_version=&#8221;4.9.0&#8243; _module_preset=&#8221;default&#8221;]<\/p>\n<p><img class=\"aligncenter\" src=\"https:\/\/gsfsergi.ebyu.edu.tr\/wp-content\/uploads\/2021\/03\/Tulin-Onat-Portre.jpeg\" \/><\/p>\n<p>[\/et_pb_text][\/et_pb_column][et_pb_column type=&#8221;2_3&#8243; _builder_version=&#8221;4.7.7&#8243; _module_preset=&#8221;default&#8221;][et_pb_accordion open_toggle_text_color=&#8221;#800080&#8243; closed_toggle_text_color=&#8221;#800080&#8243; _builder_version=&#8221;4.9.0&#8243; _module_preset=&#8221;default&#8221; toggle_text_color=&#8221;#800080&#8243; toggle_font=&#8221;Times New Roman||on||||||&#8221; closed_toggle_font=&#8221;Times New Roman||on||||||&#8221; body_font=&#8221;Times New Roman||on||||||&#8221; body_text_color=&#8221;#800080&#8243;][et_pb_accordion_item title=&#8221;T\u00fclin Onat&#8221; open=&#8221;on&#8221; _builder_version=&#8221;4.9.0&#8243; _module_preset=&#8221;default&#8221;][\/et_pb_accordion_item][et_pb_accordion_item title=&#8221;\u00d6zge\u00e7mi\u015f&#8221; _builder_version=&#8221;4.9.0&#8243; _module_preset=&#8221;default&#8221; toggle_font=&#8221;Times New Roman||on||||||&#8221; open=&#8221;off&#8221;]<\/p>\n<p style=\"padding-left: 40px;\"><em><span style=\"font-family: 'times new roman', times, serif;\">T\u00fclin Onat, 1971 y\u0131l\u0131nda \u0130stanbul Devlet G\u00fczel Sanatlar Akademisi Y\u00fcksek Resim B\u00f6l\u00fcm\u00fc\u2019n\u00fc bitirdi.<\/span><\/em><br \/><em><span style=\"font-family: 'times new roman', times, serif;\">1967\u2019den itibaren yurt d\u0131\u015f\u0131nda ve m\u00fczelerde inceleme ve \u00e7al\u0131\u015fmalar yapt\u0131. Bunlardan en \u00f6nemlileri 1970\u2019de Paris Louvre M\u00fczesinde Ingres\u2019den yapt\u0131\u011f\u0131 \u201cThe Turkish Bath\u201d ve 1971\u2019de Andrea Mantegna\u2019dan yapt\u0131\u011f\u0131 \u201cCarvary\u201d kopyalar\u0131d\u0131r. 1973\u2019de Avusturya H\u00fck\u00fcmet bursuyla Salzburg yaz akademisine gitti. 1987\u2019de Hasan Yelmen\u2019le birlikte Derimod K\u00fclt\u00fcr Merkezi\u2019ni kurdu ve bir\u00e7ok serginin tasar\u0131m\u0131n\u0131 \u00fcstlendi. Plastik sanatlar ad\u0131na o g\u00fcnlerde T\u00fcrkiye i\u00e7in \u00e7ok \u00f6nemli \u00e7al\u0131\u015fmalar yap\u0131ld\u0131. \u0130lk kez sanat\u00e7\u0131lar\u0131n sergileriyle birlikte kitap ve kataloglar\u0131n\u0131 haz\u0131rlad\u0131. Retrospektif\u00a0 sergiler d\u00fczenledi.<\/span><\/em><\/p>\n<p style=\"padding-left: 40px;\"><em><span style=\"font-family: 'times new roman', times, serif;\">Onat \u00f6\u011fretim g\u00f6revlisi oldu\u011fu Marmara \u00dcniversitesi\u2019nden, 1983 y\u0131l\u0131nda \u201cSanatta Yeterlik\u201d ald\u0131. 1990\u2019da do\u00e7ent, 2000\u2019de profes\u00f6r oldu. Halen ayn\u0131 \u00fcniversitede \u00f6\u011fretim \u00fcyesi olarak \u00e7al\u0131\u015fmaktad\u0131r. 1970\u2019lerde fig\u00fcratif \u00e7al\u0131\u015fmalar \u00fcretmi\u015ftir. O y\u0131llarda \u00fclkenin ya\u015fad\u0131\u011f\u0131 sosyal olaylar resimlerinde anlat\u0131m\u0131n da a\u011f\u0131rl\u0131k kazanmas\u0131na neden olmu\u015ftur. 1980\u2019lerin ba\u015flar\u0131nda \u201cKad\u0131n\u201d konusunun i\u015flendi\u011fi yap\u0131tlar\u0131 daha sonraki bi\u00e7imsel \u00e7al\u0131\u015fmalar\u0131n\u0131n habercisi niteli\u011findedir. \u0130lk kez kullan\u0131lan \u015fekilli tuvaller, soyutlanm\u0131\u015f bi\u00e7imlerin tekrar\u0131 ve tekrardan do\u011fan ritim. Bu y\u0131llarda resimlerindeki de\u011fi\u015fim h\u0131zla artarken mek\u00e2n sorunu da azalma, yal\u0131nla\u015ft\u0131rma ve nostaljiden s\u0131yr\u0131lma eylemlerini birlikte getirmi\u015ftir. Bu tarihlerde yapt\u0131\u011f\u0131 mek\u00e2nda k\u00f6\u015feyi kaplayan \u201cGalaksi\u201d adl\u0131 yap\u0131t\u0131 (1988, Derimod K\u00fclt\u00fcr Merkezi) ilk kez tuvalin yerde de duvarla birlikte d\u00fczenlenebilece\u011fini g\u00f6sterdi ve \u00e7ok ilgi \u00e7ekti. Daha sonra yerde ve duvarda sergiledi\u011fi kal\u0131n tuvalleri (Nesne Tuvaller, B\u00fcy\u00fck Sergi, \u0130RHM ve ARHM 1990) ile resmin mek\u00e2nla birlikte d\u00fc\u015f\u00fcn\u00fclebilece\u011fini g\u00fcndeme getirdi. T\u00fclin Onat\u2019\u0131n\u00a0 duvar yaln\u0131zca ta\u015f\u0131y\u0131c\u0131 eleman de\u011fil resmin bir par\u00e7as\u0131d\u0131r s\u00f6ylemi t\u00fcm sergilerinde kendini a\u00e7\u0131k\u00e7a dile getirir.<\/span><\/em><\/p>\n<p style=\"padding-left: 40px;\"><em><span style=\"font-family: 'times new roman', times, serif;\">Yurt i\u00e7inde ve yurt d\u0131\u015f\u0131nda, pek \u00e7ok grup ve karma sergiye kat\u0131lm\u0131\u015ft\u0131r. Resimleri \u00f6zel koleksiyonlarda ve m\u00fczelerde yer almaktad\u0131r.<\/span><\/em><\/p>\n<p style=\"padding-left: 40px;\"><em><span style=\"font-family: 'times new roman', times, serif;\">Resimlerinde \u00f6nem verdi\u011fi derinlik, rengin etkisi ile yarat\u0131lan, 3. boyut, dokunma arzusu uyand\u0131ran, kabar\u0131k doku son resimlerinde iyice abart\u0131lm\u0131\u015ft\u0131r. Tuvallerindeki soyut boyut, keserek delerek \u00e7\u0131kartarak somuta ge\u00e7mi\u015f ve ger\u00e7ek 3. boyut yarat\u0131lm\u0131\u015ft\u0131r. B\u00f6ylece kesik tuvaller ortaya \u00e7\u0131km\u0131\u015ft\u0131r.<\/span><\/em><\/p>\n<p style=\"padding-left: 40px;\"><em><span style=\"font-family: 'times new roman', times, serif;\">T\u00fclin Onat 200\u2019\u00fcn \u00fczerinde karma ve grup sergilerine kat\u0131lm\u0131\u015ft\u0131r.<\/span><\/em><\/p>\n<p>[\/et_pb_accordion_item][\/et_pb_accordion][\/et_pb_column][\/et_pb_row][et_pb_row _builder_version=&#8221;4.7.7&#8243; _module_preset=&#8221;default&#8221;][et_pb_column type=&#8221;4_4&#8243; _builder_version=&#8221;4.7.7&#8243; _module_preset=&#8221;default&#8221;][et_pb_text _builder_version=&#8221;4.9.0&#8243; _module_preset=&#8221;default&#8221;]<\/p>\n<p>&nbsp;<\/p>\n<p>&nbsp;<\/p>\n<p>[\/et_pb_text][\/et_pb_column][\/et_pb_row][\/et_pb_section]<\/p>\n","protected":false},"excerpt":{"rendered":"<p>[et_pb_section fb_built=&#8221;1&#8243; _builder_version=&#8221;4.7.7&#8243; background_enable_image=&#8221;off&#8221;][et_pb_row _builder_version=&#8221;3.25&#8243; background_size=&#8221;initial&#8221; background_position=&#8221;top_left&#8221; background_repeat=&#8221;repeat&#8221;][et_pb_column type=&#8221;4_4&#8243; _builder_version=&#8221;3.25&#8243; custom_padding=&#8221;|||&#8221; custom_padding__hover=&#8221;|||&#8221;][et_pb_text _builder_version=&#8221;4.7.7&#8243; _module_preset=&#8221;default&#8221;] &nbsp; &nbsp; [\/et_pb_text][\/et_pb_column][\/et_pb_row][et_pb_row column_structure=&#8221;1_3,2_3&#8243; _builder_version=&#8221;3.25&#8243; background_size=&#8221;initial&#8221; background_position=&#8221;top_left&#8221; background_repeat=&#8221;repeat&#8221;][et_pb_column type=&#8221;1_3&#8243; _builder_version=&#8221;3.25&#8243; custom_padding=&#8221;|||&#8221; custom_padding__hover=&#8221;|||&#8221;][et_pb_text _builder_version=&#8221;4.9.0&#8243; _module_preset=&#8221;default&#8221;] &nbsp; &nbsp; T\u00fclin Onat [\/et_pb_text][et_pb_text _builder_version=&#8221;4.9.0&#8243; _module_preset=&#8221;default&#8221;] &nbsp; &nbsp; &nbsp; &nbsp; &nbsp; \u201cDilek A\u011fac\u0131\u201d Enstalasyon 2008 Akmerkez [\/et_pb_text][\/et_pb_column][et_pb_column type=&#8221;2_3&#8243; _builder_version=&#8221;3.25&#8243; custom_padding=&#8221;|||&#8221; custom_padding__hover=&#8221;|||&#8221;][et_pb_image src=&#8221;https:\/\/gsfsergi.ebyu.edu.tr\/wp-content\/uploads\/2021\/03\/Tulin-Onat-Detay.jpeg&#8221; title_text=&#8221;T\u00fclin Onat-Detay&#8221; show_in_lightbox=&#8221;on&#8221; use_overlay=&#8221;on&#8221; [&hellip;]<\/p>\n","protected":false},"author":9,"featured_media":0,"parent":0,"menu_order":0,"comment_status":"closed","ping_status":"closed","template":"","meta":{"_et_pb_use_builder":"on","_et_pb_old_content":"","_et_gb_content_width":"","spay_email":""},"jetpack_sharing_enabled":true,"jetpack_likes_enabled":true,"_links":{"self":[{"href":"https:\/\/gsfsergi.ebyu.edu.tr\/index.php?rest_route=\/wp\/v2\/pages\/4624"}],"collection":[{"href":"https:\/\/gsfsergi.ebyu.edu.tr\/index.php?rest_route=\/wp\/v2\/pages"}],"about":[{"href":"https:\/\/gsfsergi.ebyu.edu.tr\/index.php?rest_route=\/wp\/v2\/types\/page"}],"author":[{"embeddable":true,"href":"https:\/\/gsfsergi.ebyu.edu.tr\/index.php?rest_route=\/wp\/v2\/users\/9"}],"replies":[{"embeddable":true,"href":"https:\/\/gsfsergi.ebyu.edu.tr\/index.php?rest_route=%2Fwp%2Fv2%2Fcomments&post=4624"}],"version-history":[{"count":8,"href":"https:\/\/gsfsergi.ebyu.edu.tr\/index.php?rest_route=\/wp\/v2\/pages\/4624\/revisions"}],"predecessor-version":[{"id":5572,"href":"https:\/\/gsfsergi.ebyu.edu.tr\/index.php?rest_route=\/wp\/v2\/pages\/4624\/revisions\/5572"}],"wp:attachment":[{"href":"https:\/\/gsfsergi.ebyu.edu.tr\/index.php?rest_route=%2Fwp%2Fv2%2Fmedia&parent=4624"}],"curies":[{"name":"wp","href":"https:\/\/api.w.org\/{rel}","templated":true}]}}