{"id":4620,"date":"2021-03-08T10:27:20","date_gmt":"2021-03-08T07:27:20","guid":{"rendered":"https:\/\/gsfsergi.ebyu.edu.tr\/?page_id=4620"},"modified":"2021-03-17T22:03:50","modified_gmt":"2021-03-17T19:03:50","slug":"tulay-kayabekir-kadin-sergisi","status":"publish","type":"page","link":"https:\/\/gsfsergi.ebyu.edu.tr\/?page_id=4620","title":{"rendered":"T\u00fclay Kayabekir &#8211; Kad\u0131n Sergisi"},"content":{"rendered":"<p>[et_pb_section fb_built=&#8221;1&#8243; _builder_version=&#8221;4.7.7&#8243; background_enable_image=&#8221;off&#8221;][et_pb_row _builder_version=&#8221;3.25&#8243; background_size=&#8221;initial&#8221; background_position=&#8221;top_left&#8221; background_repeat=&#8221;repeat&#8221;][et_pb_column type=&#8221;4_4&#8243; _builder_version=&#8221;3.25&#8243; custom_padding=&#8221;|||&#8221; custom_padding__hover=&#8221;|||&#8221;][et_pb_text _builder_version=&#8221;4.7.7&#8243; _module_preset=&#8221;default&#8221;]<\/p>\n<p>&nbsp;<\/p>\n<p>&nbsp;<\/p>\n<p>[\/et_pb_text][\/et_pb_column][\/et_pb_row][et_pb_row column_structure=&#8221;1_3,2_3&#8243; _builder_version=&#8221;3.25&#8243; background_size=&#8221;initial&#8221; background_position=&#8221;top_left&#8221; background_repeat=&#8221;repeat&#8221;][et_pb_column type=&#8221;1_3&#8243; _builder_version=&#8221;3.25&#8243; custom_padding=&#8221;|||&#8221; custom_padding__hover=&#8221;|||&#8221;][et_pb_text _builder_version=&#8221;4.9.0&#8243; _module_preset=&#8221;default&#8221;]<\/p>\n<p>&nbsp;<\/p>\n<p>&nbsp;<\/p>\n<p style=\"text-align: right;\"><span style=\"font-family: 'times new roman', times, serif; font-size: 36pt; color: #800080;\"><em>T\u00fclay Kayabekir<\/em><\/span><\/p>\n<p>[\/et_pb_text][et_pb_text _builder_version=&#8221;4.9.0&#8243; _module_preset=&#8221;default&#8221;]<\/p>\n<p>&nbsp;<\/p>\n<p>&nbsp;<\/p>\n<p>&nbsp;<\/p>\n<p>&nbsp;<\/p>\n<p>&nbsp;<\/p>\n<p style=\"text-align: right;\"><strong><em><span style=\"color: #800080; font-family: 'times new roman', times, serif;\">\u201cBize Dair\u201d<\/span><\/em><\/strong><br \/><strong><em><span style=\"color: #800080; font-family: 'times new roman', times, serif;\"> 100\u00d7140 cm<\/span><\/em><\/strong><br \/><strong><em><span style=\"color: #800080; font-family: 'times new roman', times, serif;\">Dijital<\/span><\/em><\/strong><br \/><strong><em><span style=\"color: #800080; font-family: 'times new roman', times, serif;\"> 2021<\/span><\/em><\/strong><\/p>\n<p>[\/et_pb_text][\/et_pb_column][et_pb_column type=&#8221;2_3&#8243; _builder_version=&#8221;3.25&#8243; custom_padding=&#8221;|||&#8221; custom_padding__hover=&#8221;|||&#8221;][et_pb_image src=&#8221;https:\/\/gsfsergi.ebyu.edu.tr\/wp-content\/uploads\/2021\/03\/Tulay-Kayabekir-scaled.jpg&#8221; title_text=&#8221;T\u00fclay Kayabekir&#8221; show_in_lightbox=&#8221;on&#8221; use_overlay=&#8221;on&#8221; overlay_icon_color=&#8221;#ffffff&#8221; hover_overlay_color=&#8221;rgba(128,0,128,0.19)&#8221; hover_icon=&#8221;%%51%%&#8221; _builder_version=&#8221;4.9.0&#8243; _module_preset=&#8221;default&#8221;][\/et_pb_image][et_pb_text _builder_version=&#8221;4.9.0&#8243; background_color=&#8221;rgba(255,255,255,0.64)&#8221; background_size=&#8221;initial&#8221; background_position=&#8221;top_left&#8221; background_repeat=&#8221;repeat&#8221;]<\/p>\n<p style=\"text-align: center;\"><span style=\"color: #800080;\"><span style=\"font-size: 36pt;\"><strong><a href=\"https:\/\/gsfsergi.ebyu.edu.tr\/?page_id=4616\">\u2039<\/a>\u00a0 \u00a0 <\/strong><\/span><span style=\"font-size: 14pt;\">I<span style=\"font-size: 36pt;\">\u00a0 \u00a0 <\/span><\/span><a href=\"https:\/\/gsfsergi.ebyu.edu.tr\/?page_id=4624\"><strong><span style=\"font-size: 36pt;\">\u203a<\/span><\/strong><\/a><\/span><\/p>\n<p>[\/et_pb_text][et_pb_text _builder_version=&#8221;4.7.7&#8243; background_color=&#8221;rgba(255,255,255,0.64)&#8221; background_size=&#8221;initial&#8221; background_position=&#8221;top_left&#8221; background_repeat=&#8221;repeat&#8221;]<\/p>\n<p style=\"text-align: center;\"><a href=\"https:\/\/gsfsergi.ebyu.edu.tr\/?page_id=607\"><em><span style=\"font-size: 11pt; font-family: 'times new roman', times, serif;\"><span style=\"color: #800080;\">Sergi Anasayfa<\/span><\/span><\/em><\/a><\/p>\n<p>[\/et_pb_text][\/et_pb_column][\/et_pb_row][et_pb_row _builder_version=&#8221;3.25&#8243; background_size=&#8221;initial&#8221; background_position=&#8221;top_left&#8221; background_repeat=&#8221;repeat&#8221;][et_pb_column type=&#8221;4_4&#8243; _builder_version=&#8221;3.25&#8243; custom_padding=&#8221;|||&#8221; custom_padding__hover=&#8221;|||&#8221;][et_pb_text _builder_version=&#8221;4.9.0&#8243; _module_preset=&#8221;default&#8221;]<\/p>\n<p>&nbsp;<\/p>\n<p style=\"padding-left: 40px;\"><span style=\"color: #800080; font-size: 24pt; font-family: 'times new roman', times, serif;\">Bize Dair<\/span><\/p>\n<p>[\/et_pb_text][et_pb_text _builder_version=&#8221;4.9.0&#8243; background_color=&#8221;rgba(255,255,255,0.48)&#8221; background_size=&#8221;initial&#8221; background_position=&#8221;top_left&#8221; background_repeat=&#8221;repeat&#8221;]<\/p>\n<p>&nbsp;<\/p>\n<p style=\"text-align: left; padding-left: 40px; padding-right: 40px;\"><em><span style=\"font-family: 'times new roman', times, serif; font-size: 12pt; color: #800080;\">Bize kad\u0131n\u0131n tan\u0131m\u0131n\u0131 yapt\u0131ran ya da yapmaya zorlayan ger\u00e7ekler, \u015fu anki bilincimizi olu\u015fturan insanl\u0131k ge\u00e7mi\u015fine aittir. Ya\u015famda kalabilmek ve ya\u015fam\u0131 devam ettirebilmek ad\u0131na v\u00fccudun i\u015flevlerine g\u00f6re \u015fekillenen ve da\u011f\u0131t\u0131lan g\u00f6revler, ihtiyaca y\u00f6nelik olmas\u0131 gerek\u00e7esiyle erke\u011fe de kad\u0131na da yap\u0131\u015fm\u0131\u015f ve \u00f6ylece kalm\u0131\u015f. Zaman ge\u00e7tik\u00e7e kad\u0131n\u0131n yapabilirlikleri unutulmu\u015f ya da unutturulmu\u015f. Tek ba\u015f\u0131na bir varl\u0131k olamad\u0131\u011f\u0131 y\u00f6n\u00fcndeki s\u00f6ylemler erke\u011fin de tek ba\u015f\u0131na bir varl\u0131k olamad\u0131\u011f\u0131 ger\u00e7e\u011fini \u00f6rterken, \u00e7ok derinlerde, ge\u00e7mi\u015fte, birbirini \u00e7o\u011faltan iki cinsin birbirini ya\u015fatt\u0131\u011f\u0131 ger\u00e7e\u011fi unutulmu\u015f.<br \/>\u201cKad\u0131n\u201d var oldu\u011funu ispatlamak i\u00e7in kural koyucular\u0131n kurallar\u0131n\u0131 yerine getirmeye \u00e7al\u0131\u015ft\u0131k\u00e7a uzakla\u015fm\u0131\u015f kendi \u00f6z\u00fcnden yani ya\u015fam\u0131n di\u011fer par\u00e7as\u0131 oldu\u011fu bilincinden. K\u00fclt\u00fcr, gelenek, \u00f6rf, \u00e2det diye iyiden iyiye kemikle\u015fmi\u015f bu yakla\u015f\u0131m. Art\u0131k \u201ckad\u0131n\u201d insanl\u0131k olarak tan\u0131mlanan bu d\u00fcnyada hangi k\u00fclt\u00fcrde, dilde ya da dinde oldu\u011fu \u00f6nemli olmadan, kurallar ve gelenekler ad\u0131 alt\u0131nda ya\u015fam\u0131n kayna\u011f\u0131n\u0131n di\u011fer par\u00e7as\u0131 oldu\u011fu ger\u00e7e\u011fi unutturulan bir \u201cvarl\u0131k\u201d olmu\u015f. Anne, teyze, k\u0131z evlat, abla, e\u015f, anneanne-babaanne olmu\u015f ve hepsini kad\u0131n oldu\u011fu i\u00e7in \u2018olmu\u015f\u2019. Kad\u0131n oldu\u011fu i\u00e7in ondan olmas\u0131 istenen ve beklenen kad\u0131na dair t\u00fcm s\u0131fatlar\u0131 kendili\u011finden kabul etmi\u015f. Ancak birey olarak \u201cKad\u0131n\u201d olamam\u0131\u015f, kendi olamam\u0131\u015f, olmak istedi\u011finde ise ya yok say\u0131lm\u0131\u015f ya da yok edilmi\u015f. Donup kalm\u0131\u015f hayat\u0131n tam ortas\u0131nda. Uzak ge\u00e7mi\u015fine bak\u0131p g\u00f6rmeye \u00e7al\u0131\u015fm\u0131\u015f kendisini, annesini, anneannesini, onun annesinin, kendisine y\u00fckledikleri \u00f6\u011fretilerin ne kadar ezbere oldu\u011fu ger\u00e7e\u011fini. Onu saran ama sarmalarken uyu\u015fturan, onu seven ama severken beklentileri kar\u015f\u0131l\u0131\u011f\u0131 de\u011fer g\u00f6ren, onu sayan ama ya\u015fam hakk\u0131 tan\u0131mayan \u00e7\u0131karc\u0131 g\u00f6stermelik duyarl\u0131l\u0131\u011f\u0131n insani olmayan gerek\u00e7elerinin nedenini anlam\u0131\u015f ve fark etmi\u015f,<br \/>Biz kad\u0131nlar\u0131 \u00e7oktan tan\u0131mlam\u0131\u015flar hi\u00e7 bize sormadan<br \/>Ve roller y\u00fcklemi\u015fler istedi\u011fimize bakmadan&#8230;<br \/>T\u00fcm bu izlerle tan\u0131mlamak gerekir belki Kad\u0131n\u2019\u0131&#8230; \u0130\u00e7inde ya da d\u0131\u015f\u0131nda ta\u015f\u0131d\u0131\u011f\u0131 izlerin insani olmayan gerek\u00e7elerini tek tek anlatmakt\u0131r gereken.<br \/>Kendini yani i\u00e7ini, g\u00fcc\u00fcn\u00fc, c\u00f6mertli\u011fini, bilgeli\u011fini, sabr\u0131n\u0131, sevgisini, eme\u011fini kim ve ne i\u00e7in kulland\u0131\u011f\u0131n\u0131 sormakt\u0131r belki Kad\u0131n\u2019\u0131n tan\u0131m\u0131.<br \/>Ge\u00e7mi\u015fine, \u015fimdisine ve gelece\u011fine kendi i\u00e7inden bakabilmesini sa\u011flamakt\u0131r.<br \/>Belki sadece bilindik tan\u0131mlarla m\u00fckemmelli\u011fini anlatmak yerine elinden al\u0131nanlar\u0131n ve istemeden ya da fark\u0131nda olmadan vermek zorunda kald\u0131\u011f\u0131 \u00f6zg\u00fcrl\u00fcklerin neden ve neler oldu\u011funu hat\u0131rlatmakt\u0131r&#8230;<br \/>Belki de var olma ve hakk\u0131 olan ya\u015fam ger\u00e7e\u011finin elinden al\u0131nma nedeninin \u2018Kad\u0131n Olmak\u2019 olmad\u0131\u011f\u0131 ya da olmamas\u0131 gerekti\u011fi t\u00fcm k\u00fclt\u00fcrlerde, dinde ve dilde bir kez daha anlat\u0131larak tan\u0131mlanmal\u0131d\u0131r Kad\u0131n.<br \/>Ama art\u0131k zaman donmu\u015f ve sanki her \u015fey ayn\u0131 ger\u00e7ekli\u011fiyle de\u011fi\u015fmeden ya\u015fanmakta gibi&#8230; ve<br \/>Sanat, de\u011fi\u015ftirilemez ve dokunulamaz olarak g\u00f6r\u00fclen ge\u00e7mi\u015fin yaralar\u0131n\u0131 kapatmak i\u00e7in tekrar Kad\u0131n\u2019\u0131 tan\u0131mlamak \u00fczere,<br \/>yeniden, yine, tekrar eden ya\u015fam hakk\u0131 ihlallerine<br \/>ve de\u011fi\u015ftirilmesi gerekti\u011fine inan\u0131lan Kad\u0131n ger\u00e7e\u011fine de\u011finmekte.<br \/>Sanat\u00e7\u0131 yeniden sunar izleyiciye duyumsad\u0131klar\u0131n\u0131 \u00f6znel alg\u0131s\u0131yla<br \/>Dokunur kad\u0131n olgusuna,<br \/>Bakars\u0131n\u0131z iki boyutlu y\u00fczeyde duran bir kad\u0131na,<br \/>Belki g\u00f6lgesi d\u00fc\u015fm\u00fc\u015ft\u00fcr belli belirsiz suretin arkas\u0131na<br \/>Kim bilir belki de ruhudur, umududur mavilik, yans\u0131yan k\u00e2\u011f\u0131da&#8230;<br \/>Ve art\u0131k sanat Kad\u0131n\u2019a dair anlat\u0131lan ile anlat\u0131lamayanlar\u0131n g\u00f6lgesini sezmek, \u00e7\u00f6zmek ve \u00e7izmek olarak yans\u0131r fani d\u00fcnyaya&#8230;<br \/>Umar\u0131m Kad\u0131n\u2019a dair kapanamaz oldu\u011fu d\u00fc\u015f\u00fcn\u00fclen yaralara yenileri eklenmez<br \/>Umar\u0131m hepimiz Kad\u0131n\u2019a dair benzerlikleri insani duyarl\u0131l\u0131kla alg\u0131lar ve anlar\u0131z kendimizde&#8230;<br \/>\u00c7\u00fcnk\u00fc biz unuttu\u011fumuz ya\u015fam hakk\u0131 ger\u00e7e\u011finin e\u015fit haklar\u0131na sahip olan,<br \/>Baba\u2019dan olma Ana\u2019dan do\u011fmay\u0131z bu d\u00fcnyada&#8230;<br \/><\/span><\/em><\/p>\n<p style=\"padding-right: 40px; text-align: right;\"><em><span style=\"font-family: 'times new roman', times, serif; font-size: 12pt; color: #800080;\">T\u00fclay KAYABEK\u0130R<\/span><\/em><\/p>\n<p style=\"text-align: left; padding-left: 40px;\">[\/et_pb_text][\/et_pb_column][\/et_pb_row][et_pb_row _builder_version=&#8221;4.7.7&#8243; _module_preset=&#8221;default&#8221;][et_pb_column type=&#8221;4_4&#8243; _builder_version=&#8221;4.7.7&#8243; _module_preset=&#8221;default&#8221;][et_pb_text _builder_version=&#8221;4.7.7&#8243; _module_preset=&#8221;default&#8221;]<\/p>\n<p>&nbsp;<\/p>\n<p>&nbsp;<\/p>\n<p>[\/et_pb_text][\/et_pb_column][\/et_pb_row][et_pb_row column_structure=&#8221;1_3,2_3&#8243; _builder_version=&#8221;4.7.7&#8243; _module_preset=&#8221;default&#8221;][et_pb_column type=&#8221;1_3&#8243; _builder_version=&#8221;4.7.7&#8243; _module_preset=&#8221;default&#8221;][et_pb_text _builder_version=&#8221;4.9.0&#8243; _module_preset=&#8221;default&#8221;]<\/p>\n<p><img class=\"aligncenter\" src=\"https:\/\/gsfsergi.ebyu.edu.tr\/wp-content\/uploads\/2021\/03\/Tulay-Kayabekir-Portre-scaled.jpg\" \/><\/p>\n<p>[\/et_pb_text][\/et_pb_column][et_pb_column type=&#8221;2_3&#8243; _builder_version=&#8221;4.7.7&#8243; _module_preset=&#8221;default&#8221;][et_pb_accordion open_toggle_text_color=&#8221;#800080&#8243; closed_toggle_text_color=&#8221;#800080&#8243; _builder_version=&#8221;4.9.0&#8243; _module_preset=&#8221;default&#8221; toggle_text_color=&#8221;#800080&#8243; toggle_font=&#8221;Times New Roman||on||||||&#8221; closed_toggle_font=&#8221;Times New Roman||on||||||&#8221; body_font=&#8221;Times New Roman||on||||||&#8221; body_text_color=&#8221;#800080&#8243;][et_pb_accordion_item title=&#8221;T\u00fclay Kayabekir&#8221; open=&#8221;on&#8221; _builder_version=&#8221;4.9.0&#8243; _module_preset=&#8221;default&#8221;][\/et_pb_accordion_item][et_pb_accordion_item title=&#8221;\u00d6zge\u00e7mi\u015f&#8221; _builder_version=&#8221;4.9.0&#8243; _module_preset=&#8221;default&#8221; toggle_font=&#8221;Times New Roman||on||||||&#8221; open=&#8221;off&#8221;]<\/p>\n<p style=\"padding-left: 40px;\"><em><span style=\"font-family: 'times new roman', times, serif;\">Do\u00e7 Dr. T\u00fclay Kayabekir, 1970 K\u00fctahya\u2019da do\u011fdu.<\/span><\/em><br \/><em><span style=\"font-family: 'times new roman', times, serif;\">1993 Samsun 19 May\u0131s \u00dcniversitesi Resim-\u0130\u015f E\u011fitimi Grafik B\u00f6l\u00fcm\u00fcn\u00fc bitirdi.<\/span><\/em><br \/><em><span style=\"font-family: 'times new roman', times, serif;\">1994 Erzurum Atat\u00fcrk \u00dcniversitesi G\u00fczel Sanatlar Fak\u00fcltesi Grafik B\u00f6l\u00fcm\u00fcnde Ara\u015ft\u0131rma G\u00f6revlisi olarak g\u00f6reve ba\u015flad\u0131.<\/span><\/em><br \/><em><span style=\"font-family: 'times new roman', times, serif;\">2001 Erzurum Atat\u00fcrk \u00dcniversitesi G\u00fczel Sanatlar Fak\u00fcltesi Foto\u011fraf B\u00f6l\u00fcm\u00fcnde Mast\u0131r\u0131n\u0131 tamamlad\u0131.<\/span><\/em><br \/><em><span style=\"font-family: 'times new roman', times, serif;\">2010 Gazi \u00dcniversitesi, Gazi E\u011fitim Fak\u00fcltesi Resim B\u00f6l\u00fcm\u00fcnde doktora e\u011fitimini tamamlad\u0131. \u00c7ok say\u0131da ulusal ve uluslararas\u0131 sergilere kat\u0131lan sanat\u00e7\u0131, halen Atat\u00fcrk \u00dcniversitesi G\u00fczel Sanatlar Fak\u00fcltesi Grafik B\u00f6l\u00fcm\u00fcn \u2018de g\u00f6rev yapmaktad\u0131r.<\/span><\/em><\/p>\n<p>[\/et_pb_accordion_item][\/et_pb_accordion][\/et_pb_column][\/et_pb_row][et_pb_row _builder_version=&#8221;4.7.7&#8243; _module_preset=&#8221;default&#8221;][et_pb_column type=&#8221;4_4&#8243; _builder_version=&#8221;4.7.7&#8243; _module_preset=&#8221;default&#8221;][et_pb_text _builder_version=&#8221;4.9.0&#8243; _module_preset=&#8221;default&#8221;]<\/p>\n<p>&nbsp;<\/p>\n<p>&nbsp;<\/p>\n<p>[\/et_pb_text][\/et_pb_column][\/et_pb_row][\/et_pb_section]<\/p>\n","protected":false},"excerpt":{"rendered":"<p>[et_pb_section fb_built=&#8221;1&#8243; _builder_version=&#8221;4.7.7&#8243; background_enable_image=&#8221;off&#8221;][et_pb_row _builder_version=&#8221;3.25&#8243; background_size=&#8221;initial&#8221; background_position=&#8221;top_left&#8221; background_repeat=&#8221;repeat&#8221;][et_pb_column type=&#8221;4_4&#8243; _builder_version=&#8221;3.25&#8243; custom_padding=&#8221;|||&#8221; custom_padding__hover=&#8221;|||&#8221;][et_pb_text _builder_version=&#8221;4.7.7&#8243; _module_preset=&#8221;default&#8221;] &nbsp; &nbsp; [\/et_pb_text][\/et_pb_column][\/et_pb_row][et_pb_row column_structure=&#8221;1_3,2_3&#8243; _builder_version=&#8221;3.25&#8243; background_size=&#8221;initial&#8221; background_position=&#8221;top_left&#8221; background_repeat=&#8221;repeat&#8221;][et_pb_column type=&#8221;1_3&#8243; _builder_version=&#8221;3.25&#8243; custom_padding=&#8221;|||&#8221; custom_padding__hover=&#8221;|||&#8221;][et_pb_text _builder_version=&#8221;4.9.0&#8243; _module_preset=&#8221;default&#8221;] &nbsp; &nbsp; T\u00fclay Kayabekir [\/et_pb_text][et_pb_text _builder_version=&#8221;4.9.0&#8243; _module_preset=&#8221;default&#8221;] &nbsp; &nbsp; &nbsp; &nbsp; &nbsp; \u201cBize Dair\u201d 100\u00d7140 cmDijital 2021 [\/et_pb_text][\/et_pb_column][et_pb_column type=&#8221;2_3&#8243; _builder_version=&#8221;3.25&#8243; custom_padding=&#8221;|||&#8221; custom_padding__hover=&#8221;|||&#8221;][et_pb_image src=&#8221;https:\/\/gsfsergi.ebyu.edu.tr\/wp-content\/uploads\/2021\/03\/Tulay-Kayabekir-scaled.jpg&#8221; title_text=&#8221;T\u00fclay Kayabekir&#8221; show_in_lightbox=&#8221;on&#8221; use_overlay=&#8221;on&#8221; [&hellip;]<\/p>\n","protected":false},"author":9,"featured_media":0,"parent":0,"menu_order":0,"comment_status":"closed","ping_status":"closed","template":"","meta":{"_et_pb_use_builder":"on","_et_pb_old_content":"","_et_gb_content_width":"","spay_email":""},"jetpack_sharing_enabled":true,"jetpack_likes_enabled":true,"_links":{"self":[{"href":"https:\/\/gsfsergi.ebyu.edu.tr\/index.php?rest_route=\/wp\/v2\/pages\/4620"}],"collection":[{"href":"https:\/\/gsfsergi.ebyu.edu.tr\/index.php?rest_route=\/wp\/v2\/pages"}],"about":[{"href":"https:\/\/gsfsergi.ebyu.edu.tr\/index.php?rest_route=\/wp\/v2\/types\/page"}],"author":[{"embeddable":true,"href":"https:\/\/gsfsergi.ebyu.edu.tr\/index.php?rest_route=\/wp\/v2\/users\/9"}],"replies":[{"embeddable":true,"href":"https:\/\/gsfsergi.ebyu.edu.tr\/index.php?rest_route=%2Fwp%2Fv2%2Fcomments&post=4620"}],"version-history":[{"count":5,"href":"https:\/\/gsfsergi.ebyu.edu.tr\/index.php?rest_route=\/wp\/v2\/pages\/4620\/revisions"}],"predecessor-version":[{"id":5570,"href":"https:\/\/gsfsergi.ebyu.edu.tr\/index.php?rest_route=\/wp\/v2\/pages\/4620\/revisions\/5570"}],"wp:attachment":[{"href":"https:\/\/gsfsergi.ebyu.edu.tr\/index.php?rest_route=%2Fwp%2Fv2%2Fmedia&parent=4620"}],"curies":[{"name":"wp","href":"https:\/\/api.w.org\/{rel}","templated":true}]}}