{"id":4612,"date":"2021-03-08T10:25:39","date_gmt":"2021-03-08T07:25:39","guid":{"rendered":"https:\/\/gsfsergi.ebyu.edu.tr\/?page_id=4612"},"modified":"2021-03-17T22:02:56","modified_gmt":"2021-03-17T19:02:56","slug":"tansel-turkdogan-kadin-sergisi","status":"publish","type":"page","link":"https:\/\/gsfsergi.ebyu.edu.tr\/?page_id=4612","title":{"rendered":"Tansel T\u00fcrkdo\u011fan &#8211; Kad\u0131n Sergisi"},"content":{"rendered":"<p>[et_pb_section fb_built=&#8221;1&#8243; _builder_version=&#8221;4.7.7&#8243; background_enable_image=&#8221;off&#8221;][et_pb_row _builder_version=&#8221;3.25&#8243; background_size=&#8221;initial&#8221; background_position=&#8221;top_left&#8221; background_repeat=&#8221;repeat&#8221;][et_pb_column type=&#8221;4_4&#8243; _builder_version=&#8221;3.25&#8243; custom_padding=&#8221;|||&#8221; custom_padding__hover=&#8221;|||&#8221;][et_pb_text _builder_version=&#8221;4.7.7&#8243; _module_preset=&#8221;default&#8221;]<\/p>\n<p>&nbsp;<\/p>\n<p>&nbsp;<\/p>\n<p>[\/et_pb_text][\/et_pb_column][\/et_pb_row][et_pb_row column_structure=&#8221;1_3,2_3&#8243; _builder_version=&#8221;3.25&#8243; background_size=&#8221;initial&#8221; background_position=&#8221;top_left&#8221; background_repeat=&#8221;repeat&#8221;][et_pb_column type=&#8221;1_3&#8243; _builder_version=&#8221;3.25&#8243; custom_padding=&#8221;|||&#8221; custom_padding__hover=&#8221;|||&#8221;][et_pb_text _builder_version=&#8221;4.9.0&#8243; _module_preset=&#8221;default&#8221;]<\/p>\n<p>&nbsp;<\/p>\n<p>&nbsp;<\/p>\n<p style=\"text-align: right;\"><span style=\"font-family: 'times new roman', times, serif; font-size: 36pt; color: #800080;\"><em>Tansel T\u00fcrkdo\u011fan<\/em><\/span><\/p>\n<p>[\/et_pb_text][et_pb_text _builder_version=&#8221;4.9.0&#8243; _module_preset=&#8221;default&#8221;]<\/p>\n<p>&nbsp;<\/p>\n<p>&nbsp;<\/p>\n<p>&nbsp;<\/p>\n<p>&nbsp;<\/p>\n<p>&nbsp;<\/p>\n<p style=\"text-align: right;\"><strong><em><span style=\"color: #800080; font-family: 'times new roman', times, serif;\">\u201cSim\u00fclasyon Serisi-10\u201d<\/span><\/em><\/strong><br \/><strong><em><span style=\"color: #800080; font-family: 'times new roman', times, serif;\"> 25\u00d725 cm<\/span><\/em><\/strong><br \/><strong><em><span style=\"color: #800080; font-family: 'times new roman', times, serif;\"> Tuval \u00dczerine Akrilik Boya<\/span><\/em><\/strong><br \/><strong><em><span style=\"color: #800080; font-family: 'times new roman', times, serif;\"> 2019<\/span><\/em><\/strong><\/p>\n<p>[\/et_pb_text][\/et_pb_column][et_pb_column type=&#8221;2_3&#8243; _builder_version=&#8221;3.25&#8243; custom_padding=&#8221;|||&#8221; custom_padding__hover=&#8221;|||&#8221;][et_pb_image src=&#8221;https:\/\/gsfsergi.ebyu.edu.tr\/wp-content\/uploads\/2021\/03\/Tansel-Turkdogan.jpeg&#8221; title_text=&#8221;Tansel T\u00fcrkdo\u011fan&#8221; show_in_lightbox=&#8221;on&#8221; use_overlay=&#8221;on&#8221; overlay_icon_color=&#8221;#ffffff&#8221; hover_overlay_color=&#8221;rgba(128,0,128,0.19)&#8221; hover_icon=&#8221;%%51%%&#8221; align=&#8221;center&#8221; _builder_version=&#8221;4.9.0&#8243; _module_preset=&#8221;default&#8221;][\/et_pb_image][et_pb_text _builder_version=&#8221;4.9.0&#8243; background_color=&#8221;rgba(255,255,255,0.64)&#8221; background_size=&#8221;initial&#8221; background_position=&#8221;top_left&#8221; background_repeat=&#8221;repeat&#8221;]<\/p>\n<p style=\"text-align: center;\"><span style=\"color: #800080;\"><span style=\"font-size: 36pt;\"><strong><a href=\"https:\/\/gsfsergi.ebyu.edu.tr\/?page_id=4608\">\u2039<\/a>\u00a0 \u00a0 <\/strong><\/span><span style=\"font-size: 14pt;\">I<span style=\"font-size: 36pt;\">\u00a0 \u00a0 <\/span><\/span><a href=\"https:\/\/gsfsergi.ebyu.edu.tr\/?page_id=4616\"><strong><span style=\"font-size: 36pt;\">\u203a<\/span><\/strong><\/a><\/span><\/p>\n<p>[\/et_pb_text][et_pb_text _builder_version=&#8221;4.7.7&#8243; background_color=&#8221;rgba(255,255,255,0.64)&#8221; background_size=&#8221;initial&#8221; background_position=&#8221;top_left&#8221; background_repeat=&#8221;repeat&#8221;]<\/p>\n<p style=\"text-align: center;\"><a href=\"https:\/\/gsfsergi.ebyu.edu.tr\/?page_id=607\"><em><span style=\"font-size: 11pt; font-family: 'times new roman', times, serif;\"><span style=\"color: #800080;\">Sergi Anasayfa<\/span><\/span><\/em><\/a><\/p>\n<p>[\/et_pb_text][\/et_pb_column][\/et_pb_row][et_pb_row _builder_version=&#8221;4.7.7&#8243; _module_preset=&#8221;default&#8221;][et_pb_column type=&#8221;4_4&#8243; _builder_version=&#8221;4.7.7&#8243; _module_preset=&#8221;default&#8221;][et_pb_text _builder_version=&#8221;4.7.7&#8243; _module_preset=&#8221;default&#8221;]<\/p>\n<p>&nbsp;<\/p>\n<p>&nbsp;<\/p>\n<p>[\/et_pb_text][\/et_pb_column][\/et_pb_row][et_pb_row column_structure=&#8221;1_3,2_3&#8243; _builder_version=&#8221;4.7.7&#8243; _module_preset=&#8221;default&#8221;][et_pb_column type=&#8221;1_3&#8243; _builder_version=&#8221;4.7.7&#8243; _module_preset=&#8221;default&#8221;][et_pb_text _builder_version=&#8221;4.9.0&#8243; _module_preset=&#8221;default&#8221;]<\/p>\n<p><img class=\"aligncenter\" src=\"https:\/\/gsfsergi.ebyu.edu.tr\/wp-content\/uploads\/2021\/03\/portre20-tansel-turkdogan.jpg\" \/><\/p>\n<p>[\/et_pb_text][\/et_pb_column][et_pb_column type=&#8221;2_3&#8243; _builder_version=&#8221;4.7.7&#8243; _module_preset=&#8221;default&#8221;][et_pb_accordion open_toggle_text_color=&#8221;#800080&#8243; closed_toggle_text_color=&#8221;#800080&#8243; _builder_version=&#8221;4.9.0&#8243; _module_preset=&#8221;default&#8221; toggle_text_color=&#8221;#800080&#8243; toggle_font=&#8221;Times New Roman||on||||||&#8221; closed_toggle_font=&#8221;Times New Roman||on||||||&#8221; body_font=&#8221;Times New Roman||on||||||&#8221; body_text_color=&#8221;#800080&#8243;][et_pb_accordion_item title=&#8221;Tansel T\u00fcrkdo\u011fan&#8221; open=&#8221;on&#8221; _builder_version=&#8221;4.9.0&#8243; _module_preset=&#8221;default&#8221;][\/et_pb_accordion_item][et_pb_accordion_item title=&#8221;\u00d6zge\u00e7mi\u015f&#8221; _builder_version=&#8221;4.9.0&#8243; _module_preset=&#8221;default&#8221; toggle_font=&#8221;Times New Roman||on||||||&#8221; open=&#8221;off&#8221;]<\/p>\n<p style=\"padding-left: 40px;\"><em><span style=\"font-family: 'times new roman', times, serif;\">Lisans ve lisans\u00fcst\u00fc e\u011fitimlerinin ard\u0131ndan ,1989\u2019dan itibaren ODT\u00dc\u2019de s\u0131ras\u0131 ile asistan \u00d6\u011fretim G\u00f6revlisi ve \u00d6\u011fretim \u00dcyesi olarak g\u00f6revine devam etti,1998\u2019de Do\u00e7ent , 2004 \u2018de Profes\u00f6r oldu , 2000 -2005 y\u0131llar\u0131nda ODT\u00dc G\u00fczel Sanatlar ve M\u00fczik B\u00f6l\u00fcm\u00fc Ba\u015fkanl\u0131\u011f\u0131n\u0131 yapt\u0131. 2005 Gazi \u00dcniversitesi G\u00fczel Sanatlar Fak\u00fcltesi Kurucu Dekan\u0131 olarak atand\u0131.<\/span><\/em><\/p>\n<p style=\"padding-left: 40px;\"><em><span style=\"font-family: 'times new roman', times, serif;\">Tansel T\u00fcrkdo\u011fan,\u00a0 90\u2019lar\u0131n ba\u015f\u0131ndan itibaren g\u00fcncel sanat pratikleri ile ilgilenmeye ba\u015flad\u0131 ve \u00fcretimler ger\u00e7ekle\u015ftirdi. 1989 y\u0131l\u0131ndan itibaren Amerika Birle\u015fik Devletleri, \u0130talya, \u0130ran, Almanya, Bel\u00e7ika, Fransa , Hollanda , Polonya , Yunanistan , \u00c7in , \u00c7ek Cumhuriyeti , Romanya , S\u0131rbistan ,\u00a0 G\u00fcrcistan ve Tunus\u2019ta\u00a0 \u00dcniversiteler, galerilerde \u00e7al\u0131\u015fmalar yapt\u0131, workshoplara , proje ve grup sergilerine\u00a0 kat\u0131ld\u0131, k\u00fcrat\u00f6rl\u00fckler \u00fcstlendi.\u00a0 \u201c\u00c7a\u011fda\u015f Sanat\u201d ve \u201cModernizm Sonras\u0131 Sanat tart\u0131\u015fmalar\u0131-Sanat K\u00fclt\u00fcr Politika\u201d adl\u0131 kitaplar\u0131 bulunan T\u00fcrkdo\u011fan, bug\u00fcne kadar 25 ki\u015fisel sergi( \u00fc\u00e7\u00fc yurtd\u0131\u015f\u0131) a\u00e7m\u0131\u015f, uluslararas\u0131 ve ulusal sempozyumlara , bienallere \u00e7al\u0131\u015fmalar\u0131 , proje ve bildirileri ile kat\u0131lm\u0131\u015f, TRT\u2019de dan\u0131\u015fmanl\u0131k, UNESCO UPSD y\u00f6netim kurulu \u00fcyeli\u011fi yapm\u0131\u015f,\u00a0 sanat dergileri ve g\u00fcnl\u00fck gazetelerde makaleler yazm\u0131\u015ft\u0131r , Koridoor sanat\u00e7\u0131lar\u0131 aras\u0131nda yer almaktad\u0131r. Sergileri hakk\u0131nda kataloglar , pek \u00e7ok kritik ve haber yaz\u0131s\u0131 bas\u0131lm\u0131\u015ft\u0131r.<\/span><\/em><\/p>\n<p style=\"padding-left: 40px;\"><em><span style=\"font-family: 'times new roman', times, serif;\">T\u00fcrkdo\u011fan, ODT\u00dc G\u00fczel Sanatlar ve M\u00fczik B\u00f6l\u00fcm\u00fc ve Mimarl\u0131k Fak\u00fcltesi, End\u00fcstri \u00dcr\u00fcnleri Tasar\u0131m\u0131 b\u00f6l\u00fcmlerinde dersler vermi\u015f , Gazi \u00dcniversitesi G\u00fczel Sanatlar Fak\u00fcltesi\u2019nde akademik g\u00f6revleri yan\u0131nda , lisans , Y. Lisans ve Sanatta Yeterlik Programlar\u0131nda dersler vermekte , halen ODT\u00dc GSMB, Ankara \u00dcniversitesi ve AHBVGSF\u2019de Resim B\u00f6l\u00fcm\u00fc \u00f6\u011fretim <\/span><\/em><em><span style=\"font-family: 'times new roman', times, serif;\">\u00fcyesi olarak g\u00f6revlerine devam etmektedir.<\/span><\/em><\/p>\n<p style=\"padding-left: 40px;\"><em><span style=\"font-family: 'times new roman', times, serif;\">Prof. Tansel T\u00fcrkdo\u011fan, sanat\u0131n g\u00fcncel sorunlar\u0131na ve postmodern duruma ilgi duymaktad\u0131r.<\/span><\/em><\/p>\n<p>[\/et_pb_accordion_item][\/et_pb_accordion][\/et_pb_column][\/et_pb_row][et_pb_row _builder_version=&#8221;4.7.7&#8243; _module_preset=&#8221;default&#8221;][et_pb_column type=&#8221;4_4&#8243; _builder_version=&#8221;4.7.7&#8243; _module_preset=&#8221;default&#8221;][et_pb_text _builder_version=&#8221;4.9.0&#8243; _module_preset=&#8221;default&#8221;]<\/p>\n<p>&nbsp;<\/p>\n<p>&nbsp;<\/p>\n<p>[\/et_pb_text][\/et_pb_column][\/et_pb_row][\/et_pb_section]<\/p>\n","protected":false},"excerpt":{"rendered":"<p>[et_pb_section fb_built=&#8221;1&#8243; _builder_version=&#8221;4.7.7&#8243; background_enable_image=&#8221;off&#8221;][et_pb_row _builder_version=&#8221;3.25&#8243; background_size=&#8221;initial&#8221; background_position=&#8221;top_left&#8221; background_repeat=&#8221;repeat&#8221;][et_pb_column type=&#8221;4_4&#8243; _builder_version=&#8221;3.25&#8243; custom_padding=&#8221;|||&#8221; custom_padding__hover=&#8221;|||&#8221;][et_pb_text _builder_version=&#8221;4.7.7&#8243; _module_preset=&#8221;default&#8221;] &nbsp; &nbsp; [\/et_pb_text][\/et_pb_column][\/et_pb_row][et_pb_row column_structure=&#8221;1_3,2_3&#8243; _builder_version=&#8221;3.25&#8243; background_size=&#8221;initial&#8221; background_position=&#8221;top_left&#8221; background_repeat=&#8221;repeat&#8221;][et_pb_column type=&#8221;1_3&#8243; _builder_version=&#8221;3.25&#8243; custom_padding=&#8221;|||&#8221; custom_padding__hover=&#8221;|||&#8221;][et_pb_text _builder_version=&#8221;4.9.0&#8243; _module_preset=&#8221;default&#8221;] &nbsp; &nbsp; Tansel T\u00fcrkdo\u011fan [\/et_pb_text][et_pb_text _builder_version=&#8221;4.9.0&#8243; _module_preset=&#8221;default&#8221;] &nbsp; &nbsp; &nbsp; &nbsp; &nbsp; \u201cSim\u00fclasyon Serisi-10\u201d 25\u00d725 cm Tuval \u00dczerine Akrilik Boya 2019 [\/et_pb_text][\/et_pb_column][et_pb_column type=&#8221;2_3&#8243; _builder_version=&#8221;3.25&#8243; custom_padding=&#8221;|||&#8221; custom_padding__hover=&#8221;|||&#8221;][et_pb_image src=&#8221;https:\/\/gsfsergi.ebyu.edu.tr\/wp-content\/uploads\/2021\/03\/Tansel-Turkdogan.jpeg&#8221; [&hellip;]<\/p>\n","protected":false},"author":9,"featured_media":0,"parent":0,"menu_order":0,"comment_status":"closed","ping_status":"closed","template":"","meta":{"_et_pb_use_builder":"on","_et_pb_old_content":"","_et_gb_content_width":"","spay_email":""},"jetpack_sharing_enabled":true,"jetpack_likes_enabled":true,"_links":{"self":[{"href":"https:\/\/gsfsergi.ebyu.edu.tr\/index.php?rest_route=\/wp\/v2\/pages\/4612"}],"collection":[{"href":"https:\/\/gsfsergi.ebyu.edu.tr\/index.php?rest_route=\/wp\/v2\/pages"}],"about":[{"href":"https:\/\/gsfsergi.ebyu.edu.tr\/index.php?rest_route=\/wp\/v2\/types\/page"}],"author":[{"embeddable":true,"href":"https:\/\/gsfsergi.ebyu.edu.tr\/index.php?rest_route=\/wp\/v2\/users\/9"}],"replies":[{"embeddable":true,"href":"https:\/\/gsfsergi.ebyu.edu.tr\/index.php?rest_route=%2Fwp%2Fv2%2Fcomments&post=4612"}],"version-history":[{"count":6,"href":"https:\/\/gsfsergi.ebyu.edu.tr\/index.php?rest_route=\/wp\/v2\/pages\/4612\/revisions"}],"predecessor-version":[{"id":5567,"href":"https:\/\/gsfsergi.ebyu.edu.tr\/index.php?rest_route=\/wp\/v2\/pages\/4612\/revisions\/5567"}],"wp:attachment":[{"href":"https:\/\/gsfsergi.ebyu.edu.tr\/index.php?rest_route=%2Fwp%2Fv2%2Fmedia&parent=4612"}],"curies":[{"name":"wp","href":"https:\/\/api.w.org\/{rel}","templated":true}]}}