{"id":4592,"date":"2021-03-08T10:21:32","date_gmt":"2021-03-08T07:21:32","guid":{"rendered":"https:\/\/gsfsergi.ebyu.edu.tr\/?page_id=4592"},"modified":"2021-03-17T22:02:11","modified_gmt":"2021-03-17T19:02:11","slug":"onay-akbas-kadin-sergisi","status":"publish","type":"page","link":"https:\/\/gsfsergi.ebyu.edu.tr\/?page_id=4592","title":{"rendered":"Onay Akba\u015f &#8211; Kad\u0131n Sergisi"},"content":{"rendered":"<p>[et_pb_section fb_built=&#8221;1&#8243; _builder_version=&#8221;4.7.7&#8243; background_enable_image=&#8221;off&#8221;][et_pb_row _builder_version=&#8221;3.25&#8243; background_size=&#8221;initial&#8221; background_position=&#8221;top_left&#8221; background_repeat=&#8221;repeat&#8221;][et_pb_column type=&#8221;4_4&#8243; _builder_version=&#8221;3.25&#8243; custom_padding=&#8221;|||&#8221; custom_padding__hover=&#8221;|||&#8221;][et_pb_text _builder_version=&#8221;4.7.7&#8243; _module_preset=&#8221;default&#8221;]<\/p>\n<p>&nbsp;<\/p>\n<p>&nbsp;<\/p>\n<p>[\/et_pb_text][\/et_pb_column][\/et_pb_row][et_pb_row column_structure=&#8221;1_3,2_3&#8243; _builder_version=&#8221;3.25&#8243; background_size=&#8221;initial&#8221; background_position=&#8221;top_left&#8221; background_repeat=&#8221;repeat&#8221;][et_pb_column type=&#8221;1_3&#8243; _builder_version=&#8221;3.25&#8243; custom_padding=&#8221;|||&#8221; custom_padding__hover=&#8221;|||&#8221;][et_pb_text _builder_version=&#8221;4.9.0&#8243; _module_preset=&#8221;default&#8221;]<\/p>\n<p>&nbsp;<\/p>\n<p>&nbsp;<\/p>\n<p style=\"text-align: right;\"><span style=\"font-family: 'times new roman', times, serif; font-size: 36pt; color: #800080;\"><em>Onay Akba\u015f<\/em><\/span><\/p>\n<p>[\/et_pb_text][et_pb_text _builder_version=&#8221;4.9.0&#8243; _module_preset=&#8221;default&#8221;]<\/p>\n<p>&nbsp;<\/p>\n<p>&nbsp;<\/p>\n<p>&nbsp;<\/p>\n<p>&nbsp;<\/p>\n<p>&nbsp;<\/p>\n<p style=\"text-align: right;\"><strong><em><span style=\"color: #800080; font-family: 'times new roman', times, serif;\">\u201cA\u015fk&#8217;a Susamak\u201d<\/span><\/em><\/strong><br \/><strong><em><span style=\"color: #800080; font-family: 'times new roman', times, serif;\"> 200\u00d7150 cm<\/span><\/em><\/strong><br \/><strong><em><span style=\"color: #800080; font-family: 'times new roman', times, serif;\"> Tuval \u00dczerine Ya\u011fl\u0131 Boya<\/span><\/em><\/strong><br \/><strong><em><span style=\"color: #800080; font-family: 'times new roman', times, serif;\"> 2014<\/span><\/em><\/strong><\/p>\n<p>[\/et_pb_text][\/et_pb_column][et_pb_column type=&#8221;2_3&#8243; _builder_version=&#8221;3.25&#8243; custom_padding=&#8221;|||&#8221; custom_padding__hover=&#8221;|||&#8221;][et_pb_image src=&#8221;https:\/\/gsfsergi.ebyu.edu.tr\/wp-content\/uploads\/2021\/03\/Onay-Akbas-scaled.jpg&#8221; title_text=&#8221;Onay Akba\u015f&#8221; show_in_lightbox=&#8221;on&#8221; use_overlay=&#8221;on&#8221; overlay_icon_color=&#8221;#ffffff&#8221; hover_overlay_color=&#8221;rgba(128,0,128,0.19)&#8221; hover_icon=&#8221;%%51%%&#8221; _builder_version=&#8221;4.9.0&#8243; _module_preset=&#8221;default&#8221;][\/et_pb_image][et_pb_text _builder_version=&#8221;4.9.0&#8243; background_color=&#8221;rgba(255,255,255,0.64)&#8221; background_size=&#8221;initial&#8221; background_position=&#8221;top_left&#8221; background_repeat=&#8221;repeat&#8221;]<\/p>\n<p style=\"text-align: center;\"><span style=\"color: #800080;\"><span style=\"font-size: 36pt;\"><strong><a href=\"https:\/\/gsfsergi.ebyu.edu.tr\/?page_id=4588\">\u2039<\/a>\u00a0 \u00a0 <\/strong><\/span><span style=\"font-size: 14pt;\">I<span style=\"font-size: 36pt;\">\u00a0 \u00a0 <\/span><\/span><a href=\"https:\/\/gsfsergi.ebyu.edu.tr\/?page_id=4596\"><strong><span style=\"font-size: 36pt;\">\u203a<\/span><\/strong><\/a><\/span><\/p>\n<p>[\/et_pb_text][et_pb_text _builder_version=&#8221;4.7.7&#8243; background_color=&#8221;rgba(255,255,255,0.64)&#8221; background_size=&#8221;initial&#8221; background_position=&#8221;top_left&#8221; background_repeat=&#8221;repeat&#8221;]<\/p>\n<p style=\"text-align: center;\"><a href=\"https:\/\/gsfsergi.ebyu.edu.tr\/?page_id=607\"><em><span style=\"font-size: 11pt; font-family: 'times new roman', times, serif;\"><span style=\"color: #800080;\">Sergi Anasayfa<\/span><\/span><\/em><\/a><\/p>\n<p>[\/et_pb_text][\/et_pb_column][\/et_pb_row][et_pb_row _builder_version=&#8221;3.25&#8243; background_size=&#8221;initial&#8221; background_position=&#8221;top_left&#8221; background_repeat=&#8221;repeat&#8221;][et_pb_column type=&#8221;4_4&#8243; _builder_version=&#8221;3.25&#8243; custom_padding=&#8221;|||&#8221; custom_padding__hover=&#8221;|||&#8221;][et_pb_text _builder_version=&#8221;4.9.0&#8243; _module_preset=&#8221;default&#8221;]<\/p>\n<p>&nbsp;<\/p>\n<p style=\"padding-left: 40px;\"><span style=\"color: #800080; font-size: 24pt; font-family: 'times new roman', times, serif;\">Mektup<\/span><\/p>\n<p>[\/et_pb_text][et_pb_text _builder_version=&#8221;4.9.0&#8243; background_color=&#8221;rgba(255,255,255,0.48)&#8221; background_size=&#8221;initial&#8221; background_position=&#8221;top_left&#8221; background_repeat=&#8221;repeat&#8221;]<\/p>\n<p>&nbsp;<\/p>\n<p style=\"text-align: left; padding-left: 40px; padding-right: 40px;\"><span style=\"font-family: 'times new roman', times, serif; font-size: 12pt; color: #800080;\"><img src=\"https:\/\/gsfsergi.ebyu.edu.tr\/wp-content\/uploads\/2021\/03\/Onay-Akbas-Metin.jpg\" \/><\/span><\/p>\n<p style=\"padding-right: 40px; text-align: right;\"><em><span style=\"font-family: 'times new roman', times, serif; font-size: 12pt; color: #800080;\">Onay AKBA\u015e<\/span><\/em><\/p>\n<p style=\"text-align: left; padding-left: 40px;\">[\/et_pb_text][\/et_pb_column][\/et_pb_row][et_pb_row _builder_version=&#8221;4.7.7&#8243; _module_preset=&#8221;default&#8221;][et_pb_column type=&#8221;4_4&#8243; _builder_version=&#8221;4.7.7&#8243; _module_preset=&#8221;default&#8221;][et_pb_text _builder_version=&#8221;4.9.0&#8243; _module_preset=&#8221;default&#8221;]<\/p>\n<p>&nbsp;<\/p>\n<p>&nbsp;<\/p>\n<p>[\/et_pb_text][\/et_pb_column][\/et_pb_row][et_pb_row column_structure=&#8221;1_3,2_3&#8243; _builder_version=&#8221;4.7.7&#8243; _module_preset=&#8221;default&#8221;][et_pb_column type=&#8221;1_3&#8243; _builder_version=&#8221;4.7.7&#8243; _module_preset=&#8221;default&#8221;][et_pb_text _builder_version=&#8221;4.9.0&#8243; _module_preset=&#8221;default&#8221;]<\/p>\n<p><img class=\"aligncenter\" src=\"https:\/\/gsfsergi.ebyu.edu.tr\/wp-content\/uploads\/2021\/03\/Onay-Akbas-Portre.jpg\" \/><\/p>\n<p>[\/et_pb_text][\/et_pb_column][et_pb_column type=&#8221;2_3&#8243; _builder_version=&#8221;4.7.7&#8243; _module_preset=&#8221;default&#8221;][et_pb_accordion open_toggle_text_color=&#8221;#800080&#8243; closed_toggle_text_color=&#8221;#800080&#8243; _builder_version=&#8221;4.9.0&#8243; _module_preset=&#8221;default&#8221; toggle_text_color=&#8221;#800080&#8243; toggle_font=&#8221;Times New Roman||on||||||&#8221; closed_toggle_font=&#8221;Times New Roman||on||||||&#8221; body_font=&#8221;Times New Roman||on||||||&#8221; body_text_color=&#8221;#800080&#8243;][et_pb_accordion_item title=&#8221;Onay Akba\u015f&#8221; open=&#8221;on&#8221; _builder_version=&#8221;4.9.0&#8243; _module_preset=&#8221;default&#8221;][\/et_pb_accordion_item][et_pb_accordion_item title=&#8221;\u00d6zge\u00e7mi\u015f&#8221; _builder_version=&#8221;4.9.0&#8243; _module_preset=&#8221;default&#8221; toggle_font=&#8221;Times New Roman||on||||||&#8221; open=&#8221;off&#8221;]<\/p>\n<p style=\"padding-left: 40px;\"><em><span style=\"font-family: 'times new roman', times, serif;\">1 May\u0131s 1964 \u2013 Fatsa\u2019da do\u011fdu. \u0130lkokulu Fatsa\u2019da bitirdi.<\/span><\/em><br \/><em><span style=\"font-family: 'times new roman', times, serif;\">1974-1980 Y\u0131llar\u0131 aras\u0131nda orta \u00f6\u011frenimini Kastamonu Abdurrahman Pa\u015fa Lisesi\u2019nde g\u00f6rd\u00fc. Liseyi Fatsa lisesinde<\/span><\/em><br \/><em><span style=\"font-family: 'times new roman', times, serif;\">tamamlad\u0131.<\/span><\/em><\/p>\n<p style=\"padding-left: 40px;\"><em><span style=\"font-family: 'times new roman', times, serif;\">1980-85 Y\u0131llar\u0131nda y\u00fcksek \u00f6\u011frenimini Marmara \u00dcniversitesi Atat\u00fcrk E\u011fitim Fak\u00fcltesi resim b\u00f6l\u00fcm\u00fcnde bitirdi.<\/span><\/em><br \/><em><span style=\"font-family: 'times new roman', times, serif;\">1985 y\u0131l\u0131nda \u0130stanbul Maltepe semtinde ilk at\u00f6lyesini a\u00e7arak profesyonel sanat ya\u015fam\u0131na at\u0131ld\u0131. Burada daha sonra<\/span><\/em><br \/><em><span style=\"font-family: 'times new roman', times, serif;\">sanat \u00e7evresi tarafindan\u00a0 \u00ab Maltepeli Ressamlar \u00bb olarak bilinen olu\u015fumun kurulu\u015funda yer ald\u0131.<\/span><\/em><br \/><em><span style=\"font-family: 'times new roman', times, serif;\">1987 Band\u0131rma Ku\u015f Cenneti Festivali resim yar\u0131\u015fmas\u0131nda \u00f6d\u00fcl lay\u0131k g\u00f6r\u00fcld\u00fc.<\/span><\/em><br \/><em><span style=\"font-family: 'times new roman', times, serif;\">1987-1988 Y\u0131llar\u0131 aras\u0131 Izmir Maltepe Askeri Lisesi\u2019nde bir y\u0131l resim \u00f6\u011fretmenli\u011fi yapt\u0131.<\/span><\/em><br \/><em><span style=\"font-family: 'times new roman', times, serif;\">1988 Y\u0131l\u0131nda Paris\u2019e yerle\u015ferek ilk at\u00f6lyesini a\u00e7t\u0131.<\/span><\/em><br \/><em><span style=\"font-family: 'times new roman', times, serif;\">1989\u00a0 Frans\u0131z devriminin 200.y\u0131l\u0131 kutlamalar\u0131 \u00e7er\u00e7evesinde \u00ab Galerie Sero \u00bb Paris\u2019te ilk ki\u015fisel sergisini d\u00fczenledi.<\/span><\/em><br \/><em><span style=\"font-family: 'times new roman', times, serif;\">1991 Paris\u2019te bir gurup de\u011fi\u015fik milliyetlerden sanat\u00e7\u0131 ve kuramc\u0131s\u0131yla beraber \u00ab Le chainon manquant \u00bb adl\u0131<\/span><\/em><br \/><em><span style=\"font-family: 'times new roman', times, serif;\">olu\u015fumun kurulu\u015funda bulundu ve bu gurup sanat\u00e7\u0131yla ba\u015fta bir\u00e7ok sanat fuar\u0131 olmak \u00fczere \u00e7ok say\u0131da karma<\/span><\/em><br \/><em><span style=\"font-family: 'times new roman', times, serif;\">manifestasyonlara kat\u0131ld\u0131;<\/span><\/em><br \/><em><span style=\"font-family: 'times new roman', times, serif;\">Bu gurup Arjantinli ressam Aznar\u2019in \u00f6l\u00fcm\u00fcyle faaliyetlerine son verdi.<\/span><\/em><br \/><em><span style=\"font-family: 'times new roman', times, serif;\">1992 Fransa\u2019da\u00a0 \u00ab Beaujolais \u00bb sanat \u00f6d\u00fclleri\u00a0 Resim birincilik \u00f6d\u00fcl\u00fcne lay\u0131k g\u00f6r\u00fcld\u00fc.<\/span><\/em><br \/><em><span style=\"font-family: 'times new roman', times, serif;\">1995-2005 Y\u0131llar\u0131 aras\u0131nda Paris\u2019te halen devam eden Mac 2000 adl\u0131 sanat fuar\u0131n\u0131n 11 y\u0131l boyunca<\/span><\/em><br \/><em><span style=\"font-family: 'times new roman', times, serif;\">dan\u0131\u015fmanlar\u0131ndan ve kat\u0131l\u0131mc\u0131 sanat\u00e7\u0131lar\u0131ndan oldu.<\/span><\/em><br \/><em><span style=\"font-family: 'times new roman', times, serif;\">2003-2006 Paris\u2019te \u00ab Espace d\u2019art contemporain l\u2019autre \u00bb adl\u0131\u00a0 kendi sanat galerisini a\u00e7t\u0131.<\/span><\/em><br \/><em><span style=\"font-family: 'times new roman', times, serif;\">2007 Fransa\u2019n\u0131n g\u00f6rsel sanatlar dal\u0131nda en prestijli sanat \u00f6d\u00fcl\u00fc \u00ab Marin \u00bb de juri \u00fcyeli\u011finde bulundu.<\/span><\/em><br \/><em><span style=\"font-family: 'times new roman', times, serif;\">2010 Fransa\u2019da \u00ab T\u00fcrkiye Y\u0131l\u0131 \u00bb kutlamalar\u0131 resmi program\u0131 \u00e7er\u00e7evesinde ba\u015fta,<\/span><\/em><br \/><em><span style=\"font-family: 'times new roman', times, serif;\">\u00ab Lyon Bienali \u2013 Galerie Regard sud \u00bb ve ard\u0131ndan \u00ab Galeri crous des Beaux-Arts Paris \u00bb da iki ki\u015fisel sergi<\/span><\/em><br \/><em><span style=\"font-family: 'times new roman', times, serif;\">ger\u00e7ekle\u015ftirdi .<\/span><\/em><br \/><em><span style=\"font-family: 'times new roman', times, serif;\">1988\u2019den bug\u00fcne, ba\u015fta Art Miami, Art Zurich, Art Geneve, Mac 2000 Paris, S\u2019tart- Strasbourg, Manif-Seoul, Art<\/span><\/em><br \/><em><span style=\"font-family: 'times new roman', times, serif;\">Taipei-Taiwan olmak \u00fczere d\u00fcnyanin bir\u00e7ok sanat fuar\u0131nda sergilere kat\u0131ld\u0131..<\/span><\/em><br \/><em><span style=\"font-family: 'times new roman', times, serif;\">Bug\u00fcne kadar bir\u00e7ok \u00fclkede 50 nin \u00fczerinde ki\u015fisel sergiler d\u00fczenleyip \u00e7ok say\u0131da karma sergilerde eserleri<\/span><\/em><br \/><em><span style=\"font-family: 'times new roman', times, serif;\">sergilendi.<\/span><\/em><br \/><em><span style=\"font-family: 'times new roman', times, serif;\">D\u00fcnyan\u0131n bir\u00e7ok \u00f6zel ve t\u00fczel kolleksiyon ve m\u00fczelerinde eserleri bulunmaktad\u0131r.<\/span><\/em><br \/><em><span style=\"font-family: 'times new roman', times, serif;\">Bir\u00e7ok dilde bas\u0131lm\u0131\u015f sergi kataloglar\u0131 yan\u0131nda yine \u0130ngilizce, Frans\u0131zca, \u00c7ince ve T\u00fcrk\u00e7e olarak, \u00e7e\u015fitli sanat<\/span><\/em><br \/><em><span style=\"font-family: 'times new roman', times, serif;\">tarih\u00e7ileri ve ele\u015ftirmenleri taraf\u0131ndan sanat\u0131 hakk\u0131nda yaz\u0131lm\u0131\u015f 4 adet kapsaml\u0131 kitab\u0131 bulunmaktad\u0131r.<\/span><\/em><br \/><em><span style=\"font-family: 'times new roman', times, serif;\">Sanat\u0131 hakk\u0131nda bir\u00e7ok \u00fclkede Tv, radyo programlar\u0131, dergi ve gazetelerde \u00e7ok say\u0131da r\u00f6portajlar, makaleler,<\/span><\/em><br \/><em><span style=\"font-family: 'times new roman', times, serif;\">ele\u015ftiri ve analiz yaz\u0131lar\u0131 yay\u0131nland\u0131.<\/span><\/em><br \/><em><span style=\"font-family: 'times new roman', times, serif;\">Sanat\u00e7\u0131, T\u00fcrkiye Gazeteciler Cemiyeti Sedat Semavi \u00d6d\u00fclleri 2014 G\u00f6rsel Sanatlar \u00d6d\u00fcl\u00fc sahibidir.<\/span><\/em><\/p>\n<p>[\/et_pb_accordion_item][\/et_pb_accordion][\/et_pb_column][\/et_pb_row][et_pb_row _builder_version=&#8221;4.7.7&#8243; _module_preset=&#8221;default&#8221;][et_pb_column type=&#8221;4_4&#8243; _builder_version=&#8221;4.7.7&#8243; _module_preset=&#8221;default&#8221;][et_pb_text _builder_version=&#8221;4.9.0&#8243; _module_preset=&#8221;default&#8221;]<\/p>\n<p>&nbsp;<\/p>\n<p>&nbsp;<\/p>\n<p>[\/et_pb_text][\/et_pb_column][\/et_pb_row][\/et_pb_section]<\/p>\n","protected":false},"excerpt":{"rendered":"<p>[et_pb_section fb_built=&#8221;1&#8243; _builder_version=&#8221;4.7.7&#8243; background_enable_image=&#8221;off&#8221;][et_pb_row _builder_version=&#8221;3.25&#8243; background_size=&#8221;initial&#8221; background_position=&#8221;top_left&#8221; background_repeat=&#8221;repeat&#8221;][et_pb_column type=&#8221;4_4&#8243; _builder_version=&#8221;3.25&#8243; custom_padding=&#8221;|||&#8221; custom_padding__hover=&#8221;|||&#8221;][et_pb_text _builder_version=&#8221;4.7.7&#8243; _module_preset=&#8221;default&#8221;] &nbsp; &nbsp; [\/et_pb_text][\/et_pb_column][\/et_pb_row][et_pb_row column_structure=&#8221;1_3,2_3&#8243; _builder_version=&#8221;3.25&#8243; background_size=&#8221;initial&#8221; background_position=&#8221;top_left&#8221; background_repeat=&#8221;repeat&#8221;][et_pb_column type=&#8221;1_3&#8243; _builder_version=&#8221;3.25&#8243; custom_padding=&#8221;|||&#8221; custom_padding__hover=&#8221;|||&#8221;][et_pb_text _builder_version=&#8221;4.9.0&#8243; _module_preset=&#8221;default&#8221;] &nbsp; &nbsp; Onay Akba\u015f [\/et_pb_text][et_pb_text _builder_version=&#8221;4.9.0&#8243; _module_preset=&#8221;default&#8221;] &nbsp; &nbsp; &nbsp; &nbsp; &nbsp; \u201cA\u015fk&#8217;a Susamak\u201d 200\u00d7150 cm Tuval \u00dczerine Ya\u011fl\u0131 Boya 2014 [\/et_pb_text][\/et_pb_column][et_pb_column type=&#8221;2_3&#8243; _builder_version=&#8221;3.25&#8243; custom_padding=&#8221;|||&#8221; custom_padding__hover=&#8221;|||&#8221;][et_pb_image src=&#8221;https:\/\/gsfsergi.ebyu.edu.tr\/wp-content\/uploads\/2021\/03\/Onay-Akbas-scaled.jpg&#8221; [&hellip;]<\/p>\n","protected":false},"author":9,"featured_media":0,"parent":0,"menu_order":0,"comment_status":"closed","ping_status":"closed","template":"","meta":{"_et_pb_use_builder":"on","_et_pb_old_content":"","_et_gb_content_width":"","spay_email":""},"jetpack_sharing_enabled":true,"jetpack_likes_enabled":true,"_links":{"self":[{"href":"https:\/\/gsfsergi.ebyu.edu.tr\/index.php?rest_route=\/wp\/v2\/pages\/4592"}],"collection":[{"href":"https:\/\/gsfsergi.ebyu.edu.tr\/index.php?rest_route=\/wp\/v2\/pages"}],"about":[{"href":"https:\/\/gsfsergi.ebyu.edu.tr\/index.php?rest_route=\/wp\/v2\/types\/page"}],"author":[{"embeddable":true,"href":"https:\/\/gsfsergi.ebyu.edu.tr\/index.php?rest_route=\/wp\/v2\/users\/9"}],"replies":[{"embeddable":true,"href":"https:\/\/gsfsergi.ebyu.edu.tr\/index.php?rest_route=%2Fwp%2Fv2%2Fcomments&post=4592"}],"version-history":[{"count":4,"href":"https:\/\/gsfsergi.ebyu.edu.tr\/index.php?rest_route=\/wp\/v2\/pages\/4592\/revisions"}],"predecessor-version":[{"id":5557,"href":"https:\/\/gsfsergi.ebyu.edu.tr\/index.php?rest_route=\/wp\/v2\/pages\/4592\/revisions\/5557"}],"wp:attachment":[{"href":"https:\/\/gsfsergi.ebyu.edu.tr\/index.php?rest_route=%2Fwp%2Fv2%2Fmedia&parent=4592"}],"curies":[{"name":"wp","href":"https:\/\/api.w.org\/{rel}","templated":true}]}}