{"id":4571,"date":"2021-03-08T10:17:25","date_gmt":"2021-03-08T07:17:25","guid":{"rendered":"https:\/\/gsfsergi.ebyu.edu.tr\/?page_id=4571"},"modified":"2021-03-17T22:00:49","modified_gmt":"2021-03-17T19:00:49","slug":"mehmet-yilmaz-kadin-sergisi","status":"publish","type":"page","link":"https:\/\/gsfsergi.ebyu.edu.tr\/?page_id=4571","title":{"rendered":"Mehmet Y\u0131lmaz &#8211; Kad\u0131n Sergisi"},"content":{"rendered":"<p>[et_pb_section fb_built=&#8221;1&#8243; _builder_version=&#8221;4.7.7&#8243; background_enable_image=&#8221;off&#8221;][et_pb_row _builder_version=&#8221;3.25&#8243; background_size=&#8221;initial&#8221; background_position=&#8221;top_left&#8221; background_repeat=&#8221;repeat&#8221;][et_pb_column type=&#8221;4_4&#8243; _builder_version=&#8221;3.25&#8243; custom_padding=&#8221;|||&#8221; custom_padding__hover=&#8221;|||&#8221;][et_pb_text _builder_version=&#8221;4.7.7&#8243; _module_preset=&#8221;default&#8221;]<\/p>\n<p>&nbsp;<\/p>\n<p>&nbsp;<\/p>\n<p>[\/et_pb_text][\/et_pb_column][\/et_pb_row][et_pb_row column_structure=&#8221;1_3,2_3&#8243; _builder_version=&#8221;3.25&#8243; background_size=&#8221;initial&#8221; background_position=&#8221;top_left&#8221; background_repeat=&#8221;repeat&#8221;][et_pb_column type=&#8221;1_3&#8243; _builder_version=&#8221;3.25&#8243; custom_padding=&#8221;|||&#8221; custom_padding__hover=&#8221;|||&#8221;][et_pb_text _builder_version=&#8221;4.9.0&#8243; _module_preset=&#8221;default&#8221;]<\/p>\n<p>&nbsp;<\/p>\n<p>&nbsp;<\/p>\n<p style=\"text-align: right;\"><span style=\"font-family: 'times new roman', times, serif; font-size: 36pt; color: #800080;\"><em>Mehmet Y\u0131lmaz<\/em><\/span><\/p>\n<p>[\/et_pb_text][et_pb_text _builder_version=&#8221;4.9.0&#8243; _module_preset=&#8221;default&#8221;]<\/p>\n<p>&nbsp;<\/p>\n<p>&nbsp;<\/p>\n<p>&nbsp;<\/p>\n<p>&nbsp;<\/p>\n<p>&nbsp;<\/p>\n<p style=\"text-align: right;\"><strong><em><span style=\"color: #800080; font-family: 'times new roman', times, serif;\">\u201cCin.s.el \u015eeyler-21\u201d<\/span><\/em><\/strong><br \/><strong><em><span style=\"color: #800080; font-family: 'times new roman', times, serif;\"> 180\u00d7180 cm<\/span><\/em><\/strong><br \/><strong><em><span style=\"color: #800080; font-family: 'times new roman', times, serif;\"> Kar\u0131\u015f\u0131k Teknik<\/span><\/em><\/strong><br \/><strong><em><span style=\"color: #800080; font-family: 'times new roman', times, serif;\"> 2006<\/span><\/em><\/strong><\/p>\n<p>[\/et_pb_text][\/et_pb_column][et_pb_column type=&#8221;2_3&#8243; _builder_version=&#8221;3.25&#8243; custom_padding=&#8221;|||&#8221; custom_padding__hover=&#8221;|||&#8221;][et_pb_image src=&#8221;https:\/\/gsfsergi.ebyu.edu.tr\/wp-content\/uploads\/2021\/03\/Mehmet-Yilmaz.jpg&#8221; title_text=&#8221;Mehmet Y\u0131lmaz&#8221; show_in_lightbox=&#8221;on&#8221; use_overlay=&#8221;on&#8221; overlay_icon_color=&#8221;#ffffff&#8221; hover_overlay_color=&#8221;rgba(128,0,128,0.19)&#8221; hover_icon=&#8221;%%51%%&#8221; _builder_version=&#8221;4.9.0&#8243; _module_preset=&#8221;default&#8221;][\/et_pb_image][et_pb_text _builder_version=&#8221;4.9.0&#8243; background_color=&#8221;rgba(255,255,255,0.64)&#8221; background_size=&#8221;initial&#8221; background_position=&#8221;top_left&#8221; background_repeat=&#8221;repeat&#8221;]<\/p>\n<p style=\"text-align: center;\"><span style=\"color: #800080;\"><span style=\"font-size: 36pt;\"><strong><a href=\"https:\/\/gsfsergi.ebyu.edu.tr\/?page_id=4644\">\u2039<\/a>\u00a0 \u00a0 <\/strong><\/span><span style=\"font-size: 14pt;\">I<span style=\"font-size: 36pt;\">\u00a0 \u00a0 <\/span><\/span><a href=\"https:\/\/gsfsergi.ebyu.edu.tr\/?page_id=4575\"><strong><span style=\"font-size: 36pt;\">\u203a<\/span><\/strong><\/a><\/span><\/p>\n<p>[\/et_pb_text][et_pb_text _builder_version=&#8221;4.7.7&#8243; background_color=&#8221;rgba(255,255,255,0.64)&#8221; background_size=&#8221;initial&#8221; background_position=&#8221;top_left&#8221; background_repeat=&#8221;repeat&#8221;]<\/p>\n<p style=\"text-align: center;\"><a href=\"https:\/\/gsfsergi.ebyu.edu.tr\/?page_id=607\"><em><span style=\"font-size: 11pt; font-family: 'times new roman', times, serif;\"><span style=\"color: #800080;\">Sergi Anasayfa<\/span><\/span><\/em><\/a><\/p>\n<p>[\/et_pb_text][\/et_pb_column][\/et_pb_row][et_pb_row _builder_version=&#8221;4.7.7&#8243; _module_preset=&#8221;default&#8221;][et_pb_column type=&#8221;4_4&#8243; _builder_version=&#8221;4.7.7&#8243; _module_preset=&#8221;default&#8221;][et_pb_text _builder_version=&#8221;4.7.7&#8243; _module_preset=&#8221;default&#8221;]<\/p>\n<p>&nbsp;<\/p>\n<p>&nbsp;<\/p>\n<p>[\/et_pb_text][\/et_pb_column][\/et_pb_row][et_pb_row column_structure=&#8221;1_3,2_3&#8243; _builder_version=&#8221;4.7.7&#8243; _module_preset=&#8221;default&#8221;][et_pb_column type=&#8221;1_3&#8243; _builder_version=&#8221;4.7.7&#8243; _module_preset=&#8221;default&#8221;][et_pb_text _builder_version=&#8221;4.9.0&#8243; _module_preset=&#8221;default&#8221;]<\/p>\n<p><img class=\"aligncenter\" src=\"https:\/\/gsfsergi.ebyu.edu.tr\/wp-content\/uploads\/2021\/03\/Mehmet-Yilmaz-Portre.jpg\" \/><\/p>\n<p>[\/et_pb_text][\/et_pb_column][et_pb_column type=&#8221;2_3&#8243; _builder_version=&#8221;4.7.7&#8243; _module_preset=&#8221;default&#8221;][et_pb_accordion open_toggle_text_color=&#8221;#800080&#8243; closed_toggle_text_color=&#8221;#800080&#8243; _builder_version=&#8221;4.9.0&#8243; _module_preset=&#8221;default&#8221; toggle_text_color=&#8221;#800080&#8243; toggle_font=&#8221;Times New Roman||on||||||&#8221; closed_toggle_font=&#8221;Times New Roman||on||||||&#8221; body_font=&#8221;Times New Roman||on||||||&#8221; body_text_color=&#8221;#800080&#8243;][et_pb_accordion_item title=&#8221;Mehmet Y\u0131lmaz&#8221; open=&#8221;on&#8221; _builder_version=&#8221;4.9.0&#8243; _module_preset=&#8221;default&#8221;][\/et_pb_accordion_item][et_pb_accordion_item title=&#8221;\u00d6zge\u00e7mi\u015f&#8221; _builder_version=&#8221;4.9.0&#8243; _module_preset=&#8221;default&#8221; toggle_font=&#8221;Times New Roman||on||||||&#8221; open=&#8221;off&#8221;]<\/p>\n<p style=\"padding-left: 40px;\"><em><span style=\"font-family: 'times new roman', times, serif;\">Mehmet Y\u0131lmaz, 1963\u2019te Mersin\/Mut\u2019ta do\u011fdu. G\u00dc Gazi E\u011fitim Fak\u00fcltesi Resim-\u0130\u015f E\u011fitimi B\u00f6l\u00fcm\u00fcnden mezun oldu; H\u00dc SBE Resim Anasanat Dal\u0131nda Y\u00fcksek Lisans ve Sanatta Yeterlik dereceleri ald\u0131. 1990-2003 aras\u0131nda ODT\u00dc GSMB\u2019de \u00e7al\u0131\u015ft\u0131ktan sonra Mersin \u00dcniversitesi GSF Resim B\u00f6l\u00fcm\u00fcne atand\u0131; 2004\u2019te Profes\u00f6r oldu. 2006\u2019da G\u00dc GSF\u2019de \u00e7al\u0131\u015fmaya ba\u015flad\u0131 (G\u00dc ikiye b\u00f6l\u00fcn\u00fcnce, fak\u00fclte Ankara Hac\u0131 Bayram Veli \u00dcniversitesine aktar\u0131ld\u0131).<\/span><\/em><\/p>\n<p style=\"padding-left: 40px;\"><em><span style=\"font-family: 'times new roman', times, serif;\">Resim ve heykellerinden olu\u015fan ilk ki\u015fisel sergisini sanat e\u011fitimi almaya ba\u015flamadan \u00f6nce, 1982\u2019de a\u00e7t\u0131. O zamandan beri \u00e7ok say\u0131da ki\u015fisel sergi a\u00e7t\u0131; ulusal ve uluslararas\u0131 grup etkinliklerine davet edildi. Yurt i\u00e7inde 15 kez \u00f6d\u00fcllendirildi.<\/span><\/em><\/p>\n<p style=\"padding-left: 40px;\"><em><span style=\"font-family: 'times new roman', times, serif;\">Modernden Postmoderne Sanat, Sanat\u00e7\u0131lar\u0131 Okumak ya da Postmodern S\u00f6yle\u015filer, Sak\u0131ncal\u0131 \u00c7\u00fcnk\u00fc Edepsiz, Foto\u011fraf Resimdir, Heymimres \u2013 Nelik ve Kimli\u011fin Diyalekti\u011fi ve Heykel \u2013 Mek\u00e2ndaki K\u00fctle adl\u0131 kitaplar\u0131 yazd\u0131; Ku\u015faklararas\u0131 S\u00f6yle\u015filer, Sanat\u0131n Felsefesi Felsefenin Sanat\u0131 ve Sanat\u0131n G\u00fcnceli G\u00fcncelin Sanat\u0131 adl\u0131 kitaplar\u0131 haz\u0131rlad\u0131.<\/span><\/em><\/p>\n<p style=\"text-align: left; padding-left: 80px;\"><em><span style=\"font-family: 'times new roman', times, serif;\">Halen AHBV\u00dc GSF\u2019de \u00f6\u011fretim \u00fcyesi olup, sanatsal \u00e7al\u0131\u015fmalar\u0131n\u0131 Ankara\u2019daki \u00f6zel i\u015fli\u011finde s\u00fcrd\u00fcrmektedir.<\/span><\/em><\/p>\n<p>[\/et_pb_accordion_item][\/et_pb_accordion][\/et_pb_column][\/et_pb_row][et_pb_row _builder_version=&#8221;4.7.7&#8243; _module_preset=&#8221;default&#8221;][et_pb_column type=&#8221;4_4&#8243; _builder_version=&#8221;4.7.7&#8243; _module_preset=&#8221;default&#8221;][et_pb_text _builder_version=&#8221;4.9.0&#8243; _module_preset=&#8221;default&#8221;]<\/p>\n<p>&nbsp;<\/p>\n<p>&nbsp;<\/p>\n<p>[\/et_pb_text][\/et_pb_column][\/et_pb_row][\/et_pb_section]<\/p>\n","protected":false},"excerpt":{"rendered":"<p>[et_pb_section fb_built=&#8221;1&#8243; _builder_version=&#8221;4.7.7&#8243; background_enable_image=&#8221;off&#8221;][et_pb_row _builder_version=&#8221;3.25&#8243; background_size=&#8221;initial&#8221; background_position=&#8221;top_left&#8221; background_repeat=&#8221;repeat&#8221;][et_pb_column type=&#8221;4_4&#8243; _builder_version=&#8221;3.25&#8243; custom_padding=&#8221;|||&#8221; custom_padding__hover=&#8221;|||&#8221;][et_pb_text _builder_version=&#8221;4.7.7&#8243; _module_preset=&#8221;default&#8221;] &nbsp; &nbsp; [\/et_pb_text][\/et_pb_column][\/et_pb_row][et_pb_row column_structure=&#8221;1_3,2_3&#8243; _builder_version=&#8221;3.25&#8243; background_size=&#8221;initial&#8221; background_position=&#8221;top_left&#8221; background_repeat=&#8221;repeat&#8221;][et_pb_column type=&#8221;1_3&#8243; _builder_version=&#8221;3.25&#8243; custom_padding=&#8221;|||&#8221; custom_padding__hover=&#8221;|||&#8221;][et_pb_text _builder_version=&#8221;4.9.0&#8243; _module_preset=&#8221;default&#8221;] &nbsp; &nbsp; Mehmet Y\u0131lmaz [\/et_pb_text][et_pb_text _builder_version=&#8221;4.9.0&#8243; _module_preset=&#8221;default&#8221;] &nbsp; &nbsp; &nbsp; &nbsp; &nbsp; \u201cCin.s.el \u015eeyler-21\u201d 180\u00d7180 cm Kar\u0131\u015f\u0131k Teknik 2006 [\/et_pb_text][\/et_pb_column][et_pb_column type=&#8221;2_3&#8243; _builder_version=&#8221;3.25&#8243; custom_padding=&#8221;|||&#8221; custom_padding__hover=&#8221;|||&#8221;][et_pb_image src=&#8221;https:\/\/gsfsergi.ebyu.edu.tr\/wp-content\/uploads\/2021\/03\/Mehmet-Yilmaz.jpg&#8221; title_text=&#8221;Mehmet Y\u0131lmaz&#8221; [&hellip;]<\/p>\n","protected":false},"author":9,"featured_media":0,"parent":0,"menu_order":0,"comment_status":"closed","ping_status":"closed","template":"","meta":{"_et_pb_use_builder":"on","_et_pb_old_content":"","_et_gb_content_width":"","spay_email":""},"jetpack_sharing_enabled":true,"jetpack_likes_enabled":true,"_links":{"self":[{"href":"https:\/\/gsfsergi.ebyu.edu.tr\/index.php?rest_route=\/wp\/v2\/pages\/4571"}],"collection":[{"href":"https:\/\/gsfsergi.ebyu.edu.tr\/index.php?rest_route=\/wp\/v2\/pages"}],"about":[{"href":"https:\/\/gsfsergi.ebyu.edu.tr\/index.php?rest_route=\/wp\/v2\/types\/page"}],"author":[{"embeddable":true,"href":"https:\/\/gsfsergi.ebyu.edu.tr\/index.php?rest_route=\/wp\/v2\/users\/9"}],"replies":[{"embeddable":true,"href":"https:\/\/gsfsergi.ebyu.edu.tr\/index.php?rest_route=%2Fwp%2Fv2%2Fcomments&post=4571"}],"version-history":[{"count":6,"href":"https:\/\/gsfsergi.ebyu.edu.tr\/index.php?rest_route=\/wp\/v2\/pages\/4571\/revisions"}],"predecessor-version":[{"id":5547,"href":"https:\/\/gsfsergi.ebyu.edu.tr\/index.php?rest_route=\/wp\/v2\/pages\/4571\/revisions\/5547"}],"wp:attachment":[{"href":"https:\/\/gsfsergi.ebyu.edu.tr\/index.php?rest_route=%2Fwp%2Fv2%2Fmedia&parent=4571"}],"curies":[{"name":"wp","href":"https:\/\/api.w.org\/{rel}","templated":true}]}}