{"id":4567,"date":"2021-03-08T10:16:12","date_gmt":"2021-03-08T07:16:12","guid":{"rendered":"https:\/\/gsfsergi.ebyu.edu.tr\/?page_id=4567"},"modified":"2021-03-17T22:00:30","modified_gmt":"2021-03-17T19:00:30","slug":"maartiz-kadin-sergisi","status":"publish","type":"page","link":"https:\/\/gsfsergi.ebyu.edu.tr\/?page_id=4567","title":{"rendered":"Maartiz &#8211; Kad\u0131n Sergisi"},"content":{"rendered":"<p>[et_pb_section fb_built=&#8221;1&#8243; _builder_version=&#8221;4.7.7&#8243; background_enable_image=&#8221;off&#8221;][et_pb_row _builder_version=&#8221;3.25&#8243; background_size=&#8221;initial&#8221; background_position=&#8221;top_left&#8221; background_repeat=&#8221;repeat&#8221;][et_pb_column type=&#8221;4_4&#8243; _builder_version=&#8221;3.25&#8243; custom_padding=&#8221;|||&#8221; custom_padding__hover=&#8221;|||&#8221;][et_pb_text _builder_version=&#8221;4.7.7&#8243; _module_preset=&#8221;default&#8221;]<\/p>\n<p>&nbsp;<\/p>\n<p>&nbsp;<\/p>\n<p>[\/et_pb_text][\/et_pb_column][\/et_pb_row][et_pb_row column_structure=&#8221;1_3,2_3&#8243; _builder_version=&#8221;3.25&#8243; background_size=&#8221;initial&#8221; background_position=&#8221;top_left&#8221; background_repeat=&#8221;repeat&#8221;][et_pb_column type=&#8221;1_3&#8243; _builder_version=&#8221;3.25&#8243; custom_padding=&#8221;|||&#8221; custom_padding__hover=&#8221;|||&#8221;][et_pb_text _builder_version=&#8221;4.9.0&#8243; _module_preset=&#8221;default&#8221;]<\/p>\n<p>&nbsp;<\/p>\n<p>&nbsp;<\/p>\n<p style=\"text-align: right;\"><span style=\"font-family: 'times new roman', times, serif; font-size: 36pt; color: #800080;\"><em>Maartiz<\/em><\/span><\/p>\n<p>[\/et_pb_text][et_pb_text _builder_version=&#8221;4.9.0&#8243; _module_preset=&#8221;default&#8221;][\/et_pb_text][\/et_pb_column][et_pb_column type=&#8221;2_3&#8243; _builder_version=&#8221;3.25&#8243; custom_padding=&#8221;|||&#8221; custom_padding__hover=&#8221;|||&#8221;][et_pb_image src=&#8221;https:\/\/gsfsergi.ebyu.edu.tr\/wp-content\/uploads\/2021\/03\/Maartiz.jpg.jpg&#8221; title_text=&#8221;Maartiz.jpg&#8221; show_in_lightbox=&#8221;on&#8221; use_overlay=&#8221;on&#8221; overlay_icon_color=&#8221;#ffffff&#8221; hover_overlay_color=&#8221;rgba(128,0,128,0.19)&#8221; hover_icon=&#8221;%%51%%&#8221; _builder_version=&#8221;4.9.0&#8243; _module_preset=&#8221;default&#8221;][\/et_pb_image][et_pb_text _builder_version=&#8221;4.9.0&#8243; background_color=&#8221;rgba(255,255,255,0.64)&#8221; background_size=&#8221;initial&#8221; background_position=&#8221;top_left&#8221; background_repeat=&#8221;repeat&#8221;]<\/p>\n<p style=\"text-align: center;\"><span style=\"color: #800080;\"><span style=\"font-size: 36pt;\"><strong><a href=\"https:\/\/gsfsergi.ebyu.edu.tr\/?page_id=4563\">\u2039<\/a>\u00a0 \u00a0 <\/strong><\/span><span style=\"font-size: 14pt;\">I<span style=\"font-size: 36pt;\">\u00a0 \u00a0 <\/span><\/span><a href=\"https:\/\/gsfsergi.ebyu.edu.tr\/?page_id=4644\"><strong><span style=\"font-size: 36pt;\">\u203a<\/span><\/strong><\/a><\/span><\/p>\n<p>[\/et_pb_text][et_pb_text _builder_version=&#8221;4.7.7&#8243; background_color=&#8221;rgba(255,255,255,0.64)&#8221; background_size=&#8221;initial&#8221; background_position=&#8221;top_left&#8221; background_repeat=&#8221;repeat&#8221;]<\/p>\n<p style=\"text-align: center;\"><a href=\"https:\/\/gsfsergi.ebyu.edu.tr\/?page_id=607\"><em><span style=\"font-size: 11pt; font-family: 'times new roman', times, serif;\"><span style=\"color: #800080;\">Sergi Anasayfa<\/span><\/span><\/em><\/a><\/p>\n<p>[\/et_pb_text][\/et_pb_column][\/et_pb_row][et_pb_row _builder_version=&#8221;3.25&#8243; background_size=&#8221;initial&#8221; background_position=&#8221;top_left&#8221; background_repeat=&#8221;repeat&#8221;][et_pb_column type=&#8221;4_4&#8243; _builder_version=&#8221;3.25&#8243; custom_padding=&#8221;|||&#8221; custom_padding__hover=&#8221;|||&#8221;][et_pb_text _builder_version=&#8221;4.9.0&#8243; _module_preset=&#8221;default&#8221;]<\/p>\n<p>&nbsp;<\/p>\n<p style=\"padding-left: 40px;\"><span style=\"color: #800080; font-size: 24pt; font-family: 'times new roman', times, serif;\">Mektup<\/span><\/p>\n<p>[\/et_pb_text][et_pb_text _builder_version=&#8221;4.9.0&#8243; background_color=&#8221;rgba(255,255,255,0.48)&#8221; background_size=&#8221;initial&#8221; background_position=&#8221;top_left&#8221; background_repeat=&#8221;repeat&#8221;]<\/p>\n<p>&nbsp;<\/p>\n<p style=\"text-align: left; padding-left: 40px; padding-right: 40px;\"><span style=\"font-family: 'times new roman', times, serif; font-size: 12pt; color: #800080;\"><img src=\"https:\/\/gsfsergi.ebyu.edu.tr\/wp-content\/uploads\/2021\/03\/Maartiz1.jpg\" \/><\/span><\/p>\n<p style=\"padding-right: 40px; text-align: right;\"><em><span style=\"font-family: 'times new roman', times, serif; font-size: 12pt; color: #800080;\">Maartiz<\/span><\/em><\/p>\n<p style=\"text-align: left; padding-left: 40px;\">[\/et_pb_text][\/et_pb_column][\/et_pb_row][et_pb_row _builder_version=&#8221;4.7.7&#8243; _module_preset=&#8221;default&#8221;][et_pb_column type=&#8221;4_4&#8243; _builder_version=&#8221;4.7.7&#8243; _module_preset=&#8221;default&#8221;][et_pb_text _builder_version=&#8221;4.7.7&#8243; _module_preset=&#8221;default&#8221;]<\/p>\n<p>&nbsp;<\/p>\n<p>&nbsp;<\/p>\n<p>[\/et_pb_text][\/et_pb_column][\/et_pb_row][et_pb_row column_structure=&#8221;1_3,2_3&#8243; _builder_version=&#8221;4.7.7&#8243; _module_preset=&#8221;default&#8221;][et_pb_column type=&#8221;1_3&#8243; _builder_version=&#8221;4.7.7&#8243; _module_preset=&#8221;default&#8221;][et_pb_text _builder_version=&#8221;4.9.0&#8243; _module_preset=&#8221;default&#8221;]<\/p>\n<p><img class=\"aligncenter\" src=\"https:\/\/gsfsergi.ebyu.edu.tr\/wp-content\/uploads\/2021\/03\/Maartiz-2016-Otoportre-scaled.jpg\" alt=\"\" \/><\/p>\n<p>[\/et_pb_text][\/et_pb_column][et_pb_column type=&#8221;2_3&#8243; _builder_version=&#8221;4.7.7&#8243; _module_preset=&#8221;default&#8221;][et_pb_accordion open_toggle_text_color=&#8221;#800080&#8243; closed_toggle_text_color=&#8221;#800080&#8243; _builder_version=&#8221;4.9.0&#8243; _module_preset=&#8221;default&#8221; toggle_text_color=&#8221;#800080&#8243; toggle_font=&#8221;Times New Roman||on||||||&#8221; closed_toggle_font=&#8221;Times New Roman||on||||||&#8221; body_font=&#8221;Times New Roman||on||||||&#8221; body_text_color=&#8221;#800080&#8243;][et_pb_accordion_item title=&#8221;Maartiz&#8221; open=&#8221;on&#8221; _builder_version=&#8221;4.9.0&#8243; _module_preset=&#8221;default&#8221;][\/et_pb_accordion_item][et_pb_accordion_item title=&#8221;\u00d6zge\u00e7mi\u015f&#8221; _builder_version=&#8221;4.9.0&#8243; _module_preset=&#8221;default&#8221; toggle_font=&#8221;Times New Roman||on||||||&#8221; open=&#8221;off&#8221;]<\/p>\n<p style=\"padding-left: 40px;\"><em><span style=\"font-family: 'times new roman', times, serif;\">1981, M\u00fcnih<\/span><\/em><\/p>\n<p style=\"padding-left: 40px;\"><em><span style=\"font-family: 'times new roman', times, serif;\">2003 y\u0131l\u0131nda Yeditepe \u00dcniversitesi G\u00fczel Sanatlar Fak\u00fcltesi Plastik Sanatlar B\u00f6l\u00fcm\u00fc\u2019nden y\u00fcksek onur derecesi ile mezun oldu. Halen ayn\u0131 \u00fcniversitede Plastik Sanatlar B\u00f6l\u00fcm\u00fc\u2019nde doktora (sanatta yeterlik)\u00a0 program\u0131 tez a\u015famas\u0131nda olan Maartiz, \u00a0pek \u00e7ok karma sergide eserleri ile yer alm\u0131\u015ft\u0131r. Malzemenin ve kadraj\u0131n donmu\u015f g\u00f6r\u00fcnt\u00fcs\u00fcndeki \u00f6l\u00fcml\u00fcl\u00fc\u011f\u00fcn ve zaman\u0131n ge\u00e7i\u015finin bir simgesi olan \u00e7al\u0131\u015fmalar\u0131nda kolaj, bask\u0131 ve diki\u015f tekni\u011fini kullanmaktad\u0131r. Sanat\u00e7\u0131, \u0130stanbul\u2019da kendi sanat at\u00f6lyesinde \u00e7al\u0131\u015fmalar\u0131n\u0131 s\u00fcrd\u00fcrmektedir.<\/span><\/em><\/p>\n<p style=\"padding-left: 40px;\"><em><span style=\"font-family: 'times new roman', times, serif;\"><strong>SANATSAL ETK\u0130NL\u0130KLER<\/strong><\/span><\/em><br \/><em><span style=\"font-family: 'times new roman', times, serif;\">2020 \u201cPandemi G\u00fcnl\u00fc\u011f\u00fc\u201d Online Sergisi, \u0130nstagram hesab\u0131nda Avrupa Birli\u011fi Sivil D\u00fc\u015f\u00fcn Program\u0131 kapsam\u0131nda Avrupa Birli\u011fi deste\u011fi ile.\u00a0 (21 Eyl\u00fcl \u2013 14 Kas\u0131m 2020)<\/span><\/em><br \/><em><span style=\"font-family: 'times new roman', times, serif;\">2019 \u201cAdal\u0131 Sanat\u00e7\u0131lar \u0130nisiyatifi\u201d, 16. \u0130stanbul Bienali E\u015fzamanl\u0131 Sergi, Le Galeta Dondurmac\u0131, B\u00fcy\u00fckada, \u0130stanbul<\/span><\/em><br \/><em><span style=\"font-family: 'times new roman', times, serif;\">2019 \u201cDown To Earth\u201d, Gen\u00e7 Karmas\u0131, Han Spaces, D-Marine, G\u00f6cek, Mu\u011fla<\/span><\/em><br \/><em><span style=\"font-family: 'times new roman', times, serif;\">2019 \u201cMiz Karma Vol:6\u201d Galerimiz, Te\u015fvikiye \u0130stanbul (15 Temmuz \u2013 31 A\u011fustos 2019)<\/span><\/em><br \/><em><span style=\"font-family: 'times new roman', times, serif;\">2019 \u201cKad\u0131nlar Ya\u015fas\u0131n Diye\u201d Dayan\u0131\u015fma Sergisi, Kad\u0131n Cinayetlerini Durduraca\u011f\u0131z Platformu,\u00a0 Karga Art, Kad\u0131k\u00f6y, \u0130stanbul (13-15 Ocak 2019)<\/span><\/em><br \/><em><span style=\"font-family: 'times new roman', times, serif;\">2019 \u201cSanat\u00e7\u0131dan Sanat\u00e7\u0131ya\u201d, BazaarArt Projesi, B\u00fcy\u00fckdere35 K\u00fclt\u00fcr Sanat Platformu, \u0130stanbul (8 \u2013 12 Ocak 2019)<\/span><\/em><br \/><em><span style=\"font-family: 'times new roman', times, serif;\">2018 \u201cDinamo 3 \u2013 Gen\u00e7 Sanat\u00e7\u0131lar\u201d Sergisi, Swissotel B\u00fcy\u00fck Efes, B\u00fcy\u00fck Efes Sanat, \u0130zmir (19 Ekim \u2013 2 Aral\u0131k 2018)<\/span><\/em><br \/><em><span style=\"font-family: 'times new roman', times, serif;\">2017 \u201c\u0130z\u20262017\u201d, T\u00fcrkan Saylan K\u00fclt\u00fcr Merkezi, \u0130zmir (10 Kas\u0131m-5 Aral\u0131k 2017)<\/span><\/em><br \/><em><span style=\"font-family: 'times new roman', times, serif;\">2017 \u201cGen\u00e7 Yetenekler Sanat Soka\u011f\u0131nda Bulu\u015fuyor\u201d, Malatya B\u00fcy\u00fck\u015fehir Belediyesi Sanat Galerisi, Malatya<\/span><\/em><br \/><em><span style=\"font-family: 'times new roman', times, serif;\">2017 \u201cSekizinci Uluslararas\u0131 360 Dereceden A\u015fk Festivali\u201d 360 Restaurant, \u0130stanbul (9-29 \u015eubat2016)<\/span><\/em><br \/><em><span style=\"font-family: 'times new roman', times, serif;\">2017 \u201cBir Fikrin Var m\u0131?\u201d, Grup Sergisi, Halka Sanat Projesi, \u0130stanbul (11-25 \u015eubat 2017)<\/span><\/em><br \/><em><span style=\"font-family: 'times new roman', times, serif;\">2017 \u201cPaper Works II Exhibition\u201d, Gallery ArtEast AF, Newyork, USA (22-29 Ocak 2017)<\/span><\/em><br \/><em><span style=\"font-family: 'times new roman', times, serif;\">2016 \u201c25\/25 EKAV \u2018da Ge\u00e7mi\u015ften Bug\u00fcne\u201d, Ekavart Gallery, \u0130stanbul (22.11.2016 \u2013 10.01.2017)<\/span><\/em><br \/><em><span style=\"font-family: 'times new roman', times, serif;\">2016\u00a0&#8221;D\u00fcnya Sanat G\u00fcn\u00fc&#8221; Karma Resim Sergisi, Uluslararas\u0131 Plastik Sanatlar Derne\u011fi, K\u00fclt\u00fcr Park Sanat Galerisi, \u0130zmir<\/span><\/em><br \/><em><span style=\"font-family: 'times new roman', times, serif;\">2016 \u201cPaper Works Exposition\u201d, Art Factory, Miami&amp;Orlando, USA (23 Eyl\u00fcl-1 Ekim 2016)<\/span><\/em><br \/><em><span style=\"font-family: 'times new roman', times, serif;\">2016 \u201cYans\u0131mak-Yads\u0131mak\u201d, G\u00fczelyal\u0131 K\u00fclt\u00fcr Sanat Merkezi, \u0130zmir<\/span><\/em><br \/><em><span style=\"font-family: 'times new roman', times, serif;\">2016 \u201cB\u00fcy\u00fck Efes Sanat G\u00fcnleri\u201d, K\u00fclt\u00fcr Park Sanat Galerisi, \u0130zmir<\/span><\/em><br \/><em><span style=\"font-family: 'times new roman', times, serif;\">2015 \u201cYeditepe\u2019de Zaman IV\u201d Ekavart Gallery, G\u00fcm\u00fc\u015fsuyu, \u0130stanbul<\/span><\/em><br \/><em><span style=\"font-family: 'times new roman', times, serif;\">2015 \u201c2. Uluslararas\u0131 G\u00f6rsel Sanatlar Bulu\u015fmas\u0131\u201d, \u00c7etin Eme\u00e7 Sanat Galerisi, \u0130zmir<\/span><\/em><br \/><em><span style=\"font-family: 'times new roman', times, serif;\">2015 \u201c2. Uluslararas\u0131 G\u00f6rsel Sanatlar Bulu\u015fmas\u0131\u201d, Kedi K\u00fclt\u00fcr Sanat Merkezi, \u0130zmir (11-23 Haziran)<\/span><\/em><br \/><em><span style=\"font-family: 'times new roman', times, serif;\">2015 \u201cPotpourri\u201d Karma Sergi, Galerie Werkstatt Projektraum, PremArts Berlin, Almanya<\/span><\/em><br \/><em><span style=\"font-family: 'times new roman', times, serif;\">2015 \u00a0&#8221;D\u00fcnya Sanat G\u00fcn\u00fc&#8221; Karma Resim Sergisi, Uluslararas\u0131 Plastik Sanatlar Derne\u011fi, K\u00fclt\u00fcr Park Sanat Galerisi, \u0130zmir<\/span><\/em><br \/><em><span style=\"font-family: 'times new roman', times, serif;\">2014 \u201cYeditepe\u2019de Zaman III\u201d, Ekavart Gallery, G\u00fcm\u00fc\u015fsuyu, \u0130stanbul<\/span><\/em><br \/><em><span style=\"font-family: 'times new roman', times, serif;\">2003 \u201cTarihi Yok Eden Beton\u201d, Ki\u015fisel Sergi, Yeditepe \u00dcniversitesi, \u0130stanbul<\/span><\/em><br \/><em><span style=\"font-family: 'times new roman', times, serif;\">2003 \u201cY\u0131l Sonu Sergisi\u201d, Yeditepe \u00dcniversitesi, \u0130stanbul<\/span><\/em><br \/><em><span style=\"font-family: 'times new roman', times, serif;\">2002 \u201cKarma Sergi\u201d, Halki Palas Oteli, Heybeliada, \u0130stanbul<\/span><\/em><br \/><em><span style=\"font-family: 'times new roman', times, serif;\">1999 \u201cY\u0131l Sonu Sergisi\u201d, Yeditepe \u00dcniversitesi, \u0130stanbul<\/span><\/em><br \/><em><span style=\"font-family: 'times new roman', times, serif;\">1998 \u201cY\u0131l Sonu Sergisi\u201d, Yeditepe \u00dcniversitesi, \u0130stanbul<\/span><\/em><\/p>\n<p>[\/et_pb_accordion_item][\/et_pb_accordion][\/et_pb_column][\/et_pb_row][et_pb_row _builder_version=&#8221;4.7.7&#8243; _module_preset=&#8221;default&#8221;][et_pb_column type=&#8221;4_4&#8243; _builder_version=&#8221;4.7.7&#8243; _module_preset=&#8221;default&#8221;][et_pb_text _builder_version=&#8221;4.9.0&#8243; _module_preset=&#8221;default&#8221;]<\/p>\n<p>&nbsp;<\/p>\n<p>&nbsp;<\/p>\n<p>[\/et_pb_text][\/et_pb_column][\/et_pb_row][\/et_pb_section]<\/p>\n","protected":false},"excerpt":{"rendered":"<p>[et_pb_section fb_built=&#8221;1&#8243; _builder_version=&#8221;4.7.7&#8243; background_enable_image=&#8221;off&#8221;][et_pb_row _builder_version=&#8221;3.25&#8243; background_size=&#8221;initial&#8221; background_position=&#8221;top_left&#8221; background_repeat=&#8221;repeat&#8221;][et_pb_column type=&#8221;4_4&#8243; _builder_version=&#8221;3.25&#8243; custom_padding=&#8221;|||&#8221; custom_padding__hover=&#8221;|||&#8221;][et_pb_text _builder_version=&#8221;4.7.7&#8243; _module_preset=&#8221;default&#8221;] &nbsp; &nbsp; [\/et_pb_text][\/et_pb_column][\/et_pb_row][et_pb_row column_structure=&#8221;1_3,2_3&#8243; _builder_version=&#8221;3.25&#8243; background_size=&#8221;initial&#8221; background_position=&#8221;top_left&#8221; background_repeat=&#8221;repeat&#8221;][et_pb_column type=&#8221;1_3&#8243; _builder_version=&#8221;3.25&#8243; custom_padding=&#8221;|||&#8221; custom_padding__hover=&#8221;|||&#8221;][et_pb_text _builder_version=&#8221;4.9.0&#8243; _module_preset=&#8221;default&#8221;] &nbsp; &nbsp; Maartiz [\/et_pb_text][et_pb_text _builder_version=&#8221;4.9.0&#8243; _module_preset=&#8221;default&#8221;][\/et_pb_text][\/et_pb_column][et_pb_column type=&#8221;2_3&#8243; _builder_version=&#8221;3.25&#8243; custom_padding=&#8221;|||&#8221; custom_padding__hover=&#8221;|||&#8221;][et_pb_image src=&#8221;https:\/\/gsfsergi.ebyu.edu.tr\/wp-content\/uploads\/2021\/03\/Maartiz.jpg.jpg&#8221; title_text=&#8221;Maartiz.jpg&#8221; show_in_lightbox=&#8221;on&#8221; use_overlay=&#8221;on&#8221; overlay_icon_color=&#8221;#ffffff&#8221; hover_overlay_color=&#8221;rgba(128,0,128,0.19)&#8221; hover_icon=&#8221;%%51%%&#8221; _builder_version=&#8221;4.9.0&#8243; _module_preset=&#8221;default&#8221;][\/et_pb_image][et_pb_text _builder_version=&#8221;4.9.0&#8243; background_color=&#8221;rgba(255,255,255,0.64)&#8221; background_size=&#8221;initial&#8221; background_position=&#8221;top_left&#8221; background_repeat=&#8221;repeat&#8221;] \u2039\u00a0 \u00a0 I\u00a0 [&hellip;]<\/p>\n","protected":false},"author":9,"featured_media":0,"parent":0,"menu_order":0,"comment_status":"closed","ping_status":"closed","template":"","meta":{"_et_pb_use_builder":"on","_et_pb_old_content":"","_et_gb_content_width":"","spay_email":""},"jetpack_sharing_enabled":true,"jetpack_likes_enabled":true,"_links":{"self":[{"href":"https:\/\/gsfsergi.ebyu.edu.tr\/index.php?rest_route=\/wp\/v2\/pages\/4567"}],"collection":[{"href":"https:\/\/gsfsergi.ebyu.edu.tr\/index.php?rest_route=\/wp\/v2\/pages"}],"about":[{"href":"https:\/\/gsfsergi.ebyu.edu.tr\/index.php?rest_route=\/wp\/v2\/types\/page"}],"author":[{"embeddable":true,"href":"https:\/\/gsfsergi.ebyu.edu.tr\/index.php?rest_route=\/wp\/v2\/users\/9"}],"replies":[{"embeddable":true,"href":"https:\/\/gsfsergi.ebyu.edu.tr\/index.php?rest_route=%2Fwp%2Fv2%2Fcomments&post=4567"}],"version-history":[{"count":6,"href":"https:\/\/gsfsergi.ebyu.edu.tr\/index.php?rest_route=\/wp\/v2\/pages\/4567\/revisions"}],"predecessor-version":[{"id":5543,"href":"https:\/\/gsfsergi.ebyu.edu.tr\/index.php?rest_route=\/wp\/v2\/pages\/4567\/revisions\/5543"}],"wp:attachment":[{"href":"https:\/\/gsfsergi.ebyu.edu.tr\/index.php?rest_route=%2Fwp%2Fv2%2Fmedia&parent=4567"}],"curies":[{"name":"wp","href":"https:\/\/api.w.org\/{rel}","templated":true}]}}