{"id":4555,"date":"2021-03-08T10:13:37","date_gmt":"2021-03-08T07:13:37","guid":{"rendered":"https:\/\/gsfsergi.ebyu.edu.tr\/?page_id=4555"},"modified":"2021-03-17T21:58:56","modified_gmt":"2021-03-17T18:58:56","slug":"hasip-pektas-kadin-sergisi","status":"publish","type":"page","link":"https:\/\/gsfsergi.ebyu.edu.tr\/?page_id=4555","title":{"rendered":"Hasip Pekta\u015f &#8211; Kad\u0131n Sergisi"},"content":{"rendered":"<p>[et_pb_section fb_built=&#8221;1&#8243; _builder_version=&#8221;4.7.7&#8243; background_enable_image=&#8221;off&#8221;][et_pb_row _builder_version=&#8221;3.25&#8243; background_size=&#8221;initial&#8221; background_position=&#8221;top_left&#8221; background_repeat=&#8221;repeat&#8221;][et_pb_column type=&#8221;4_4&#8243; _builder_version=&#8221;3.25&#8243; custom_padding=&#8221;|||&#8221; custom_padding__hover=&#8221;|||&#8221;][et_pb_text _builder_version=&#8221;4.7.7&#8243; _module_preset=&#8221;default&#8221;]<\/p>\n<p>&nbsp;<\/p>\n<p>&nbsp;<\/p>\n<p>[\/et_pb_text][\/et_pb_column][\/et_pb_row][et_pb_row column_structure=&#8221;1_3,2_3&#8243; _builder_version=&#8221;3.25&#8243; background_size=&#8221;initial&#8221; background_position=&#8221;top_left&#8221; background_repeat=&#8221;repeat&#8221;][et_pb_column type=&#8221;1_3&#8243; _builder_version=&#8221;3.25&#8243; custom_padding=&#8221;|||&#8221; custom_padding__hover=&#8221;|||&#8221;][et_pb_text _builder_version=&#8221;4.9.0&#8243; _module_preset=&#8221;default&#8221;]<\/p>\n<p>&nbsp;<\/p>\n<p>&nbsp;<\/p>\n<p style=\"text-align: right;\"><span style=\"font-family: 'times new roman', times, serif; font-size: 36pt; color: #800080;\"><em>Hasip Pekta\u015f<\/em><\/span><\/p>\n<p>[\/et_pb_text][et_pb_text _builder_version=&#8221;4.9.0&#8243; _module_preset=&#8221;default&#8221;]<\/p>\n<p>&nbsp;<\/p>\n<p>&nbsp;<\/p>\n<p>&nbsp;<\/p>\n<p>&nbsp;<\/p>\n<p>&nbsp;<\/p>\n<p style=\"text-align: right;\"><strong><em><span style=\"color: #800080; font-family: 'times new roman', times, serif;\">\u201cKavu\u015fma\u201d<\/span><\/em><\/strong><br \/><strong><em><span style=\"color: #800080; font-family: 'times new roman', times, serif;\"> 100\u00d770 cm<\/span><\/em><\/strong><br \/><strong><em><span style=\"color: #800080; font-family: 'times new roman', times, serif;\"> Akrilik<\/span><\/em><\/strong><br \/><strong><em><span style=\"color: #800080; font-family: 'times new roman', times, serif;\"> 1992<\/span><\/em><\/strong><\/p>\n<p>[\/et_pb_text][\/et_pb_column][et_pb_column type=&#8221;2_3&#8243; _builder_version=&#8221;3.25&#8243; custom_padding=&#8221;|||&#8221; custom_padding__hover=&#8221;|||&#8221;][et_pb_image src=&#8221;https:\/\/gsfsergi.ebyu.edu.tr\/wp-content\/uploads\/2021\/03\/Hasip-Pektas.jpg&#8221; title_text=&#8221;Hasip Pektas&#8221; show_in_lightbox=&#8221;on&#8221; use_overlay=&#8221;on&#8221; overlay_icon_color=&#8221;#ffffff&#8221; hover_overlay_color=&#8221;rgba(128,0,128,0.19)&#8221; hover_icon=&#8221;%%51%%&#8221; _builder_version=&#8221;4.9.0&#8243; _module_preset=&#8221;default&#8221;][\/et_pb_image][et_pb_text _builder_version=&#8221;4.9.0&#8243; background_color=&#8221;rgba(255,255,255,0.64)&#8221; background_size=&#8221;initial&#8221; background_position=&#8221;top_left&#8221; background_repeat=&#8221;repeat&#8221;]<\/p>\n<p style=\"text-align: center;\"><span style=\"color: #800080;\"><span style=\"font-size: 36pt;\"><strong><a href=\"https:\/\/gsfsergi.ebyu.edu.tr\/?page_id=4550\">\u2039<\/a>\u00a0 \u00a0 <\/strong><\/span><span style=\"font-size: 14pt;\">I<span style=\"font-size: 36pt;\">\u00a0 \u00a0 <\/span><\/span><a href=\"https:\/\/gsfsergi.ebyu.edu.tr\/?page_id=4640\"><strong><span style=\"font-size: 36pt;\">\u203a<\/span><\/strong><\/a><\/span><\/p>\n<p>[\/et_pb_text][et_pb_text _builder_version=&#8221;4.7.7&#8243; background_color=&#8221;rgba(255,255,255,0.64)&#8221; background_size=&#8221;initial&#8221; background_position=&#8221;top_left&#8221; background_repeat=&#8221;repeat&#8221;]<\/p>\n<p style=\"text-align: center;\"><a href=\"https:\/\/gsfsergi.ebyu.edu.tr\/?page_id=607\"><em><span style=\"font-size: 11pt; font-family: 'times new roman', times, serif;\"><span style=\"color: #800080;\">Sergi Anasayfa<\/span><\/span><\/em><\/a><\/p>\n<p>[\/et_pb_text][\/et_pb_column][\/et_pb_row][et_pb_row _builder_version=&#8221;3.25&#8243; background_size=&#8221;initial&#8221; background_position=&#8221;top_left&#8221; background_repeat=&#8221;repeat&#8221;][et_pb_column type=&#8221;4_4&#8243; _builder_version=&#8221;3.25&#8243; custom_padding=&#8221;|||&#8221; custom_padding__hover=&#8221;|||&#8221;][et_pb_text _builder_version=&#8221;4.9.0&#8243; _module_preset=&#8221;default&#8221;]<\/p>\n<p>&nbsp;<\/p>\n<p style=\"padding-left: 40px;\"><span style=\"color: #800080; font-size: 24pt; font-family: 'times new roman', times, serif;\">Mektup<\/span><\/p>\n<p>[\/et_pb_text][et_pb_text _builder_version=&#8221;4.9.0&#8243; background_color=&#8221;rgba(255,255,255,0.48)&#8221; background_size=&#8221;initial&#8221; background_position=&#8221;top_left&#8221; background_repeat=&#8221;repeat&#8221;]<\/p>\n<p>&nbsp;<\/p>\n<p style=\"text-align: left; padding-left: 40px; padding-right: 40px;\"><em><span style=\"font-family: 'times new roman', times, serif; font-size: 12pt; color: #800080;\">Kimdir Kad\u0131n?<br \/>Gen\u00e7 k\u0131zl\u0131ktan yeni kurtulmu\u015f e\u015ftir, sevgilidir. Anam\u0131zd\u0131r, ninemizdir, halam\u0131zd\u0131r, teyzemizdir, abam\u0131zd\u0131r. \u00c7al\u0131\u015fand\u0131r, \u00fcretendir, yaratand\u0131r, y\u00f6netendir, \u00f6ng\u00f6rendir. Her i\u015fe ko\u015fand\u0131r, her g\u00fc\u00e7l\u00fc\u011fe g\u00f6\u011f\u00fcs gerendir, m\u00fccadele edendir, sorun \u00e7\u00f6zendir, yard\u0131ma ko\u015fand\u0131r. Yuvalar\u0131n di\u015fi ku\u015fudur, sevendir, sevilendir.<br \/>Kad\u0131n\u0131n de\u011ferini, \u00f6nemini, g\u00fcc\u00fcn\u00fc bilen toplumlar, \u00f6ncelikle gen\u00e7 k\u0131zlar\u0131n\u0131n e\u011fitimini \u00e7ok \u00f6nemserler. Onlar\u0131n gelecekte birer kad\u0131n olaca\u011f\u0131n\u0131, birer anne olaca\u011f\u0131n\u0131 ve \u00e7ocuklar\u0131 gelece\u011fe en iyi onlar\u0131n haz\u0131rlayaca\u011f\u0131n\u0131 iyi bilirler. E\u011fitimli, ayd\u0131n, sevgi dolu bir kad\u0131n\u0131n daha iyi \u00e7ocuk yeti\u015ftirece\u011finin fark\u0131ndad\u0131rlar.<br \/>Kad\u0131n\u0131n de\u011ferini bilmeyen, onu \u00f6nemsemeyen toplumlar ise maalesef ona demokratik haklar\u0131n\u0131 bile vermeyenlerdir. Kocas\u0131na k\u00f6le olmas\u0131n\u0131, sadece ev ve \u00e7ocukla u\u011fra\u015fmas\u0131n\u0131, hatta evden bile d\u0131\u015far\u0131 \u00e7\u0131kmamas\u0131n\u0131 isteyenlerdir. G\u00fcne\u015f y\u00fcz\u00fc bile g\u00f6stermeyenlerdir. Basit bir nedenle bile bo\u015fanma tehdidi yapanlard\u0131r.<br \/>Baz\u0131 ailelerde babalar\u0131n k\u0131z evlatlar\u0131na kar\u015f\u0131 a\u015fa\u011f\u0131lay\u0131c\u0131 davran\u0131\u015fda bulunmas\u0131, erkek evlad\u0131n\u0131 \u00fcst\u00fcn tutmas\u0131 ve bunun yaratt\u0131\u011f\u0131 olumsuzluklar hep kanayan bir yaram\u0131zd\u0131r. Ne ac\u0131d\u0131r ki kad\u0131nlar, aile i\u00e7indeki \u015fiddetle, toplumsal bask\u0131larla, yeterli e\u011fitim-\u00f6\u011fretime ula\u015famamakla, \u00e7al\u0131\u015fma olanaklar\u0131ndan yoksun kalmakla, i\u015f yerlerindeki ayr\u0131mc\u0131l\u0131kla, gelirdeki adaletsizlikle m\u00fccadele etmek zorunda kalm\u0131\u015flard\u0131r. Kad\u0131n ve erkek bir ve beraber olursak d\u00fcnyay\u0131 g\u00fczelle\u015ftirebilece\u011fimiz anla\u015f\u0131lmad\u0131\u011f\u0131 s\u00fcrece ne yaz\u0131k kad\u0131nlar\u0131n \u00f6mr\u00fc m\u00fccadele ile ge\u00e7ecektir.<br \/>\u00c7evresine toplad\u0131\u011f\u0131 hanlara \u201cBen hepinizi han\u0131 Cengiz Han\u2019\u0131m, yan\u0131mda oturan da benim Han\u2019\u0131m B\u00f6rte\u201ddir diyerek sayg\u0131s\u0131n\u0131 g\u00f6steren atalar\u0131m\u0131z\u0131 \u00f6rnek almazsak, kad\u0131n\u0131n de\u011ferini ve \u00f6nemini bilmezsek hep bir yan\u0131m\u0131z eksik, bir yan\u0131m\u0131z zay\u0131f da kalacakt\u0131r. <\/span><\/em><\/p>\n<p style=\"padding-right: 40px; text-align: right;\"><em><span style=\"font-family: 'times new roman', times, serif; font-size: 12pt; color: #800080;\">Hasip PEKTA\u015e<\/span><\/em><\/p>\n<p style=\"text-align: left; padding-left: 40px;\">[\/et_pb_text][\/et_pb_column][\/et_pb_row][et_pb_row _builder_version=&#8221;4.7.7&#8243; _module_preset=&#8221;default&#8221;][et_pb_column type=&#8221;4_4&#8243; _builder_version=&#8221;4.7.7&#8243; _module_preset=&#8221;default&#8221;][et_pb_text _builder_version=&#8221;4.7.7&#8243; _module_preset=&#8221;default&#8221;]<\/p>\n<p>&nbsp;<\/p>\n<p>&nbsp;<\/p>\n<p>[\/et_pb_text][\/et_pb_column][\/et_pb_row][et_pb_row column_structure=&#8221;1_3,2_3&#8243; _builder_version=&#8221;4.7.7&#8243; _module_preset=&#8221;default&#8221;][et_pb_column type=&#8221;1_3&#8243; _builder_version=&#8221;4.7.7&#8243; _module_preset=&#8221;default&#8221;][et_pb_text _builder_version=&#8221;4.9.0&#8243; _module_preset=&#8221;default&#8221;]<\/p>\n<p><img class=\"aligncenter\" src=\"https:\/\/gsfsergi.ebyu.edu.tr\/wp-content\/uploads\/2021\/03\/Hasip-Pektas-Portre.jpg\" \/><\/p>\n<p>[\/et_pb_text][\/et_pb_column][et_pb_column type=&#8221;2_3&#8243; _builder_version=&#8221;4.7.7&#8243; _module_preset=&#8221;default&#8221;][et_pb_accordion open_toggle_text_color=&#8221;#800080&#8243; closed_toggle_text_color=&#8221;#800080&#8243; _builder_version=&#8221;4.9.0&#8243; _module_preset=&#8221;default&#8221; toggle_text_color=&#8221;#800080&#8243; toggle_font=&#8221;Times New Roman||on||||||&#8221; closed_toggle_font=&#8221;Times New Roman||on||||||&#8221; body_font=&#8221;Times New Roman||on||||||&#8221; body_text_color=&#8221;#800080&#8243;][et_pb_accordion_item title=&#8221;Hasip Pekta\u015f&#8221; open=&#8221;on&#8221; _builder_version=&#8221;4.9.0&#8243; _module_preset=&#8221;default&#8221;][\/et_pb_accordion_item][et_pb_accordion_item title=&#8221;\u00d6zge\u00e7mi\u015f&#8221; _builder_version=&#8221;4.9.0&#8243; _module_preset=&#8221;default&#8221; toggle_font=&#8221;Times New Roman||on||||||&#8221; open=&#8221;off&#8221;]<\/p>\n<p style=\"padding-left: 40px;\"><em><span style=\"font-family: 'times new roman', times, serif;\">Hasip Pekta\u015f, 1953&#8217;de do\u011fdu. 1971\u2019de Ak\u015fehir \u0130lk\u00f6\u011fretmen Okulu\u2019ndan, 1974&#8217;de Gazi E\u011fitim Enstit\u00fcs\u00fc Resim-\u0130\u015f E\u011fitimi B\u00f6l\u00fcm\u00fc&#8217;nden mezun oldu. 1987-2007 y\u0131llar\u0131nda Hacettepe \u00dcnv. G\u00fczel Sanatlar Fak\u00fcltesi Grafik B\u00f6l\u00fcm\u00fc&#8217;nde \u00e7al\u0131\u015ft\u0131. 1995&#8217;de Do\u00e7ent, 2001&#8217;de Profes\u00f6r oldu. 2003-2006 y\u0131llar\u0131nda Hacettepe \u00dcnv. G\u00fczel Sanatlar Fak\u00fcltesi Dekanl\u0131\u011f\u0131\u2019n\u0131 yapt\u0131. \u00dcsk\u00fcdar \u00dcnv., \u0130leti\u015fim Fak\u00fcltesi\u2019nde \u00e7al\u0131\u015fmaktad\u0131r. <a href=\"http:\/\/www.aed.org.tr\/\">\u0130stanbul Ekslibris Derne\u011fi<\/a> Ba\u015fkan\u0131\u2019d\u0131r. <a href=\"http:\/\/www.hasippektas.com\">www.hasippektas.com<\/a><\/span><\/em><\/p>\n<p>[\/et_pb_accordion_item][\/et_pb_accordion][\/et_pb_column][\/et_pb_row][et_pb_row _builder_version=&#8221;4.7.7&#8243; _module_preset=&#8221;default&#8221;][et_pb_column type=&#8221;4_4&#8243; _builder_version=&#8221;4.7.7&#8243; _module_preset=&#8221;default&#8221;][et_pb_text _builder_version=&#8221;4.9.0&#8243; _module_preset=&#8221;default&#8221;]<\/p>\n<p>&nbsp;<\/p>\n<p>&nbsp;<\/p>\n<p>[\/et_pb_text][\/et_pb_column][\/et_pb_row][\/et_pb_section]<\/p>\n","protected":false},"excerpt":{"rendered":"<p>[et_pb_section fb_built=&#8221;1&#8243; _builder_version=&#8221;4.7.7&#8243; background_enable_image=&#8221;off&#8221;][et_pb_row _builder_version=&#8221;3.25&#8243; background_size=&#8221;initial&#8221; background_position=&#8221;top_left&#8221; background_repeat=&#8221;repeat&#8221;][et_pb_column type=&#8221;4_4&#8243; _builder_version=&#8221;3.25&#8243; custom_padding=&#8221;|||&#8221; custom_padding__hover=&#8221;|||&#8221;][et_pb_text _builder_version=&#8221;4.7.7&#8243; _module_preset=&#8221;default&#8221;] &nbsp; &nbsp; [\/et_pb_text][\/et_pb_column][\/et_pb_row][et_pb_row column_structure=&#8221;1_3,2_3&#8243; _builder_version=&#8221;3.25&#8243; background_size=&#8221;initial&#8221; background_position=&#8221;top_left&#8221; background_repeat=&#8221;repeat&#8221;][et_pb_column type=&#8221;1_3&#8243; _builder_version=&#8221;3.25&#8243; custom_padding=&#8221;|||&#8221; custom_padding__hover=&#8221;|||&#8221;][et_pb_text _builder_version=&#8221;4.9.0&#8243; _module_preset=&#8221;default&#8221;] &nbsp; &nbsp; Hasip Pekta\u015f [\/et_pb_text][et_pb_text _builder_version=&#8221;4.9.0&#8243; _module_preset=&#8221;default&#8221;] &nbsp; &nbsp; &nbsp; &nbsp; &nbsp; \u201cKavu\u015fma\u201d 100\u00d770 cm Akrilik 1992 [\/et_pb_text][\/et_pb_column][et_pb_column type=&#8221;2_3&#8243; _builder_version=&#8221;3.25&#8243; custom_padding=&#8221;|||&#8221; custom_padding__hover=&#8221;|||&#8221;][et_pb_image src=&#8221;https:\/\/gsfsergi.ebyu.edu.tr\/wp-content\/uploads\/2021\/03\/Hasip-Pektas.jpg&#8221; title_text=&#8221;Hasip Pektas&#8221; show_in_lightbox=&#8221;on&#8221; use_overlay=&#8221;on&#8221; [&hellip;]<\/p>\n","protected":false},"author":9,"featured_media":0,"parent":0,"menu_order":0,"comment_status":"closed","ping_status":"closed","template":"","meta":{"_et_pb_use_builder":"on","_et_pb_old_content":"","_et_gb_content_width":"","spay_email":""},"jetpack_sharing_enabled":true,"jetpack_likes_enabled":true,"_links":{"self":[{"href":"https:\/\/gsfsergi.ebyu.edu.tr\/index.php?rest_route=\/wp\/v2\/pages\/4555"}],"collection":[{"href":"https:\/\/gsfsergi.ebyu.edu.tr\/index.php?rest_route=\/wp\/v2\/pages"}],"about":[{"href":"https:\/\/gsfsergi.ebyu.edu.tr\/index.php?rest_route=\/wp\/v2\/types\/page"}],"author":[{"embeddable":true,"href":"https:\/\/gsfsergi.ebyu.edu.tr\/index.php?rest_route=\/wp\/v2\/users\/9"}],"replies":[{"embeddable":true,"href":"https:\/\/gsfsergi.ebyu.edu.tr\/index.php?rest_route=%2Fwp%2Fv2%2Fcomments&post=4555"}],"version-history":[{"count":7,"href":"https:\/\/gsfsergi.ebyu.edu.tr\/index.php?rest_route=\/wp\/v2\/pages\/4555\/revisions"}],"predecessor-version":[{"id":5531,"href":"https:\/\/gsfsergi.ebyu.edu.tr\/index.php?rest_route=\/wp\/v2\/pages\/4555\/revisions\/5531"}],"wp:attachment":[{"href":"https:\/\/gsfsergi.ebyu.edu.tr\/index.php?rest_route=%2Fwp%2Fv2%2Fmedia&parent=4555"}],"curies":[{"name":"wp","href":"https:\/\/api.w.org\/{rel}","templated":true}]}}