{"id":4546,"date":"2021-03-08T10:11:59","date_gmt":"2021-03-08T07:11:59","guid":{"rendered":"https:\/\/gsfsergi.ebyu.edu.tr\/?page_id=4546"},"modified":"2021-03-17T21:57:41","modified_gmt":"2021-03-17T18:57:41","slug":"gulten-imamoglu-kadin-sergisi","status":"publish","type":"page","link":"https:\/\/gsfsergi.ebyu.edu.tr\/?page_id=4546","title":{"rendered":"G\u00fclten \u0130mamo\u011flu &#8211; Kad\u0131n Sergisi"},"content":{"rendered":"<p>[et_pb_section fb_built=&#8221;1&#8243; _builder_version=&#8221;4.7.7&#8243; background_enable_image=&#8221;off&#8221;][et_pb_row _builder_version=&#8221;3.25&#8243; background_size=&#8221;initial&#8221; background_position=&#8221;top_left&#8221; background_repeat=&#8221;repeat&#8221;][et_pb_column type=&#8221;4_4&#8243; _builder_version=&#8221;3.25&#8243; custom_padding=&#8221;|||&#8221; custom_padding__hover=&#8221;|||&#8221;][et_pb_text _builder_version=&#8221;4.7.7&#8243; _module_preset=&#8221;default&#8221;]<\/p>\n<p>&nbsp;<\/p>\n<p>&nbsp;<\/p>\n<p>[\/et_pb_text][\/et_pb_column][\/et_pb_row][et_pb_row column_structure=&#8221;1_3,2_3&#8243; _builder_version=&#8221;3.25&#8243; background_size=&#8221;initial&#8221; background_position=&#8221;top_left&#8221; background_repeat=&#8221;repeat&#8221;][et_pb_column type=&#8221;1_3&#8243; _builder_version=&#8221;3.25&#8243; custom_padding=&#8221;|||&#8221; custom_padding__hover=&#8221;|||&#8221;][et_pb_text _builder_version=&#8221;4.9.0&#8243; _module_preset=&#8221;default&#8221;]<\/p>\n<p>&nbsp;<\/p>\n<p>&nbsp;<\/p>\n<p style=\"text-align: right;\"><span style=\"font-family: 'times new roman', times, serif; font-size: 36pt; color: #800080;\"><em>G\u00fclten \u0130mamo\u011flu<\/em><\/span><\/p>\n<p>[\/et_pb_text][et_pb_text _builder_version=&#8221;4.9.0&#8243; _module_preset=&#8221;default&#8221;]<\/p>\n<p>&nbsp;<\/p>\n<p>&nbsp;<\/p>\n<p>&nbsp;<\/p>\n<p>&nbsp;<\/p>\n<p>&nbsp;<\/p>\n<p style=\"text-align: right;\"><strong><em><span style=\"color: #800080; font-family: 'times new roman', times, serif;\">\u201cMutasyon\/Ar\u0131\u201d<\/span><\/em><\/strong><br \/><strong><em><span style=\"color: #800080; font-family: 'times new roman', times, serif;\"> 136\u00d7175 cm<\/span><\/em><\/strong><br \/><strong><em><span style=\"color: #800080; font-family: 'times new roman', times, serif;\"> Tuval \u00dczerine Akrilik<\/span><\/em><\/strong><br \/><strong><em><span style=\"color: #800080; font-family: 'times new roman', times, serif;\"> 2019<\/span><\/em><\/strong><\/p>\n<p>[\/et_pb_text][\/et_pb_column][et_pb_column type=&#8221;2_3&#8243; _builder_version=&#8221;3.25&#8243; custom_padding=&#8221;|||&#8221; custom_padding__hover=&#8221;|||&#8221;][et_pb_image src=&#8221;https:\/\/gsfsergi.ebyu.edu.tr\/wp-content\/uploads\/2021\/03\/Gulten-Imamoglu-scaled.jpg&#8221; title_text=&#8221;G\u00fclten \u0130mamo\u011flu&#8221; show_in_lightbox=&#8221;on&#8221; use_overlay=&#8221;on&#8221; overlay_icon_color=&#8221;#ffffff&#8221; hover_overlay_color=&#8221;rgba(128,0,128,0.19)&#8221; hover_icon=&#8221;%%51%%&#8221; _builder_version=&#8221;4.9.0&#8243; _module_preset=&#8221;default&#8221;][\/et_pb_image][et_pb_text _builder_version=&#8221;4.9.0&#8243; background_color=&#8221;rgba(255,255,255,0.64)&#8221; background_size=&#8221;initial&#8221; background_position=&#8221;top_left&#8221; background_repeat=&#8221;repeat&#8221;]<\/p>\n<p style=\"text-align: center;\"><span style=\"color: #800080;\"><span style=\"font-size: 36pt;\"><strong><a href=\"https:\/\/gsfsergi.ebyu.edu.tr\/?page_id=4542\">\u2039<\/a>\u00a0 \u00a0 <\/strong><\/span><span style=\"font-size: 14pt;\">I<span style=\"font-size: 36pt;\">\u00a0 \u00a0 <\/span><\/span><a href=\"https:\/\/gsfsergi.ebyu.edu.tr\/?page_id=4550\"><strong><span style=\"font-size: 36pt;\">\u203a<\/span><\/strong><\/a><\/span><\/p>\n<p>[\/et_pb_text][et_pb_text _builder_version=&#8221;4.7.7&#8243; background_color=&#8221;rgba(255,255,255,0.64)&#8221; background_size=&#8221;initial&#8221; background_position=&#8221;top_left&#8221; background_repeat=&#8221;repeat&#8221;]<\/p>\n<p style=\"text-align: center;\"><a href=\"https:\/\/gsfsergi.ebyu.edu.tr\/?page_id=607\"><em><span style=\"font-size: 11pt; font-family: 'times new roman', times, serif;\"><span style=\"color: #800080;\">Sergi Anasayfa<\/span><\/span><\/em><\/a><\/p>\n<p>[\/et_pb_text][\/et_pb_column][\/et_pb_row][et_pb_row _builder_version=&#8221;4.7.7&#8243; _module_preset=&#8221;default&#8221;][et_pb_column type=&#8221;4_4&#8243; _builder_version=&#8221;4.7.7&#8243; _module_preset=&#8221;default&#8221;][et_pb_text _builder_version=&#8221;4.7.7&#8243; _module_preset=&#8221;default&#8221;]<\/p>\n<p>&nbsp;<\/p>\n<p>&nbsp;<\/p>\n<p>[\/et_pb_text][\/et_pb_column][\/et_pb_row][et_pb_row column_structure=&#8221;1_3,2_3&#8243; _builder_version=&#8221;4.7.7&#8243; _module_preset=&#8221;default&#8221;][et_pb_column type=&#8221;1_3&#8243; _builder_version=&#8221;4.7.7&#8243; _module_preset=&#8221;default&#8221;][et_pb_text _builder_version=&#8221;4.9.0&#8243; _module_preset=&#8221;default&#8221;]<\/p>\n<p><img class=\"aligncenter\" src=\"https:\/\/gsfsergi.ebyu.edu.tr\/wp-content\/uploads\/2021\/03\/Gulten-Imamoglu-Portre-scaled.jpg\" \/><\/p>\n<p>[\/et_pb_text][\/et_pb_column][et_pb_column type=&#8221;2_3&#8243; _builder_version=&#8221;4.7.7&#8243; _module_preset=&#8221;default&#8221;][et_pb_accordion open_toggle_text_color=&#8221;#800080&#8243; closed_toggle_text_color=&#8221;#800080&#8243; _builder_version=&#8221;4.9.0&#8243; _module_preset=&#8221;default&#8221; toggle_text_color=&#8221;#800080&#8243; toggle_font=&#8221;Times New Roman||on||||||&#8221; closed_toggle_font=&#8221;Times New Roman||on||||||&#8221; body_font=&#8221;Times New Roman||on||||||&#8221; body_text_color=&#8221;#800080&#8243;][et_pb_accordion_item title=&#8221;G\u00fclten \u0130mamo\u011flu&#8221; open=&#8221;on&#8221; _builder_version=&#8221;4.9.0&#8243; _module_preset=&#8221;default&#8221;][\/et_pb_accordion_item][et_pb_accordion_item title=&#8221;\u00d6zge\u00e7mi\u015f&#8221; _builder_version=&#8221;4.9.0&#8243; _module_preset=&#8221;default&#8221; toggle_font=&#8221;Times New Roman||on||||||&#8221; open=&#8221;off&#8221;]<\/p>\n<p style=\"padding-left: 40px;\"><em><span style=\"font-family: 'times new roman', times, serif;\">Prof. Dr. G\u00fclten \u0130mamo\u011flu<\/span><\/em><\/p>\n<p style=\"padding-left: 40px;\"><em><span style=\"font-family: 'times new roman', times, serif;\">1970 Tokat do\u011fumludur. ArtStage, Basel\/Scope, Contemporary \u0130stanbul, ArtHamptons sanat fuarlar\u0131n\u0131n yan\u0131 s\u0131ra Artexpo, Spectrum Miami, Artist \u0130stanbul, San Francisco Sausalito fuarlar\u0131nda da \u00fclkemizi defalarca temsil etmi\u015ftir. Miami, New York, Washington DC ve Los Angeles\u2019da \u00f6nemli Galeriler ile \u00e7al\u0131\u015fmaktad\u0131r. Las Vegas South Nevada Fine Art Museum daimi koleksiyonunda iki eseri, Almanya Hagen Osthaus Museum ve Baks\u0131 Museum da da eserleri bulunmaktad\u0131r.\u00a0 Uluslararas\u0131 pek \u00e7ok \u00f6nemli \u00f6d\u00fcl\u00fcn sahibi olan Prof.Dr.G\u00fclten \u0130mamo\u011flu; American Biographical Institude taraf\u0131ndan &#8220;WOMAN OF THE YEAR 2011&#8221; se\u00e7ilmi\u015f, 2009 da da Londra\u2019da \u201cprofesyonel resim\u201d dal\u0131nda d\u00fcnya birincili\u011fi alm\u0131\u015ft\u0131r. Sanat\u00e7\u0131 2010 y\u0131l\u0131ndan beri ORGAN\u0130K METASTRATA ad\u0131n\u0131 verdi\u011fi \u00f6zg\u00fcn tekni\u011fiyle \u00e7al\u0131\u015fmaktad\u0131r. 19 May\u0131s \u00dcniversitesinde ve \u0130stanbul \u00dcniversitelerinde \u00e7al\u0131\u015fm\u0131\u015f, 10 y\u0131ll\u0131k profes\u00f6r iken, Sanat kariyerine daha geni\u015f vakit ay\u0131rabilmek i\u00e7in 2019 y\u0131l\u0131nda \u00f6\u011fretim \u00fcyeli\u0123inden\u00a0 ayr\u0131lm\u0131\u015ft\u0131r. 200 den fazla sergi ve etkinli\u011fe kat\u0131lm\u0131\u015f ulusal ve uluslararas\u0131 pek \u00e7ok bilimsel ve sanatsal yay\u0131n\u0131 da bulunmaktad\u0131r.Sanatsal \u00e7al\u0131\u015fmalar\u0131n\u0131 \u0130stanbul, Samsun ve Washington DC deki at\u00f6lyelerinde s\u00fcrd\u00fcrmektedir.<\/span><\/em><\/p>\n<p style=\"padding-left: 40px;\"><em><span style=\"font-family: 'times new roman', times, serif;\">SE\u00c7ME K\u0130\u015e\u0130SEL SERG\u0130LER<\/span><\/em><br \/><em><span style=\"font-family: 'times new roman', times, serif;\">2019 &#8220;ESTET\u0130K KEHANET&#8221; Maji Artgallery, \u0130STANBUL<\/span><\/em><br \/><em><span style=\"font-family: 'times new roman', times, serif;\">2019 \u201cTOHUM II\u201dArtgalerim Bebek,\u0130STANBUL<\/span><\/em><br \/><em><span style=\"font-family: 'times new roman', times, serif;\">2019 \u201cTOHUM\u201d Ziraat Bankas\u0131 T\u00fcnel Sanat Galerisi, \u0130STANBUL<\/span><\/em><br \/><em><span style=\"font-family: 'times new roman', times, serif;\">2018 \u201cTHE MIRROR REFLECTING\u201d Saphira &amp; Ventura Gallery New York,NY, AMER\u0130KA<\/span><\/em><br \/><em><span style=\"font-family: 'times new roman', times, serif;\">2017 \u00c7A\u011eIN RUHU-AN FSanat Galerisi \u0130STANBUL<\/span><\/em><br \/><em><span style=\"font-family: 'times new roman', times, serif;\">2016 \u2018BEREKET\/BRAHA\u2019GaleriFE, \u0130stanbul<\/span><\/em><br \/><em><span style=\"font-family: 'times new roman', times, serif;\">2015 \u2018I\u015eI\u011eA DO\u011eRU\u2019 Ekol Sanat Galerisi, \u0130ZM\u0130R<\/span><\/em><br \/><em><span style=\"font-family: 'times new roman', times, serif;\">2014 \u2018HERMOAFROD\u0130AS\u2019 Artgalerim Bebek, \u0130STANBUL<\/span><\/em><br \/><em><span style=\"font-family: 'times new roman', times, serif;\">2011 \u2018ORGAN\u0130K METASTRATA\u2019 Abra Sanat Galerisi, LA, AMER\u0130KA<\/span><\/em><br \/><em><span style=\"font-family: 'times new roman', times, serif;\">2010 \u2018SOLAR\u0130S\u2019 Modernist, \u0130STANBUL<\/span><\/em><br \/><em><span style=\"font-family: 'times new roman', times, serif;\">2010 \u2018AURORA\u2019Samsun Ticaret Merkezi, SAMSUN<\/span><\/em><br \/><em><span style=\"font-family: 'times new roman', times, serif;\">2009 \u2018PASSION\u2019 HayHill Gallery, London,\u0130NG\u0130LTERE<\/span><\/em><br \/><em><span style=\"font-family: 'times new roman', times, serif;\">2009 Abra Gallery, Los Angeles, AMER\u0130KA<\/span><\/em><br \/><em><span style=\"font-family: 'times new roman', times, serif;\">2009 \u2018S\u00dcRG\u00dcN\u2019Garage of Art, \u0130STANBUL<\/span><\/em><br \/><em><span style=\"font-family: 'times new roman', times, serif;\">2008 \u2018ANATOLIAN GODDES\u2019, JacopJavits Center,NewYork, AMER\u0130KA<\/span><\/em><br \/><em><span style=\"font-family: 'times new roman', times, serif;\">2007 \u2018ARINMA\u2019 Art&amp;Life Sanat Galerisi, \u0130STANBUL<\/span><\/em><br \/><em><span style=\"font-family: 'times new roman', times, serif;\">2007 ArtExpo Art Fair, Mandalay Bay Convention Center, LasVegas, AMER\u0130KA<\/span><\/em><br \/><em><span style=\"font-family: 'times new roman', times, serif;\">2006 \u2019SUDAG\u0130Z\u2019 ArtForum Sanat Fuar\u0131, Art&amp;Life Sanat Galerisi, ANKARA<\/span><\/em><br \/><em><span style=\"font-family: 'times new roman', times, serif;\">2006 \u2019ANATOLIAN COLOURS\u201954. Sausalito Art Festival, SF, AMER\u0130KA<\/span><\/em><br \/><em><span style=\"font-family: 'times new roman', times, serif;\">2006 \u2018Bir K\u0131rm\u0131z\u0131 Bin D\u00fc\u015f\u2019 Altanay Sanat Galerisi, ANKARA<\/span><\/em><br \/><em><span style=\"font-family: 'times new roman', times, serif;\">2005 53.International Sausalito Art Festival, San Francisco, AMER\u0130KA<\/span><\/em><br \/><em><span style=\"font-family: 'times new roman', times, serif;\">2005 \u2018Metafizik Fantezi\u2019 Galeri Artist, \u0130STANBUL<\/span><\/em><br \/><em><span style=\"font-family: 'times new roman', times, serif;\">2004 ANKART Sanat Fuar\u0131 (\u00c7A\u011eSAV), \u00c7a\u011fda\u015f Sanatlar Merkezi, ANKARA<\/span><\/em><br \/><em><span style=\"font-family: 'times new roman', times, serif;\">2003 \u2018Metaformik Duyumlar\u2019 Galeri Artist, \u0130STANBUL<\/span><\/em><\/p>\n<p style=\"padding-left: 40px;\"><em><span style=\"font-family: 'times new roman', times, serif;\">SE\u00c7ME KARMA SERG\u0130LER<\/span><\/em><br \/><em><span style=\"font-family: 'times new roman', times, serif;\">2019 Metropolitan Pavillon Scope Art Fair<\/span><\/em><br \/><em><span style=\"font-family: 'times new roman', times, serif;\">2018 ARTSTAGE S\u0130NGAPORE<\/span><\/em><br \/><em><span style=\"font-family: 'times new roman', times, serif;\">2017Contemporary \u0130stanbul,Marc Hackhem,ISTANBUL<\/span><\/em><br \/><em><span style=\"font-family: 'times new roman', times, serif;\">2017 Artist 27, GaleriFe, T\u00fcyap,ISTANBUL<\/span><\/em><br \/><em><span style=\"font-family: 'times new roman', times, serif;\">2016 SCOPE BASEL, Abra Art Gallery, MIAMI<\/span><\/em><br \/><em><span style=\"font-family: 'times new roman', times, serif;\">2015\u2019Moonlight II\u2019Gallery NK, Washington DC, USA<\/span><\/em><br \/><em><span style=\"font-family: 'times new roman', times, serif;\">2015 Neperformans, \u00c7a\u011fda\u015f Sanatlar K\u00fclt\u00fcr Merkezi, ANKARA<\/span><\/em><br \/><em><span style=\"font-family: 'times new roman', times, serif;\">2015 Miami Spectrum Art Fair,Gallery NK, Miami, USA<\/span><\/em><br \/><em><span style=\"font-family: 'times new roman', times, serif;\">2015 ArtExpo,Pier 96,Gallery NK, New York, USA<\/span><\/em><br \/><em><span style=\"font-family: 'times new roman', times, serif;\">2014 Contemporary \u0130stanbul, Galeri Baraz, ISTANBUL<\/span><\/em><br \/><em><span style=\"font-family: 'times new roman', times, serif;\">2013ContemporaryIstanbul, Galeri Baraz, \u0130STANBUL<\/span><\/em><br \/><em><span style=\"font-family: 'times new roman', times, serif;\">2013ArtbosphorusContemporary 23,Mine Sanat Galerisi,\u0130STANBUL<\/span><\/em><br \/><em><span style=\"font-family: 'times new roman', times, serif;\">2014 Elit I karma sergi, Artgalerim Bebek, \u0130 \u0130STANBUL<\/span><\/em><br \/><em><span style=\"font-family: 'times new roman', times, serif;\">2013 Kuramsal D\u00fc\u015fler, Artgalerim Ni\u015fanta\u015f\u0131, \u0130STANBUL<\/span><\/em><br \/><em><span style=\"font-family: 'times new roman', times, serif;\">2013 \u201cI loveYoumorethan Art\u201d,Ekav Sanat Galerisi,\u0130STANBUL<\/span><\/em><br \/><em><span style=\"font-family: 'times new roman', times, serif;\">2013\u00a0 Artbosphorus Sanat Fuar\u0131, Mine Sanat Galerisi,HKKM,\u0130STANBUL<\/span><\/em><br \/><em><span style=\"font-family: 'times new roman', times, serif;\">2012 &#8220;\u00dc\u00e7 Ku\u015fak \u00c7a\u011fda\u015f T\u00fcrk Sanat\u0131&#8221;UNESCO\/IAA Avrupa Genel Kurul Etkinli\u011fi, UPSD Sanat Galerisi,\u0130STANBUL<\/span><\/em><br \/><em><span style=\"font-family: 'times new roman', times, serif;\">2012 ArtrageousGallery,KarmaSergi,Miami,Florida,AMER\u0130KA<\/span><\/em><br \/><em><span style=\"font-family: 'times new roman', times, serif;\">2012 Abra Art Gallery,KarmaSergi,LA,AMER\u0130KA<\/span><\/em><br \/><em><span style=\"font-family: 'times new roman', times, serif;\">2011&#8243;G\u00fcne\u015fin \u0130zinde-81 \u0130L 81 SANAT\u00c7I&#8221;,SAMSUN<\/span><\/em><br \/><em><span style=\"font-family: 'times new roman', times, serif;\">2011&#8243;7 \u0130z&#8221; &#8211; Karma Sergi &#8211; Tunca Sanat Galerisi,\u0130STANBUL<\/span><\/em><br \/><em><span style=\"font-family: 'times new roman', times, serif;\">2011 Abra Art Gallery,KarmaSergi,LA,AMER\u0130KA<\/span><\/em><br \/><em><span style=\"font-family: 'times new roman', times, serif;\">2011ContemporaryIstanbul, Galeri Baraz,ISTANBUL<\/span><\/em><br \/><em><span style=\"font-family: 'times new roman', times, serif;\">2010 &#8220;Internat\u0131onalContemporaryMasters&#8221;South Nevada Fine\u00a0 Art Museum,LasVegas, AMER\u0130KA<\/span><\/em><br \/><em><span style=\"font-family: 'times new roman', times, serif;\">2009 Contemporary \u0130stanbul, Galeri Biny\u0131l, L\u00fctfi K\u0131rdar Kongre K\u00fclt\u00fcr Merkezi, \u0130STANBUL<\/span><\/em><br \/><em><span style=\"font-family: 'times new roman', times, serif;\">2009 ArtHamptons 2009, Abra Gallery,SouthHampton, NewYork, ,AMER\u0130KA<\/span><\/em><br \/><em><span style=\"font-family: 'times new roman', times, serif;\">2009 ArtExpo,JacopJavitsCenter,NewYork, ,AMER\u0130KA<\/span><\/em><br \/><em><span style=\"font-family: 'times new roman', times, serif;\">2008 Contemporary \u0130stanbul, Galeri Biny\u0131l, L\u00fctfi K\u0131rdar Kongre K\u00fclt\u00fcr Merkezi,\u0130STANBUL<\/span><\/em><br \/><em><span style=\"font-family: 'times new roman', times, serif;\">2008 Mandalay Bay Convention Center, LasVegas, ,AMER\u0130KA<\/span><\/em><br \/><em><span style=\"font-family: 'times new roman', times, serif;\">2008 International Conference on Art and Art Exhibition,PAKISTAN<\/span><\/em><br \/><em><span style=\"font-family: 'times new roman', times, serif;\">2008AFlorida Art Fair, Abra Art Gallery, AMER\u0130KA<\/span><\/em><br \/><em><span style=\"font-family: 'times new roman', times, serif;\">2007 Contemporary \u0130stanbul, Galeri Biny\u0131l,L\u00fctfi K\u0131rdar Kongre K\u00fclt\u00fcr Merkezi, \u0130STANBUL<\/span><\/em><br \/><em><span style=\"font-family: 'times new roman', times, serif;\">2007 NeoCon Chicago 2007, Chicago,AMER\u0130KA<\/span><\/em><br \/><em><span style=\"font-family: 'times new roman', times, serif;\">2007 Art Bosphorus 2007, \u00c7a\u011fda\u015f Sanat Fuar\u0131,\u0130STANBUL<\/span><\/em><br \/><em><span style=\"font-family: 'times new roman', times, serif;\">2005 ART-iST, L\u00fctfi K\u0131rdar Kongre K\u00fclt. Mrk., \u0130STANBUL<\/span><\/em><br \/><em><span style=\"font-family: 'times new roman', times, serif;\">2003 12. Uluslararas\u0131 Bask\u0131 Bienali, Varna, BULGAR\u0130STAN<\/span><\/em><br \/><em><span style=\"font-family: 'times new roman', times, serif;\">2003 Artist 2003, 13. \u0130stanbul Sanat Fuar\u0131,Galeri Artist, \u0130STANBUL<\/span><\/em><br \/><em><span style=\"font-family: 'times new roman', times, serif;\">2003 12.Uluslararas\u0131 Bask\u0131 Resim Bienali. Varna. BULGARISTAN<\/span><\/em><\/p>\n<p style=\"padding-left: 40px;\"><em><span style=\"font-family: 'times new roman', times, serif;\">SE\u00c7ME \u00d6D\u00dcLLER<\/span><\/em><br \/><em><span style=\"font-family: 'times new roman', times, serif;\">2015 ELELE Y\u0131l\u0131n Kad\u0131n\u0131 \u2013Plastik Sanatlar Dal\u0131nda, \u0130STANBUL<\/span><\/em><br \/><em><span style=\"font-family: 'times new roman', times, serif;\">2014 \u0130LKADIM Rotary Club,2013 Ba\u015far\u0131 \u00d6d\u00fcl\u00fc,SAMSUN<\/span><\/em><br \/><em><span style=\"font-family: 'times new roman', times, serif;\">2011\u00a0 &#8220;WOMAN OF THE YEAR 2011&#8243;American BiographicalInstitude, Inc. USA<\/span><\/em><br \/><em><span style=\"font-family: 'times new roman', times, serif;\">2011 Gold MedalTurkeyPassion, Courage, Commitment, Success, Excellence, Virtue, Spirit, ABI-ABD<\/span><\/em><br \/><em><span style=\"font-family: 'times new roman', times, serif;\">2011 SAATCHI GALLERY Showdown, Top 6 Finallist,LONDON<\/span><\/em><br \/><em><span style=\"font-family: 'times new roman', times, serif;\">2011 1st 2011 ShowcaseWinner,FallHarvest,Artslant,Newyork 2011,AMERICA<\/span><\/em><br \/><em><span style=\"font-family: 'times new roman', times, serif;\">2010ArtslantContemporary Art Network,5th ShowcaseWinner,AMERICA<\/span><\/em><br \/><em><span style=\"font-family: 'times new roman', times, serif;\">2009 LICC London International Creative Competition Professional Painting Finalist Award,ENGLAND<\/span><\/em><br \/><em><span style=\"font-family: 'times new roman', times, serif;\">2009 ArtslantContemporary Art Network,MayShowcaseWinner,Newyork,AMERICA<\/span><\/em><br \/><em><span style=\"font-family: 'times new roman', times, serif;\">2009 Crimson Kaie | Artist of the day,4 April,LONDON<\/span><\/em><\/p>\n<p>[\/et_pb_accordion_item][\/et_pb_accordion][\/et_pb_column][\/et_pb_row][et_pb_row _builder_version=&#8221;4.7.7&#8243; _module_preset=&#8221;default&#8221;][et_pb_column type=&#8221;4_4&#8243; _builder_version=&#8221;4.7.7&#8243; _module_preset=&#8221;default&#8221;][et_pb_text _builder_version=&#8221;4.9.0&#8243; _module_preset=&#8221;default&#8221;]<\/p>\n<p>&nbsp;<\/p>\n<p>&nbsp;<\/p>\n<p>[\/et_pb_text][\/et_pb_column][\/et_pb_row][\/et_pb_section]<\/p>\n","protected":false},"excerpt":{"rendered":"<p>[et_pb_section fb_built=&#8221;1&#8243; _builder_version=&#8221;4.7.7&#8243; background_enable_image=&#8221;off&#8221;][et_pb_row _builder_version=&#8221;3.25&#8243; background_size=&#8221;initial&#8221; background_position=&#8221;top_left&#8221; background_repeat=&#8221;repeat&#8221;][et_pb_column type=&#8221;4_4&#8243; _builder_version=&#8221;3.25&#8243; custom_padding=&#8221;|||&#8221; custom_padding__hover=&#8221;|||&#8221;][et_pb_text _builder_version=&#8221;4.7.7&#8243; _module_preset=&#8221;default&#8221;] &nbsp; &nbsp; [\/et_pb_text][\/et_pb_column][\/et_pb_row][et_pb_row column_structure=&#8221;1_3,2_3&#8243; _builder_version=&#8221;3.25&#8243; background_size=&#8221;initial&#8221; background_position=&#8221;top_left&#8221; background_repeat=&#8221;repeat&#8221;][et_pb_column type=&#8221;1_3&#8243; _builder_version=&#8221;3.25&#8243; custom_padding=&#8221;|||&#8221; custom_padding__hover=&#8221;|||&#8221;][et_pb_text _builder_version=&#8221;4.9.0&#8243; _module_preset=&#8221;default&#8221;] &nbsp; &nbsp; G\u00fclten \u0130mamo\u011flu [\/et_pb_text][et_pb_text _builder_version=&#8221;4.9.0&#8243; _module_preset=&#8221;default&#8221;] &nbsp; &nbsp; &nbsp; &nbsp; &nbsp; \u201cMutasyon\/Ar\u0131\u201d 136\u00d7175 cm Tuval \u00dczerine Akrilik 2019 [\/et_pb_text][\/et_pb_column][et_pb_column type=&#8221;2_3&#8243; _builder_version=&#8221;3.25&#8243; custom_padding=&#8221;|||&#8221; custom_padding__hover=&#8221;|||&#8221;][et_pb_image src=&#8221;https:\/\/gsfsergi.ebyu.edu.tr\/wp-content\/uploads\/2021\/03\/Gulten-Imamoglu-scaled.jpg&#8221; title_text=&#8221;G\u00fclten \u0130mamo\u011flu&#8221; [&hellip;]<\/p>\n","protected":false},"author":9,"featured_media":0,"parent":0,"menu_order":0,"comment_status":"closed","ping_status":"closed","template":"","meta":{"_et_pb_use_builder":"on","_et_pb_old_content":"","_et_gb_content_width":"","spay_email":""},"jetpack_sharing_enabled":true,"jetpack_likes_enabled":true,"_links":{"self":[{"href":"https:\/\/gsfsergi.ebyu.edu.tr\/index.php?rest_route=\/wp\/v2\/pages\/4546"}],"collection":[{"href":"https:\/\/gsfsergi.ebyu.edu.tr\/index.php?rest_route=\/wp\/v2\/pages"}],"about":[{"href":"https:\/\/gsfsergi.ebyu.edu.tr\/index.php?rest_route=\/wp\/v2\/types\/page"}],"author":[{"embeddable":true,"href":"https:\/\/gsfsergi.ebyu.edu.tr\/index.php?rest_route=\/wp\/v2\/users\/9"}],"replies":[{"embeddable":true,"href":"https:\/\/gsfsergi.ebyu.edu.tr\/index.php?rest_route=%2Fwp%2Fv2%2Fcomments&post=4546"}],"version-history":[{"count":7,"href":"https:\/\/gsfsergi.ebyu.edu.tr\/index.php?rest_route=\/wp\/v2\/pages\/4546\/revisions"}],"predecessor-version":[{"id":5526,"href":"https:\/\/gsfsergi.ebyu.edu.tr\/index.php?rest_route=\/wp\/v2\/pages\/4546\/revisions\/5526"}],"wp:attachment":[{"href":"https:\/\/gsfsergi.ebyu.edu.tr\/index.php?rest_route=%2Fwp%2Fv2%2Fmedia&parent=4546"}],"curies":[{"name":"wp","href":"https:\/\/api.w.org\/{rel}","templated":true}]}}