{"id":4542,"date":"2021-03-08T10:11:05","date_gmt":"2021-03-08T07:11:05","guid":{"rendered":"https:\/\/gsfsergi.ebyu.edu.tr\/?page_id=4542"},"modified":"2021-03-17T21:57:34","modified_gmt":"2021-03-17T18:57:34","slug":"gulay-semercioglu-kadin-sergisi","status":"publish","type":"page","link":"https:\/\/gsfsergi.ebyu.edu.tr\/?page_id=4542","title":{"rendered":"G\u00fclay Semercio\u011flu &#8211; Kad\u0131n Sergisi"},"content":{"rendered":"<p>[et_pb_section fb_built=&#8221;1&#8243; _builder_version=&#8221;4.7.7&#8243; background_enable_image=&#8221;off&#8221;][et_pb_row _builder_version=&#8221;3.25&#8243; background_size=&#8221;initial&#8221; background_position=&#8221;top_left&#8221; background_repeat=&#8221;repeat&#8221;][et_pb_column type=&#8221;4_4&#8243; _builder_version=&#8221;3.25&#8243; custom_padding=&#8221;|||&#8221; custom_padding__hover=&#8221;|||&#8221;][et_pb_text _builder_version=&#8221;4.7.7&#8243; _module_preset=&#8221;default&#8221;]<\/p>\n<p>&nbsp;<\/p>\n<p>&nbsp;<\/p>\n<p>[\/et_pb_text][\/et_pb_column][\/et_pb_row][et_pb_row column_structure=&#8221;1_3,2_3&#8243; _builder_version=&#8221;3.25&#8243; background_size=&#8221;initial&#8221; background_position=&#8221;top_left&#8221; background_repeat=&#8221;repeat&#8221;][et_pb_column type=&#8221;1_3&#8243; _builder_version=&#8221;3.25&#8243; custom_padding=&#8221;|||&#8221; custom_padding__hover=&#8221;|||&#8221;][et_pb_text _builder_version=&#8221;4.9.0&#8243; _module_preset=&#8221;default&#8221;]<\/p>\n<p>&nbsp;<\/p>\n<p>&nbsp;<\/p>\n<p style=\"text-align: right;\"><span style=\"font-family: 'times new roman', times, serif; font-size: 36pt; color: #800080;\"><em>G\u00fclay Semercio\u011flu<\/em><\/span><\/p>\n<p>[\/et_pb_text][et_pb_text _builder_version=&#8221;4.9.0&#8243; _module_preset=&#8221;default&#8221;]<\/p>\n<p>&nbsp;<\/p>\n<p>&nbsp;<\/p>\n<p>&nbsp;<\/p>\n<p>&nbsp;<\/p>\n<p>&nbsp;<\/p>\n<p style=\"text-align: right;\"><strong><em><span style=\"color: #800080; font-family: 'times new roman', times, serif;\">\u201cKo\u00e7 Boynuzu\u201d<\/span><\/em><\/strong><br \/><strong><em><span style=\"color: #800080; font-family: 'times new roman', times, serif;\"> 142\u00d7102,5 cm<\/span><\/em><\/strong><br \/><strong><em><span style=\"color: #800080; font-family: 'times new roman', times, serif;\"> Ah\u015fap, Tel, Vida<\/span><\/em><\/strong><br \/><strong><em><span style=\"color: #800080; font-family: 'times new roman', times, serif;\"> 2019<\/span><\/em><\/strong><\/p>\n<p>[\/et_pb_text][\/et_pb_column][et_pb_column type=&#8221;2_3&#8243; _builder_version=&#8221;3.25&#8243; custom_padding=&#8221;|||&#8221; custom_padding__hover=&#8221;|||&#8221;][et_pb_image src=&#8221;https:\/\/gsfsergi.ebyu.edu.tr\/wp-content\/uploads\/2021\/03\/Gulay-Semercioglu-1-scaled.jpg&#8221; title_text=&#8221;G\u00fclay Semercio\u011flu-1&#8243; show_in_lightbox=&#8221;on&#8221; use_overlay=&#8221;on&#8221; overlay_icon_color=&#8221;#ffffff&#8221; hover_overlay_color=&#8221;rgba(128,0,128,0.19)&#8221; hover_icon=&#8221;%%51%%&#8221; _builder_version=&#8221;4.9.0&#8243; _module_preset=&#8221;default&#8221;][\/et_pb_image][et_pb_text _builder_version=&#8221;4.9.0&#8243; background_color=&#8221;rgba(255,255,255,0.64)&#8221; background_size=&#8221;initial&#8221; background_position=&#8221;top_left&#8221; background_repeat=&#8221;repeat&#8221;]<\/p>\n<p style=\"text-align: center;\"><span style=\"color: #800080;\"><span style=\"font-size: 36pt;\"><strong><a href=\"https:\/\/gsfsergi.ebyu.edu.tr\/?page_id=4874\">\u2039<\/a>\u00a0 \u00a0 <\/strong><\/span><span style=\"font-size: 14pt;\">I<span style=\"font-size: 36pt;\">\u00a0 \u00a0 <\/span><\/span><a href=\"https:\/\/gsfsergi.ebyu.edu.tr\/?page_id=4546\"><strong><span style=\"font-size: 36pt;\">\u203a<\/span><\/strong><\/a><\/span><\/p>\n<p>[\/et_pb_text][et_pb_text _builder_version=&#8221;4.7.7&#8243; background_color=&#8221;rgba(255,255,255,0.64)&#8221; background_size=&#8221;initial&#8221; background_position=&#8221;top_left&#8221; background_repeat=&#8221;repeat&#8221;]<\/p>\n<p style=\"text-align: center;\"><a href=\"https:\/\/gsfsergi.ebyu.edu.tr\/?page_id=607\"><em><span style=\"font-size: 11pt; font-family: 'times new roman', times, serif;\"><span style=\"color: #800080;\">Sergi Anasayfa<\/span><\/span><\/em><\/a><\/p>\n<p>[\/et_pb_text][\/et_pb_column][\/et_pb_row][et_pb_row column_structure=&#8221;1_4,1_4,1_4,1_4&#8243; _builder_version=&#8221;4.9.0&#8243; _module_preset=&#8221;default&#8221;][et_pb_column type=&#8221;1_4&#8243; _builder_version=&#8221;4.9.0&#8243; _module_preset=&#8221;default&#8221;][\/et_pb_column][et_pb_column type=&#8221;1_4&#8243; _builder_version=&#8221;4.9.0&#8243; _module_preset=&#8221;default&#8221;][et_pb_image src=&#8221;https:\/\/gsfsergi.ebyu.edu.tr\/wp-content\/uploads\/2021\/03\/Gulay-Semercioglu-Detay1-scaled.jpg&#8221; title_text=&#8221;G\u00fclay Semercio\u011flu-Detay1&#8243; show_in_lightbox=&#8221;on&#8221; use_overlay=&#8221;on&#8221; overlay_icon_color=&#8221;#ffffff&#8221; hover_overlay_color=&#8221;rgba(128,0,128,0.19)&#8221; hover_icon=&#8221;%%51%%&#8221; align=&#8221;right&#8221; _builder_version=&#8221;4.9.0&#8243; _module_preset=&#8221;default&#8221; max_height=&#8221;200px&#8221;][\/et_pb_image][\/et_pb_column][et_pb_column type=&#8221;1_4&#8243; _builder_version=&#8221;4.9.0&#8243; _module_preset=&#8221;default&#8221;][et_pb_image src=&#8221;https:\/\/gsfsergi.ebyu.edu.tr\/wp-content\/uploads\/2021\/03\/Gulay-Semercioglu-Detay2-scaled.jpg&#8221; title_text=&#8221;G\u00fclay Semercio\u011flu-Detay2&#8243; show_in_lightbox=&#8221;on&#8221; use_overlay=&#8221;on&#8221; overlay_icon_color=&#8221;#ffffff&#8221; hover_overlay_color=&#8221;rgba(128,0,128,0.19)&#8221; hover_icon=&#8221;%%51%%&#8221; _builder_version=&#8221;4.9.0&#8243; _module_preset=&#8221;default&#8221; max_height=&#8221;200px&#8221;][\/et_pb_image][\/et_pb_column][et_pb_column type=&#8221;1_4&#8243; _builder_version=&#8221;4.9.0&#8243; _module_preset=&#8221;default&#8221;][et_pb_image src=&#8221;https:\/\/gsfsergi.ebyu.edu.tr\/wp-content\/uploads\/2021\/03\/Gulay-Semercioglu-Detay3-scaled.jpg&#8221; title_text=&#8221;G\u00fclay Semercio\u011flu-Detay3&#8243; show_in_lightbox=&#8221;on&#8221; use_overlay=&#8221;on&#8221; overlay_icon_color=&#8221;#ffffff&#8221; hover_overlay_color=&#8221;rgba(128,0,128,0.19)&#8221; hover_icon=&#8221;%%51%%&#8221; _builder_version=&#8221;4.9.0&#8243; _module_preset=&#8221;default&#8221; max_height=&#8221;200px&#8221;][\/et_pb_image][\/et_pb_column][\/et_pb_row][et_pb_row _builder_version=&#8221;4.7.7&#8243; _module_preset=&#8221;default&#8221;][et_pb_column type=&#8221;4_4&#8243; _builder_version=&#8221;4.7.7&#8243; _module_preset=&#8221;default&#8221;][et_pb_text _builder_version=&#8221;4.7.7&#8243; _module_preset=&#8221;default&#8221;]<\/p>\n<p>&nbsp;<\/p>\n<p>&nbsp;<\/p>\n<p>[\/et_pb_text][\/et_pb_column][\/et_pb_row][et_pb_row column_structure=&#8221;1_3,2_3&#8243; _builder_version=&#8221;4.7.7&#8243; _module_preset=&#8221;default&#8221;][et_pb_column type=&#8221;1_3&#8243; _builder_version=&#8221;4.7.7&#8243; _module_preset=&#8221;default&#8221;][et_pb_text _builder_version=&#8221;4.9.0&#8243; _module_preset=&#8221;default&#8221;]<\/p>\n<p><img class=\"aligncenter\" src=\"https:\/\/gsfsergi.ebyu.edu.tr\/wp-content\/uploads\/2021\/03\/Gulay-Semercioglu.jpg\" \/><\/p>\n<p>[\/et_pb_text][\/et_pb_column][et_pb_column type=&#8221;2_3&#8243; _builder_version=&#8221;4.7.7&#8243; _module_preset=&#8221;default&#8221;][et_pb_accordion open_toggle_text_color=&#8221;#800080&#8243; closed_toggle_text_color=&#8221;#800080&#8243; _builder_version=&#8221;4.9.0&#8243; _module_preset=&#8221;default&#8221; toggle_text_color=&#8221;#800080&#8243; toggle_font=&#8221;Times New Roman||on||||||&#8221; closed_toggle_font=&#8221;Times New Roman||on||||||&#8221; body_font=&#8221;Times New Roman||on||||||&#8221; body_text_color=&#8221;#800080&#8243;][et_pb_accordion_item title=&#8221;G\u00fclay Semercio\u011flu&#8221; open=&#8221;on&#8221; _builder_version=&#8221;4.9.0&#8243; _module_preset=&#8221;default&#8221;][\/et_pb_accordion_item][et_pb_accordion_item title=&#8221;\u00d6zge\u00e7mi\u015f&#8221; _builder_version=&#8221;4.9.0&#8243; _module_preset=&#8221;default&#8221; toggle_font=&#8221;Times New Roman||on||||||&#8221; open=&#8221;off&#8221;]<\/p>\n<p><em><span style=\"font-family: 'times new roman', times, serif;\">G\u00fclay Semercio\u011flu (d.1968, \u0130stanbul) \u0130stanbul\u2019da ya\u015f\u0131yor ve \u00e7al\u0131\u015f\u0131yor.<\/span><\/em><\/p>\n<p><em><span style=\"font-family: 'times new roman', times, serif;\">Kariyerine akademik resim e\u011fitimiyle ba\u015flayan G\u00fclay Semercio\u011flu el i\u015fi ve a\u011f\u0131r enstalasyonlar, resim ve desenler yaratmaktad\u0131r. Prati\u011fi farkl\u0131 materyalleri bir araya getirir. G\u00fcm\u00fc\u015f \u00e7ekirdekli end\u00fcstriyel tel imza malzemesine haline gelmi\u015ftir. Son otuz y\u0131ld\u0131r ikilik ta\u015f\u0131yan bu materyalle \u00e7al\u0131\u015fmaktad\u0131r: Heykel ve resim, kad\u0131ns\u0131 ve erkeksi, Do\u011fu ve Bat\u0131, sanat ve zanaat, kadim ve ileri teknoloji. 1968\u2019te \u0130stanbul\u2019da do\u011fan Semercio\u011flu\u2019nun k\u00f6kleri Anadolu\u2019ya uzan\u0131r. Semercio\u011flu, geleneksel g\u00f6rsel paternlerin ve dilin alg\u0131m\u0131z\u0131 nas\u0131l \u015fekillendirdi\u011fini ara\u015ft\u0131rmaktad\u0131r. Prati\u011finde, \u0130slam ve Anadolu sanat\u0131nda, Sel\u00e7uklu \u0130mparatorlu\u011fu gibi Anadolu\u2019da ya\u015fam\u0131\u015f eski uygarl\u0131klardaki geleneksel formlar\u0131 ara\u015ft\u0131r\u0131r. Hal\u0131, kilim, dokuma, seramik ve mimari \u00fczerindeki bu motiflerden ilham al\u0131r ve onlar\u0131n kad\u0131nl\u0131k ve aileyle ili\u015fkilerini sorgular. Semercio\u011flu bu soyut temsillerde kad\u0131nl\u0131\u011f\u0131 ara\u015ft\u0131r\u0131r ve izleyiciye g\u00fcn\u00fcm\u00fczde ne anlam ifade etti\u011fini sorar. Sab\u0131r, tekrar, gelenek, sadakat, mutluluk, aile ve do\u011furganl\u0131k bu motiflerin etraf\u0131ndaki konulardan baz\u0131lar\u0131d\u0131r.<\/span><\/em><\/p>\n<p><em><span style=\"font-family: 'times new roman', times, serif;\"><strong>Se\u00e7ili sergileri aras\u0131nda;<\/strong> Hayatta Kalma Arzusu (solo), Pi Artworks \u0130stanbul, T\u00fcrkiye (2019); Sanat\u00e7\u0131 ve Zaman\u0131, \u0130stanbul Modern, \u0130stanbul, T\u00fcrkiye (2018-2015); Formun G\u00fcc\u00fc, Plato Sanat, \u0130stanbul, T\u00fcrkiye (2016); The Woman on the Wire (solo), Pi Artworks Londra, \u0130ngiltere (2015); Sublime Porte: An Exhibition of Contemporary Turkish Art, St. John\u2019s University, Dr. M. T. Geoffrey Yeh Art Gallery, New York, ABD (2013); Variations on Line (solo), Leila Heller Gallery, New York, ABD (2012); Hayal ve Hakikat, \u0130stanbul Modern, T\u00fcrkiye, (2011); Abbara Kadabra, 1. Mardin Bienali, T\u00fcrkiye (2010) ve Istanbul Next Wave, Akademie der Kunste, Berlin, Almanya (2009) yer almaktad\u0131r.<\/span><\/em><\/p>\n<p><em><span style=\"font-family: 'times new roman', times, serif;\"><strong>Eserlerinin yer ald\u0131\u011f\u0131 se\u00e7ili koleksiyonlar aras\u0131nda;<\/strong> The Metropolitan Museum of Art, New York, ABD; Centene Center for the Arts, Missouri, ABD; Quinn Collection, Los Angeles, ABD; Cocca Art and Design Institute, Coimbatore, Hindistan; The Farjam Foundation, Dubai, BAE; Sheika Fatima Suroor, Abu Dhabi, BAE; Wheelock Collection, Hong Kong, \u00c7in; Him Collection, Singapur, Singapur; \u0130stanbul Modern, \u0130stanbul, T\u00fcrkiye; Papko Sanat Koleksiyonu, \u0130stanbul, T\u00fcrkiye ve OMM Odunpazar\u0131 Modern M\u00fcze, Eski\u015fehir, T\u00fcrkiye bulunmaktad\u0131r.<\/span><\/em><\/p>\n<p>[\/et_pb_accordion_item][\/et_pb_accordion][\/et_pb_column][\/et_pb_row][et_pb_row _builder_version=&#8221;4.7.7&#8243; _module_preset=&#8221;default&#8221;][et_pb_column type=&#8221;4_4&#8243; _builder_version=&#8221;4.7.7&#8243; _module_preset=&#8221;default&#8221;][et_pb_text _builder_version=&#8221;4.9.0&#8243; _module_preset=&#8221;default&#8221;]<\/p>\n<p>&nbsp;<\/p>\n<p>&nbsp;<\/p>\n<p>[\/et_pb_text][\/et_pb_column][\/et_pb_row][\/et_pb_section]<\/p>\n","protected":false},"excerpt":{"rendered":"<p>[et_pb_section fb_built=&#8221;1&#8243; _builder_version=&#8221;4.7.7&#8243; background_enable_image=&#8221;off&#8221;][et_pb_row _builder_version=&#8221;3.25&#8243; background_size=&#8221;initial&#8221; background_position=&#8221;top_left&#8221; background_repeat=&#8221;repeat&#8221;][et_pb_column type=&#8221;4_4&#8243; _builder_version=&#8221;3.25&#8243; custom_padding=&#8221;|||&#8221; custom_padding__hover=&#8221;|||&#8221;][et_pb_text _builder_version=&#8221;4.7.7&#8243; _module_preset=&#8221;default&#8221;] &nbsp; &nbsp; [\/et_pb_text][\/et_pb_column][\/et_pb_row][et_pb_row column_structure=&#8221;1_3,2_3&#8243; _builder_version=&#8221;3.25&#8243; background_size=&#8221;initial&#8221; background_position=&#8221;top_left&#8221; background_repeat=&#8221;repeat&#8221;][et_pb_column type=&#8221;1_3&#8243; _builder_version=&#8221;3.25&#8243; custom_padding=&#8221;|||&#8221; custom_padding__hover=&#8221;|||&#8221;][et_pb_text _builder_version=&#8221;4.9.0&#8243; _module_preset=&#8221;default&#8221;] &nbsp; &nbsp; G\u00fclay Semercio\u011flu [\/et_pb_text][et_pb_text _builder_version=&#8221;4.9.0&#8243; _module_preset=&#8221;default&#8221;] &nbsp; &nbsp; &nbsp; &nbsp; &nbsp; \u201cKo\u00e7 Boynuzu\u201d 142\u00d7102,5 cm Ah\u015fap, Tel, Vida 2019 [\/et_pb_text][\/et_pb_column][et_pb_column type=&#8221;2_3&#8243; _builder_version=&#8221;3.25&#8243; custom_padding=&#8221;|||&#8221; custom_padding__hover=&#8221;|||&#8221;][et_pb_image src=&#8221;https:\/\/gsfsergi.ebyu.edu.tr\/wp-content\/uploads\/2021\/03\/Gulay-Semercioglu-1-scaled.jpg&#8221; title_text=&#8221;G\u00fclay [&hellip;]<\/p>\n","protected":false},"author":9,"featured_media":0,"parent":0,"menu_order":0,"comment_status":"closed","ping_status":"closed","template":"","meta":{"_et_pb_use_builder":"on","_et_pb_old_content":"","_et_gb_content_width":"","spay_email":""},"jetpack_sharing_enabled":true,"jetpack_likes_enabled":true,"_links":{"self":[{"href":"https:\/\/gsfsergi.ebyu.edu.tr\/index.php?rest_route=\/wp\/v2\/pages\/4542"}],"collection":[{"href":"https:\/\/gsfsergi.ebyu.edu.tr\/index.php?rest_route=\/wp\/v2\/pages"}],"about":[{"href":"https:\/\/gsfsergi.ebyu.edu.tr\/index.php?rest_route=\/wp\/v2\/types\/page"}],"author":[{"embeddable":true,"href":"https:\/\/gsfsergi.ebyu.edu.tr\/index.php?rest_route=\/wp\/v2\/users\/9"}],"replies":[{"embeddable":true,"href":"https:\/\/gsfsergi.ebyu.edu.tr\/index.php?rest_route=%2Fwp%2Fv2%2Fcomments&post=4542"}],"version-history":[{"count":11,"href":"https:\/\/gsfsergi.ebyu.edu.tr\/index.php?rest_route=\/wp\/v2\/pages\/4542\/revisions"}],"predecessor-version":[{"id":5524,"href":"https:\/\/gsfsergi.ebyu.edu.tr\/index.php?rest_route=\/wp\/v2\/pages\/4542\/revisions\/5524"}],"wp:attachment":[{"href":"https:\/\/gsfsergi.ebyu.edu.tr\/index.php?rest_route=%2Fwp%2Fv2%2Fmedia&parent=4542"}],"curies":[{"name":"wp","href":"https:\/\/api.w.org\/{rel}","templated":true}]}}