{"id":4538,"date":"2021-03-08T10:10:22","date_gmt":"2021-03-08T07:10:22","guid":{"rendered":"https:\/\/gsfsergi.ebyu.edu.tr\/?page_id=4538"},"modified":"2021-03-17T21:57:13","modified_gmt":"2021-03-17T18:57:13","slug":"erol-kilic-kadin-sergisi","status":"publish","type":"page","link":"https:\/\/gsfsergi.ebyu.edu.tr\/?page_id=4538","title":{"rendered":"Erol K\u0131l\u0131\u00e7 &#8211; Kad\u0131n Sergisi"},"content":{"rendered":"<p>[et_pb_section fb_built=&#8221;1&#8243; _builder_version=&#8221;4.7.7&#8243; background_enable_image=&#8221;off&#8221;][et_pb_row _builder_version=&#8221;3.25&#8243; background_size=&#8221;initial&#8221; background_position=&#8221;top_left&#8221; background_repeat=&#8221;repeat&#8221;][et_pb_column type=&#8221;4_4&#8243; _builder_version=&#8221;3.25&#8243; custom_padding=&#8221;|||&#8221; custom_padding__hover=&#8221;|||&#8221;][et_pb_text _builder_version=&#8221;4.7.7&#8243; _module_preset=&#8221;default&#8221;]<\/p>\n<p>&nbsp;<\/p>\n<p>&nbsp;<\/p>\n<p>[\/et_pb_text][\/et_pb_column][\/et_pb_row][et_pb_row column_structure=&#8221;1_3,2_3&#8243; _builder_version=&#8221;3.25&#8243; background_size=&#8221;initial&#8221; background_position=&#8221;top_left&#8221; background_repeat=&#8221;repeat&#8221;][et_pb_column type=&#8221;1_3&#8243; _builder_version=&#8221;3.25&#8243; custom_padding=&#8221;|||&#8221; custom_padding__hover=&#8221;|||&#8221;][et_pb_text _builder_version=&#8221;4.9.0&#8243; _module_preset=&#8221;default&#8221;]<\/p>\n<p>&nbsp;<\/p>\n<p>&nbsp;<\/p>\n<p style=\"text-align: right;\"><span style=\"font-family: 'times new roman', times, serif; font-size: 36pt; color: #800080;\"><em>Erol K\u0131l\u0131\u00e7<\/em><\/span><\/p>\n<p>[\/et_pb_text][et_pb_text _builder_version=&#8221;4.9.0&#8243; _module_preset=&#8221;default&#8221;]<\/p>\n<p>&nbsp;<\/p>\n<p>&nbsp;<\/p>\n<p>&nbsp;<\/p>\n<p>&nbsp;<\/p>\n<p>&nbsp;<\/p>\n<p style=\"text-align: right;\"><strong><em><span style=\"color: #800080; font-family: 'times new roman', times, serif;\">\u201cSoyut Kompozisyon\u201d<\/span><\/em><\/strong><br \/><strong><em><span style=\"color: #800080; font-family: 'times new roman', times, serif;\"> 70\u00d770 cm<\/span><\/em><\/strong><br \/><strong><em><span style=\"color: #800080; font-family: 'times new roman', times, serif;\"> Akrilik<\/span><\/em><\/strong><br \/><strong><em><span style=\"color: #800080; font-family: 'times new roman', times, serif;\"> 2020<\/span><\/em><\/strong><\/p>\n<p>[\/et_pb_text][\/et_pb_column][et_pb_column type=&#8221;2_3&#8243; _builder_version=&#8221;3.25&#8243; custom_padding=&#8221;|||&#8221; custom_padding__hover=&#8221;|||&#8221;][et_pb_image src=&#8221;https:\/\/gsfsergi.ebyu.edu.tr\/wp-content\/uploads\/2021\/03\/Erol-Kilic-scaled.jpg&#8221; title_text=&#8221;dav&#8221; show_in_lightbox=&#8221;on&#8221; use_overlay=&#8221;on&#8221; overlay_icon_color=&#8221;#ffffff&#8221; hover_overlay_color=&#8221;rgba(128,0,128,0.19)&#8221; hover_icon=&#8221;%%51%%&#8221; _builder_version=&#8221;4.9.0&#8243; _module_preset=&#8221;default&#8221;][\/et_pb_image][et_pb_text _builder_version=&#8221;4.9.0&#8243; background_color=&#8221;rgba(255,255,255,0.64)&#8221; background_size=&#8221;initial&#8221; background_position=&#8221;top_left&#8221; background_repeat=&#8221;repeat&#8221;]<\/p>\n<p style=\"text-align: center;\"><span style=\"color: #800080;\"><span style=\"font-size: 36pt;\"><strong><a href=\"https:\/\/gsfsergi.ebyu.edu.tr\/?page_id=4534\">\u2039<\/a>\u00a0 \u00a0 <\/strong><\/span><span style=\"font-size: 14pt;\">I<span style=\"font-size: 36pt;\">\u00a0 \u00a0 <\/span><\/span><a href=\"https:\/\/gsfsergi.ebyu.edu.tr\/?page_id=4636\"><strong><span style=\"font-size: 36pt;\">\u203a<\/span><\/strong><\/a><\/span><\/p>\n<p>[\/et_pb_text][et_pb_text _builder_version=&#8221;4.7.7&#8243; background_color=&#8221;rgba(255,255,255,0.64)&#8221; background_size=&#8221;initial&#8221; background_position=&#8221;top_left&#8221; background_repeat=&#8221;repeat&#8221;]<\/p>\n<p style=\"text-align: center;\"><a href=\"https:\/\/gsfsergi.ebyu.edu.tr\/?page_id=607\"><em><span style=\"font-size: 11pt; font-family: 'times new roman', times, serif;\"><span style=\"color: #800080;\">Sergi Anasayfa<\/span><\/span><\/em><\/a><\/p>\n<p>[\/et_pb_text][\/et_pb_column][\/et_pb_row][et_pb_row _builder_version=&#8221;3.25&#8243; background_size=&#8221;initial&#8221; background_position=&#8221;top_left&#8221; background_repeat=&#8221;repeat&#8221;][et_pb_column type=&#8221;4_4&#8243; _builder_version=&#8221;3.25&#8243; custom_padding=&#8221;|||&#8221; custom_padding__hover=&#8221;|||&#8221;][et_pb_text _builder_version=&#8221;4.9.0&#8243; _module_preset=&#8221;default&#8221;]<\/p>\n<p>&nbsp;<\/p>\n<p style=\"padding-left: 40px;\"><span style=\"color: #800080; font-size: 24pt; font-family: 'times new roman', times, serif;\">Mektup<\/span><\/p>\n<p>[\/et_pb_text][et_pb_text _builder_version=&#8221;4.9.0&#8243; background_color=&#8221;rgba(255,255,255,0.48)&#8221; background_size=&#8221;initial&#8221; background_position=&#8221;top_left&#8221; background_repeat=&#8221;repeat&#8221;]<\/p>\n<p>&nbsp;<\/p>\n<p style=\"text-align: left; padding-left: 40px; padding-right: 40px;\"><em><span style=\"font-family: 'times new roman', times, serif; font-size: 12pt; color: #800080;\">BEN KADINIM\u2026 Hani \u201cAd\u0131 yok !\u201d deyip bir t\u00fcrl\u00fc ad\u0131n\u0131 koyamad\u0131\u011f\u0131m\u0131z KADIN! Do\u011fdu\u011fu andan itibaren varl\u0131k m\u00fccadelesi verip babas\u0131n\u0131n y\u00fcz\u00fcn\u00fc g\u00fcld\u00fcremeyen, k\u0131z torunlar\u0131n\u0131 yok say\u0131p \u201cO\u011flumun evlad\u0131 da yok \u201ddiye hay\u0131flanan babaannelerin y\u00fck\u00fcn\u00fc s\u0131rtlanan KADIN\u2026 Y\u0131llarca \u201cK\u0131z k\u0131sm\u0131 okur mu?\u201c deyip cehalete mahk\u00fbm edilen , \u201cEle gidecek nas\u0131l olsa !\u201c diye her \u015feyden yoksun b\u0131rak\u0131lan, yok say\u0131lan KADIN\u2026 Evlenince de \u201cKa\u015f\u0131k d\u00fc\u015fman\u0131\u201c say\u0131l\u0131p lokmalar\u0131 bo\u011faz\u0131nda d\u00fc\u011f\u00fcmlenen KADIN\u2026 Varl\u0131\u011f\u0131nda k\u0131ymeti bilinmeyen, ne fedak\u00e2rl\u0131k yaparsa yaps\u0131n sadece onun g\u00f6revi say\u0131lan, asla takdir edilmeyen KADIN! \u201cKocam beni sa\u011f sever, kom\u015fum beni var sever !\u201c der az\u0131c\u0131k sitemli. BEN KADINIM\u2026 Y\u0131llarca sevmek ad\u0131na hakk\u0131 olmad\u0131. Kime verdilerse raz\u0131 oldu. Dedesi ya\u015f\u0131ndaki adamlara \u00e7ocuk gelinler arma\u011fan edildi. Neye lay\u0131k g\u00f6r\u00fcld\u00fcyse sesi \u00e7\u0131kmad\u0131. \u015eiddet g\u00f6rd\u00fc \u201cKocand\u0131r, sever de d\u00f6ver de!\u201d denildi. Taciz edildi, tecav\u00fcze u\u011frad\u0131, \u201cKanc\u0131k kuyruk sallamazsa, erkek dolanmaz \u201d denildi de faili me\u00e7hullere kurban oldu.<br \/>B\u0130Z KADINIZ\u2026 Cehaletini, \u00e7aresizli\u011fini, eziyete maruz kal\u0131\u015f\u0131n\u0131, susarak \u201d kader\u201d diye kabullenen annelerin k\u0131zlar\u0131y\u0131z biz. \u00c7ocuklu\u011fumuzdan kalan derin can k\u0131r\u0131klar\u0131yla dolu y\u00fcreklerimiz. Ne zaman aciz, \u00e7aresiz bir kad\u0131n g\u00f6rsek kanar yaralar\u0131m\u0131z. Hangi \u00e7a\u011fda ya\u015farsak ya\u015fayal\u0131m zul\u00fcmler izin vermez yaralar\u0131m\u0131z\u0131n kabuk ba\u011flamas\u0131na. O y\u00fczden i\u00e7 kanamalar\u0131m\u0131z hi\u00e7 kesilmez. Onun i\u00e7in bu kadar protest ruhluyuz, \u00e7\u00fcnk\u00fc g\u00fc\u00e7l\u00fcy\u00fcz. B\u0130Z KADINIZ\u2026 Kader diye \u00fcst\u00fcm\u00fcze bi\u00e7ilen elbiseye isyan\u0131m\u0131z. Pes etmedik, cehaletle m\u00fccadele ettik. Mahalle bask\u0131lar\u0131 bizi y\u0131ld\u0131rmad\u0131. B\u00fcy\u00fcd\u00fck, olgunla\u015ft\u0131k, \u201cYa hocaya, ya kocaya!\u201d dediklerinde okula ko\u015ftuk. \u0130deallerimiz, gelece\u011fimiz u\u011fruna deli dolu y\u00fcreklerimizi titreten sevdalar\u0131m\u0131zdan vazge\u00e7tik. Okullar\u0131m\u0131zdan uzakla\u015ft\u0131r\u0131ld\u0131k kimi zaman, ba\u015f \u00f6rt\u00fcl\u00fc okuyamazs\u0131n dediler, bizi eve mahk\u00fbm etmek istediler. Y\u0131lmad\u0131k, yorulmad\u0131k. B\u0130Z KADINIZ\u2026 Art\u0131k kap\u0131 arkalar\u0131nda, perdelerin gerisinde de\u011filiz. Biz her yerdeyiz. Ailenin, toplumun dire\u011fiyiz. Biz avukat\u0131z, hakimiz, savc\u0131y\u0131z. Biz sanat\u00e7\u0131y\u0131z at\u00f6lyelerde. Biz hal\u0131, kilim tezg\u00e2h\u0131nday\u0131z. Duygular\u0131m\u0131z\u0131 d\u00f6keriz motiflere. Biz doktoruz, hem\u015fireyiz, laborant\u0131z. \u015eifa da\u011f\u0131t\u0131r\u0131z. Biz \u00f6\u011fretmeniz, gelecek nesiller bizim elimizde \u015fekillenir. Gelece\u011fimizi in\u015fa ederiz. Biz bilim insan\u0131y\u0131z, akademisyeniz. Askeriz, polisiz. Biz m\u00fchendis, biz i\u015f kad\u0131n\u0131y\u0131z. Biz tarlalarda, plazalarda, lokantalarda, ma\u011fazalarda, kuaf\u00f6rlerde, g\u00fczellik salonlar\u0131nda, biz \u00e7ar\u015f\u0131da, pazarday\u0131z. B\u0130Z KADINIZ\u2026 Biz her \u015feyiz. Ebeveynlerimize evlat, evlatlar\u0131m\u0131za anne, kocam\u0131za e\u015f, sevgili\u2026 Evinin han\u0131m\u0131, evinin a\u015f\u00e7\u0131s\u0131, evinin terzisi, kuaf\u00f6r\u00fc\u2026 Biz arkada\u015f, dert orta\u011f\u0131 hatta terapist. G\u00fcnde on sekiz saat \u00e7al\u0131\u015f\u0131p evine, i\u015fine, \u00e7ocuklar\u0131na, kocas\u0131na da yetmesini bileniz.<br \/>B\u0130Z KADINIZ! Bir de\u011fil binlerce ad\u0131m\u0131z var bizim. Her \u015feye ra\u011fmen var olmay\u0131 ba\u015farm\u0131\u015f, aya\u011fa kalkm\u0131\u015f\u0131z. Gelece\u011fimizi g\u00fczelle\u015ftirmek ad\u0131na varl\u0131\u011f\u0131m\u0131zla buraday\u0131z. Daha adaletli, daha vicdanl\u0131, daha insani, daha sa\u011fl\u0131kl\u0131 bir D\u00dcNYA i\u00e7in B\u0130Z VARIZ! B\u0130Z KADINIZ !&#8230;<br \/><\/span><\/em><\/p>\n<p style=\"padding-right: 40px; text-align: right;\"><em><span style=\"font-family: 'times new roman', times, serif; font-size: 12pt; color: #800080;\">Erol KILI\u00c7<\/span><\/em><\/p>\n<p style=\"text-align: left; padding-left: 40px;\">[\/et_pb_text][\/et_pb_column][\/et_pb_row][et_pb_row _builder_version=&#8221;4.7.7&#8243; _module_preset=&#8221;default&#8221;][et_pb_column type=&#8221;4_4&#8243; _builder_version=&#8221;4.7.7&#8243; _module_preset=&#8221;default&#8221;][et_pb_text _builder_version=&#8221;4.7.7&#8243; _module_preset=&#8221;default&#8221;]<\/p>\n<p>&nbsp;<\/p>\n<p>&nbsp;<\/p>\n<p>[\/et_pb_text][\/et_pb_column][\/et_pb_row][et_pb_row column_structure=&#8221;1_3,2_3&#8243; _builder_version=&#8221;4.7.7&#8243; _module_preset=&#8221;default&#8221;][et_pb_column type=&#8221;1_3&#8243; _builder_version=&#8221;4.7.7&#8243; _module_preset=&#8221;default&#8221;][et_pb_text _builder_version=&#8221;4.9.0&#8243; _module_preset=&#8221;default&#8221;]<\/p>\n<p><img class=\"aligncenter\" src=\"https:\/\/gsfsergi.ebyu.edu.tr\/wp-content\/uploads\/2021\/03\/Erol-Kilic-Portre.jpg\" \/><\/p>\n<p>[\/et_pb_text][\/et_pb_column][et_pb_column type=&#8221;2_3&#8243; _builder_version=&#8221;4.7.7&#8243; _module_preset=&#8221;default&#8221;][et_pb_accordion open_toggle_text_color=&#8221;#800080&#8243; closed_toggle_text_color=&#8221;#800080&#8243; _builder_version=&#8221;4.9.0&#8243; _module_preset=&#8221;default&#8221; toggle_text_color=&#8221;#800080&#8243; toggle_font=&#8221;Times New Roman||on||||||&#8221; closed_toggle_font=&#8221;Times New Roman||on||||||&#8221; body_font=&#8221;Times New Roman||on||||||&#8221; body_text_color=&#8221;#800080&#8243;][et_pb_accordion_item title=&#8221;Erol K\u0131l\u0131\u00e7&#8221; open=&#8221;on&#8221; _builder_version=&#8221;4.9.0&#8243; _module_preset=&#8221;default&#8221;][\/et_pb_accordion_item][et_pb_accordion_item title=&#8221;\u00d6zge\u00e7mi\u015f&#8221; _builder_version=&#8221;4.9.0&#8243; _module_preset=&#8221;default&#8221; toggle_font=&#8221;Times New Roman||on||||||&#8221; open=&#8221;off&#8221;]<\/p>\n<p style=\"padding-left: 40px;\"><em><span style=\"font-family: 'times new roman', times, serif;\">1985 Uluda\u011f \u00dcniversitesi\u2019nden mezun oldu. 1991\u2019de Y\u00fcksek Lisans\u0131n\u0131, 1992\u2019de Sanatta Yeterlilik ve 2000\u2019de Doktoras\u0131n\u0131 tamamlad\u0131. 2008\u2019de Do\u00e7ent, 2017\u2019de profes\u00f6r oldu. Atat\u00fcrk \u00dcniversitesi (1991-2003), Akdeniz \u00dcniversitesi (2003-2017) ve \u0130stanbul Geli\u015fim \u00dcniversitesinde (2017-2019) \u00e7al\u0131\u015ft\u0131.\u00a0 Fatih Sultan Mehmet Vak\u0131f \u00dcniversitesi G\u00fczel Sanatlar Fak\u00fcltesinde g\u00f6revine devam etmektedir. Ulusal ve uluslararas\u0131 pek \u00e7ok sergi, \u00e7al\u0131\u015ftay ve festivallere kat\u0131ld\u0131. \u00c7ok say\u0131da m\u00fcze ve koleksiyonlarda eserleri bulunmaktad\u0131r.<\/span><\/em><\/p>\n<p style=\"padding-left: 40px;\"><em><span style=\"font-family: 'times new roman', times, serif;\">\u00a0Gelene\u011fin b\u00fct\u00fcn plastik formlar\u0131n\u0131n yap\u0131tlar\u0131nda hissedildi\u011fi sanat\u00e7\u0131, yeni \u00e7a\u011fda\u015f yarat\u0131mlar\u0131n deneysel aray\u0131\u015flar\u0131n\u0131n da pe\u015findedir. \u00d6d\u00fclleri de bulunan sanat\u00e7\u0131 \u0130stanbul ve Antalya\u2019daki at\u00f6lyelerinde \u00e7al\u0131\u015fmalar\u0131na devam etmektedir.<\/span><\/em><\/p>\n<p style=\"text-align: left; padding-left: 80px;\">[\/et_pb_accordion_item][\/et_pb_accordion][\/et_pb_column][\/et_pb_row][et_pb_row _builder_version=&#8221;4.7.7&#8243; _module_preset=&#8221;default&#8221;][et_pb_column type=&#8221;4_4&#8243; _builder_version=&#8221;4.7.7&#8243; _module_preset=&#8221;default&#8221;][et_pb_text _builder_version=&#8221;4.9.0&#8243; _module_preset=&#8221;default&#8221;]<\/p>\n<p>&nbsp;<\/p>\n<p>&nbsp;<\/p>\n<p>[\/et_pb_text][\/et_pb_column][\/et_pb_row][\/et_pb_section]<\/p>\n","protected":false},"excerpt":{"rendered":"<p>[et_pb_section fb_built=&#8221;1&#8243; _builder_version=&#8221;4.7.7&#8243; background_enable_image=&#8221;off&#8221;][et_pb_row _builder_version=&#8221;3.25&#8243; background_size=&#8221;initial&#8221; background_position=&#8221;top_left&#8221; background_repeat=&#8221;repeat&#8221;][et_pb_column type=&#8221;4_4&#8243; _builder_version=&#8221;3.25&#8243; custom_padding=&#8221;|||&#8221; custom_padding__hover=&#8221;|||&#8221;][et_pb_text _builder_version=&#8221;4.7.7&#8243; _module_preset=&#8221;default&#8221;] &nbsp; &nbsp; [\/et_pb_text][\/et_pb_column][\/et_pb_row][et_pb_row column_structure=&#8221;1_3,2_3&#8243; _builder_version=&#8221;3.25&#8243; background_size=&#8221;initial&#8221; background_position=&#8221;top_left&#8221; background_repeat=&#8221;repeat&#8221;][et_pb_column type=&#8221;1_3&#8243; _builder_version=&#8221;3.25&#8243; custom_padding=&#8221;|||&#8221; custom_padding__hover=&#8221;|||&#8221;][et_pb_text _builder_version=&#8221;4.9.0&#8243; _module_preset=&#8221;default&#8221;] &nbsp; &nbsp; Erol K\u0131l\u0131\u00e7 [\/et_pb_text][et_pb_text _builder_version=&#8221;4.9.0&#8243; _module_preset=&#8221;default&#8221;] &nbsp; &nbsp; &nbsp; &nbsp; &nbsp; \u201cSoyut Kompozisyon\u201d 70\u00d770 cm Akrilik 2020 [\/et_pb_text][\/et_pb_column][et_pb_column type=&#8221;2_3&#8243; _builder_version=&#8221;3.25&#8243; custom_padding=&#8221;|||&#8221; custom_padding__hover=&#8221;|||&#8221;][et_pb_image src=&#8221;https:\/\/gsfsergi.ebyu.edu.tr\/wp-content\/uploads\/2021\/03\/Erol-Kilic-scaled.jpg&#8221; title_text=&#8221;dav&#8221; show_in_lightbox=&#8221;on&#8221; use_overlay=&#8221;on&#8221; [&hellip;]<\/p>\n","protected":false},"author":9,"featured_media":0,"parent":0,"menu_order":0,"comment_status":"closed","ping_status":"closed","template":"","meta":{"_et_pb_use_builder":"on","_et_pb_old_content":"","_et_gb_content_width":"","spay_email":""},"jetpack_sharing_enabled":true,"jetpack_likes_enabled":true,"_links":{"self":[{"href":"https:\/\/gsfsergi.ebyu.edu.tr\/index.php?rest_route=\/wp\/v2\/pages\/4538"}],"collection":[{"href":"https:\/\/gsfsergi.ebyu.edu.tr\/index.php?rest_route=\/wp\/v2\/pages"}],"about":[{"href":"https:\/\/gsfsergi.ebyu.edu.tr\/index.php?rest_route=\/wp\/v2\/types\/page"}],"author":[{"embeddable":true,"href":"https:\/\/gsfsergi.ebyu.edu.tr\/index.php?rest_route=\/wp\/v2\/users\/9"}],"replies":[{"embeddable":true,"href":"https:\/\/gsfsergi.ebyu.edu.tr\/index.php?rest_route=%2Fwp%2Fv2%2Fcomments&post=4538"}],"version-history":[{"count":7,"href":"https:\/\/gsfsergi.ebyu.edu.tr\/index.php?rest_route=\/wp\/v2\/pages\/4538\/revisions"}],"predecessor-version":[{"id":5518,"href":"https:\/\/gsfsergi.ebyu.edu.tr\/index.php?rest_route=\/wp\/v2\/pages\/4538\/revisions\/5518"}],"wp:attachment":[{"href":"https:\/\/gsfsergi.ebyu.edu.tr\/index.php?rest_route=%2Fwp%2Fv2%2Fmedia&parent=4538"}],"curies":[{"name":"wp","href":"https:\/\/api.w.org\/{rel}","templated":true}]}}