{"id":4530,"date":"2021-03-08T10:09:05","date_gmt":"2021-03-08T07:09:05","guid":{"rendered":"https:\/\/gsfsergi.ebyu.edu.tr\/?page_id=4530"},"modified":"2021-03-17T21:56:06","modified_gmt":"2021-03-17T18:56:06","slug":"devabil-kara-kadin-sergisi","status":"publish","type":"page","link":"https:\/\/gsfsergi.ebyu.edu.tr\/?page_id=4530","title":{"rendered":"Devabil Kara &#8211; Kad\u0131n Sergisi"},"content":{"rendered":"<p>[et_pb_section fb_built=&#8221;1&#8243; _builder_version=&#8221;4.7.7&#8243; background_enable_image=&#8221;off&#8221;][et_pb_row _builder_version=&#8221;3.25&#8243; background_size=&#8221;initial&#8221; background_position=&#8221;top_left&#8221; background_repeat=&#8221;repeat&#8221;][et_pb_column type=&#8221;4_4&#8243; _builder_version=&#8221;3.25&#8243; custom_padding=&#8221;|||&#8221; custom_padding__hover=&#8221;|||&#8221;][et_pb_text _builder_version=&#8221;4.7.7&#8243; _module_preset=&#8221;default&#8221;]<\/p>\n<p>&nbsp;<\/p>\n<p>&nbsp;<\/p>\n<p>[\/et_pb_text][\/et_pb_column][\/et_pb_row][et_pb_row column_structure=&#8221;1_3,2_3&#8243; _builder_version=&#8221;3.25&#8243; background_size=&#8221;initial&#8221; background_position=&#8221;top_left&#8221; background_repeat=&#8221;repeat&#8221;][et_pb_column type=&#8221;1_3&#8243; _builder_version=&#8221;3.25&#8243; custom_padding=&#8221;|||&#8221; custom_padding__hover=&#8221;|||&#8221;][et_pb_text _builder_version=&#8221;4.9.0&#8243; _module_preset=&#8221;default&#8221;]<\/p>\n<p>&nbsp;<\/p>\n<p>&nbsp;<\/p>\n<p style=\"text-align: right;\"><span style=\"font-family: 'times new roman', times, serif; font-size: 36pt; color: #800080;\"><em>Devabil Kara<\/em><\/span><\/p>\n<p>[\/et_pb_text][et_pb_text _builder_version=&#8221;4.9.0&#8243; _module_preset=&#8221;default&#8221;]<\/p>\n<p>&nbsp;<\/p>\n<p>&nbsp;<\/p>\n<p>&nbsp;<\/p>\n<p>&nbsp;<\/p>\n<p>&nbsp;<\/p>\n<p style=\"text-align: right;\"><strong><em><span style=\"color: #800080; font-family: 'times new roman', times, serif;\">\u201cEros\u201d<\/span><\/em><\/strong><br \/><strong><em><span style=\"color: #800080; font-family: 'times new roman', times, serif;\"> 15\u00d710 cm<\/span><\/em><\/strong><br \/><strong><em><span style=\"color: #800080; font-family: 'times new roman', times, serif;\"> Serigrafi<\/span><\/em><\/strong><br \/><strong><em><span style=\"color: #800080; font-family: 'times new roman', times, serif;\"> 10\/60<\/span><\/em><\/strong><br \/><strong><em><span style=\"color: #800080; font-family: 'times new roman', times, serif;\"> 1994<\/span><\/em><\/strong><\/p>\n<p>[\/et_pb_text][\/et_pb_column][et_pb_column type=&#8221;2_3&#8243; _builder_version=&#8221;3.25&#8243; custom_padding=&#8221;|||&#8221; custom_padding__hover=&#8221;|||&#8221;][et_pb_image src=&#8221;https:\/\/gsfsergi.ebyu.edu.tr\/wp-content\/uploads\/2021\/03\/Devabil-Kara.jpg&#8221; title_text=&#8221;Devabil Kara&#8221; show_in_lightbox=&#8221;on&#8221; use_overlay=&#8221;on&#8221; overlay_icon_color=&#8221;#ffffff&#8221; hover_overlay_color=&#8221;rgba(128,0,128,0.19)&#8221; hover_icon=&#8221;%%51%%&#8221; _builder_version=&#8221;4.9.0&#8243; _module_preset=&#8221;default&#8221;][\/et_pb_image][et_pb_text _builder_version=&#8221;4.9.0&#8243; background_color=&#8221;rgba(255,255,255,0.64)&#8221; background_size=&#8221;initial&#8221; background_position=&#8221;top_left&#8221; background_repeat=&#8221;repeat&#8221;]<\/p>\n<p style=\"text-align: center;\"><span style=\"color: #800080;\"><span style=\"font-size: 36pt;\"><strong><a href=\"https:\/\/gsfsergi.ebyu.edu.tr\/?page_id=4526\">\u2039<\/a>\u00a0 \u00a0 <\/strong><\/span><span style=\"font-size: 14pt;\">I<span style=\"font-size: 36pt;\">\u00a0 \u00a0 <\/span><\/span><a href=\"https:\/\/gsfsergi.ebyu.edu.tr\/?page_id=4534\"><strong><span style=\"font-size: 36pt;\">\u203a<\/span><\/strong><\/a><\/span><\/p>\n<p>[\/et_pb_text][et_pb_text _builder_version=&#8221;4.7.7&#8243; background_color=&#8221;rgba(255,255,255,0.64)&#8221; background_size=&#8221;initial&#8221; background_position=&#8221;top_left&#8221; background_repeat=&#8221;repeat&#8221;]<\/p>\n<p style=\"text-align: center;\"><a href=\"https:\/\/gsfsergi.ebyu.edu.tr\/?page_id=607\"><em><span style=\"font-size: 11pt; font-family: 'times new roman', times, serif;\"><span style=\"color: #800080;\">Sergi Anasayfa<\/span><\/span><\/em><\/a><\/p>\n<p>[\/et_pb_text][\/et_pb_column][\/et_pb_row][et_pb_row _builder_version=&#8221;3.25&#8243; background_size=&#8221;initial&#8221; background_position=&#8221;top_left&#8221; background_repeat=&#8221;repeat&#8221;][et_pb_column type=&#8221;4_4&#8243; _builder_version=&#8221;3.25&#8243; custom_padding=&#8221;|||&#8221; custom_padding__hover=&#8221;|||&#8221;][et_pb_text _builder_version=&#8221;4.9.0&#8243; _module_preset=&#8221;default&#8221;]<\/p>\n<p>&nbsp;<\/p>\n<p style=\"padding-left: 40px;\"><span style=\"color: #800080; font-size: 24pt; font-family: 'times new roman', times, serif;\">Kad\u0131n<\/span><\/p>\n<p>[\/et_pb_text][et_pb_text _builder_version=&#8221;4.9.0&#8243; background_color=&#8221;rgba(255,255,255,0.48)&#8221; background_size=&#8221;initial&#8221; background_position=&#8221;top_left&#8221; background_repeat=&#8221;repeat&#8221;]<\/p>\n<p>&nbsp;<\/p>\n<p style=\"text-align: left; padding-left: 40px; padding-right: 40px;\"><em><span style=\"font-family: 'times new roman', times, serif; font-size: 12pt; color: #800080;\">\u2022 A\u015fk\u0131 bilen, y\u00f6neten ve y\u00fcceltendir.<br \/>\u2022 Do\u011fan\u0131n izd\u00fc\u015f\u00fcm\u00fc, devam\u0131d\u0131r.<br \/>\u2022 Gizdir, \u00f6zeldir, beklenendir.<br \/>\u2022 G\u00fcne\u015f olur ayd\u0131nlat\u0131r, \u0131s\u0131t\u0131r, g\u00f6lge olur bizi bizden korur.<br \/>\u2022 G\u00fclerken de ve a\u011flarken de ruha i\u015fleyendir.<br \/>\u2022 Ezber bozan, karma\u015f\u0131k ve \u00e7ekicidir.<br \/>\u2022 B\u00fct\u00fcn renklerin ta\u015fy\u0131c\u0131s\u0131, sanat\u0131n vucut bulmu\u015f halidir.<br \/>\u2022 Ge\u00e7mi\u015fin s\u00f6ylemi, gelece\u011fin devam\u0131, umudun kap\u0131s\u0131d\u0131r.<br \/><\/span><\/em><\/p>\n<p style=\"padding-right: 40px; text-align: right;\"><em><span style=\"font-family: 'times new roman', times, serif; font-size: 12pt; color: #800080;\">Devabil KARA<\/span><\/em><\/p>\n<p style=\"text-align: left; padding-left: 40px;\">[\/et_pb_text][\/et_pb_column][\/et_pb_row][et_pb_row _builder_version=&#8221;4.7.7&#8243; _module_preset=&#8221;default&#8221;][et_pb_column type=&#8221;4_4&#8243; _builder_version=&#8221;4.7.7&#8243; _module_preset=&#8221;default&#8221;][et_pb_text _builder_version=&#8221;4.7.7&#8243; _module_preset=&#8221;default&#8221;]<\/p>\n<p>&nbsp;<\/p>\n<p>&nbsp;<\/p>\n<p>[\/et_pb_text][\/et_pb_column][\/et_pb_row][et_pb_row column_structure=&#8221;1_3,2_3&#8243; _builder_version=&#8221;4.7.7&#8243; _module_preset=&#8221;default&#8221;][et_pb_column type=&#8221;1_3&#8243; _builder_version=&#8221;4.7.7&#8243; _module_preset=&#8221;default&#8221;][et_pb_text _builder_version=&#8221;4.9.0&#8243; _module_preset=&#8221;default&#8221;]<\/p>\n<p><img class=\"aligncenter\" src=\"https:\/\/gsfsergi.ebyu.edu.tr\/wp-content\/uploads\/2021\/03\/Devabil-Kara-Portre.jpg\" \/><\/p>\n<p>[\/et_pb_text][\/et_pb_column][et_pb_column type=&#8221;2_3&#8243; _builder_version=&#8221;4.7.7&#8243; _module_preset=&#8221;default&#8221;][et_pb_accordion open_toggle_text_color=&#8221;#800080&#8243; closed_toggle_text_color=&#8221;#800080&#8243; _builder_version=&#8221;4.9.0&#8243; _module_preset=&#8221;default&#8221; toggle_text_color=&#8221;#800080&#8243; toggle_font=&#8221;Times New Roman||on||||||&#8221; closed_toggle_font=&#8221;Times New Roman||on||||||&#8221; body_font=&#8221;Times New Roman||on||||||&#8221; body_text_color=&#8221;#800080&#8243;][et_pb_accordion_item title=&#8221;Devabil Kara&#8221; open=&#8221;on&#8221; _builder_version=&#8221;4.9.0&#8243; _module_preset=&#8221;default&#8221;][\/et_pb_accordion_item][et_pb_accordion_item title=&#8221;\u00d6zge\u00e7mi\u015f&#8221; _builder_version=&#8221;4.9.0&#8243; _module_preset=&#8221;default&#8221; toggle_font=&#8221;Times New Roman||on||||||&#8221; open=&#8221;off&#8221;]<\/p>\n<p style=\"padding-left: 40px;\"><em><span style=\"font-family: 'times new roman', times, serif;\">Devabil Kara, 86\u00a0Marmara \u00dcniversitesi G\u00fczel Sanatlar Fak\u00fcltesi Resim B\u00f6l\u00fcm\u00fc\u2019nden mezun oldu.<\/span><\/em><br \/><em><span style=\"font-family: 'times new roman', times, serif;\">Marmara \u00dcniversitesi G\u00fczel Sanatlar Fak\u00fcltesi Resim B\u00f6l\u00fcm\u00fc\u2019ne Ara\u015ft\u0131rma G\u00f6revlisi olarak atand\u0131.<\/span><\/em><br \/><em><span style=\"font-family: 'times new roman', times, serif;\">Marmara \u00dcniversitesi Sosyal Bilimler Enstit\u00fcs\u00fc\u2019nde, \u2018Sanat\u00e7\u0131 Ki\u015fili\u011finde Psikolojik Alg\u0131\u2019adl\u0131 Sanatta Yeterlik tezini verdi.<\/span><\/em><br \/><em><span style=\"font-family: 'times new roman', times, serif;\">Halen Marmara \u00dcniversitesi G\u00fczel Sanatlar Fak\u00fcltesi Resim B\u00f6l\u00fcm\u00fc\u2019nde\u00a0 \u00d6\u011fretim \u00dcyesi olarak \u00e7al\u0131\u015fmaktad\u0131r.<\/span><\/em><\/p>\n<p style=\"padding-left: 40px;\"><em><span style=\"font-family: 'times new roman', times, serif;\"><strong>\u00d6d\u00fcller<\/strong><\/span><\/em><br \/><em><span style=\"font-family: 'times new roman', times, serif;\">Ulusal Egemenlik Haftas\u0131 \u2018Ulusal Egemenlik\u2019 konulu resim yar\u0131\u015fmas\u0131, \u00d6vg\u00fc \u00d6d\u00fcl\u00fc, \u0130stanbul<\/span><\/em><br \/><em><span style=\"font-family: 'times new roman', times, serif;\">DYO Resim Yar\u0131\u015fmas\u0131, \u00d6d\u00fcl, \u0130zmir<\/span><\/em><br \/><em><span style=\"font-family: 'times new roman', times, serif;\">G\u00fclhane Etkinlikleri \u2018Sanat ve El Sanatlar\u0131 Festivali\u2019 \u00d6zg\u00fcn Bask\u0131 Resim Yar\u0131\u015fmas\u0131, Mansiyon, \u0130stanbul<\/span><\/em><br \/><em><span style=\"font-family: 'times new roman', times, serif;\">1988\u00a0 L\u00fcleta\u015f\u0131 \u2018Beyaz Alt\u0131n\u2019Resim Yar\u0131\u015fmas\u0131, \u00d6d\u00fcl, Eski\u015fehir<\/span><\/em><br \/><em><span style=\"font-family: 'times new roman', times, serif;\">1989\u00a0\u00a023.DYO Resim Yar\u0131\u015fmas\u0131, Mansiyon, \u0130zmir<\/span><\/em><br \/><em><span style=\"font-family: 'times new roman', times, serif;\">1989\u00a0 TC.K\u00fclt\u00fcr Bakanl\u0131\u011f\u0131 50.Devlet Resim Yar\u0131\u015fmas\u0131,2.\u00d6d\u00fcl,Ankara<\/span><\/em><br \/><em><span style=\"font-family: 'times new roman', times, serif;\">1989\u00a0 TC.K\u00fclt\u00fcr Bakanl\u0131\u011f\u0131 50.Devlet \u00d6zg\u00fcn Bask\u0131 Resim Yar\u0131\u015fmas\u0131,2. \u00d6d\u00fcl,Ankara<\/span><\/em><br \/><em><span style=\"font-family: 'times new roman', times, serif;\">1990\u00a0 T\u00fcrkiye Jokey Kul\u00fcb\u00fc 2.Resim Yar\u0131\u015fmas\u0131,Mansiyon,\u0130stanbul<\/span><\/em><br \/><em><span style=\"font-family: 'times new roman', times, serif;\">1990\u00a0 \u00c7a\u011fda\u015f T\u00fcrk Resim Yar\u0131\u015fmas\u0131, Mansiyon, \u0130stanbul<\/span><\/em><br \/><em><span style=\"font-family: 'times new roman', times, serif;\">1993\u00a0 Adana \u00c7imento Sanayii 4.Resim Yar\u0131\u015fmas\u0131, Mansiyon, Adana<\/span><\/em><br \/><em><span style=\"font-family: 'times new roman', times, serif;\">1993\u00a0 ESBANK 10.Yunus Emre Resim Yar\u0131\u015fmas\u0131, \u00d6d\u00fcl, Eski\u015fehir<\/span><\/em><br \/><em><span style=\"font-family: 'times new roman', times, serif;\">Devlet \u00d6zg\u00fcn Bask\u0131 Resim Yar\u0131\u015fmas\u0131, \u00d6d\u00fcl, Ankara<\/span><\/em><br \/><em><span style=\"font-family: 'times new roman', times, serif;\">2001 5.T\u00fcrkiye Jokey Kulubu Resim Yar\u0131\u015fmas\u0131, \u0131\u0131.\u00d6d\u00fcl, \u0130stanbul<\/span><\/em><br \/><em><span style=\"font-family: 'times new roman', times, serif;\">28 Mart 2007 Y\u0131lba\u015f\u0131 Konsept Tasar\u0131m Yar\u0131\u015fmas\u0131 1.lik \u00f6d\u00fcl\u00fc, Birle\u015fmi\u015f Markalar Derne\u011fi,\u0130stanbul<\/span><\/em><br \/><em><span style=\"font-family: 'times new roman', times, serif;\"><strong>Ald\u0131\u011f\u0131 Burslar<\/strong><\/span><\/em><br \/><em><span style=\"font-family: 'times new roman', times, serif;\">Uluslararas\u0131 Salzburg G\u00fczel Sanatlar Yaz Akademisi,Litografi s\u0131n\u0131f\u0131 bursu,Salzburg\/Avusturya<\/span><\/em><\/p>\n<p>[\/et_pb_accordion_item][\/et_pb_accordion][\/et_pb_column][\/et_pb_row][et_pb_row _builder_version=&#8221;4.7.7&#8243; _module_preset=&#8221;default&#8221;][et_pb_column type=&#8221;4_4&#8243; _builder_version=&#8221;4.7.7&#8243; _module_preset=&#8221;default&#8221;][et_pb_text _builder_version=&#8221;4.9.0&#8243; _module_preset=&#8221;default&#8221;]<\/p>\n<p>&nbsp;<\/p>\n<p>&nbsp;<\/p>\n<p>[\/et_pb_text][\/et_pb_column][\/et_pb_row][\/et_pb_section]<\/p>\n","protected":false},"excerpt":{"rendered":"<p>[et_pb_section fb_built=&#8221;1&#8243; _builder_version=&#8221;4.7.7&#8243; background_enable_image=&#8221;off&#8221;][et_pb_row _builder_version=&#8221;3.25&#8243; background_size=&#8221;initial&#8221; background_position=&#8221;top_left&#8221; background_repeat=&#8221;repeat&#8221;][et_pb_column type=&#8221;4_4&#8243; _builder_version=&#8221;3.25&#8243; custom_padding=&#8221;|||&#8221; custom_padding__hover=&#8221;|||&#8221;][et_pb_text _builder_version=&#8221;4.7.7&#8243; _module_preset=&#8221;default&#8221;] &nbsp; &nbsp; [\/et_pb_text][\/et_pb_column][\/et_pb_row][et_pb_row column_structure=&#8221;1_3,2_3&#8243; _builder_version=&#8221;3.25&#8243; background_size=&#8221;initial&#8221; background_position=&#8221;top_left&#8221; background_repeat=&#8221;repeat&#8221;][et_pb_column type=&#8221;1_3&#8243; _builder_version=&#8221;3.25&#8243; custom_padding=&#8221;|||&#8221; custom_padding__hover=&#8221;|||&#8221;][et_pb_text _builder_version=&#8221;4.9.0&#8243; _module_preset=&#8221;default&#8221;] &nbsp; &nbsp; Devabil Kara [\/et_pb_text][et_pb_text _builder_version=&#8221;4.9.0&#8243; _module_preset=&#8221;default&#8221;] &nbsp; &nbsp; &nbsp; &nbsp; &nbsp; \u201cEros\u201d 15\u00d710 cm Serigrafi 10\/60 1994 [\/et_pb_text][\/et_pb_column][et_pb_column type=&#8221;2_3&#8243; _builder_version=&#8221;3.25&#8243; custom_padding=&#8221;|||&#8221; custom_padding__hover=&#8221;|||&#8221;][et_pb_image src=&#8221;https:\/\/gsfsergi.ebyu.edu.tr\/wp-content\/uploads\/2021\/03\/Devabil-Kara.jpg&#8221; title_text=&#8221;Devabil Kara&#8221; show_in_lightbox=&#8221;on&#8221; [&hellip;]<\/p>\n","protected":false},"author":9,"featured_media":0,"parent":0,"menu_order":0,"comment_status":"closed","ping_status":"closed","template":"","meta":{"_et_pb_use_builder":"on","_et_pb_old_content":"","_et_gb_content_width":"","spay_email":""},"jetpack_sharing_enabled":true,"jetpack_likes_enabled":true,"_links":{"self":[{"href":"https:\/\/gsfsergi.ebyu.edu.tr\/index.php?rest_route=\/wp\/v2\/pages\/4530"}],"collection":[{"href":"https:\/\/gsfsergi.ebyu.edu.tr\/index.php?rest_route=\/wp\/v2\/pages"}],"about":[{"href":"https:\/\/gsfsergi.ebyu.edu.tr\/index.php?rest_route=\/wp\/v2\/types\/page"}],"author":[{"embeddable":true,"href":"https:\/\/gsfsergi.ebyu.edu.tr\/index.php?rest_route=\/wp\/v2\/users\/9"}],"replies":[{"embeddable":true,"href":"https:\/\/gsfsergi.ebyu.edu.tr\/index.php?rest_route=%2Fwp%2Fv2%2Fcomments&post=4530"}],"version-history":[{"count":7,"href":"https:\/\/gsfsergi.ebyu.edu.tr\/index.php?rest_route=\/wp\/v2\/pages\/4530\/revisions"}],"predecessor-version":[{"id":5515,"href":"https:\/\/gsfsergi.ebyu.edu.tr\/index.php?rest_route=\/wp\/v2\/pages\/4530\/revisions\/5515"}],"wp:attachment":[{"href":"https:\/\/gsfsergi.ebyu.edu.tr\/index.php?rest_route=%2Fwp%2Fv2%2Fmedia&parent=4530"}],"curies":[{"name":"wp","href":"https:\/\/api.w.org\/{rel}","templated":true}]}}