{"id":4522,"date":"2021-03-08T10:07:41","date_gmt":"2021-03-08T07:07:41","guid":{"rendered":"https:\/\/gsfsergi.ebyu.edu.tr\/?page_id=4522"},"modified":"2021-03-17T21:55:51","modified_gmt":"2021-03-17T18:55:51","slug":"bunyamin-ozgultekin-kadin-sergisi","status":"publish","type":"page","link":"https:\/\/gsfsergi.ebyu.edu.tr\/?page_id=4522","title":{"rendered":"B\u00fcnyamin \u00d6zg\u00fcltekin &#8211; Kad\u0131n Sergisi"},"content":{"rendered":"<p>[et_pb_section fb_built=&#8221;1&#8243; _builder_version=&#8221;4.7.7&#8243; background_enable_image=&#8221;off&#8221;][et_pb_row _builder_version=&#8221;3.25&#8243; background_size=&#8221;initial&#8221; background_position=&#8221;top_left&#8221; background_repeat=&#8221;repeat&#8221;][et_pb_column type=&#8221;4_4&#8243; _builder_version=&#8221;3.25&#8243; custom_padding=&#8221;|||&#8221; custom_padding__hover=&#8221;|||&#8221;][et_pb_text _builder_version=&#8221;4.7.7&#8243; _module_preset=&#8221;default&#8221;]<\/p>\n<p>&nbsp;<\/p>\n<p>&nbsp;<\/p>\n<p>[\/et_pb_text][\/et_pb_column][\/et_pb_row][et_pb_row column_structure=&#8221;1_3,2_3&#8243; _builder_version=&#8221;3.25&#8243; background_size=&#8221;initial&#8221; background_position=&#8221;top_left&#8221; background_repeat=&#8221;repeat&#8221;][et_pb_column type=&#8221;1_3&#8243; _builder_version=&#8221;3.25&#8243; custom_padding=&#8221;|||&#8221; custom_padding__hover=&#8221;|||&#8221;][et_pb_text _builder_version=&#8221;4.9.0&#8243; _module_preset=&#8221;default&#8221;]<\/p>\n<p>&nbsp;<\/p>\n<p>&nbsp;<\/p>\n<p style=\"text-align: right;\"><span style=\"font-family: 'times new roman', times, serif; font-size: 36pt; color: #800080;\"><em>B\u00fcnyamin \u00d6zg\u00fcltekin<\/em><\/span><\/p>\n<p>[\/et_pb_text][et_pb_text _builder_version=&#8221;4.9.0&#8243; _module_preset=&#8221;default&#8221;]<\/p>\n<p>&nbsp;<\/p>\n<p>&nbsp;<\/p>\n<p>&nbsp;<\/p>\n<p>&nbsp;<\/p>\n<p>&nbsp;<\/p>\n<p style=\"text-align: right;\"><strong><em><span style=\"color: #800080; font-family: 'times new roman', times, serif;\">\u201cParalel Processe 1067\u200b\u201d<\/span><\/em><\/strong><br \/><strong><em><span style=\"color: #800080; font-family: 'times new roman', times, serif;\"> 100\u00d7100\u00d75 cm<\/span><\/em><\/strong><br \/><strong><em><span style=\"color: #800080; font-family: 'times new roman', times, serif;\"> Tuval \u00dczeri Akrilik Boya<\/span><\/em><\/strong><br \/><strong><em><span style=\"color: #800080; font-family: 'times new roman', times, serif;\"> 2019<\/span><\/em><\/strong><\/p>\n<p>[\/et_pb_text][\/et_pb_column][et_pb_column type=&#8221;2_3&#8243; _builder_version=&#8221;3.25&#8243; custom_padding=&#8221;|||&#8221; custom_padding__hover=&#8221;|||&#8221;][et_pb_image src=&#8221;https:\/\/gsfsergi.ebyu.edu.tr\/wp-content\/uploads\/2021\/03\/Bunyamin-Ozgultekin-3.jpg&#8221; title_text=&#8221;B\u00fcnyamin \u00d6zg\u00fcltekin-3&#8243; show_in_lightbox=&#8221;on&#8221; use_overlay=&#8221;on&#8221; overlay_icon_color=&#8221;#ffffff&#8221; hover_overlay_color=&#8221;rgba(128,0,128,0.19)&#8221; hover_icon=&#8221;%%51%%&#8221; _builder_version=&#8221;4.9.0&#8243; _module_preset=&#8221;default&#8221;][\/et_pb_image][et_pb_text _builder_version=&#8221;4.9.0&#8243; background_color=&#8221;rgba(255,255,255,0.64)&#8221; background_size=&#8221;initial&#8221; background_position=&#8221;top_left&#8221; background_repeat=&#8221;repeat&#8221;]<\/p>\n<p style=\"text-align: center;\"><span style=\"color: #800080;\"><span style=\"font-size: 36pt;\"><strong><a href=\"https:\/\/gsfsergi.ebyu.edu.tr\/?page_id=4518\">\u2039<\/a>\u00a0 \u00a0 <\/strong><\/span><span style=\"font-size: 14pt;\">I<span style=\"font-size: 36pt;\">\u00a0 \u00a0 <\/span><\/span><a href=\"https:\/\/gsfsergi.ebyu.edu.tr\/?page_id=4526\"><strong><span style=\"font-size: 36pt;\">\u203a<\/span><\/strong><\/a><\/span><\/p>\n<p>[\/et_pb_text][et_pb_text _builder_version=&#8221;4.7.7&#8243; background_color=&#8221;rgba(255,255,255,0.64)&#8221; background_size=&#8221;initial&#8221; background_position=&#8221;top_left&#8221; background_repeat=&#8221;repeat&#8221;]<\/p>\n<p style=\"text-align: center;\"><a href=\"https:\/\/gsfsergi.ebyu.edu.tr\/?page_id=607\"><em><span style=\"font-size: 11pt; font-family: 'times new roman', times, serif;\"><span style=\"color: #800080;\">Sergi Anasayfa<\/span><\/span><\/em><\/a><\/p>\n<p>[\/et_pb_text][\/et_pb_column][\/et_pb_row][et_pb_row _builder_version=&#8221;4.7.7&#8243; _module_preset=&#8221;default&#8221;][et_pb_column type=&#8221;4_4&#8243; _builder_version=&#8221;4.7.7&#8243; _module_preset=&#8221;default&#8221;][et_pb_text _builder_version=&#8221;4.7.7&#8243; _module_preset=&#8221;default&#8221;]<\/p>\n<p>&nbsp;<\/p>\n<p>&nbsp;<\/p>\n<p>[\/et_pb_text][\/et_pb_column][\/et_pb_row][et_pb_row column_structure=&#8221;1_3,2_3&#8243; _builder_version=&#8221;4.7.7&#8243; _module_preset=&#8221;default&#8221;][et_pb_column type=&#8221;1_3&#8243; _builder_version=&#8221;4.7.7&#8243; _module_preset=&#8221;default&#8221;][et_pb_text _builder_version=&#8221;4.9.0&#8243; _module_preset=&#8221;default&#8221;]<\/p>\n<p><img class=\"aligncenter\" src=\"https:\/\/gsfsergi.ebyu.edu.tr\/wp-content\/uploads\/2021\/03\/Bunyamin-Ozgultekin-Portre.jpg\" alt=\"\" \/><\/p>\n<p>[\/et_pb_text][\/et_pb_column][et_pb_column type=&#8221;2_3&#8243; _builder_version=&#8221;4.7.7&#8243; _module_preset=&#8221;default&#8221;][et_pb_accordion open_toggle_text_color=&#8221;#800080&#8243; closed_toggle_text_color=&#8221;#800080&#8243; _builder_version=&#8221;4.9.0&#8243; _module_preset=&#8221;default&#8221; toggle_text_color=&#8221;#800080&#8243; toggle_font=&#8221;Times New Roman||on||||||&#8221; closed_toggle_font=&#8221;Times New Roman||on||||||&#8221; body_font=&#8221;Times New Roman||on||||||&#8221; body_text_color=&#8221;#800080&#8243;][et_pb_accordion_item title=&#8221;B\u00fcnyamin \u00d6zg\u00fcltekin&#8221; open=&#8221;on&#8221; _builder_version=&#8221;4.9.0&#8243; _module_preset=&#8221;default&#8221;][\/et_pb_accordion_item][et_pb_accordion_item title=&#8221;\u00d6zge\u00e7mi\u015f&#8221; _builder_version=&#8221;4.9.0&#8243; _module_preset=&#8221;default&#8221; toggle_font=&#8221;Times New Roman||on||||||&#8221; open=&#8221;off&#8221;]<\/p>\n<p style=\"padding-left: 40px;\"><em><span style=\"font-family: 'times new roman', times, serif;\">1969 y\u0131l\u0131nda Gazi E\u011fitim Enstit\u00fcs\u00fc Resim-\u0130\u015f E\u011fitimi B\u00f6l\u00fcm\u00fc\u2019n\u00fc birincilikle kazand\u0131. 1972 y\u0131l\u0131nda da b\u00f6l\u00fcm birincisi olarak bitirdi. \u00d6\u011frencilik d\u00f6neminde yap\u0131tlar\u0131 32.ve 33. Devlet Resim Heykel sergilerine kabul edildi ve Bakanl\u0131k Koleksiyonu\u2019na girdi. 1972 y\u0131l\u0131nda devlet bursu s\u0131navlar\u0131n\u0131n birincisi se\u00e7ilerek ihtisas yapmak \u00fczere Almanya\u2019ya g\u00f6nderildi. Bir y\u0131ll\u0131k dil E\u011fitimi\u2019ni tamamlad\u0131. Berlin ve Kassel G\u00fczel Sanatlar Fak\u00fclteleri\u2019nin s\u0131navlar\u0131n\u0131 kazand\u0131. 1973 y\u0131l\u0131nda Kassel G\u00fczel Sanatlar Fak\u00fcltesi\u2019nde e\u011fitimine ba\u015flad\u0131. 1978 y\u0131l\u0131nda be\u015f y\u0131ll\u0131k e\u011fitimini \u2018\u2019Fern der Heimat\u2019\u2019 tezi ile ve \u00fcniversitede verilen en iyi derece ile bitirdi. 1979 y\u0131l\u0131nda Braunschweig G\u00fczel Sanatlar Fak\u00fcltesi\u2019ne s\u0131navs\u0131z (9. s\u00f6mestr) kabul edildi. Buradaki e\u011fitimi esnas\u0131nda Hessen \u00dcniversitesi\u2019nde Ara\u015ft\u0131rma G\u00f6revlili\u011fi\u2019ne atand\u0131. 1982 y\u0131l\u0131nda Hessen \u00dcniversitesi\u2019nde g\u00f6revi yan\u0131nda Diplom Pedagoji B\u00f6l\u00fcm\u00fc\u2019ne devam ederek derece ile bitirdi. 1984 y\u0131l\u0131nda kendi iste\u011fi ile istifa etti ve yurda d\u00f6nd\u00fc. Marmara \u00dcniversitesi A.E. Fak\u00fcltesi Ara\u015ft\u0131rma G\u00f6revlili\u011fine atand\u0131. 1985 y\u0131l\u0131nda Mimar Sinan \u00dcniversitesi Sosyal Bilimler Enstit\u00fcs\u00fc\u2019nde Sanatta Yeterlik E\u011fitimine ba\u015flad\u0131. 1986 y\u0131l\u0131nda Marmara \u00dcniversitesi Sosyal Bilimler Enstit\u00fcs\u00fc\u2019n\u00fcn Sanatta Yeterlik \u00c7al\u0131\u015fmalar\u0131n\u0131 tamamlayarak Dr. \u00dcnvan\u0131 ald\u0131. 1987 y\u0131l\u0131nda 2547 say\u0131l\u0131 kanunla Do\u00e7ent \u00fcnvan\u0131 ald\u0131. 1993 y\u0131l\u0131nda Profes\u00f6rl\u00fc\u011fe y\u00fckseltildi. 10\u2019u uluslararas\u0131 ve 14\u2019\u00fc ulusal olmak \u00fczere 24 \u00f6d\u00fcl kazand\u0131. 9\u2019u yurti\u00e7i ve 45\u2019\u00fc yurtd\u0131\u015f\u0131 olmak \u00fczere 54 ki\u015fisel sergi a\u00e7t\u0131. 350\u2019nin \u00fczerinde ulusal ve uluslararas\u0131 karma sergiye kat\u0131ld\u0131. Yap\u0131tlar\u0131 yurti\u00e7i, yurtd\u0131\u015f\u0131 m\u00fcze ve koleksiyonlarda yer ald\u0131. 1995 y\u0131l\u0131nda Marmara \u00dcniversitesi Atat\u00fcrk E\u011fitim Fak\u00fcltesi, G\u00fczel Sanatlar E\u011fitimi B\u00f6l\u00fcm\u00fc Ba\u015fkanl\u0131\u011f\u0131na se\u00e7ilerek \u00fc\u00e7 kez y\u00fcr\u00fctt\u00fc. 2006 Y\u0131l\u0131nda Trakya \u00dcniversitesi G\u00fczel Sanatlar Fak\u00fcltesini kurdu. Kurucu Dekanl\u0131\u011f\u0131n\u0131 2 d\u00f6nem y\u00fcr\u00fctt\u00fc. 2011 Y\u0131l\u0131nda Kemerburgaz \u00dcniversitesi G\u00fczel Sanatlar ve Tasar\u0131m Fak\u00fcltesini kurdu ve Kurucu Dekanl\u0131\u011f\u0131n\u0131 yapt\u0131. 2017-2020 y\u0131llar\u0131 aras\u0131nda Alt\u0131nba\u015f \u00dcniversitesi G\u00fczel Sanatlar ve Tasar\u0131m Fak\u00fcltesini dekanl\u0131\u011f\u0131n\u0131 yapt\u0131. 2020 tarihinden itibaren \u0130stanbul Ayvansaray \u00dcniversitesi G\u00fczel Sanatlar, Tasar\u0131m ve Mimarl\u0131k Fak\u00fcltesini dekanl\u0131\u011f\u0131n\u0131 y\u00fcr\u00fctmektedir.<\/span><\/em><\/p>\n<p style=\"padding-left: 40px;\"><em><span style=\"font-family: 'times new roman', times, serif;\">Uluslararas\u0131 (AIAP) Plastik Sanatlar Derne\u011fi\u2019nin ve Artist \u0130stanbul Sanat Fuar\u0131n\u0131n kurucu \u00fcyeli\u011fini yapt\u0131. \u00dcniversiteleraras\u0131 Sanat Dallar\u0131 E\u011fitim Komisyonu Ba\u015fkan\u0131, \u00dcniversiteleraras\u0131 Do\u00e7entlik Komisyonu \u00fcyesi ve Y\u00d6K E\u011fitim Komisyonu ve Sanat Dallar\u0131 E\u011fitim Konseyi \u00fcyesidir. <\/span><\/em><\/p>\n<p>[\/et_pb_accordion_item][\/et_pb_accordion][\/et_pb_column][\/et_pb_row][et_pb_row _builder_version=&#8221;4.7.7&#8243; _module_preset=&#8221;default&#8221;][et_pb_column type=&#8221;4_4&#8243; _builder_version=&#8221;4.7.7&#8243; _module_preset=&#8221;default&#8221;][et_pb_text _builder_version=&#8221;4.9.0&#8243; _module_preset=&#8221;default&#8221;]<\/p>\n<p>&nbsp;<\/p>\n<p>&nbsp;<\/p>\n<p>[\/et_pb_text][\/et_pb_column][\/et_pb_row][\/et_pb_section]<\/p>\n","protected":false},"excerpt":{"rendered":"<p>[et_pb_section fb_built=&#8221;1&#8243; _builder_version=&#8221;4.7.7&#8243; background_enable_image=&#8221;off&#8221;][et_pb_row _builder_version=&#8221;3.25&#8243; background_size=&#8221;initial&#8221; background_position=&#8221;top_left&#8221; background_repeat=&#8221;repeat&#8221;][et_pb_column type=&#8221;4_4&#8243; _builder_version=&#8221;3.25&#8243; custom_padding=&#8221;|||&#8221; custom_padding__hover=&#8221;|||&#8221;][et_pb_text _builder_version=&#8221;4.7.7&#8243; _module_preset=&#8221;default&#8221;] &nbsp; &nbsp; [\/et_pb_text][\/et_pb_column][\/et_pb_row][et_pb_row column_structure=&#8221;1_3,2_3&#8243; _builder_version=&#8221;3.25&#8243; background_size=&#8221;initial&#8221; background_position=&#8221;top_left&#8221; background_repeat=&#8221;repeat&#8221;][et_pb_column type=&#8221;1_3&#8243; _builder_version=&#8221;3.25&#8243; custom_padding=&#8221;|||&#8221; custom_padding__hover=&#8221;|||&#8221;][et_pb_text _builder_version=&#8221;4.9.0&#8243; _module_preset=&#8221;default&#8221;] &nbsp; &nbsp; B\u00fcnyamin \u00d6zg\u00fcltekin [\/et_pb_text][et_pb_text _builder_version=&#8221;4.9.0&#8243; _module_preset=&#8221;default&#8221;] &nbsp; &nbsp; &nbsp; &nbsp; &nbsp; \u201cParalel Processe 1067\u200b\u201d 100\u00d7100\u00d75 cm Tuval \u00dczeri Akrilik Boya 2019 [\/et_pb_text][\/et_pb_column][et_pb_column type=&#8221;2_3&#8243; _builder_version=&#8221;3.25&#8243; custom_padding=&#8221;|||&#8221; custom_padding__hover=&#8221;|||&#8221;][et_pb_image [&hellip;]<\/p>\n","protected":false},"author":9,"featured_media":0,"parent":0,"menu_order":0,"comment_status":"closed","ping_status":"closed","template":"","meta":{"_et_pb_use_builder":"on","_et_pb_old_content":"","_et_gb_content_width":"","spay_email":""},"jetpack_sharing_enabled":true,"jetpack_likes_enabled":true,"_links":{"self":[{"href":"https:\/\/gsfsergi.ebyu.edu.tr\/index.php?rest_route=\/wp\/v2\/pages\/4522"}],"collection":[{"href":"https:\/\/gsfsergi.ebyu.edu.tr\/index.php?rest_route=\/wp\/v2\/pages"}],"about":[{"href":"https:\/\/gsfsergi.ebyu.edu.tr\/index.php?rest_route=\/wp\/v2\/types\/page"}],"author":[{"embeddable":true,"href":"https:\/\/gsfsergi.ebyu.edu.tr\/index.php?rest_route=\/wp\/v2\/users\/9"}],"replies":[{"embeddable":true,"href":"https:\/\/gsfsergi.ebyu.edu.tr\/index.php?rest_route=%2Fwp%2Fv2%2Fcomments&post=4522"}],"version-history":[{"count":9,"href":"https:\/\/gsfsergi.ebyu.edu.tr\/index.php?rest_route=\/wp\/v2\/pages\/4522\/revisions"}],"predecessor-version":[{"id":5511,"href":"https:\/\/gsfsergi.ebyu.edu.tr\/index.php?rest_route=\/wp\/v2\/pages\/4522\/revisions\/5511"}],"wp:attachment":[{"href":"https:\/\/gsfsergi.ebyu.edu.tr\/index.php?rest_route=%2Fwp%2Fv2%2Fmedia&parent=4522"}],"curies":[{"name":"wp","href":"https:\/\/api.w.org\/{rel}","templated":true}]}}