{"id":4514,"date":"2021-03-08T10:06:04","date_gmt":"2021-03-08T07:06:04","guid":{"rendered":"https:\/\/gsfsergi.ebyu.edu.tr\/?page_id=4514"},"modified":"2021-03-17T21:55:34","modified_gmt":"2021-03-17T18:55:34","slug":"basri-erdem-kadin-sergisi","status":"publish","type":"page","link":"https:\/\/gsfsergi.ebyu.edu.tr\/?page_id=4514","title":{"rendered":"Basri Erdem &#8211; Kad\u0131n Sergisi"},"content":{"rendered":"<p>[et_pb_section fb_built=&#8221;1&#8243; _builder_version=&#8221;4.7.7&#8243; background_enable_image=&#8221;off&#8221;][et_pb_row _builder_version=&#8221;3.25&#8243; background_size=&#8221;initial&#8221; background_position=&#8221;top_left&#8221; background_repeat=&#8221;repeat&#8221;][et_pb_column type=&#8221;4_4&#8243; _builder_version=&#8221;3.25&#8243; custom_padding=&#8221;|||&#8221; custom_padding__hover=&#8221;|||&#8221;][et_pb_text _builder_version=&#8221;4.7.7&#8243; _module_preset=&#8221;default&#8221;]<\/p>\n<p>&nbsp;<\/p>\n<p>&nbsp;<\/p>\n<p>[\/et_pb_text][\/et_pb_column][\/et_pb_row][et_pb_row column_structure=&#8221;1_3,2_3&#8243; _builder_version=&#8221;3.25&#8243; background_size=&#8221;initial&#8221; background_position=&#8221;top_left&#8221; background_repeat=&#8221;repeat&#8221;][et_pb_column type=&#8221;1_3&#8243; _builder_version=&#8221;3.25&#8243; custom_padding=&#8221;|||&#8221; custom_padding__hover=&#8221;|||&#8221;][et_pb_text _builder_version=&#8221;4.9.0&#8243; _module_preset=&#8221;default&#8221;]<\/p>\n<p>&nbsp;<\/p>\n<p>&nbsp;<\/p>\n<p style=\"text-align: right;\"><span style=\"font-family: 'times new roman', times, serif; font-size: 36pt; color: #800080;\"><em>Basri Erdem<\/em><\/span><\/p>\n<p>[\/et_pb_text][et_pb_text _builder_version=&#8221;4.9.0&#8243; _module_preset=&#8221;default&#8221;]<\/p>\n<p>&nbsp;<\/p>\n<p>&nbsp;<\/p>\n<p>&nbsp;<\/p>\n<p>&nbsp;<\/p>\n<p>&nbsp;<\/p>\n<p style=\"text-align: right;\"><strong><em><span style=\"color: #800080; font-family: 'times new roman', times, serif;\">\u201cBekleyi\u015f\u201d<\/span><\/em><\/strong><br \/><strong><em><span style=\"color: #800080; font-family: 'times new roman', times, serif;\"> 3\/15<\/span><\/em><\/strong><br \/><strong><em><span style=\"color: #800080; font-family: 'times new roman', times, serif;\"> Ta\u015f Bask\u0131 (Litografi)<\/span><\/em><\/strong><br \/><strong><em><span style=\"color: #800080; font-family: 'times new roman', times, serif;\"> 2020<\/span><\/em><\/strong><\/p>\n<p>[\/et_pb_text][\/et_pb_column][et_pb_column type=&#8221;2_3&#8243; _builder_version=&#8221;3.25&#8243; custom_padding=&#8221;|||&#8221; custom_padding__hover=&#8221;|||&#8221;][et_pb_image src=&#8221;https:\/\/gsfsergi.ebyu.edu.tr\/wp-content\/uploads\/2021\/03\/Basri-Erdem.jpeg&#8221; title_text=&#8221;Basri Erdem&#8221; show_in_lightbox=&#8221;on&#8221; use_overlay=&#8221;on&#8221; overlay_icon_color=&#8221;#ffffff&#8221; hover_overlay_color=&#8221;rgba(128,0,128,0.19)&#8221; hover_icon=&#8221;%%51%%&#8221; _builder_version=&#8221;4.9.0&#8243; _module_preset=&#8221;default&#8221;][\/et_pb_image][et_pb_text _builder_version=&#8221;4.9.0&#8243; background_color=&#8221;rgba(255,255,255,0.64)&#8221; background_size=&#8221;initial&#8221; background_position=&#8221;top_left&#8221; background_repeat=&#8221;repeat&#8221;]<\/p>\n<p style=\"text-align: center;\"><span style=\"color: #800080;\"><span style=\"font-size: 36pt;\"><strong><a href=\"https:\/\/gsfsergi.ebyu.edu.tr\/?page_id=4510\">\u2039<\/a>\u00a0 \u00a0 <\/strong><\/span><span style=\"font-size: 14pt;\">I<span style=\"font-size: 36pt;\">\u00a0 \u00a0 <\/span><\/span><a href=\"https:\/\/gsfsergi.ebyu.edu.tr\/?page_id=4518\"><strong><span style=\"font-size: 36pt;\">\u203a<\/span><\/strong><\/a><\/span><\/p>\n<p>[\/et_pb_text][et_pb_text _builder_version=&#8221;4.7.7&#8243; background_color=&#8221;rgba(255,255,255,0.64)&#8221; background_size=&#8221;initial&#8221; background_position=&#8221;top_left&#8221; background_repeat=&#8221;repeat&#8221;]<\/p>\n<p style=\"text-align: center;\"><a href=\"https:\/\/gsfsergi.ebyu.edu.tr\/?page_id=607\"><em><span style=\"font-size: 11pt; font-family: 'times new roman', times, serif;\"><span style=\"color: #800080;\">Sergi Anasayfa<\/span><\/span><\/em><\/a><\/p>\n<p>[\/et_pb_text][\/et_pb_column][\/et_pb_row][et_pb_row _builder_version=&#8221;4.7.7&#8243; _module_preset=&#8221;default&#8221;][et_pb_column type=&#8221;4_4&#8243; _builder_version=&#8221;4.7.7&#8243; _module_preset=&#8221;default&#8221;][et_pb_text _builder_version=&#8221;4.7.7&#8243; _module_preset=&#8221;default&#8221;]<\/p>\n<p>&nbsp;<\/p>\n<p>&nbsp;<\/p>\n<p>[\/et_pb_text][\/et_pb_column][\/et_pb_row][et_pb_row column_structure=&#8221;1_3,2_3&#8243; _builder_version=&#8221;4.7.7&#8243; _module_preset=&#8221;default&#8221;][et_pb_column type=&#8221;1_3&#8243; _builder_version=&#8221;4.7.7&#8243; _module_preset=&#8221;default&#8221;][et_pb_text _builder_version=&#8221;4.9.0&#8243; _module_preset=&#8221;default&#8221;]<\/p>\n<p><img class=\"aligncenter\" src=\"https:\/\/gsfsergi.ebyu.edu.tr\/wp-content\/uploads\/2021\/03\/Basri-Erdem-Portre.jpg\" alt=\"\" \/><\/p>\n<p>[\/et_pb_text][\/et_pb_column][et_pb_column type=&#8221;2_3&#8243; _builder_version=&#8221;4.7.7&#8243; _module_preset=&#8221;default&#8221;][et_pb_accordion open_toggle_text_color=&#8221;#800080&#8243; closed_toggle_text_color=&#8221;#800080&#8243; _builder_version=&#8221;4.9.0&#8243; _module_preset=&#8221;default&#8221; toggle_text_color=&#8221;#800080&#8243; toggle_font=&#8221;Times New Roman||on||||||&#8221; closed_toggle_font=&#8221;Times New Roman||on||||||&#8221; body_font=&#8221;Times New Roman||on||||||&#8221; body_text_color=&#8221;#800080&#8243;][et_pb_accordion_item title=&#8221;Basri Erdem&#8221; open=&#8221;on&#8221; _builder_version=&#8221;4.9.0&#8243; _module_preset=&#8221;default&#8221;][\/et_pb_accordion_item][et_pb_accordion_item title=&#8221;\u00d6zge\u00e7mi\u015f&#8221; _builder_version=&#8221;4.9.0&#8243; _module_preset=&#8221;default&#8221; toggle_font=&#8221;Times New Roman||on||||||&#8221; open=&#8221;off&#8221;]<\/p>\n<p style=\"text-align: left; padding-left: 40px;\"><em><span style=\"font-family: 'times new roman', times, serif;\">Basri Erdem, 1948\u2019de L\u00fcleburgaz \u2013 Ak\u00e7ak\u00f6y\u2019de do\u011fdu. Orta \u00f6\u011frenimini Kepirtepe \u0130lk\u00f6\u011fretmen Okulu ve \u0130stanbul \u00d6\u011fretmen Okulu Resim Seminerinde tamamlad\u0131. Bir y\u0131l ilkokul \u00f6\u011fretmenli\u011finden sonra,1967\u2019de \u0130stanbul E\u011fitim Enstit\u00fcs\u00fc Resim B\u00f6l\u00fcm\u00fcne girdi. 1970 -74 y\u0131llar\u0131 aras\u0131nda Urfa K\u0131z\u00f6\u011fretmen Okulu Resim \u00d6\u011fretmenli\u011fi g\u00f6revinde bulundu.1974 y\u0131ll\u0131nda Milli E\u011fitim Bakanl\u0131\u011f\u0131\u2019n\u0131n a\u00e7m\u0131\u015f oldu\u011fu s\u0131nav\u0131 kazanarak, \u0130stanbul E\u011fitim Enstit\u00fcs\u00fc Resim B\u00f6l\u00fcm\u00fc, Grafik Dal\u0131 \u00f6\u011fretmenli\u011fine atand\u0131.<\/span><\/em><br \/><em><span style=\"font-family: 'times new roman', times, serif;\">1980\u201382 y\u0131llar\u0131nda Atat\u00fcrk Y\u00fcksek \u00d6\u011fretmen Okulu Resim B\u00f6l\u00fcm\u00fc \u00f6\u011fretmenli\u011fine atand\u0131.1985 y\u0131l\u0131nda Marmara \u00dcniversitesinde Lisans tamamlad\u0131. 1986\u2019da \u201cSanatta Yeterlik \u201c ald\u0131. Ayn\u0131 y\u0131l i\u00e7inde 1.Asya \u2013 Avrupa Sanat Bienaline kat\u0131ld\u0131. 1987 y\u0131l\u0131nda Do\u00e7ent 1997 y\u0131l\u0131nda Profes\u00f6r oldu.<\/span><\/em><br \/><em><span style=\"font-family: 'times new roman', times, serif;\">1988-2002 y\u0131llar\u0131 aras\u0131nda \u00e7e\u015fitli karma ve Grup sergilerine kat\u0131lm\u0131\u015f, 30 ki\u015fisel sergi a\u00e7m\u0131\u015ft\u0131r. Ayr\u0131ca Avusturya \u2013Graz, Yunanistan-Drama, K\u0131br\u0131s, Moldava \u2013 Ki\u015finev\u2019de yurtd\u0131\u015f\u0131 sanat etkinliklerine kat\u0131larak eserlerini sergilemi\u015ftir.<\/span><\/em><br \/><em><span style=\"font-family: 'times new roman', times, serif;\">2007 y\u0131l\u0131nda Marmara \u00dcniversitesi, Atat\u00fcrk E\u011fitim Fak\u00fcltesi, G\u00fczel Sanatlar E\u011fitimi b\u00f6l\u00fcm\u00fcnden emekli oldu. Halen I\u015f\u0131k \u00dcniversitesi G\u00fczel Sanatlar Fak\u00fcltesinde \u00f6\u011fretim \u00fcyesi olarak g\u00f6revine devam etmektedir.<\/span><\/em><\/p>\n<p>[\/et_pb_accordion_item][\/et_pb_accordion][\/et_pb_column][\/et_pb_row][et_pb_row _builder_version=&#8221;4.7.7&#8243; _module_preset=&#8221;default&#8221;][et_pb_column type=&#8221;4_4&#8243; _builder_version=&#8221;4.7.7&#8243; _module_preset=&#8221;default&#8221;][et_pb_text _builder_version=&#8221;4.9.0&#8243; _module_preset=&#8221;default&#8221;]<\/p>\n<p>&nbsp;<\/p>\n<p>&nbsp;<\/p>\n<p>[\/et_pb_text][\/et_pb_column][\/et_pb_row][\/et_pb_section]<\/p>\n","protected":false},"excerpt":{"rendered":"<p>[et_pb_section fb_built=&#8221;1&#8243; _builder_version=&#8221;4.7.7&#8243; background_enable_image=&#8221;off&#8221;][et_pb_row _builder_version=&#8221;3.25&#8243; background_size=&#8221;initial&#8221; background_position=&#8221;top_left&#8221; background_repeat=&#8221;repeat&#8221;][et_pb_column type=&#8221;4_4&#8243; _builder_version=&#8221;3.25&#8243; custom_padding=&#8221;|||&#8221; custom_padding__hover=&#8221;|||&#8221;][et_pb_text _builder_version=&#8221;4.7.7&#8243; _module_preset=&#8221;default&#8221;] &nbsp; &nbsp; [\/et_pb_text][\/et_pb_column][\/et_pb_row][et_pb_row column_structure=&#8221;1_3,2_3&#8243; _builder_version=&#8221;3.25&#8243; background_size=&#8221;initial&#8221; background_position=&#8221;top_left&#8221; background_repeat=&#8221;repeat&#8221;][et_pb_column type=&#8221;1_3&#8243; _builder_version=&#8221;3.25&#8243; custom_padding=&#8221;|||&#8221; custom_padding__hover=&#8221;|||&#8221;][et_pb_text _builder_version=&#8221;4.9.0&#8243; _module_preset=&#8221;default&#8221;] &nbsp; &nbsp; Basri Erdem [\/et_pb_text][et_pb_text _builder_version=&#8221;4.9.0&#8243; _module_preset=&#8221;default&#8221;] &nbsp; &nbsp; &nbsp; &nbsp; &nbsp; \u201cBekleyi\u015f\u201d 3\/15 Ta\u015f Bask\u0131 (Litografi) 2020 [\/et_pb_text][\/et_pb_column][et_pb_column type=&#8221;2_3&#8243; _builder_version=&#8221;3.25&#8243; custom_padding=&#8221;|||&#8221; custom_padding__hover=&#8221;|||&#8221;][et_pb_image src=&#8221;https:\/\/gsfsergi.ebyu.edu.tr\/wp-content\/uploads\/2021\/03\/Basri-Erdem.jpeg&#8221; title_text=&#8221;Basri Erdem&#8221; show_in_lightbox=&#8221;on&#8221; [&hellip;]<\/p>\n","protected":false},"author":9,"featured_media":0,"parent":0,"menu_order":0,"comment_status":"closed","ping_status":"closed","template":"","meta":{"_et_pb_use_builder":"on","_et_pb_old_content":"","_et_gb_content_width":"","spay_email":""},"jetpack_sharing_enabled":true,"jetpack_likes_enabled":true,"_links":{"self":[{"href":"https:\/\/gsfsergi.ebyu.edu.tr\/index.php?rest_route=\/wp\/v2\/pages\/4514"}],"collection":[{"href":"https:\/\/gsfsergi.ebyu.edu.tr\/index.php?rest_route=\/wp\/v2\/pages"}],"about":[{"href":"https:\/\/gsfsergi.ebyu.edu.tr\/index.php?rest_route=\/wp\/v2\/types\/page"}],"author":[{"embeddable":true,"href":"https:\/\/gsfsergi.ebyu.edu.tr\/index.php?rest_route=\/wp\/v2\/users\/9"}],"replies":[{"embeddable":true,"href":"https:\/\/gsfsergi.ebyu.edu.tr\/index.php?rest_route=%2Fwp%2Fv2%2Fcomments&post=4514"}],"version-history":[{"count":7,"href":"https:\/\/gsfsergi.ebyu.edu.tr\/index.php?rest_route=\/wp\/v2\/pages\/4514\/revisions"}],"predecessor-version":[{"id":5507,"href":"https:\/\/gsfsergi.ebyu.edu.tr\/index.php?rest_route=\/wp\/v2\/pages\/4514\/revisions\/5507"}],"wp:attachment":[{"href":"https:\/\/gsfsergi.ebyu.edu.tr\/index.php?rest_route=%2Fwp%2Fv2%2Fmedia&parent=4514"}],"curies":[{"name":"wp","href":"https:\/\/api.w.org\/{rel}","templated":true}]}}