{"id":4497,"date":"2021-03-08T10:02:38","date_gmt":"2021-03-08T07:02:38","guid":{"rendered":"https:\/\/gsfsergi.ebyu.edu.tr\/?page_id=4497"},"modified":"2021-03-17T21:53:08","modified_gmt":"2021-03-17T18:53:08","slug":"adnan-tepecik-kadin-sergisi","status":"publish","type":"page","link":"https:\/\/gsfsergi.ebyu.edu.tr\/?page_id=4497","title":{"rendered":"Adnan Tepecik &#8211; Kad\u0131n Sergisi"},"content":{"rendered":"<p>[et_pb_section fb_built=&#8221;1&#8243; _builder_version=&#8221;4.9.0&#8243; hover_enabled=&#8221;0&#8243; background_enable_image=&#8221;off&#8221; sticky_enabled=&#8221;0&#8243;][et_pb_row _builder_version=&#8221;3.25&#8243; background_size=&#8221;initial&#8221; background_position=&#8221;top_left&#8221; background_repeat=&#8221;repeat&#8221;][et_pb_column type=&#8221;4_4&#8243; _builder_version=&#8221;3.25&#8243; custom_padding=&#8221;|||&#8221; custom_padding__hover=&#8221;|||&#8221;][et_pb_text _builder_version=&#8221;4.7.7&#8243; _module_preset=&#8221;default&#8221;]<\/p>\n<p>&nbsp;<\/p>\n<p>&nbsp;<\/p>\n<p>[\/et_pb_text][\/et_pb_column][\/et_pb_row][et_pb_row column_structure=&#8221;1_3,2_3&#8243; _builder_version=&#8221;3.25&#8243; background_size=&#8221;initial&#8221; background_position=&#8221;top_left&#8221; background_repeat=&#8221;repeat&#8221;][et_pb_column type=&#8221;1_3&#8243; _builder_version=&#8221;3.25&#8243; custom_padding=&#8221;|||&#8221; custom_padding__hover=&#8221;|||&#8221;][et_pb_text _builder_version=&#8221;4.9.0&#8243; _module_preset=&#8221;default&#8221;]<\/p>\n<p>&nbsp;<\/p>\n<p>&nbsp;<\/p>\n<p style=\"text-align: right;\"><span style=\"font-family: 'times new roman', times, serif; font-size: 36pt; color: #800080;\"><em>Adnan Tepecik<\/em><\/span><\/p>\n<p>[\/et_pb_text][et_pb_text _builder_version=&#8221;4.9.0&#8243; _module_preset=&#8221;default&#8221;]<\/p>\n<p>&nbsp;<\/p>\n<p>&nbsp;<\/p>\n<p>&nbsp;<\/p>\n<p>&nbsp;<\/p>\n<p>&nbsp;<\/p>\n<p style=\"text-align: right;\"><strong><em><span style=\"color: #800080; font-family: 'times new roman', times, serif;\">\u201cAnne G\u00f6z\u00fc\u201d<\/span><\/em><\/strong><br \/><strong><em><span style=\"color: #800080; font-family: 'times new roman', times, serif;\"> 100\u00d7100 cm<\/span><\/em><\/strong><br \/><strong><em><span style=\"color: #800080; font-family: 'times new roman', times, serif;\"> Kar\u0131\u015f\u0131k Teknik<\/span><\/em><\/strong><br \/><strong><em><span style=\"color: #800080; font-family: 'times new roman', times, serif;\"> 2020<\/span><\/em><\/strong><\/p>\n<p>[\/et_pb_text][\/et_pb_column][et_pb_column type=&#8221;2_3&#8243; _builder_version=&#8221;3.25&#8243; custom_padding=&#8221;|||&#8221; custom_padding__hover=&#8221;|||&#8221;][et_pb_image src=&#8221;https:\/\/gsfsergi.ebyu.edu.tr\/wp-content\/uploads\/2021\/03\/Adnan-Tepecik-scaled.jpg&#8221; title_text=&#8221;Adnan Tepecik&#8221; show_in_lightbox=&#8221;on&#8221; use_overlay=&#8221;on&#8221; overlay_icon_color=&#8221;#ffffff&#8221; hover_overlay_color=&#8221;rgba(128,0,128,0.19)&#8221; hover_icon=&#8221;%%51%%&#8221; _builder_version=&#8221;4.9.0&#8243; _module_preset=&#8221;default&#8221;][\/et_pb_image][et_pb_text _builder_version=&#8221;4.9.0&#8243; background_color=&#8221;rgba(255,255,255,0.64)&#8221; background_size=&#8221;initial&#8221; background_position=&#8221;top_left&#8221; background_repeat=&#8221;repeat&#8221;]<\/p>\n<p style=\"text-align: center;\"><span style=\"color: #800080;\"><span style=\"font-size: 36pt;\"><strong>\u00a0 \u00a0 <\/strong><\/span><span style=\"font-size: 14pt;\">I<span style=\"font-size: 36pt;\">\u00a0 \u00a0 <\/span><\/span><a style=\"color: #800080;\" href=\"https:\/\/gsfsergi.ebyu.edu.tr\/?page_id=4502\"><strong><span style=\"font-size: 36pt;\">\u203a<\/span><\/strong><\/a><\/span><\/p>\n<p>[\/et_pb_text][et_pb_text _builder_version=&#8221;4.9.0&#8243; background_color=&#8221;rgba(255,255,255,0.64)&#8221; background_size=&#8221;initial&#8221; background_position=&#8221;top_left&#8221; background_repeat=&#8221;repeat&#8221;]<\/p>\n<p style=\"text-align: center;\"><a href=\"https:\/\/gsfsergi.ebyu.edu.tr\/?page_id=607\"><em><span style=\"font-size: 11pt; font-family: 'times new roman', times, serif;\"><span style=\"color: #800080;\">Sergi Anasayfa<\/span><\/span><\/em><\/a><\/p>\n<p>[\/et_pb_text][\/et_pb_column][\/et_pb_row][et_pb_row _builder_version=&#8221;3.25&#8243; background_size=&#8221;initial&#8221; background_position=&#8221;top_left&#8221; background_repeat=&#8221;repeat&#8221;][et_pb_column type=&#8221;4_4&#8243; _builder_version=&#8221;3.25&#8243; custom_padding=&#8221;|||&#8221; custom_padding__hover=&#8221;|||&#8221;][et_pb_text _builder_version=&#8221;4.9.0&#8243; _module_preset=&#8221;default&#8221;]<\/p>\n<p>&nbsp;<\/p>\n<p style=\"padding-left: 40px;\"><span style=\"color: #800080; font-size: 24pt; font-family: 'times new roman', times, serif;\">Mektup<\/span><\/p>\n<p>[\/et_pb_text][et_pb_text _builder_version=&#8221;4.9.0&#8243; background_color=&#8221;rgba(255,255,255,0.48)&#8221; background_size=&#8221;initial&#8221; background_position=&#8221;top_left&#8221; background_repeat=&#8221;repeat&#8221;]<\/p>\n<p>&nbsp;<\/p>\n<p style=\"text-align: left; padding-left: 40px; padding-right: 40px;\"><em><span style=\"font-family: 'times new roman', times, serif; font-size: 12pt; color: #800080;\">D\u00fcnya kad\u0131nlar g\u00fcn\u00fc ile ilgili yaz\u0131 yazmak da ne kadar zormu\u015f, y\u00fcz y\u0131l \u00f6nce g\u00fcndeme gelen ve t\u00fcm d\u00fcnyadaki kad\u0131nlar\u0131n insan olma hakk\u0131n\u0131 g\u00fcndemde tutan bir kutlamad\u0131r. 8 Mart D\u00fcnya Kad\u0131nlar G\u00fcn\u00fc, toplumda kad\u0131n\u0131n sosyal, ekonomik ve politik ba\u015far\u0131lar\u0131n\u0131 g\u00f6z \u00f6n\u00fcne almak, cinsiyet e\u015fitli\u011fi talebiyle ortaya \u00e7\u0131kan bir g\u00fcnd\u00fcr.<br \/>D\u00fcnya kad\u0131nlar g\u00fcn\u00fc,1908 y\u0131l\u0131nda Amerika Birle\u015fik Devletleri\u2019nin New york kentinde, yakla\u015f\u0131k 15.000 \u00e7al\u0131\u015fan kad\u0131n\u0131n d\u00fc\u015f\u00fck \u00fccret politikalar\u0131 ve k\u00f6t\u00fc \u00e7al\u0131\u015fma ko\u015fullar nedeniyle, i\u015f b\u0131rakma ve greve gitme eylemiyle ortaya \u00e7\u0131km\u0131\u015ft\u0131r. Daha sonra bu hareket gittik\u00e7e b\u00fcy\u00fcm\u00fc\u015f ve 8 mart d\u00fcnya kad\u0131nlar g\u00fcn\u00fc kutlamas\u0131na d\u00f6n\u00fc\u015fm\u00fc\u015ft\u00fcr.<br \/>kad\u0131n s\u00f6zc\u00fc\u011f\u00fc erkekleri hep \u00fcrk\u00fctm\u00fc\u015f korkutmu\u015ftur, bundan dolay\u0131 da erkekler biyolojik g\u00fc\u00e7 dengesini kendi lehlerine \u00e7evirmek i\u00e7in \u00e7e\u015fitli d\u00fcmenler \u00e7evirerek, kad\u0131nlar\u0131 g\u00fc\u00e7s\u00fcz g\u00f6stermeyi cennet ve cehennemi bile, erkeklere g\u00f6re tasarlamay\u0131 hak olarak g\u00f6rm\u00fc\u015flerdir.<br \/>Halbuki detay\u0131na indi\u011fimizde,d\u00fcnyan\u0131n \u00fcretimi kad\u0131ndan sorulur, neolotik \u00e7a\u011fdan g\u00fcn\u00fcm\u00fcze arkeolojik kaz\u0131larda bulunan her eser kad\u0131nla ilgili ve kad\u0131na dairdir, erkek bu kare i\u00e7inde her zaman edilgen vaziyettedir.<br \/>Bug\u00fcn kad\u0131nlar,bilim,sanat ve teknolojide erkeklerle e\u015fit mesafede ba\u015far\u0131 grafi\u011fini y\u00fckseltmektedirler.<br \/>8 Mart D\u00fcnya Kad\u0131nlar g\u00fcn\u00fc nedeniyle bu sergiyi d\u00fczenleyen say\u0131n dekan Prof.Mehmet KAVUK\u00c7U ve ekibini kutluyorum.<br \/>Bug\u00fcn D\u00fcnya Kad\u0131nlar G\u00fcn\u00fc, kad\u0131n haklar\u0131n\u0131n insan haklar\u0131 oldu\u011funa inanan herkese aittir.<br \/><\/span><\/em><\/p>\n<p style=\"padding-right: 40px; text-align: right;\"><em><span style=\"font-family: 'times new roman', times, serif; font-size: 12pt; color: #800080;\">Prof. Dr. Adnan TEPEC\u0130K<\/span><\/em><\/p>\n<p style=\"text-align: left; padding-left: 40px;\">[\/et_pb_text][\/et_pb_column][\/et_pb_row][et_pb_row _builder_version=&#8221;4.7.7&#8243; _module_preset=&#8221;default&#8221;][et_pb_column type=&#8221;4_4&#8243; _builder_version=&#8221;4.7.7&#8243; _module_preset=&#8221;default&#8221;][et_pb_text _builder_version=&#8221;4.7.7&#8243; _module_preset=&#8221;default&#8221;]<\/p>\n<p>&nbsp;<\/p>\n<p>&nbsp;<\/p>\n<p>[\/et_pb_text][\/et_pb_column][\/et_pb_row][et_pb_row column_structure=&#8221;1_3,2_3&#8243; _builder_version=&#8221;4.7.7&#8243; _module_preset=&#8221;default&#8221;][et_pb_column type=&#8221;1_3&#8243; _builder_version=&#8221;4.7.7&#8243; _module_preset=&#8221;default&#8221;][et_pb_text _builder_version=&#8221;4.9.0&#8243; _module_preset=&#8221;default&#8221;]<\/p>\n<p><img class=\"aligncenter\" src=\"https:\/\/gsfsergi.ebyu.edu.tr\/wp-content\/uploads\/2021\/03\/Adnan-Tepecik-Portre.jpg\" alt=\"\" \/><\/p>\n<p>[\/et_pb_text][\/et_pb_column][et_pb_column type=&#8221;2_3&#8243; _builder_version=&#8221;4.7.7&#8243; _module_preset=&#8221;default&#8221;][et_pb_accordion open_toggle_text_color=&#8221;#800080&#8243; closed_toggle_text_color=&#8221;#800080&#8243; _builder_version=&#8221;4.9.0&#8243; _module_preset=&#8221;default&#8221; toggle_text_color=&#8221;#800080&#8243; toggle_font=&#8221;Times New Roman||on||||||&#8221; closed_toggle_font=&#8221;Times New Roman||on||||||&#8221; body_font=&#8221;Times New Roman||on||||||&#8221; body_text_color=&#8221;#800080&#8243;][et_pb_accordion_item title=&#8221;Adnan Tepecik&#8221; open=&#8221;on&#8221; _builder_version=&#8221;4.9.0&#8243; _module_preset=&#8221;default&#8221;][\/et_pb_accordion_item][et_pb_accordion_item title=&#8221;\u00d6zge\u00e7mi\u015f&#8221; _builder_version=&#8221;4.9.0&#8243; _module_preset=&#8221;default&#8221; toggle_font=&#8221;Times New Roman||on||||||&#8221; open=&#8221;off&#8221;]<\/p>\n<p style=\"padding-left: 40px;\"><em><span style=\"font-family: 'times new roman', times, serif;\">Prof.Dr.Adnan TEPEC\u0130K , <\/span><\/em><em><span style=\"font-family: 'times new roman', times, serif;\">Y\u00fcksek\u00f6\u011frenimini\u00a0 Gazi \u00dcniversitesi, Gazi E\u011fitim Fak\u00fcltesi, Resim-\u0130\u015f B\u00f6l\u00fcm\u00fc\u2019nde yapm\u0131\u015ft\u0131r, Ankara \u00dcniversitesi E\u011fitim Bilimleri Fak\u00fcltesinde y\u00fcksek lisans e\u011fitimi g\u00f6rm\u00fc\u015f ve\u00a0 Gazi\u00a0 \u00dcniversitesi Sosyal Bilimler Enstit\u00fcs\u00fcnden\u00a0\u00a0 y\u00fcksek lisans, doktora ve sanatta yeterlilik\u00a0 derecesi alm\u0131\u015ft\u0131r.<\/span><\/em><\/p>\n<p style=\"padding-left: 40px;\"><em><span style=\"font-family: 'times new roman', times, serif;\">1992 y\u0131l\u0131nda,D\u00fcnya Bankas\u0131 Bursuyla,\u0130ngiltere\u2019de\u00a0 \u00f6\u011frenme kaynaklar\u0131 konusunda ihtisas e\u011fitiminde bulunmu\u015ftur.<\/span><\/em><\/p>\n<p style=\"padding-left: 40px;\"><em><span style=\"font-family: 'times new roman', times, serif;\"><strong>Projeler<\/strong><\/span><\/em><\/p>\n<p style=\"padding-left: 40px;\"><em><span style=\"font-family: 'times new roman', times, serif;\">Uluslararas\u0131 \u00dcrg\u00fcp \u00c7evre tasar\u0131m Projesi, Milli E\u011fitim Bakanl\u0131\u011f\u0131 i\u00e7in\u00a0 dijital\u00a0 ders aleti projesi y\u00fcr\u00fct\u00fcc\u00fcs\u00fc, Gazi \u00dcniversitesi Sanal Resim Heykel M\u00fcze projesi, Ba\u015fkent \u00dcniversitesi ve Otizm Vakf\u0131 Ankara Kalk\u0131nma Ajans\u0131 Projesinde koordinat\u00f6rl\u00fck, be\u015f adet Uluslararas\u0131\u00a0 sanat ve Tasar\u0131m e\u011fitimi sempozyum y\u00fcr\u00fct\u00fcc\u00fcl\u00fc\u011f\u00fc.<\/span><\/em><\/p>\n<p style=\"padding-left: 40px;\"><em><span style=\"font-family: 'times new roman', times, serif;\"><strong>Patentler<\/strong><\/span><\/em><\/p>\n<p style=\"padding-left: 40px;\"><em><span style=\"font-family: 'times new roman', times, serif;\">Yeni ara\u00e7 geli\u015ftirme konusunda \u00e7al\u0131\u015fmalar\u0131 bulunan Tepecik\u2019in, T\u00fcrk Patent Enstit\u00fcs\u00fc\u2019nce\u00a0 onaylanm\u0131\u015f\u00a0 7\u00a0 bulu\u015fu\u00a0 vard\u0131r.<\/span><\/em><\/p>\n<p style=\"padding-left: 40px;\"><em><span style=\"font-family: 'times new roman', times, serif;\"><strong>Kitap ve Yay\u0131n \u00e7al\u0131\u015fmalar\u0131<\/strong><\/span><\/em><\/p>\n<p style=\"padding-left: 40px;\"><em><span style=\"font-family: 'times new roman', times, serif;\">Sanat ve Tasar\u0131m e\u011fitimi alan\u0131nda,Biri \u00e7eviri olmak \u00fczere, yedi\u00a0 kitab\u0131\u00a0 ve 85 ara\u015ft\u0131rma makalesi yay\u0131nlanm\u0131\u015ft\u0131r.\u00a0<\/span><\/em><\/p>\n<p style=\"padding-left: 40px;\"><em><span style=\"font-family: 'times new roman', times, serif;\">Ba\u015fkent \u00dcniversitesi G\u00fczel Sanatlar Tasar\u0131m ve Mimarl\u0131k Fak\u00fcltesi Dekanl\u0131k g\u00f6revine devam etmektedir.<\/span><\/em><\/p>\n<p>[\/et_pb_accordion_item][\/et_pb_accordion][\/et_pb_column][\/et_pb_row][et_pb_row _builder_version=&#8221;4.7.7&#8243; _module_preset=&#8221;default&#8221;][et_pb_column type=&#8221;4_4&#8243; _builder_version=&#8221;4.7.7&#8243; _module_preset=&#8221;default&#8221;][et_pb_text _builder_version=&#8221;4.9.0&#8243; _module_preset=&#8221;default&#8221;]<\/p>\n<p>&nbsp;<\/p>\n<p>&nbsp;<\/p>\n<p>[\/et_pb_text][\/et_pb_column][\/et_pb_row][\/et_pb_section]<\/p>\n","protected":false},"excerpt":{"rendered":"<p>[et_pb_section fb_built=&#8221;1&#8243; _builder_version=&#8221;4.9.0&#8243; hover_enabled=&#8221;0&#8243; background_enable_image=&#8221;off&#8221; sticky_enabled=&#8221;0&#8243;][et_pb_row _builder_version=&#8221;3.25&#8243; background_size=&#8221;initial&#8221; background_position=&#8221;top_left&#8221; background_repeat=&#8221;repeat&#8221;][et_pb_column type=&#8221;4_4&#8243; _builder_version=&#8221;3.25&#8243; custom_padding=&#8221;|||&#8221; custom_padding__hover=&#8221;|||&#8221;][et_pb_text _builder_version=&#8221;4.7.7&#8243; _module_preset=&#8221;default&#8221;] &nbsp; &nbsp; [\/et_pb_text][\/et_pb_column][\/et_pb_row][et_pb_row column_structure=&#8221;1_3,2_3&#8243; _builder_version=&#8221;3.25&#8243; background_size=&#8221;initial&#8221; background_position=&#8221;top_left&#8221; background_repeat=&#8221;repeat&#8221;][et_pb_column type=&#8221;1_3&#8243; _builder_version=&#8221;3.25&#8243; custom_padding=&#8221;|||&#8221; custom_padding__hover=&#8221;|||&#8221;][et_pb_text _builder_version=&#8221;4.9.0&#8243; _module_preset=&#8221;default&#8221;] &nbsp; &nbsp; Adnan Tepecik [\/et_pb_text][et_pb_text _builder_version=&#8221;4.9.0&#8243; _module_preset=&#8221;default&#8221;] &nbsp; &nbsp; &nbsp; &nbsp; &nbsp; \u201cAnne G\u00f6z\u00fc\u201d 100\u00d7100 cm Kar\u0131\u015f\u0131k Teknik 2020 [\/et_pb_text][\/et_pb_column][et_pb_column type=&#8221;2_3&#8243; _builder_version=&#8221;3.25&#8243; custom_padding=&#8221;|||&#8221; custom_padding__hover=&#8221;|||&#8221;][et_pb_image src=&#8221;https:\/\/gsfsergi.ebyu.edu.tr\/wp-content\/uploads\/2021\/03\/Adnan-Tepecik-scaled.jpg&#8221; [&hellip;]<\/p>\n","protected":false},"author":9,"featured_media":0,"parent":0,"menu_order":0,"comment_status":"closed","ping_status":"closed","template":"","meta":{"_et_pb_use_builder":"on","_et_pb_old_content":"","_et_gb_content_width":"","spay_email":""},"jetpack_sharing_enabled":true,"jetpack_likes_enabled":true,"_links":{"self":[{"href":"https:\/\/gsfsergi.ebyu.edu.tr\/index.php?rest_route=\/wp\/v2\/pages\/4497"}],"collection":[{"href":"https:\/\/gsfsergi.ebyu.edu.tr\/index.php?rest_route=\/wp\/v2\/pages"}],"about":[{"href":"https:\/\/gsfsergi.ebyu.edu.tr\/index.php?rest_route=\/wp\/v2\/types\/page"}],"author":[{"embeddable":true,"href":"https:\/\/gsfsergi.ebyu.edu.tr\/index.php?rest_route=\/wp\/v2\/users\/9"}],"replies":[{"embeddable":true,"href":"https:\/\/gsfsergi.ebyu.edu.tr\/index.php?rest_route=%2Fwp%2Fv2%2Fcomments&post=4497"}],"version-history":[{"count":9,"href":"https:\/\/gsfsergi.ebyu.edu.tr\/index.php?rest_route=\/wp\/v2\/pages\/4497\/revisions"}],"predecessor-version":[{"id":5498,"href":"https:\/\/gsfsergi.ebyu.edu.tr\/index.php?rest_route=\/wp\/v2\/pages\/4497\/revisions\/5498"}],"wp:attachment":[{"href":"https:\/\/gsfsergi.ebyu.edu.tr\/index.php?rest_route=%2Fwp%2Fv2%2Fmedia&parent=4497"}],"curies":[{"name":"wp","href":"https:\/\/api.w.org\/{rel}","templated":true}]}}