{"id":4300,"date":"2021-03-02T09:57:59","date_gmt":"2021-03-02T06:57:59","guid":{"rendered":"https:\/\/gsfsergi.ebyu.edu.tr\/?page_id=4300"},"modified":"2021-03-02T10:06:43","modified_gmt":"2021-03-02T07:06:43","slug":"anasayfa-2","status":"publish","type":"page","link":"https:\/\/gsfsergi.ebyu.edu.tr\/?page_id=4300","title":{"rendered":"Yeni D\u00fcnyaya&#8230;"},"content":{"rendered":"<p>[et_pb_section fb_built=&#8221;1&#8243; _builder_version=&#8221;4.7.7&#8243; background_color=&#8221;#000000&#8243; custom_padding=&#8221;0px|||||&#8221; locked=&#8221;off&#8221;][et_pb_row _builder_version=&#8221;4.4.8&#8243; background_size=&#8221;initial&#8221; background_position=&#8221;top_left&#8221; background_repeat=&#8221;repeat&#8221; width=&#8221;100%&#8221; custom_margin=&#8221;||||false|false&#8221; custom_margin_tablet=&#8221;&#8221; custom_margin_phone=&#8221;|0px||0px|false|false&#8221; custom_margin_last_edited=&#8221;on|phone&#8221; custom_padding=&#8221;18px||||false|false&#8221; locked=&#8221;off&#8221;][et_pb_column type=&#8221;4_4&#8243; _builder_version=&#8221;3.25&#8243; custom_padding=&#8221;|||&#8221; custom_padding__hover=&#8221;|||&#8221;][et_pb_image src=&#8221;https:\/\/gsfsergi.ebyu.edu.tr\/wp-content\/uploads\/2020\/12\/Slider-1.gif&#8221; title_text=&#8221;mobilyeni&#8221; url=&#8221;@ET-DC@eyJkeW5hbWljIjp0cnVlLCJjb250ZW50IjoicG9zdF9saW5rX3VybF9wYWdlIiwic2V0dGluZ3MiOnsicG9zdF9pZCI6IjYwNSJ9fQ==@&#8221; align=&#8221;center&#8221; src_tablet=&#8221;https:\/\/gsfsergi.ebyu.edu.tr\/wp-content\/uploads\/2020\/12\/mobilyeni.gif&#8221; src_phone=&#8221;https:\/\/gsfsergi.ebyu.edu.tr\/wp-content\/uploads\/2020\/12\/mobilyeni.gif&#8221; src_last_edited=&#8221;on|phone&#8221; _builder_version=&#8221;4.7.7&#8243; _dynamic_attributes=&#8221;url&#8221; _module_preset=&#8221;default&#8221;][\/et_pb_image][et_pb_text _builder_version=&#8221;4.7.7&#8243; _module_preset=&#8221;default&#8221;][\/et_pb_text][\/et_pb_column][\/et_pb_row][et_pb_row _builder_version=&#8221;4.7.7&#8243; _module_preset=&#8221;default&#8221; background_color=&#8221;#000000&#8243; locked=&#8221;off&#8221;][et_pb_column type=&#8221;4_4&#8243; _builder_version=&#8221;4.7.7&#8243; _module_preset=&#8221;default&#8221;][et_pb_text _builder_version=&#8221;4.7.6&#8243; _module_preset=&#8221;default&#8221; text_font=&#8221;Indie Flower||||||||&#8221; text_text_color=&#8221;#ffffff&#8221; background_color=&#8221;#000000&#8243; min_height=&#8221;107.5px&#8221; custom_padding=&#8221;52px|||||&#8221;]<\/p>\n<p style=\"text-align: center;\">\u00a0<a href=\"https:\/\/twitter.com\/yenidunyayaa\" target=\"_blank\" rel=\"noopener\"><img loading=\"lazy\" class=\"alignnone wp-image-3450\" src=\"https:\/\/gsfsergi.ebyu.edu.tr\/wp-content\/uploads\/2020\/12\/Twitter_s.jpeg\" alt=\"\" width=\"35\" height=\"35\" \/><\/a>\u00a0 \u00a0<a href=\"https:\/\/www.instagram.com\/yenidunyayaa\" target=\"_blank\" rel=\"noopener\"><img loading=\"lazy\" class=\"alignnone wp-image-3449\" src=\"https:\/\/gsfsergi.ebyu.edu.tr\/wp-content\/uploads\/2020\/12\/instagram_s.jpeg\" alt=\"\" width=\"35\" height=\"35\" \/><\/a><\/p>\n<p style=\"text-align: center;\"><strong><span style=\"font-size: 12pt;\"><a href=\"https:\/\/gsfsergi.ebyu.edu.tr\/?page_id=3760\"><span style=\"color: #ffffff;\">Sergi Afi\u015fi i\u00e7in T\u0131klay\u0131n\u0131z<\/span><\/a><\/span><\/strong><\/p>\n<p>&nbsp;<\/p>\n<p>[\/et_pb_text][\/et_pb_column][\/et_pb_row][\/et_pb_section]<\/p>\n","protected":false},"excerpt":{"rendered":"<p>[et_pb_section fb_built=&#8221;1&#8243; _builder_version=&#8221;4.7.7&#8243; background_color=&#8221;#000000&#8243; custom_padding=&#8221;0px|||||&#8221; locked=&#8221;off&#8221;][et_pb_row _builder_version=&#8221;4.4.8&#8243; background_size=&#8221;initial&#8221; background_position=&#8221;top_left&#8221; background_repeat=&#8221;repeat&#8221; width=&#8221;100%&#8221; custom_margin=&#8221;||||false|false&#8221; custom_margin_tablet=&#8221;&#8221; custom_margin_phone=&#8221;|0px||0px|false|false&#8221; custom_margin_last_edited=&#8221;on|phone&#8221; custom_padding=&#8221;18px||||false|false&#8221; locked=&#8221;off&#8221;][et_pb_column type=&#8221;4_4&#8243; _builder_version=&#8221;3.25&#8243; custom_padding=&#8221;|||&#8221; custom_padding__hover=&#8221;|||&#8221;][et_pb_image src=&#8221;https:\/\/gsfsergi.ebyu.edu.tr\/wp-content\/uploads\/2020\/12\/Slider-1.gif&#8221; title_text=&#8221;mobilyeni&#8221; url=&#8221;@ET-DC@eyJkeW5hbWljIjp0cnVlLCJjb250ZW50IjoicG9zdF9saW5rX3VybF9wYWdlIiwic2V0dGluZ3MiOnsicG9zdF9pZCI6IjYwNSJ9fQ==@&#8221; align=&#8221;center&#8221; src_tablet=&#8221;https:\/\/gsfsergi.ebyu.edu.tr\/wp-content\/uploads\/2020\/12\/mobilyeni.gif&#8221; src_phone=&#8221;https:\/\/gsfsergi.ebyu.edu.tr\/wp-content\/uploads\/2020\/12\/mobilyeni.gif&#8221; src_last_edited=&#8221;on|phone&#8221; _builder_version=&#8221;4.7.7&#8243; _dynamic_attributes=&#8221;url&#8221; _module_preset=&#8221;default&#8221;][\/et_pb_image][et_pb_text _builder_version=&#8221;4.7.7&#8243; _module_preset=&#8221;default&#8221;][\/et_pb_text][\/et_pb_column][\/et_pb_row][et_pb_row _builder_version=&#8221;4.7.7&#8243; _module_preset=&#8221;default&#8221; background_color=&#8221;#000000&#8243; locked=&#8221;off&#8221;][et_pb_column type=&#8221;4_4&#8243; _builder_version=&#8221;4.7.7&#8243; _module_preset=&#8221;default&#8221;][et_pb_text _builder_version=&#8221;4.7.6&#8243; _module_preset=&#8221;default&#8221; text_font=&#8221;Indie Flower||||||||&#8221; text_text_color=&#8221;#ffffff&#8221; background_color=&#8221;#000000&#8243; min_height=&#8221;107.5px&#8221; custom_padding=&#8221;52px|||||&#8221;] \u00a0\u00a0 \u00a0 Sergi Afi\u015fi i\u00e7in T\u0131klay\u0131n\u0131z &nbsp; [&hellip;]<\/p>\n","protected":false},"author":9,"featured_media":0,"parent":0,"menu_order":0,"comment_status":"closed","ping_status":"closed","template":"","meta":{"_et_pb_use_builder":"on","_et_pb_old_content":"","_et_gb_content_width":"","spay_email":""},"jetpack_sharing_enabled":true,"jetpack_likes_enabled":true,"_links":{"self":[{"href":"https:\/\/gsfsergi.ebyu.edu.tr\/index.php?rest_route=\/wp\/v2\/pages\/4300"}],"collection":[{"href":"https:\/\/gsfsergi.ebyu.edu.tr\/index.php?rest_route=\/wp\/v2\/pages"}],"about":[{"href":"https:\/\/gsfsergi.ebyu.edu.tr\/index.php?rest_route=\/wp\/v2\/types\/page"}],"author":[{"embeddable":true,"href":"https:\/\/gsfsergi.ebyu.edu.tr\/index.php?rest_route=\/wp\/v2\/users\/9"}],"replies":[{"embeddable":true,"href":"https:\/\/gsfsergi.ebyu.edu.tr\/index.php?rest_route=%2Fwp%2Fv2%2Fcomments&post=4300"}],"version-history":[{"count":7,"href":"https:\/\/gsfsergi.ebyu.edu.tr\/index.php?rest_route=\/wp\/v2\/pages\/4300\/revisions"}],"predecessor-version":[{"id":4313,"href":"https:\/\/gsfsergi.ebyu.edu.tr\/index.php?rest_route=\/wp\/v2\/pages\/4300\/revisions\/4313"}],"wp:attachment":[{"href":"https:\/\/gsfsergi.ebyu.edu.tr\/index.php?rest_route=%2Fwp%2Fv2%2Fmedia&parent=4300"}],"curies":[{"name":"wp","href":"https:\/\/api.w.org\/{rel}","templated":true}]}}