{"id":2914,"date":"2020-12-13T19:42:19","date_gmt":"2020-12-13T16:42:19","guid":{"rendered":"https:\/\/gsfsergi.ebyu.edu.tr\/?page_id=2914"},"modified":"2020-12-17T15:51:16","modified_gmt":"2020-12-17T12:51:16","slug":"baris-aydin-hakkinda","status":"publish","type":"page","link":"https:\/\/gsfsergi.ebyu.edu.tr\/?page_id=2914","title":{"rendered":"Bar\u0131\u015f Ayd\u0131n Hakk\u0131nda"},"content":{"rendered":"<p>[et_pb_section fb_built=&#8221;1&#8243; _builder_version=&#8221;4.7.5&#8243; _module_preset=&#8221;default&#8221; background_color=&#8221;#000000&#8243;][et_pb_row column_structure=&#8221;1_2,1_2&#8243; _builder_version=&#8221;4.7.5&#8243; _module_preset=&#8221;default&#8221; background_color=&#8221;#000000&#8243;][et_pb_column type=&#8221;1_2&#8243; _builder_version=&#8221;4.7.5&#8243; _module_preset=&#8221;default&#8221;][et_pb_button button_url=&#8221;@ET-DC@eyJkeW5hbWljIjp0cnVlLCJjb250ZW50IjoicG9zdF9saW5rX3VybF9wYWdlIiwic2V0dGluZ3MiOnsicG9zdF9pZCI6IjI5MTAifX0=@&#8221; button_text=&#8221;Mektup ve Esere Geri D\u00f6n&#8221; _builder_version=&#8221;4.7.6&#8243; _dynamic_attributes=&#8221;button_url&#8221; _module_preset=&#8221;default&#8221; custom_button=&#8221;on&#8221; button_bg_color=&#8221;#000000&#8243; button_border_color=&#8221;#000000&#8243; button_font=&#8221;Indie Flower||||||||&#8221; button_icon=&#8221;%%41%%&#8221; button_icon_color=&#8221;#ffffff&#8221; button_icon_placement=&#8221;left&#8221; button_on_hover=&#8221;off&#8221;][\/et_pb_button][et_pb_text _builder_version=&#8221;4.7.6&#8243; _module_preset=&#8221;default&#8221; background_color=&#8221;#000000&#8243;]<\/p>\n<p><span style=\"color: #ffffff; font-size: 18pt;\">Bar\u0131\u015f Ayd\u0131n,<\/span><\/p>\n<p><span style=\"color: #ffffff; font-size: 14pt;\">Lisans e\u011fitimini Gazi \u00dcniversitesi Resim \u0130\u015f \u00d6\u011fretmenli\u011finde, Y\u00fcksek Lisans e\u011fitimini de Dicle \u00dcniversitesi Sosyal Bilimler Enstit\u00fcs\u00fc\u2019nde Resim E\u011fitimi alan\u0131nda yapm\u0131\u015f olan Bar\u0131\u015f Ayd\u0131n, daha sonra Sanatta Yeterlik e\u011fitimini Gazi \u00dcniversitesi Bile\u015fik Sanatlar Anasanat Dal\u0131nda tamamlam\u0131\u015ft\u0131r. 2014 y\u0131l\u0131nda A\u011fr\u0131 \u00dcniversitesi \u00f6\u011fretim eleman\u0131 olarak ba\u015flad\u0131\u011f\u0131 akademik g\u00f6revine 2016 y\u0131l\u0131ndan sonra Dicle \u00dcniversitesi\u2019nde devam etmi\u015ftir. Yapt\u0131\u011f\u0131 idari g\u00f6revler aras\u0131nda, Dicle \u00dcniversitesi Sanat ve Tasar\u0131m Fak\u00fcltesi\u2019nde Dekan Yard\u0131mc\u0131l\u0131\u011f\u0131 ve G\u00f6rsel Sanatlar B\u00f6l\u00fcm\u00fcnde B\u00f6l\u00fcm Ba\u015fkanl\u0131\u011f\u0131 bulunmaktad\u0131r. Halen Dicle \u00dcniversitesi Sanat ve Tasar\u0131m Fak\u00fcltesi\u2019nde \u00f6\u011fretim \u00fcyesi olarak tam zamanl\u0131 stat\u00fcde \u00e7al\u0131\u015fmaktad\u0131r.<\/span><\/p>\n<p>&nbsp;<\/p>\n<p>[\/et_pb_text][\/et_pb_column][et_pb_column type=&#8221;1_2&#8243; _builder_version=&#8221;4.7.5&#8243; _module_preset=&#8221;default&#8221;][et_pb_image src=&#8221;https:\/\/gsfsergi.ebyu.edu.tr\/wp-content\/uploads\/2020\/12\/903411BB2A4B40D49D7FBE4C48ECDFFC.jpg&#8221; title_text=&#8221;903411BB2A4B40D49D7FBE4C48ECDFFC&#8221; align=&#8221;center&#8221; _builder_version=&#8221;4.7.6&#8243; _module_preset=&#8221;default&#8221; hover_enabled=&#8221;0&#8243; sticky_enabled=&#8221;0&#8243;][\/et_pb_image][\/et_pb_column][\/et_pb_row][\/et_pb_section]<\/p>\n","protected":false},"excerpt":{"rendered":"<p>[et_pb_section fb_built=&#8221;1&#8243; _builder_version=&#8221;4.7.5&#8243; _module_preset=&#8221;default&#8221; background_color=&#8221;#000000&#8243;][et_pb_row column_structure=&#8221;1_2,1_2&#8243; _builder_version=&#8221;4.7.5&#8243; _module_preset=&#8221;default&#8221; background_color=&#8221;#000000&#8243;][et_pb_column type=&#8221;1_2&#8243; _builder_version=&#8221;4.7.5&#8243; _module_preset=&#8221;default&#8221;][et_pb_button button_url=&#8221;@ET-DC@eyJkeW5hbWljIjp0cnVlLCJjb250ZW50IjoicG9zdF9saW5rX3VybF9wYWdlIiwic2V0dGluZ3MiOnsicG9zdF9pZCI6IjI5MTAifX0=@&#8221; button_text=&#8221;Mektup ve Esere Geri D\u00f6n&#8221; _builder_version=&#8221;4.7.6&#8243; _dynamic_attributes=&#8221;button_url&#8221; _module_preset=&#8221;default&#8221; custom_button=&#8221;on&#8221; button_bg_color=&#8221;#000000&#8243; button_border_color=&#8221;#000000&#8243; button_font=&#8221;Indie Flower||||||||&#8221; button_icon=&#8221;%%41%%&#8221; button_icon_color=&#8221;#ffffff&#8221; button_icon_placement=&#8221;left&#8221; button_on_hover=&#8221;off&#8221;][\/et_pb_button][et_pb_text _builder_version=&#8221;4.7.6&#8243; _module_preset=&#8221;default&#8221; background_color=&#8221;#000000&#8243;] Bar\u0131\u015f Ayd\u0131n, Lisans e\u011fitimini Gazi \u00dcniversitesi Resim \u0130\u015f \u00d6\u011fretmenli\u011finde, Y\u00fcksek Lisans e\u011fitimini de Dicle \u00dcniversitesi Sosyal Bilimler Enstit\u00fcs\u00fc\u2019nde Resim E\u011fitimi alan\u0131nda yapm\u0131\u015f [&hellip;]<\/p>\n","protected":false},"author":9,"featured_media":0,"parent":0,"menu_order":0,"comment_status":"closed","ping_status":"closed","template":"","meta":{"_et_pb_use_builder":"on","_et_pb_old_content":"","_et_gb_content_width":"","spay_email":""},"jetpack_sharing_enabled":true,"jetpack_likes_enabled":true,"_links":{"self":[{"href":"https:\/\/gsfsergi.ebyu.edu.tr\/index.php?rest_route=\/wp\/v2\/pages\/2914"}],"collection":[{"href":"https:\/\/gsfsergi.ebyu.edu.tr\/index.php?rest_route=\/wp\/v2\/pages"}],"about":[{"href":"https:\/\/gsfsergi.ebyu.edu.tr\/index.php?rest_route=\/wp\/v2\/types\/page"}],"author":[{"embeddable":true,"href":"https:\/\/gsfsergi.ebyu.edu.tr\/index.php?rest_route=\/wp\/v2\/users\/9"}],"replies":[{"embeddable":true,"href":"https:\/\/gsfsergi.ebyu.edu.tr\/index.php?rest_route=%2Fwp%2Fv2%2Fcomments&post=2914"}],"version-history":[{"count":5,"href":"https:\/\/gsfsergi.ebyu.edu.tr\/index.php?rest_route=\/wp\/v2\/pages\/2914\/revisions"}],"predecessor-version":[{"id":3833,"href":"https:\/\/gsfsergi.ebyu.edu.tr\/index.php?rest_route=\/wp\/v2\/pages\/2914\/revisions\/3833"}],"wp:attachment":[{"href":"https:\/\/gsfsergi.ebyu.edu.tr\/index.php?rest_route=%2Fwp%2Fv2%2Fmedia&parent=2914"}],"curies":[{"name":"wp","href":"https:\/\/api.w.org\/{rel}","templated":true}]}}