{"id":2906,"date":"2020-12-13T19:40:38","date_gmt":"2020-12-13T16:40:38","guid":{"rendered":"https:\/\/gsfsergi.ebyu.edu.tr\/?page_id=2906"},"modified":"2020-12-17T15:48:45","modified_gmt":"2020-12-17T12:48:45","slug":"ali-osman-akkus-hakkinda","status":"publish","type":"page","link":"https:\/\/gsfsergi.ebyu.edu.tr\/?page_id=2906","title":{"rendered":"Ali Osman Alaku\u015f Hakk\u0131nda"},"content":{"rendered":"<p>[et_pb_section fb_built=&#8221;1&#8243; _builder_version=&#8221;4.7.5&#8243; _module_preset=&#8221;default&#8221; background_color=&#8221;#000000&#8243;][et_pb_row column_structure=&#8221;1_2,1_2&#8243; _builder_version=&#8221;4.7.5&#8243; _module_preset=&#8221;default&#8221; background_color=&#8221;#000000&#8243;][et_pb_column type=&#8221;1_2&#8243; _builder_version=&#8221;4.7.5&#8243; _module_preset=&#8221;default&#8221;][et_pb_button button_url=&#8221;@ET-DC@eyJkeW5hbWljIjp0cnVlLCJjb250ZW50IjoicG9zdF9saW5rX3VybF9wYWdlIiwic2V0dGluZ3MiOnsicG9zdF9pZCI6IjI5MDEifX0=@&#8221; button_text=&#8221;Mektup ve Esere Geri D\u00f6n&#8221; _builder_version=&#8221;4.7.6&#8243; _dynamic_attributes=&#8221;button_url&#8221; _module_preset=&#8221;default&#8221; custom_button=&#8221;on&#8221; button_bg_color=&#8221;#000000&#8243; button_border_color=&#8221;#000000&#8243; button_font=&#8221;Indie Flower||||||||&#8221; button_icon=&#8221;%%41%%&#8221; button_icon_color=&#8221;#ffffff&#8221; button_icon_placement=&#8221;left&#8221; button_on_hover=&#8221;off&#8221;][\/et_pb_button][et_pb_text _builder_version=&#8221;4.7.6&#8243; _module_preset=&#8221;default&#8221; background_color=&#8221;#000000&#8243;]<\/p>\n<p><span style=\"color: #ffffff; font-size: 18pt;\">Ali Osman Alaku\u015f,<\/span><\/p>\n<p><span style=\"color: #ffffff; font-size: 14pt;\">1961 Diyarbak\u0131r do\u011fumlu olan Ali Osman Alaku\u015f, 1983\u2019de Ondokuz May\u0131s \u00dcniversitesinde Lisans, 1997\u2019de Atat\u00fcrk \u00dcniversitesinde Y\u00fcksek Lisans ve 2002\u2019de Gazi \u00dcniversitesinde Doktora e\u011fitimini tamamlam\u0131\u015f olup, 11 y\u0131l Milli E\u011fitim Bakanl\u0131\u011f\u0131na ba\u011fl\u0131 okullarda \u00f6\u011fretmenlik ve e\u011fitim y\u00f6neticili\u011fi yapm\u0131\u015f ve 1994\u2019te Ara\u015ft\u0131rma G\u00f6revlisi olarak Dicle \u00dcniversitesine girmi\u015ftir. 2011\u2019de Plastik Sanatlar alan\u0131nda Do\u00e7ent, 2016\u2019da ayn\u0131 alanda Profes\u00f6r olmu\u015ftur. Halen Dicle \u00dcniversitesi E\u011fitim Fak\u00fcltesi G\u00fczel Sanatlar E\u011fitimi B\u00f6l\u00fcm\u00fc Ba\u015fkan\u0131 olarak \u00f6\u011fretim \u00fcyeli\u011fini s\u00fcrd\u00fcrmekle beraber 2018 y\u0131l\u0131ndan beri Sanat ve Tasar\u0131m Fak\u00fcltesinin de kurucu dekan\u0131 olarak g\u00f6rev yapmaktad\u0131r. E\u011fitim ve sanat misyonuna sahip baz\u0131 meslek\u00ee kurulu\u015flara \u00fcye olup, 2013-2017 y\u0131llar\u0131 aras\u0131nda iki d\u00f6nem G\u00d6RSED Genel Ba\u015fkanl\u0131\u011f\u0131 ve 2014-2017 y\u0131llar\u0131 aras\u0131nda da bir d\u00f6nem INSEA Afrika ve Ortado\u011fu temsilci\u011fi g\u00f6revini yapm\u0131\u015ft\u0131r. 2016 y\u0131l\u0131nda Profes\u00f6r olan Alaku\u015f, yurti\u00e7i ve yurtd\u0131\u015f\u0131nda bir\u00e7ok ki\u015fisel ve karma sergilere kat\u0131lm\u0131\u015f, kongrelerde bildiriler sunmu\u015f, bir\u00e7ok dergide makaleler ve ulusal se\u00e7kin yay\u0131nevlerinde kitaplar yay\u0131nlam\u0131\u015ft\u0131r.<\/span><\/p>\n<p>&nbsp;<\/p>\n<p>[\/et_pb_text][\/et_pb_column][et_pb_column type=&#8221;1_2&#8243; _builder_version=&#8221;4.7.5&#8243; _module_preset=&#8221;default&#8221;][et_pb_image src=&#8221;https:\/\/gsfsergi.ebyu.edu.tr\/wp-content\/uploads\/2020\/12\/7E079A01ABD4446BBF32D9063BC7D5ED.jpg&#8221; title_text=&#8221;7E079A01ABD4446BBF32D9063BC7D5ED&#8221; align=&#8221;center&#8221; _builder_version=&#8221;4.7.6&#8243; _module_preset=&#8221;default&#8221; hover_enabled=&#8221;0&#8243; sticky_enabled=&#8221;0&#8243;][\/et_pb_image][\/et_pb_column][\/et_pb_row][\/et_pb_section]<\/p>\n","protected":false},"excerpt":{"rendered":"<p>[et_pb_section fb_built=&#8221;1&#8243; _builder_version=&#8221;4.7.5&#8243; _module_preset=&#8221;default&#8221; background_color=&#8221;#000000&#8243;][et_pb_row column_structure=&#8221;1_2,1_2&#8243; _builder_version=&#8221;4.7.5&#8243; _module_preset=&#8221;default&#8221; background_color=&#8221;#000000&#8243;][et_pb_column type=&#8221;1_2&#8243; _builder_version=&#8221;4.7.5&#8243; _module_preset=&#8221;default&#8221;][et_pb_button button_url=&#8221;@ET-DC@eyJkeW5hbWljIjp0cnVlLCJjb250ZW50IjoicG9zdF9saW5rX3VybF9wYWdlIiwic2V0dGluZ3MiOnsicG9zdF9pZCI6IjI5MDEifX0=@&#8221; button_text=&#8221;Mektup ve Esere Geri D\u00f6n&#8221; _builder_version=&#8221;4.7.6&#8243; _dynamic_attributes=&#8221;button_url&#8221; _module_preset=&#8221;default&#8221; custom_button=&#8221;on&#8221; button_bg_color=&#8221;#000000&#8243; button_border_color=&#8221;#000000&#8243; button_font=&#8221;Indie Flower||||||||&#8221; button_icon=&#8221;%%41%%&#8221; button_icon_color=&#8221;#ffffff&#8221; button_icon_placement=&#8221;left&#8221; button_on_hover=&#8221;off&#8221;][\/et_pb_button][et_pb_text _builder_version=&#8221;4.7.6&#8243; _module_preset=&#8221;default&#8221; background_color=&#8221;#000000&#8243;] Ali Osman Alaku\u015f, 1961 Diyarbak\u0131r do\u011fumlu olan Ali Osman Alaku\u015f, 1983\u2019de Ondokuz May\u0131s \u00dcniversitesinde Lisans, 1997\u2019de Atat\u00fcrk \u00dcniversitesinde Y\u00fcksek Lisans ve 2002\u2019de [&hellip;]<\/p>\n","protected":false},"author":9,"featured_media":0,"parent":0,"menu_order":0,"comment_status":"closed","ping_status":"closed","template":"","meta":{"_et_pb_use_builder":"on","_et_pb_old_content":"","_et_gb_content_width":"","spay_email":""},"jetpack_sharing_enabled":true,"jetpack_likes_enabled":true,"_links":{"self":[{"href":"https:\/\/gsfsergi.ebyu.edu.tr\/index.php?rest_route=\/wp\/v2\/pages\/2906"}],"collection":[{"href":"https:\/\/gsfsergi.ebyu.edu.tr\/index.php?rest_route=\/wp\/v2\/pages"}],"about":[{"href":"https:\/\/gsfsergi.ebyu.edu.tr\/index.php?rest_route=\/wp\/v2\/types\/page"}],"author":[{"embeddable":true,"href":"https:\/\/gsfsergi.ebyu.edu.tr\/index.php?rest_route=\/wp\/v2\/users\/9"}],"replies":[{"embeddable":true,"href":"https:\/\/gsfsergi.ebyu.edu.tr\/index.php?rest_route=%2Fwp%2Fv2%2Fcomments&post=2906"}],"version-history":[{"count":7,"href":"https:\/\/gsfsergi.ebyu.edu.tr\/index.php?rest_route=\/wp\/v2\/pages\/2906\/revisions"}],"predecessor-version":[{"id":3829,"href":"https:\/\/gsfsergi.ebyu.edu.tr\/index.php?rest_route=\/wp\/v2\/pages\/2906\/revisions\/3829"}],"wp:attachment":[{"href":"https:\/\/gsfsergi.ebyu.edu.tr\/index.php?rest_route=%2Fwp%2Fv2%2Fmedia&parent=2906"}],"curies":[{"name":"wp","href":"https:\/\/api.w.org\/{rel}","templated":true}]}}