{"id":2901,"date":"2020-12-13T19:39:33","date_gmt":"2020-12-13T16:39:33","guid":{"rendered":"https:\/\/gsfsergi.ebyu.edu.tr\/?page_id=2901"},"modified":"2020-12-15T11:18:12","modified_gmt":"2020-12-15T08:18:12","slug":"ali-osman-akkus","status":"publish","type":"page","link":"https:\/\/gsfsergi.ebyu.edu.tr\/?page_id=2901","title":{"rendered":"Ali Osman Alaku\u015f"},"content":{"rendered":"<p>[et_pb_section fb_built=&#8221;1&#8243; _builder_version=&#8221;4.7.5&#8243; _module_preset=&#8221;default&#8221; background_color=&#8221;#000000&#8243;][et_pb_row column_structure=&#8221;1_2,1_2&#8243; _builder_version=&#8221;4.7.5&#8243; _module_preset=&#8221;default&#8221; background_color=&#8221;#000000&#8243;][et_pb_column type=&#8221;1_2&#8243; _builder_version=&#8221;4.6.6&#8243; _module_preset=&#8221;default&#8221;][et_pb_text _builder_version=&#8221;4.7.6&#8243; _module_preset=&#8221;default&#8221;]<\/p>\n<p>&nbsp;<\/p>\n<p>&nbsp;<\/p>\n<p><span style=\"color: #ffffff; font-size: 14pt;\">\u201cYeni D\u00fcnya\u201dya mesaj\u0131n\u0131 ald\u0131k CORONA!<\/span><\/p>\n<p><span style=\"color: #ffffff; font-size: 14pt;\">Me\u011fer irili ufakl\u0131 her birimizin \u201cBir Corona\u2019l\u0131k\u201d makam\u0131m\u0131z\/saltanat\u0131m\u0131z varm\u0131\u015f!<\/span><\/p>\n<p><span style=\"color: #ffffff; font-size: 14pt;\">\u0130nsanl\u0131ktan istifa edip canavarla\u015fmaya de\u011fer miydi?<\/span><\/p>\n<p><span style=\"color: #ffffff; font-size: 14pt;\">Ba\u011flanma! Egoya ba\u011flanma!&#8230;<\/span><\/p>\n<p><span style=\"color: #ffffff; font-size: 14pt;\">Hayata yeniden \u201cba\u011flanmak.\u201d\u00a0\u00a0\u00a0<\/span><\/p>\n<p><span style=\"color: #ffffff; font-size: 14pt;\">Sanal da olsa yine sanat, ama yeniden bir sanatsal perspektif ve yeniden insan\u00ee bir bak\u0131\u015f.<\/span><\/p>\n<p><span style=\"color: #ffffff; font-size: 14pt;\">Riskleri f\u0131rsata d\u00f6n\u00fc\u015ft\u00fcrme ekseninde g\u00f6rsel sanatlar\u0131 yeniden alg\u0131lama, alg\u0131latma\u2026<\/span><\/p>\n<p>[\/et_pb_text][\/et_pb_column][et_pb_column type=&#8221;1_2&#8243; _builder_version=&#8221;4.6.6&#8243; _module_preset=&#8221;default&#8221;][et_pb_image src=&#8221;https:\/\/gsfsergi.ebyu.edu.tr\/wp-content\/uploads\/2020\/12\/AliOsmanAlakus-scaled.jpg&#8221; title_text=&#8221;AliOsmanAlaku\u015f&#8221; show_in_lightbox=&#8221;on&#8221; _builder_version=&#8221;4.7.6&#8243; _module_preset=&#8221;default&#8221; custom_padding=&#8221;81px|||||&#8221;][\/et_pb_image][et_pb_text _builder_version=&#8221;4.7.6&#8243; _module_preset=&#8221;default&#8221;]<\/p>\n<p><span style=\"color: #ffffff;\">Ali Osman Alaku\u015f<\/span><br \/><span style=\"color: #ffffff;\">\u201cBa\u011flanma\u201d<\/span><br \/><span style=\"color: #ffffff;\">2020<\/span><br \/><span style=\"color: #ffffff;\">60 cm x 90 cm<\/span><br \/><span style=\"color: #ffffff;\">Dijital Bask\u0131.<\/span><\/p>\n<p>[\/et_pb_text][et_pb_button button_url=&#8221;@ET-DC@eyJkeW5hbWljIjp0cnVlLCJjb250ZW50IjoicG9zdF9saW5rX3VybF9wYWdlIiwic2V0dGluZ3MiOnsicG9zdF9pZCI6IjI5MDYifX0=@&#8221; button_text=&#8221;Ali Osman Alaku\u015f Hakk\u0131nda&#8221; button_alignment=&#8221;left&#8221; _builder_version=&#8221;4.7.6&#8243; _dynamic_attributes=&#8221;button_url&#8221; _module_preset=&#8221;default&#8221; custom_button=&#8221;on&#8221; button_text_size=&#8221;24px&#8221; button_text_color=&#8221;#ffffff&#8221; button_bg_color=&#8221;#000000&#8243; button_border_width=&#8221;4px&#8221; button_border_color=&#8221;#000000&#8243; button_font=&#8221;Indie Flower||||||||&#8221; button_icon=&#8221;%%258%%&#8221; button_icon_color=&#8221;#ffffff&#8221; button_icon_placement=&#8221;left&#8221; button_on_hover=&#8221;off&#8221; custom_margin=&#8221;||-2px|||&#8221;][\/et_pb_button][et_pb_button button_url=&#8221;@ET-DC@eyJkeW5hbWljIjp0cnVlLCJjb250ZW50IjoicG9zdF9saW5rX3VybF9wYWdlIiwic2V0dGluZ3MiOnsicG9zdF9pZCI6IjYwNSJ9fQ==@&#8221; button_text=&#8221;Sergiye Geri D\u00f6n&#8221; button_alignment=&#8221;left&#8221; _builder_version=&#8221;4.7.5&#8243; _dynamic_attributes=&#8221;button_url&#8221; _module_preset=&#8221;default&#8221; custom_button=&#8221;on&#8221; button_text_size=&#8221;24px&#8221; button_text_color=&#8221;#ffffff&#8221; button_bg_color=&#8221;#000000&#8243; button_border_width=&#8221;4px&#8221; button_border_color=&#8221;#000000&#8243; button_font=&#8221;Indie Flower||||||||&#8221; button_icon=&#8221;%%41%%&#8221; button_icon_color=&#8221;#ffffff&#8221; button_icon_placement=&#8221;left&#8221; button_on_hover=&#8221;off&#8221;][\/et_pb_button][\/et_pb_column][\/et_pb_row][\/et_pb_section]<\/p>\n","protected":false},"excerpt":{"rendered":"<p>[et_pb_section fb_built=&#8221;1&#8243; _builder_version=&#8221;4.7.5&#8243; _module_preset=&#8221;default&#8221; background_color=&#8221;#000000&#8243;][et_pb_row column_structure=&#8221;1_2,1_2&#8243; _builder_version=&#8221;4.7.5&#8243; _module_preset=&#8221;default&#8221; background_color=&#8221;#000000&#8243;][et_pb_column type=&#8221;1_2&#8243; _builder_version=&#8221;4.6.6&#8243; _module_preset=&#8221;default&#8221;][et_pb_text _builder_version=&#8221;4.7.6&#8243; _module_preset=&#8221;default&#8221;] &nbsp; &nbsp; \u201cYeni D\u00fcnya\u201dya mesaj\u0131n\u0131 ald\u0131k CORONA! Me\u011fer irili ufakl\u0131 her birimizin \u201cBir Corona\u2019l\u0131k\u201d makam\u0131m\u0131z\/saltanat\u0131m\u0131z varm\u0131\u015f! \u0130nsanl\u0131ktan istifa edip canavarla\u015fmaya de\u011fer miydi? Ba\u011flanma! Egoya ba\u011flanma!&#8230; Hayata yeniden \u201cba\u011flanmak.\u201d\u00a0\u00a0\u00a0 Sanal da olsa yine sanat, ama yeniden bir sanatsal perspektif ve yeniden insan\u00ee [&hellip;]<\/p>\n","protected":false},"author":9,"featured_media":0,"parent":0,"menu_order":0,"comment_status":"closed","ping_status":"closed","template":"","meta":{"_et_pb_use_builder":"on","_et_pb_old_content":"","_et_gb_content_width":"","spay_email":""},"jetpack_sharing_enabled":true,"jetpack_likes_enabled":true,"_links":{"self":[{"href":"https:\/\/gsfsergi.ebyu.edu.tr\/index.php?rest_route=\/wp\/v2\/pages\/2901"}],"collection":[{"href":"https:\/\/gsfsergi.ebyu.edu.tr\/index.php?rest_route=\/wp\/v2\/pages"}],"about":[{"href":"https:\/\/gsfsergi.ebyu.edu.tr\/index.php?rest_route=\/wp\/v2\/types\/page"}],"author":[{"embeddable":true,"href":"https:\/\/gsfsergi.ebyu.edu.tr\/index.php?rest_route=\/wp\/v2\/users\/9"}],"replies":[{"embeddable":true,"href":"https:\/\/gsfsergi.ebyu.edu.tr\/index.php?rest_route=%2Fwp%2Fv2%2Fcomments&post=2901"}],"version-history":[{"count":7,"href":"https:\/\/gsfsergi.ebyu.edu.tr\/index.php?rest_route=\/wp\/v2\/pages\/2901\/revisions"}],"predecessor-version":[{"id":3292,"href":"https:\/\/gsfsergi.ebyu.edu.tr\/index.php?rest_route=\/wp\/v2\/pages\/2901\/revisions\/3292"}],"wp:attachment":[{"href":"https:\/\/gsfsergi.ebyu.edu.tr\/index.php?rest_route=%2Fwp%2Fv2%2Fmedia&parent=2901"}],"curies":[{"name":"wp","href":"https:\/\/api.w.org\/{rel}","templated":true}]}}