{"id":2830,"date":"2020-12-13T17:58:32","date_gmt":"2020-12-13T14:58:32","guid":{"rendered":"https:\/\/gsfsergi.ebyu.edu.tr\/?page_id=2830"},"modified":"2020-12-17T16:14:56","modified_gmt":"2020-12-17T13:14:56","slug":"mustafa-bulat-hakkinda","status":"publish","type":"page","link":"https:\/\/gsfsergi.ebyu.edu.tr\/?page_id=2830","title":{"rendered":"Mustafa Bulat Hakk\u0131nda"},"content":{"rendered":"<p>[et_pb_section fb_built=&#8221;1&#8243; _builder_version=&#8221;4.7.5&#8243; _module_preset=&#8221;default&#8221; background_color=&#8221;#000000&#8243;][et_pb_row column_structure=&#8221;1_2,1_2&#8243; _builder_version=&#8221;4.7.5&#8243; _module_preset=&#8221;default&#8221; background_color=&#8221;#000000&#8243;][et_pb_column type=&#8221;1_2&#8243; _builder_version=&#8221;4.7.5&#8243; _module_preset=&#8221;default&#8221;][et_pb_button button_url=&#8221;@ET-DC@eyJkeW5hbWljIjp0cnVlLCJjb250ZW50IjoicG9zdF9saW5rX3VybF9wYWdlIiwic2V0dGluZ3MiOnsicG9zdF9pZCI6IjI4MjYifX0=@&#8221; button_text=&#8221;Mektup ve Esere Geri D\u00f6n&#8221; _builder_version=&#8221;4.7.6&#8243; _dynamic_attributes=&#8221;button_url&#8221; _module_preset=&#8221;default&#8221; custom_button=&#8221;on&#8221; button_bg_color=&#8221;#000000&#8243; button_border_color=&#8221;#000000&#8243; button_font=&#8221;Indie Flower||||||||&#8221; button_icon=&#8221;%%41%%&#8221; button_icon_color=&#8221;#ffffff&#8221; button_icon_placement=&#8221;left&#8221; button_on_hover=&#8221;off&#8221;][\/et_pb_button][et_pb_text _builder_version=&#8221;4.7.6&#8243; _module_preset=&#8221;default&#8221; background_color=&#8221;#000000&#8243;]<\/p>\n<p><span style=\"color: #ffffff; font-size: 18pt;\">Mustafa Bulat,<\/span><\/p>\n<p><span style=\"color: #ffffff; font-size: 14pt;\"><strong>1964-Sar\u0131yah\u015fi<\/strong><\/span><\/p>\n<p><span style=\"color: #ffffff; font-size: 14pt;\"><strong>2016-2019\u2026\u00a0 <\/strong>Sanat\u00e7\u0131, <strong>Atat\u00fcrk \u00dcniversitesi G\u00fczel Sanatlar Fak\u00fcltesi Dekan\u0131 ve <\/strong>Atat\u00fcrk \u00dcniversitesi G\u00fczel Sanatlar Fak\u00fcltesi Heykel B\u00f6l\u00fcm\u00fcnde <strong><em>\u00d6\u011fretim \u00dcyesi, B\u00f6l\u00fcm<\/em><\/strong> <strong>Ba\u015fkan\u0131\u00a0 <\/strong>olarak \u00e7al\u0131\u015fmalar\u0131na devam etmektedir.<\/span><br \/><span style=\"color: #ffffff; font-size: 14pt;\"> <strong>2014-Prof.Dr.<\/strong><\/span><br \/><span style=\"color: #ffffff; font-size: 14pt;\"> <strong>2009-Do\u00e7.Dr.<\/strong> <\/span><br \/><span style=\"color: #ffffff; font-size: 14pt;\"> <strong>1999-2002<\/strong>-Atat\u00fcrk \u00dcniversitesi, G\u00fczel Sanatlar Fak\u00fcltesi <strong><em>Dekan Yard\u0131mc\u0131s\u0131<\/em><\/strong><\/span><br \/><span style=\"color: #ffffff; font-size: 14pt;\"> <strong>1998-2002<\/strong>-Atat\u00fcrk \u00dcniversitesi, G\u00fczel Sanatlar Fak\u00fcltesi, Heykel B\u00f6l\u00fcm\u00fcn\u00fc kurdu. Lisans ve Y\u00fcksek Lisans E\u011fitimini ba\u015flatt\u0131. <strong><em>Temel E\u011fitimi B\u00f6l\u00fcm\u00fcn\u00fc kurdu ve ba\u015fkanl\u0131\u011f\u0131na atand\u0131<\/em><\/strong>. Temel E\u011fitimi B\u00f6l\u00fcm\u00fc, Temel Sanat E\u011fitimi Ana Sanat Dal\u0131 Ba\u015fkan\u0131 oldu.<\/span><br \/><span style=\"color: #ffffff; font-size: 14pt;\"> <strong>1998-<\/strong>Atat\u00fcrk \u00dcniversitesi, G\u00fczel Sanatlar Fak\u00fcltesi Heykel B\u00f6l\u00fcm\u00fc \u00d6\u011fretim \u00dcyeli\u011fine atand\u0131 ve Heykel B\u00f6l\u00fcm Ba\u015fkan\u0131 oldu.<\/span><br \/><span style=\"color: #ffffff; font-size: 14pt;\"> <strong>1993-1997<\/strong>-Atat\u00fcrk \u00dcniversitesi, Sosyal Bilimler Enstit\u00fcs\u00fc Klasik Arkeoloji Ana Bilim Dal\u0131nda <strong><em>\u201cHellen Roma Roma D\u00f6nemi Yontu ve Kopya Teknikleri<\/em><\/strong>\u201d konulu tez ile Doktora e\u011fitimini tamamlad\u0131.<\/span><br \/><span style=\"color: #ffffff; font-size: 14pt;\"> <strong>1990-1993<\/strong>-Hacettepe \u00dcniversitesi, Sosyal Bilimler Enstit\u00fcs\u00fc Heykel Ana Sanat Dal\u0131nda Sanatta Yeterlilik derslerini \u00f6zel \u00f6\u011frenci olarak ald\u0131 ve Atat\u00fcrk \u00dcniversitesi K\u00e2z\u0131m Karabekir E\u011fitim Fak\u00fcltesi Resim B\u00f6l\u00fcm\u00fc Heykel Ana Sanat Dal\u0131nda Ara\u015ft\u0131rma G\u00f6revlisi olarak g\u00f6reveba\u015flad\u0131.<\/span><br \/><span style=\"color: #ffffff; font-size: 14pt;\"> <strong>1988-1990<\/strong>-Hacettepe \u00dcniversitesi, Sosyal Bilimler Enstit\u00fcs\u00fc Heykel Ana Sanat Dal\u0131nda Y\u00fcksek Lisans E\u011fitimini kazand\u0131 ve tamamlad\u0131.<\/span><br \/><span style=\"color: #ffffff; font-size: 14pt;\"> <strong>1984-1988<\/strong>-Hacettepe \u00dcniversitesi, G\u00fczel Sanatlar Fak\u00fcltesi Heykel B\u00f6l\u00fcm\u00fcn\u00fc kazand\u0131 ve mezun oldu<\/span><\/p>\n<p><span style=\"color: #ffffff; font-size: 14pt;\"><strong>K\u0130\u015e\u0130SEL HEYKEL SERG\u0130LER\u0130<\/strong><\/span><\/p>\n<p><span style=\"color: #ffffff; font-size: 14pt;\"><strong>2018-<\/strong> Heykel Sergisi,\u00a0 Akdeniz Sanat Galerisi \u00c7ankaya-<strong>ANKARA<\/strong><\/span><\/p>\n<p><span style=\"color: #ffffff; font-size: 14pt;\"><strong>2017-<\/strong>Heykel Sergisi,\u00a0 Sanko Sanat Galerisi-<strong>GAZ\u0130ANTEP <\/strong><\/span><\/p>\n<p><span style=\"color: #ffffff; font-size: 14pt;\"><strong>2016-<\/strong><em>\u201c<strong>Zaman+Mekan+\u0130nsan V\u201d,<\/strong><\/em> Heykel Sergisi,\u00a0 Alev Sanat Galerisi II. Art Fair Conptemporary-\u00a0 <strong>ANKARA<\/strong><\/span><\/p>\n<p><span style=\"color: #ffffff; font-size: 14pt;\"><strong>2015<\/strong>&#8211;<em>\u201c<strong>Zaman+Mekan+\u0130nsan IV<\/strong>\u201d, <\/em>Heykel Sergisi,\u00a0 Alev Sanat Galerisi- <strong>ANKARA<\/strong><\/span><\/p>\n<p><span style=\"color: #ffffff; font-size: 14pt;\"><strong>2014<\/strong>&#8211;<em>\u201c<strong>Zaman+Mekan+\u0130nsan III<\/strong>\u201d<\/em>, Heykel Sergisi,\u00a0 Alev Sanat Galerisi- <strong>ANKARA<\/strong><\/span><\/p>\n<p><span style=\"color: #ffffff; font-size: 14pt;\"><strong>2014<\/strong>&#8211;<em>\u201c<strong>Zaman+\u0130nsan II\u201d,<\/strong> \u00a0<\/em>Heykel Sergisi,\u00a0 Almelek Sanat Galerisi, <strong>Bebek &#8211;<\/strong> <strong>\u0130STANBUL<\/strong><\/span><\/p>\n<p><span style=\"color: #ffffff; font-size: 14pt;\"><strong>201<\/strong><strong>3<\/strong>&#8211;<em>\u201c<strong>Fi\u011f\u00fcr Soyutlama<\/strong>\u201d<\/em>\u00a0 Heykel Sergisi, K\u0131\u0131t Un\u0131vers\u0131ty\u00a0 <strong>INDIA<\/strong><\/span><\/p>\n<p><span style=\"color: #ffffff; font-size: 14pt;\"><strong>2013<\/strong>&#8211;<em>\u201c<strong>Zaman+Mekan+\u0130nsan I<\/strong>\u201d,<\/em> Heykel Sergisi,\u00a0 Almelek, <strong>Bebek &#8211; \u0130STANBUL<\/strong><\/span><\/p>\n<p><span style=\"color: #ffffff; font-size: 14pt;\"><strong>2012-<\/strong><em>\u201c<strong>Bellek+Yarat\u0131c\u0131l\u0131k-I\u201d<\/strong><\/em><strong>,<\/strong> Heykel, Yakutiye Medresesi Sergi Salonu, <strong>ERZURUM<\/strong><\/span><br \/><span style=\"color: #ffffff; font-size: 14pt;\"> <strong>2012<\/strong>&#8211;<em>\u201c<strong>Heykel Sergisi\u201d<\/strong><\/em><strong>,<\/strong> G\u00fczel Sanatlar Fak\u00fcltesi Sergi Salonu, <strong>ERZURUM<\/strong><\/span><\/p>\n<p><span style=\"color: #ffffff; font-size: 14pt;\"><strong>2012<\/strong>&#8211;<em>\u201c<strong>Heykel Sergisi\u201d<\/strong><\/em><strong>,<\/strong> Espas\u00a0 Galerisi, 22.Uluslararas\u0131 T\u00fcyap Sanat Fuar\u0131- <strong>\u0130STANBUL<\/strong><\/span><\/p>\n<p><span style=\"color: #ffffff; font-size: 14pt;\"><strong>2011<\/strong>&#8211;<em>\u201c<strong>Kuvay-i Milliye-I, <\/strong><\/em><strong>\u00a0Heykel Sergisi\u201d,<\/strong> Devlet Tiyatrolar\u0131 Sergi Salonu, <strong>ERZURUM<\/strong><\/span><br \/><span style=\"color: #ffffff; font-size: 14pt;\"> <strong>2007-<\/strong><em>\u201c<strong>Heykel Sergisi\u201d<\/strong><\/em> Atat\u00fcrk K\u00fclt\u00fcr Merkezi Art Forum, II. Plastik San Fuar\u0131, <strong>ANKARA<\/strong><\/span><br \/><span style=\"color: #ffffff; font-size: 14pt;\"> <strong>2007-<\/strong><em>\u201c<strong>Mustafa Bulat Ki\u015fisel Heykel Sergisi &#8211; II\u201d,<\/strong><\/em> Galeri Soyut, <strong>\u00c7ankaya-<\/strong> <strong>ANKARA<\/strong><\/span><br \/><span style=\"color: #ffffff; font-size: 14pt;\"> <strong>2007<\/strong>&#8211;<em>\u201c<strong>Y\u00fczle\u015fmeler 1+1\u201d<\/strong><\/em><strong>,<\/strong> Atat\u00fcrk \u00dcniversitesi, Rekt\u00f6rl\u00fck Sanat Galerisi, <strong>ERZURUM<\/strong><\/span><\/p>\n<p><span style=\"color: #ffffff; font-size: 14pt;\"><strong>2015-<\/strong>Atat\u00fcrk \u00dcniversitesi<strong> \u201cBilimsel Te\u015fvik \u00d6d\u00fcl\u00fc\u201d-ERZURUM<\/strong><\/span><br \/><span style=\"color: #ffffff; font-size: 14pt;\"> <strong>2004-<\/strong>65. K\u00fclt\u00fcr Bakanl\u0131\u011f\u0131, Devlet Resim Heykel Yar\u0131\u015fmas\u0131 <strong>\u201cBa\u015far\u0131 \u00d6d\u00fcl\u00fc\u201d,<\/strong> <strong>ANKARA<\/strong><\/span><br \/><span style=\"color: #ffffff; font-size: 14pt;\"> <strong>1994-<\/strong>55. K\u00fclt\u00fcr Bakanl\u0131\u011f\u0131, Devlet Resim Heykel Yar\u0131\u015fmas\u0131 <strong>\u201cMansiyon \u00d6d\u00fcl\u00fc\u201d,<\/strong> <strong>ANKARA<\/strong><\/span><br \/><span style=\"color: #ffffff; font-size: 14pt;\"> <strong>1991<\/strong>-Hacettepe \u00dcniversitesi, G\u00fczel Sanatlar Fak\u00fcltesi, Beytepe An\u0131t Heykel Yar\u0131\u015fmas\u0131,<strong>\u201cBa\u015far\u0131 \u00d6d\u00fcl\u00fc\u201d, ANKARA<\/strong><\/span><br \/><span style=\"color: #ffffff; font-size: 14pt;\"> <strong>1988-<\/strong>Hacettepe \u00dcniversitesi, G\u00fczel Sanatlar Fak\u00fcltesi Heykel B\u00f6l\u00fcm\u00fc, II. Mezuniyet, <strong>\u201cBa\u015far\u0131 \u00d6d\u00fcl\u00fc\u201d,<\/strong> <strong>ANKARA<\/strong><\/span><br \/><span style=\"color: #ffffff; font-size: 14pt;\"> <strong>1985-<\/strong><em>\u201c<strong>Bar\u0131\u015fY\u0131l\u0131\u201d,<\/strong> <\/em>Hacettepe, \u00dcniversitesi, G\u00fczel Sanatlar Fak\u00fcltesi Heykel B\u00f6l\u00fcm\u00fc, Heykel Yar\u0131\u015fmas\u0131, <strong>\u201cBa\u015far\u0131 \u00d6d\u00fcl\u00fc\u201d,<\/strong> <strong>ANKARA<\/strong><\/span><\/p>\n<p>[\/et_pb_text][\/et_pb_column][et_pb_column type=&#8221;1_2&#8243; _builder_version=&#8221;4.7.5&#8243; _module_preset=&#8221;default&#8221;][et_pb_image src=&#8221;https:\/\/gsfsergi.ebyu.edu.tr\/wp-content\/uploads\/2020\/12\/C23EBBC01160403CB7EC313E6620BE93.jpg&#8221; title_text=&#8221;C23EBBC01160403CB7EC313E6620BE93&#8243; align=&#8221;center&#8221; _builder_version=&#8221;4.7.6&#8243; _module_preset=&#8221;default&#8221; hover_enabled=&#8221;0&#8243; sticky_enabled=&#8221;0&#8243;][\/et_pb_image][\/et_pb_column][\/et_pb_row][\/et_pb_section]<\/p>\n","protected":false},"excerpt":{"rendered":"<p>[et_pb_section fb_built=&#8221;1&#8243; _builder_version=&#8221;4.7.5&#8243; _module_preset=&#8221;default&#8221; background_color=&#8221;#000000&#8243;][et_pb_row column_structure=&#8221;1_2,1_2&#8243; _builder_version=&#8221;4.7.5&#8243; _module_preset=&#8221;default&#8221; background_color=&#8221;#000000&#8243;][et_pb_column type=&#8221;1_2&#8243; _builder_version=&#8221;4.7.5&#8243; _module_preset=&#8221;default&#8221;][et_pb_button button_url=&#8221;@ET-DC@eyJkeW5hbWljIjp0cnVlLCJjb250ZW50IjoicG9zdF9saW5rX3VybF9wYWdlIiwic2V0dGluZ3MiOnsicG9zdF9pZCI6IjI4MjYifX0=@&#8221; button_text=&#8221;Mektup ve Esere Geri D\u00f6n&#8221; _builder_version=&#8221;4.7.6&#8243; _dynamic_attributes=&#8221;button_url&#8221; _module_preset=&#8221;default&#8221; custom_button=&#8221;on&#8221; button_bg_color=&#8221;#000000&#8243; button_border_color=&#8221;#000000&#8243; button_font=&#8221;Indie Flower||||||||&#8221; button_icon=&#8221;%%41%%&#8221; button_icon_color=&#8221;#ffffff&#8221; button_icon_placement=&#8221;left&#8221; button_on_hover=&#8221;off&#8221;][\/et_pb_button][et_pb_text _builder_version=&#8221;4.7.6&#8243; _module_preset=&#8221;default&#8221; background_color=&#8221;#000000&#8243;] Mustafa Bulat, 1964-Sar\u0131yah\u015fi 2016-2019\u2026\u00a0 Sanat\u00e7\u0131, Atat\u00fcrk \u00dcniversitesi G\u00fczel Sanatlar Fak\u00fcltesi Dekan\u0131 ve Atat\u00fcrk \u00dcniversitesi G\u00fczel Sanatlar Fak\u00fcltesi Heykel B\u00f6l\u00fcm\u00fcnde \u00d6\u011fretim \u00dcyesi, B\u00f6l\u00fcm [&hellip;]<\/p>\n","protected":false},"author":9,"featured_media":0,"parent":0,"menu_order":0,"comment_status":"closed","ping_status":"closed","template":"","meta":{"_et_pb_use_builder":"on","_et_pb_old_content":"","_et_gb_content_width":"","spay_email":""},"jetpack_sharing_enabled":true,"jetpack_likes_enabled":true,"_links":{"self":[{"href":"https:\/\/gsfsergi.ebyu.edu.tr\/index.php?rest_route=\/wp\/v2\/pages\/2830"}],"collection":[{"href":"https:\/\/gsfsergi.ebyu.edu.tr\/index.php?rest_route=\/wp\/v2\/pages"}],"about":[{"href":"https:\/\/gsfsergi.ebyu.edu.tr\/index.php?rest_route=\/wp\/v2\/types\/page"}],"author":[{"embeddable":true,"href":"https:\/\/gsfsergi.ebyu.edu.tr\/index.php?rest_route=\/wp\/v2\/users\/9"}],"replies":[{"embeddable":true,"href":"https:\/\/gsfsergi.ebyu.edu.tr\/index.php?rest_route=%2Fwp%2Fv2%2Fcomments&post=2830"}],"version-history":[{"count":4,"href":"https:\/\/gsfsergi.ebyu.edu.tr\/index.php?rest_route=\/wp\/v2\/pages\/2830\/revisions"}],"predecessor-version":[{"id":3865,"href":"https:\/\/gsfsergi.ebyu.edu.tr\/index.php?rest_route=\/wp\/v2\/pages\/2830\/revisions\/3865"}],"wp:attachment":[{"href":"https:\/\/gsfsergi.ebyu.edu.tr\/index.php?rest_route=%2Fwp%2Fv2%2Fmedia&parent=2830"}],"curies":[{"name":"wp","href":"https:\/\/api.w.org\/{rel}","templated":true}]}}