{"id":2725,"date":"2020-12-12T20:25:33","date_gmt":"2020-12-12T17:25:33","guid":{"rendered":"https:\/\/gsfsergi.ebyu.edu.tr\/?page_id=2725"},"modified":"2020-12-17T16:13:28","modified_gmt":"2020-12-17T13:13:28","slug":"muhammet-tatar-2","status":"publish","type":"page","link":"https:\/\/gsfsergi.ebyu.edu.tr\/?page_id=2725","title":{"rendered":"Muhammet Tatar Hakk\u0131nda"},"content":{"rendered":"<p>[et_pb_section fb_built=&#8221;1&#8243; _builder_version=&#8221;4.7.5&#8243; _module_preset=&#8221;default&#8221; background_color=&#8221;#000000&#8243;][et_pb_row column_structure=&#8221;1_2,1_2&#8243; _builder_version=&#8221;4.7.5&#8243; _module_preset=&#8221;default&#8221; background_color=&#8221;#000000&#8243;][et_pb_column type=&#8221;1_2&#8243; _builder_version=&#8221;4.7.5&#8243; _module_preset=&#8221;default&#8221;][et_pb_button button_url=&#8221;@ET-DC@eyJkeW5hbWljIjp0cnVlLCJjb250ZW50IjoicG9zdF9saW5rX3VybF9wYWdlIiwic2V0dGluZ3MiOnsicG9zdF9pZCI6IjI1NDgifX0=@&#8221; button_text=&#8221;Mektup ve Esere Geri D\u00f6n&#8221; _builder_version=&#8221;4.7.6&#8243; _dynamic_attributes=&#8221;button_url&#8221; _module_preset=&#8221;default&#8221; custom_button=&#8221;on&#8221; button_bg_color=&#8221;#000000&#8243; button_border_color=&#8221;#000000&#8243; button_font=&#8221;Indie Flower||||||||&#8221; button_icon=&#8221;%%41%%&#8221; button_icon_color=&#8221;#ffffff&#8221; button_icon_placement=&#8221;left&#8221; button_on_hover=&#8221;off&#8221;][\/et_pb_button][et_pb_text _builder_version=&#8221;4.7.6&#8243; _module_preset=&#8221;default&#8221; background_color=&#8221;#000000&#8243;]<\/p>\n<p><span style=\"color: #ffffff; font-size: 18pt;\">Muhammet Tatar,<\/span><\/p>\n<p><span style=\"font-size: 14pt; color: #ffffff;\">1973 y\u0131l\u0131nda Erzurum\u2019da do\u011fan sanat\u00e7\u0131 lisans ve y\u00fcksek lisan e\u011fitimini Atat\u00fcrk \u00dcniversitesi G\u00fczel Sanatlar Fak\u00fcltesi\u2019nde, Sanat Yeterlik e\u011fitimini ise Marmara \u00dcniversitesi G\u00fczel Sanatlar Enstit\u00fcs\u00fc Resim Anasanat Dal\u0131\u2019nda tamamlad\u0131. Halen Atat\u00fcrk \u00dcniversitesi G\u00fczel Sanatlar Fak\u00fcltesi Resim B\u00f6l\u00fcm\u00fcnde \u00d6\u011fretim \u00dcyesi olarak \u00e7al\u0131\u015fmakta ve sanatsal \u00fcretimlerini bu \u015fehirde ger\u00e7ekle\u015ftirmektedir. Resim, Video ve Enstalasyon \u00e7al\u0131\u015fmalar\u0131 yapmakta olan sanat\u00e7\u0131 genel olarak ger\u00e7eklik sorgulamalar\u0131 yapmakta, alg\u0131 sisteminin d\u00f6n\u00fc\u015f\u00fcme u\u011frat\u0131p ak\u0131l oyunlar\u0131yla bizi inand\u0131rmaya \u00e7al\u0131\u015ft\u0131\u011f\u0131 yan\u0131lsama durumlar\u0131 \u00fczerine fark\u0131ndal\u0131klar olu\u015fturmaya \u00e7al\u0131\u015fmaktad\u0131r. Son d\u00f6nem yan\u0131lsama alan\u0131n\u0131 iki boyuta indirgedi\u011fi tuval resimleri \u00fczerine yo\u011funla\u015fmaktad\u0131r.<\/span><br \/><span style=\"font-size: 14pt; color: #ffffff;\"> Sanat\u00e7\u0131 yurt i\u00e7i ve yurtd\u0131\u015f\u0131nda \u00fc\u00e7\u00fc ki\u015fisel bir\u00e7ok sergiye katk\u0131 sunmu\u015ftur.<\/span><\/p>\n<p>[\/et_pb_text][\/et_pb_column][et_pb_column type=&#8221;1_2&#8243; _builder_version=&#8221;4.7.5&#8243; _module_preset=&#8221;default&#8221;][et_pb_image src=&#8221;https:\/\/gsfsergi.ebyu.edu.tr\/wp-content\/uploads\/2020\/12\/AD0B6CB49779428FBBB062C9019929D7.jpg&#8221; title_text=&#8221;AD0B6CB49779428FBBB062C9019929D7&#8243; align=&#8221;center&#8221; _builder_version=&#8221;4.7.6&#8243; _module_preset=&#8221;default&#8221; hover_enabled=&#8221;0&#8243; sticky_enabled=&#8221;0&#8243;][\/et_pb_image][\/et_pb_column][\/et_pb_row][\/et_pb_section]<\/p>\n","protected":false},"excerpt":{"rendered":"<p>[et_pb_section fb_built=&#8221;1&#8243; _builder_version=&#8221;4.7.5&#8243; _module_preset=&#8221;default&#8221; background_color=&#8221;#000000&#8243;][et_pb_row column_structure=&#8221;1_2,1_2&#8243; _builder_version=&#8221;4.7.5&#8243; _module_preset=&#8221;default&#8221; background_color=&#8221;#000000&#8243;][et_pb_column type=&#8221;1_2&#8243; _builder_version=&#8221;4.7.5&#8243; _module_preset=&#8221;default&#8221;][et_pb_button button_url=&#8221;@ET-DC@eyJkeW5hbWljIjp0cnVlLCJjb250ZW50IjoicG9zdF9saW5rX3VybF9wYWdlIiwic2V0dGluZ3MiOnsicG9zdF9pZCI6IjI1NDgifX0=@&#8221; button_text=&#8221;Mektup ve Esere Geri D\u00f6n&#8221; _builder_version=&#8221;4.7.6&#8243; _dynamic_attributes=&#8221;button_url&#8221; _module_preset=&#8221;default&#8221; custom_button=&#8221;on&#8221; button_bg_color=&#8221;#000000&#8243; button_border_color=&#8221;#000000&#8243; button_font=&#8221;Indie Flower||||||||&#8221; button_icon=&#8221;%%41%%&#8221; button_icon_color=&#8221;#ffffff&#8221; button_icon_placement=&#8221;left&#8221; button_on_hover=&#8221;off&#8221;][\/et_pb_button][et_pb_text _builder_version=&#8221;4.7.6&#8243; _module_preset=&#8221;default&#8221; background_color=&#8221;#000000&#8243;] Muhammet Tatar, 1973 y\u0131l\u0131nda Erzurum\u2019da do\u011fan sanat\u00e7\u0131 lisans ve y\u00fcksek lisan e\u011fitimini Atat\u00fcrk \u00dcniversitesi G\u00fczel Sanatlar Fak\u00fcltesi\u2019nde, Sanat Yeterlik e\u011fitimini ise Marmara [&hellip;]<\/p>\n","protected":false},"author":9,"featured_media":0,"parent":0,"menu_order":0,"comment_status":"closed","ping_status":"closed","template":"","meta":{"_et_pb_use_builder":"on","_et_pb_old_content":"","_et_gb_content_width":"","spay_email":""},"jetpack_sharing_enabled":true,"jetpack_likes_enabled":true,"_links":{"self":[{"href":"https:\/\/gsfsergi.ebyu.edu.tr\/index.php?rest_route=\/wp\/v2\/pages\/2725"}],"collection":[{"href":"https:\/\/gsfsergi.ebyu.edu.tr\/index.php?rest_route=\/wp\/v2\/pages"}],"about":[{"href":"https:\/\/gsfsergi.ebyu.edu.tr\/index.php?rest_route=\/wp\/v2\/types\/page"}],"author":[{"embeddable":true,"href":"https:\/\/gsfsergi.ebyu.edu.tr\/index.php?rest_route=\/wp\/v2\/users\/9"}],"replies":[{"embeddable":true,"href":"https:\/\/gsfsergi.ebyu.edu.tr\/index.php?rest_route=%2Fwp%2Fv2%2Fcomments&post=2725"}],"version-history":[{"count":9,"href":"https:\/\/gsfsergi.ebyu.edu.tr\/index.php?rest_route=\/wp\/v2\/pages\/2725\/revisions"}],"predecessor-version":[{"id":3863,"href":"https:\/\/gsfsergi.ebyu.edu.tr\/index.php?rest_route=\/wp\/v2\/pages\/2725\/revisions\/3863"}],"wp:attachment":[{"href":"https:\/\/gsfsergi.ebyu.edu.tr\/index.php?rest_route=%2Fwp%2Fv2%2Fmedia&parent=2725"}],"curies":[{"name":"wp","href":"https:\/\/api.w.org\/{rel}","templated":true}]}}