{"id":2721,"date":"2020-12-12T20:24:42","date_gmt":"2020-12-12T17:24:42","guid":{"rendered":"https:\/\/gsfsergi.ebyu.edu.tr\/?page_id=2721"},"modified":"2020-12-17T16:16:52","modified_gmt":"2020-12-17T13:16:52","slug":"nedret-yasar-hakkinda","status":"publish","type":"page","link":"https:\/\/gsfsergi.ebyu.edu.tr\/?page_id=2721","title":{"rendered":"Nedret Ya\u015far Hakk\u0131nda"},"content":{"rendered":"<p>[et_pb_section fb_built=&#8221;1&#8243; _builder_version=&#8221;4.7.5&#8243; _module_preset=&#8221;default&#8221; background_color=&#8221;#000000&#8243;][et_pb_row column_structure=&#8221;1_2,1_2&#8243; _builder_version=&#8221;4.7.5&#8243; _module_preset=&#8221;default&#8221; background_color=&#8221;#000000&#8243;][et_pb_column type=&#8221;1_2&#8243; _builder_version=&#8221;4.7.5&#8243; _module_preset=&#8221;default&#8221;][et_pb_button button_url=&#8221;@ET-DC@eyJkeW5hbWljIjp0cnVlLCJjb250ZW50IjoicG9zdF9saW5rX3VybF9wYWdlIiwic2V0dGluZ3MiOnsicG9zdF9pZCI6IjI1NDQifX0=@&#8221; button_text=&#8221;Mektup ve Esere Geri D\u00f6n&#8221; _builder_version=&#8221;4.7.6&#8243; _dynamic_attributes=&#8221;button_url&#8221; _module_preset=&#8221;default&#8221; custom_button=&#8221;on&#8221; button_bg_color=&#8221;#000000&#8243; button_border_color=&#8221;#000000&#8243; button_font=&#8221;Indie Flower||||||||&#8221; button_icon=&#8221;%%41%%&#8221; button_icon_color=&#8221;#ffffff&#8221; button_icon_placement=&#8221;left&#8221; button_on_hover=&#8221;off&#8221;][\/et_pb_button][et_pb_text _builder_version=&#8221;4.7.6&#8243; _module_preset=&#8221;default&#8221; background_color=&#8221;#000000&#8243;]<\/p>\n<p><span style=\"font-size: 18pt; color: #ffffff;\">Nedret Ya\u015far,<\/span><\/p>\n<p><span style=\"color: #ffffff;\">\u200b<\/span><\/p>\n<p><span style=\"color: #ffffff; font-size: 14pt;\">Rus\u00e7uk\/Bulgaristan\u2019da do\u011fdu, Veliko T\u0131rnovo \u201cSt. St. Ciril ve Metodius\u201d \u00dcniversitesi G\u00fczel Sanatlar Fak\u00fcltesi Resim B\u00f6l\u00fcm\u00fcnden mezun oldu (1996). Mimar Sinan G\u00fczel Sanatlar \u00dcniversitesi Resim B\u00f6l\u00fcm\u00fc Y\u00fcksek Lisans (2005) ve Sanatta Yeterlik program\u0131ndan (2011) mezun oldu. 2011 y\u0131l\u0131nda Yrd. Do\u00e7. Dr., 2014 y\u0131l\u0131nda ise Do\u00e7ent oldu. Sanat\u00e7\u0131, uluslararas\u0131 ve ulusal bir \u00e7ok karma sergi, sempozyum ve bienallere kat\u0131ld\u0131, yurt i\u00e7i ve yurtd\u0131\u015f\u0131nda yirmi yedi ki\u015fisel sergi a\u00e7t\u0131. Halen, Yalova \u00dcniversitesi Sanat ve Tasar\u0131m Fak\u00fcltesi, Resim B\u00f6l\u00fcm\u00fc&#8217;nde \u00f6\u011fretim \u00fcyesi olarak g\u00f6reve devam etmektedir.<\/span><\/p>\n<p>&nbsp;<\/p>\n<p>[\/et_pb_text][\/et_pb_column][et_pb_column type=&#8221;1_2&#8243; _builder_version=&#8221;4.7.5&#8243; _module_preset=&#8221;default&#8221;][et_pb_image src=&#8221;https:\/\/gsfsergi.ebyu.edu.tr\/wp-content\/uploads\/2020\/12\/FBAAF76B462E4D41A95EE56CE25D9B31.jpg&#8221; title_text=&#8221;FBAAF76B462E4D41A95EE56CE25D9B31&#8243; align=&#8221;center&#8221; _builder_version=&#8221;4.7.6&#8243; _module_preset=&#8221;default&#8221; hover_enabled=&#8221;0&#8243; sticky_enabled=&#8221;0&#8243;][\/et_pb_image][\/et_pb_column][\/et_pb_row][\/et_pb_section]<\/p>\n","protected":false},"excerpt":{"rendered":"<p>[et_pb_section fb_built=&#8221;1&#8243; _builder_version=&#8221;4.7.5&#8243; _module_preset=&#8221;default&#8221; background_color=&#8221;#000000&#8243;][et_pb_row column_structure=&#8221;1_2,1_2&#8243; _builder_version=&#8221;4.7.5&#8243; _module_preset=&#8221;default&#8221; background_color=&#8221;#000000&#8243;][et_pb_column type=&#8221;1_2&#8243; _builder_version=&#8221;4.7.5&#8243; _module_preset=&#8221;default&#8221;][et_pb_button button_url=&#8221;@ET-DC@eyJkeW5hbWljIjp0cnVlLCJjb250ZW50IjoicG9zdF9saW5rX3VybF9wYWdlIiwic2V0dGluZ3MiOnsicG9zdF9pZCI6IjI1NDQifX0=@&#8221; button_text=&#8221;Mektup ve Esere Geri D\u00f6n&#8221; _builder_version=&#8221;4.7.6&#8243; _dynamic_attributes=&#8221;button_url&#8221; _module_preset=&#8221;default&#8221; custom_button=&#8221;on&#8221; button_bg_color=&#8221;#000000&#8243; button_border_color=&#8221;#000000&#8243; button_font=&#8221;Indie Flower||||||||&#8221; button_icon=&#8221;%%41%%&#8221; button_icon_color=&#8221;#ffffff&#8221; button_icon_placement=&#8221;left&#8221; button_on_hover=&#8221;off&#8221;][\/et_pb_button][et_pb_text _builder_version=&#8221;4.7.6&#8243; _module_preset=&#8221;default&#8221; background_color=&#8221;#000000&#8243;] Nedret Ya\u015far, \u200b Rus\u00e7uk\/Bulgaristan\u2019da do\u011fdu, Veliko T\u0131rnovo \u201cSt. St. Ciril ve Metodius\u201d \u00dcniversitesi G\u00fczel Sanatlar Fak\u00fcltesi Resim B\u00f6l\u00fcm\u00fcnden mezun oldu (1996). Mimar [&hellip;]<\/p>\n","protected":false},"author":9,"featured_media":0,"parent":0,"menu_order":0,"comment_status":"closed","ping_status":"closed","template":"","meta":{"_et_pb_use_builder":"on","_et_pb_old_content":"","_et_gb_content_width":"","spay_email":""},"jetpack_sharing_enabled":true,"jetpack_likes_enabled":true,"_links":{"self":[{"href":"https:\/\/gsfsergi.ebyu.edu.tr\/index.php?rest_route=\/wp\/v2\/pages\/2721"}],"collection":[{"href":"https:\/\/gsfsergi.ebyu.edu.tr\/index.php?rest_route=\/wp\/v2\/pages"}],"about":[{"href":"https:\/\/gsfsergi.ebyu.edu.tr\/index.php?rest_route=\/wp\/v2\/types\/page"}],"author":[{"embeddable":true,"href":"https:\/\/gsfsergi.ebyu.edu.tr\/index.php?rest_route=\/wp\/v2\/users\/9"}],"replies":[{"embeddable":true,"href":"https:\/\/gsfsergi.ebyu.edu.tr\/index.php?rest_route=%2Fwp%2Fv2%2Fcomments&post=2721"}],"version-history":[{"count":8,"href":"https:\/\/gsfsergi.ebyu.edu.tr\/index.php?rest_route=\/wp\/v2\/pages\/2721\/revisions"}],"predecessor-version":[{"id":3868,"href":"https:\/\/gsfsergi.ebyu.edu.tr\/index.php?rest_route=\/wp\/v2\/pages\/2721\/revisions\/3868"}],"wp:attachment":[{"href":"https:\/\/gsfsergi.ebyu.edu.tr\/index.php?rest_route=%2Fwp%2Fv2%2Fmedia&parent=2721"}],"curies":[{"name":"wp","href":"https:\/\/api.w.org\/{rel}","templated":true}]}}