{"id":2715,"date":"2020-12-12T20:23:11","date_gmt":"2020-12-12T17:23:11","guid":{"rendered":"https:\/\/gsfsergi.ebyu.edu.tr\/?page_id=2715"},"modified":"2020-12-17T16:16:05","modified_gmt":"2020-12-17T13:16:05","slug":"mustafa-orkun-muftuoglu-hakkinda","status":"publish","type":"page","link":"https:\/\/gsfsergi.ebyu.edu.tr\/?page_id=2715","title":{"rendered":"Mustafa Orkun M\u00fcft\u00fco\u011flu Hakk\u0131nda"},"content":{"rendered":"<p>[et_pb_section fb_built=&#8221;1&#8243; _builder_version=&#8221;4.7.5&#8243; _module_preset=&#8221;default&#8221; background_color=&#8221;#000000&#8243;][et_pb_row column_structure=&#8221;1_2,1_2&#8243; _builder_version=&#8221;4.7.5&#8243; _module_preset=&#8221;default&#8221; background_color=&#8221;#000000&#8243;][et_pb_column type=&#8221;1_2&#8243; _builder_version=&#8221;4.7.5&#8243; _module_preset=&#8221;default&#8221;][et_pb_button button_url=&#8221;@ET-DC@eyJkeW5hbWljIjp0cnVlLCJjb250ZW50IjoicG9zdF9saW5rX3VybF9wYWdlIiwic2V0dGluZ3MiOnsicG9zdF9pZCI6IjI1NDAifX0=@&#8221; button_text=&#8221;Mektup ve Esere Geri D\u00f6n&#8221; _builder_version=&#8221;4.7.6&#8243; _dynamic_attributes=&#8221;button_url&#8221; _module_preset=&#8221;default&#8221; custom_button=&#8221;on&#8221; button_bg_color=&#8221;#000000&#8243; button_border_color=&#8221;#000000&#8243; button_font=&#8221;Indie Flower||||||||&#8221; button_icon=&#8221;%%41%%&#8221; button_icon_color=&#8221;#ffffff&#8221; button_icon_placement=&#8221;left&#8221; button_on_hover=&#8221;off&#8221;][\/et_pb_button][et_pb_text _builder_version=&#8221;4.7.6&#8243; _module_preset=&#8221;default&#8221; background_color=&#8221;#000000&#8243;]<\/p>\n<p><span style=\"color: #ffffff; font-size: 18pt;\">Mustafa Orkun M\u00fcft\u00fco\u011flu,<\/span><\/p>\n<p><span style=\"color: #ffffff; font-size: 14pt;\">1973 y\u0131l\u0131nda Trabzon\u2019da d\u00fcnyaya gelen\u00a0<b>Mustafa Orkun M\u00fcft\u00fco\u011flu<\/b>, 1990-1995 y\u0131llar\u0131 aras\u0131nda Mimar Sinan \u00dcniversitesi G\u00fczel Sanatlar Fak\u00fcltesi Resim B\u00f6l\u00fcm\u00fc, Lisans, 1998-2006 y\u0131llar\u0131 aras\u0131nda ayn\u0131 fak\u00fcltede Resim B\u00f6l\u00fcm\u00fc Ara\u015ft\u0131rma g\u00f6revlisi olmu\u015ftur.<\/span><\/p>\n<p><span style=\"color: #ffffff; font-size: 14pt;\">Mustafa Orkun M\u00fcft\u00fco\u011flu, 2006-2012 y\u0131llar\u0131 aras\u0131nda yard\u0131mc\u0131 do\u00e7ent, 2012 y\u0131l\u0131nda Mimar Sinan G\u00fczel Sanatlar \u00dcniversitesi G\u00fczel Sanatlar Fak\u00fcltesi resim B\u00f6l\u00fcm\u00fc do\u00e7enti olmu\u015ftur.<\/span><\/p>\n<p>&nbsp;<\/p>\n<p>[\/et_pb_text][\/et_pb_column][et_pb_column type=&#8221;1_2&#8243; _builder_version=&#8221;4.7.5&#8243; _module_preset=&#8221;default&#8221;][et_pb_image src=&#8221;https:\/\/gsfsergi.ebyu.edu.tr\/wp-content\/uploads\/2020\/12\/333E953C74CA491AB14A2DD523001EE0.jpg&#8221; title_text=&#8221;333E953C74CA491AB14A2DD523001EE0&#8243; align=&#8221;center&#8221; _builder_version=&#8221;4.7.6&#8243; _module_preset=&#8221;default&#8221; hover_enabled=&#8221;0&#8243; sticky_enabled=&#8221;0&#8243;][\/et_pb_image][\/et_pb_column][\/et_pb_row][\/et_pb_section]<\/p>\n","protected":false},"excerpt":{"rendered":"<p>[et_pb_section fb_built=&#8221;1&#8243; _builder_version=&#8221;4.7.5&#8243; _module_preset=&#8221;default&#8221; background_color=&#8221;#000000&#8243;][et_pb_row column_structure=&#8221;1_2,1_2&#8243; _builder_version=&#8221;4.7.5&#8243; _module_preset=&#8221;default&#8221; background_color=&#8221;#000000&#8243;][et_pb_column type=&#8221;1_2&#8243; _builder_version=&#8221;4.7.5&#8243; _module_preset=&#8221;default&#8221;][et_pb_button button_url=&#8221;@ET-DC@eyJkeW5hbWljIjp0cnVlLCJjb250ZW50IjoicG9zdF9saW5rX3VybF9wYWdlIiwic2V0dGluZ3MiOnsicG9zdF9pZCI6IjI1NDAifX0=@&#8221; button_text=&#8221;Mektup ve Esere Geri D\u00f6n&#8221; _builder_version=&#8221;4.7.6&#8243; _dynamic_attributes=&#8221;button_url&#8221; _module_preset=&#8221;default&#8221; custom_button=&#8221;on&#8221; button_bg_color=&#8221;#000000&#8243; button_border_color=&#8221;#000000&#8243; button_font=&#8221;Indie Flower||||||||&#8221; button_icon=&#8221;%%41%%&#8221; button_icon_color=&#8221;#ffffff&#8221; button_icon_placement=&#8221;left&#8221; button_on_hover=&#8221;off&#8221;][\/et_pb_button][et_pb_text _builder_version=&#8221;4.7.6&#8243; _module_preset=&#8221;default&#8221; background_color=&#8221;#000000&#8243;] Mustafa Orkun M\u00fcft\u00fco\u011flu, 1973 y\u0131l\u0131nda Trabzon\u2019da d\u00fcnyaya gelen\u00a0Mustafa Orkun M\u00fcft\u00fco\u011flu, 1990-1995 y\u0131llar\u0131 aras\u0131nda Mimar Sinan \u00dcniversitesi G\u00fczel Sanatlar Fak\u00fcltesi Resim B\u00f6l\u00fcm\u00fc, Lisans, [&hellip;]<\/p>\n","protected":false},"author":9,"featured_media":0,"parent":0,"menu_order":0,"comment_status":"closed","ping_status":"closed","template":"","meta":{"_et_pb_use_builder":"on","_et_pb_old_content":"","_et_gb_content_width":"","spay_email":""},"jetpack_sharing_enabled":true,"jetpack_likes_enabled":true,"_links":{"self":[{"href":"https:\/\/gsfsergi.ebyu.edu.tr\/index.php?rest_route=\/wp\/v2\/pages\/2715"}],"collection":[{"href":"https:\/\/gsfsergi.ebyu.edu.tr\/index.php?rest_route=\/wp\/v2\/pages"}],"about":[{"href":"https:\/\/gsfsergi.ebyu.edu.tr\/index.php?rest_route=\/wp\/v2\/types\/page"}],"author":[{"embeddable":true,"href":"https:\/\/gsfsergi.ebyu.edu.tr\/index.php?rest_route=\/wp\/v2\/users\/9"}],"replies":[{"embeddable":true,"href":"https:\/\/gsfsergi.ebyu.edu.tr\/index.php?rest_route=%2Fwp%2Fv2%2Fcomments&post=2715"}],"version-history":[{"count":6,"href":"https:\/\/gsfsergi.ebyu.edu.tr\/index.php?rest_route=\/wp\/v2\/pages\/2715\/revisions"}],"predecessor-version":[{"id":3867,"href":"https:\/\/gsfsergi.ebyu.edu.tr\/index.php?rest_route=\/wp\/v2\/pages\/2715\/revisions\/3867"}],"wp:attachment":[{"href":"https:\/\/gsfsergi.ebyu.edu.tr\/index.php?rest_route=%2Fwp%2Fv2%2Fmedia&parent=2715"}],"curies":[{"name":"wp","href":"https:\/\/api.w.org\/{rel}","templated":true}]}}