{"id":2708,"date":"2020-12-12T20:19:48","date_gmt":"2020-12-12T17:19:48","guid":{"rendered":"https:\/\/gsfsergi.ebyu.edu.tr\/?page_id=2708"},"modified":"2020-12-17T16:21:05","modified_gmt":"2020-12-17T13:21:05","slug":"resat-basar-2","status":"publish","type":"page","link":"https:\/\/gsfsergi.ebyu.edu.tr\/?page_id=2708","title":{"rendered":"Re\u015fat Ba\u015far Hakk\u0131nda"},"content":{"rendered":"<p>[et_pb_section fb_built=&#8221;1&#8243; _builder_version=&#8221;4.7.5&#8243; _module_preset=&#8221;default&#8221; background_color=&#8221;#000000&#8243;][et_pb_row column_structure=&#8221;1_2,1_2&#8243; _builder_version=&#8221;4.7.5&#8243; _module_preset=&#8221;default&#8221; background_color=&#8221;#000000&#8243;][et_pb_column type=&#8221;1_2&#8243; _builder_version=&#8221;4.7.5&#8243; _module_preset=&#8221;default&#8221;][et_pb_button button_url=&#8221;@ET-DC@eyJkeW5hbWljIjp0cnVlLCJjb250ZW50IjoicG9zdF9saW5rX3VybF9wYWdlIiwic2V0dGluZ3MiOnsicG9zdF9pZCI6IjI1MzIifX0=@&#8221; button_text=&#8221;Mektup ve Esere Geri D\u00f6n&#8221; _builder_version=&#8221;4.7.6&#8243; _dynamic_attributes=&#8221;button_url&#8221; _module_preset=&#8221;default&#8221; custom_button=&#8221;on&#8221; button_bg_color=&#8221;#000000&#8243; button_border_color=&#8221;#000000&#8243; button_font=&#8221;Indie Flower||||||||&#8221; button_icon=&#8221;%%41%%&#8221; button_icon_color=&#8221;#ffffff&#8221; button_icon_placement=&#8221;left&#8221; button_on_hover=&#8221;off&#8221;][\/et_pb_button][et_pb_text _builder_version=&#8221;4.7.6&#8243; _module_preset=&#8221;default&#8221; background_color=&#8221;#000000&#8243;]<\/p>\n<p><span style=\"color: #ffffff; font-size: 18pt;\">M. Re\u015fat Ba\u015far,<\/span><\/p>\n<p><span style=\"color: #ffffff; font-size: 14pt;\">2013 y\u0131l\u0131nda m\u00fcd\u00fcrl\u00fc\u011f\u00fcn\u00fc y\u00fcr\u00fctt\u00fc\u011f\u00fc Kocaeli Devlet Konservatuvar\u0131 b\u00fcnyesinde T\u00fcrkiye\u2019nin sekizinci M\u00fczik ve Bale \u0130lkokulu, M\u00fczik ve Bale Ortaokulu ve M\u00fczik ve Sahne Sanatlar\u0131 Lisesini kurdu ve e\u011fitimi ba\u015flatt\u0131.<\/span><br \/><span style=\"color: #ffffff; font-size: 14pt;\"> 2011 y\u0131l\u0131nda Amerika Birle\u015fik Devletleri, Atlanta\u2019da bulunan Kennesaw \u00dcniversitesi ile \u00f6\u011frenci ve \u00f6\u011fretim elemanlar\u0131n\u0131 kapsayan \u201cAkademik De\u011fi\u015fim Program\u0131\u201dn\u0131 ba\u015flatt\u0131, program halen devam etmektedir.<\/span><br \/><span style=\"color: #ffffff; font-size: 14pt;\"> 2012 y\u0131l\u0131nda Karam\u00fcrsel Belediyesi ve Kocaeli \u00dcniversitesi i\u015fbirli\u011fiyle Uluslararas\u0131 Karam\u00fcrsel Resim Sempozyumunu organize etti.<\/span><br \/><span style=\"color: #ffffff; font-size: 14pt;\"> 2011-2012 d\u00f6neminde Kocaeli \u00dcniversitesi G\u00fczel Sanatlar Fak\u00fcltesi Dekan\u0131 olarak Kocaeli \u00dcniversitesi ve Strasbourg \u00dcniversitesi ortakl\u0131\u011f\u0131nda \u201cT\u00fcrkiye ve Avrupa Birli\u011fi \u00dclkelerinde \u00dcniversite M\u00fczeleri\u201d ba\u015fl\u0131kl\u0131 Avrupa Birli\u011fi Projesini ger\u00e7ekle\u015fmesinde g\u00f6rev ald\u0131.<\/span><br \/><span style=\"color: #ffffff; font-size: 14pt;\"> 2011 y\u0131l\u0131nda, 1998 y\u0131l\u0131ndan beri \u0130zmit \u015fehir merkezine 35 km. uzakta Hereke\u2019de e\u011fitim-\u00f6\u011fretim ve k\u00fclt\u00fcr \u2013sanat faaliyetlerini s\u00fcrd\u00fcren G\u00fczel Sanatlar Fak\u00fcltesi\u2019ni Kocaeli \u00dcniversitesi\u2019nin kuruldu\u011fu ilk yerle\u015fke olan kentin merkezindeki An\u0131tpark Yerle\u015fkesi\u2019ne ta\u015f\u0131d\u0131. Yerle\u015fkenin tamam\u0131n\u0131 yeniden projelendirerek ve tadil ederek kent merkezinde \u2018k\u00fclt\u00fcr merkezi\u2019 niteli\u011fi kazanan bir sanat ve tasar\u0131m kampusu olu\u015fturdu.<\/span><br \/><span style=\"color: #ffffff; font-size: 14pt;\"> 2011 y\u0131l\u0131nda T\u00fcrkiye\u2019nin ilk heykel sempozyumu \u00fcnvan\u0131n\u0131 ta\u015f\u0131yan, ancak, De\u011firmendere Belediyesi\u2019nin ba\u015fka bir partiye ge\u00e7mesi nedeniyle onalt\u0131nc\u0131s\u0131 yap\u0131lmayarak sona erdirilen, Ankara \u00c7ankaya Belediyesi taraf\u0131ndan Sakarya Caddesinde s\u00fcrd\u00fcr\u00fclmeye \u00e7al\u0131\u015f\u0131lan De\u011firmendere Uluslararas\u0131 Z\u00fcht\u00fc M\u00fcrido\u011flu Ah\u015fap Heykel Sempozyumu\u2019nu, dekanl\u0131\u011f\u0131n\u0131 y\u00fcr\u00fctt\u00fc\u011f\u00fc G\u00fczel Sanatlar Fak\u00fcltesi organizasyonu ve G\u00f6lc\u00fck Belediyesi i\u015fbirli\u011fiyle \u201818. De\u011firmendere Uluslararas\u0131 Z\u00fcht\u00fc M\u00fcrido\u011flu Ah\u015fap Heykel Sempozyumu\u2019 ad\u0131yla kesintiye u\u011fratmadan yeniden d\u00fczenlenmesini sa\u011flad\u0131, sempozyumun bu g\u00fcnlerde yirmi birincisi ger\u00e7ekle\u015ftirilmektedir.<\/span><br \/><span style=\"color: #ffffff; font-size: 14pt;\"> 2010 y\u0131l\u0131nda K\u00f6rfez Belediyesi ve Kocaeli \u00dcniversitesi i\u015fbirli\u011fiyle \u2018Uluslararas\u0131 Hereke Resim Sempozyumu\u2019nu organize etti.<\/span><br \/><span style=\"color: #ffffff; font-size: 14pt;\"> 2010 y\u0131l\u0131nda \u0130zmit Belediyesi ile birlikte Kocaeli \u00dcniversitesi G\u00fczel Sanatlar Fak\u00fcltesi \u00f6\u011frenci ve \u00f6\u011fretim elemanlar\u0131n\u0131n kat\u0131l\u0131m\u0131yla \u2018\u0130zmitte Sanat Var\u2019 projesini ba\u015flatt\u0131, proje halen devam etmektedir.<\/span><br \/><span style=\"color: #ffffff; font-size: 14pt;\"> 2010 y\u0131l\u0131nda ELIA (European League of Instutition of Art Schools-Avrupa Sanat Okullar\u0131 Birli\u011fi) Temsilciler Kurulu \u00dcyeli\u011fi\u2019ne aralar\u0131nda Portekiz, \u0130spanya, Fransa, ve \u0130talya\u2019n\u0131n da bulundu\u011fu C B\u00f6lgesindeki \u00fc\u00e7 temsilciden biri ve T\u00fcrkiye\u2019den se\u00e7ilen ilk ve tek temsilci oldu.<\/span><br \/><span style=\"color: #ffffff; font-size: 14pt;\"> 2010 y\u0131l\u0131nda \u201cRuhun G\u0131das\u0131\u201d projesini yeniden hayata ge\u00e7irilmesi kapsam\u0131nda Japonya\u2019n\u0131n Osaka kentindeki Kwansei Gakuin \u00dcniversitesi ile Kocaeli \u00dcniversitesi aras\u0131nda iki \u00fcniversitenin \u00f6\u011frencilerini kapsayan \u201cK\u00fclt\u00fcrel De\u011fi\u015fim Program\u0131\u201dn\u0131 ba\u015flatt\u0131, program halen devam etmektedir.<\/span><br \/><span style=\"color: #ffffff; font-size: 14pt;\"> 2010-2011 d\u00f6neminde Kocaeli \u00dcniversitesi G\u00fczel Sanatlar Fak\u00fcltesi Dekan\u0131 olarak K\u00f6rfez Belediyesi, Kocaeli \u00dcniversitesi G\u00fczel Sanatlar Fak\u00fcltesi Roma Sapienza \u00dcniversitesi ve K\u00dcM\u0130D (K\u00fclt\u00fcrel Miras\u0131n Dostlar\u0131 Derne\u011fi) ortakl\u0131\u011f\u0131nda \u201cK\u00fclt\u00fcrel Miras Sekt\u00f6r\u00fcnde De\u011fi\u015fim \u0130\u00e7in Bir Deneyim\u201d-EXCHANGE ba\u015fl\u0131kl\u0131 Avrupa Birli\u011fi Projesini ger\u00e7ekle\u015fmesinde g\u00f6rev ald\u0131.<\/span><br \/><span style=\"color: #ffffff; font-size: 14pt;\"> 2009 ve 2010 y\u0131llar\u0131nda Hereke Projesi kapsam\u0131nda ger\u00e7ekle\u015ftirilen K\u00f6rfez Belediyesi, Kocaeli \u00dcniversitesi, Kocaeli Valili\u011fi ve Kocaeli B\u00fcy\u00fck\u015fehir Belediyesi i\u015fbirli\u011fiyle d\u00fczenlenen, Meclis Ba\u015fkan\u0131, K\u00fclt\u00fcr ve Turizm Bakan\u0131, Milletvekilleri ve TURSAB Ba\u015fkan\u0131 d\u00fczeyinde kat\u0131l\u0131mlar\u0131n oldu\u011fu iki \u201cArama Konferans\u0131\u201dn\u0131n d\u00fczenlenmesinde aktif liderlik yapt\u0131.<\/span><br \/><span style=\"color: #ffffff; font-size: 14pt;\"> 2010 y\u0131l\u0131nda K\u00fclt\u00fcr Bakanl\u0131\u011f\u0131na ba\u011fl\u0131 Kocaeli \u00dcniversitesi M\u00fczesi\u2019nin kurulu\u015funda aktif g\u00f6rev ald\u0131, bu m\u00fczenin M\u00fcze Daimi Kurulu ve M\u00fcze Dan\u0131\u015fma Kurulu \u00fcyeli\u011fi yapt\u0131.<\/span><br \/><span style=\"color: #ffffff; font-size: 14pt;\"> 2008 y\u0131l\u0131nda, 1999\u2019da Marmara B\u00f6lgesi\u2019nde ya\u015fanan depremin ard\u0131ndan Japon sanat\u00e7\u0131lar taraf\u0131ndan ger\u00e7ekle\u015ftirilen \u201cRuhun G\u0131das\u0131 Projesi\u201dni yeniden hayata ge\u00e7irerek Avrupa\u2019n\u0131n en b\u00fcy\u00fck \u00e7a\u011fda\u015f Japon sanat\u0131 koleksiyonunu Kocaeli \u00dcniversitesi\u2019ne kazand\u0131rd\u0131.<\/span><br \/><span style=\"color: #ffffff; font-size: 14pt;\"> 2005-2011 y\u0131llar\u0131 aras\u0131nda Kocaeli \u00dcniversitesi Bilimsel Ara\u015ft\u0131rma Projeleri Birimi b\u00fcnyesinde toplam be\u015f altyap\u0131 projesi ger\u00e7ekle\u015ftirerek Kocaeli \u00dcniversitesi G\u00fczel Sanatlar Fak\u00fcltesi\u2019nin t\u00fcm altyap\u0131 ve donan\u0131m sorunlar\u0131n\u0131 \u00e7\u00f6zd\u00fc.<\/span><br \/><span style=\"color: #ffffff; font-size: 14pt;\"> 2005 y\u0131l\u0131nda seminerler, paneller, s\u00f6yle\u015filer, yar\u0131\u015fmalar, at\u00f6lyeler, sergiler, konserler gibi etkinliklerin i\u00e7inde yer ald\u0131\u011f\u0131 Kocaeli \u00dcniversitesi\u2019nin ilk \u00f6\u011frenci \u015fenli\u011finin organizasyonunda g\u00f6rev ald\u0131.<\/span><br \/><span style=\"color: #ffffff; font-size: 14pt;\"> 2004 y\u0131l\u0131nda \u0130zmit B\u00fcy\u00fck\u015fehir Belediyesi ve Kocaeli \u00dcniversitesi G\u00fczel Sanatlar Fak\u00fcltesi i\u015fbirli\u011fiyle ger\u00e7ekle\u015fen Mimar Sinan, Marmara, Dokuz Eyl\u00fcl, Anadolu ve Kocaeli \u00fcniversitelerinin gen\u00e7 \u00f6\u011fretim elemanlar\u0131n\u0131n \u00e7al\u0131\u015fmalar\u0131ndan olu\u015fan \u2018Be\u015f Kentten Sanat\u2019 adl\u0131 serginin k\u00fcrat\u00f6rl\u00fc\u011f\u00fcn\u00fc yapt\u0131.<\/span><br \/><span style=\"color: #ffffff; font-size: 14pt;\"> 1998 y\u0131l\u0131nda Uluslararas\u0131 Plastik Sanatlar Derne\u011fi \u00fcyesi oldu.<\/span><br \/><span style=\"color: #ffffff;\"><span style=\"font-size: 14pt;\">1994- 1998 y\u0131llar\u0131 aras\u0131nda g\u00f6rev yapt\u0131\u011f\u0131 Atat\u00fcrk \u00dcniversitesi G\u00fczel Sanatlar Fak\u00fcltesi \u00f6\u011fretim eleman\u0131 olarak; Tiyatro B\u00f6l\u00fcm\u00fc Ba\u015fkan\u0131 s\u0131fat\u0131yla, Resim B\u00f6l\u00fcm\u00fc \u00f6\u011fretim \u00fcyesi s\u0131fat\u0131yla \u00dcniversite b\u00fcnyesinde 400 metre kare alana sahip modern bir sanat galerisinin yap\u0131m\u0131n\u0131 sa\u011flad\u0131 ve galerinin m\u00fcd\u00fcrl\u00fc\u011f\u00fc g\u00f6revini \u00fcstlend<\/span>i.<\/span><\/p>\n<p>[\/et_pb_text][\/et_pb_column][et_pb_column type=&#8221;1_2&#8243; _builder_version=&#8221;4.7.5&#8243; _module_preset=&#8221;default&#8221;][et_pb_image src=&#8221;https:\/\/gsfsergi.ebyu.edu.tr\/wp-content\/uploads\/2020\/12\/3FB8528AFD43467EBA3748386DFF5E1A.jpg&#8221; title_text=&#8221;3FB8528AFD43467EBA3748386DFF5E1A&#8221; align=&#8221;center&#8221; _builder_version=&#8221;4.7.6&#8243; _module_preset=&#8221;default&#8221; hover_enabled=&#8221;0&#8243; sticky_enabled=&#8221;0&#8243;][\/et_pb_image][\/et_pb_column][\/et_pb_row][\/et_pb_section]<\/p>\n","protected":false},"excerpt":{"rendered":"<p>[et_pb_section fb_built=&#8221;1&#8243; _builder_version=&#8221;4.7.5&#8243; _module_preset=&#8221;default&#8221; background_color=&#8221;#000000&#8243;][et_pb_row column_structure=&#8221;1_2,1_2&#8243; _builder_version=&#8221;4.7.5&#8243; _module_preset=&#8221;default&#8221; background_color=&#8221;#000000&#8243;][et_pb_column type=&#8221;1_2&#8243; _builder_version=&#8221;4.7.5&#8243; _module_preset=&#8221;default&#8221;][et_pb_button button_url=&#8221;@ET-DC@eyJkeW5hbWljIjp0cnVlLCJjb250ZW50IjoicG9zdF9saW5rX3VybF9wYWdlIiwic2V0dGluZ3MiOnsicG9zdF9pZCI6IjI1MzIifX0=@&#8221; button_text=&#8221;Mektup ve Esere Geri D\u00f6n&#8221; _builder_version=&#8221;4.7.6&#8243; _dynamic_attributes=&#8221;button_url&#8221; _module_preset=&#8221;default&#8221; custom_button=&#8221;on&#8221; button_bg_color=&#8221;#000000&#8243; button_border_color=&#8221;#000000&#8243; button_font=&#8221;Indie Flower||||||||&#8221; button_icon=&#8221;%%41%%&#8221; button_icon_color=&#8221;#ffffff&#8221; button_icon_placement=&#8221;left&#8221; button_on_hover=&#8221;off&#8221;][\/et_pb_button][et_pb_text _builder_version=&#8221;4.7.6&#8243; _module_preset=&#8221;default&#8221; background_color=&#8221;#000000&#8243;] M. Re\u015fat Ba\u015far, 2013 y\u0131l\u0131nda m\u00fcd\u00fcrl\u00fc\u011f\u00fcn\u00fc y\u00fcr\u00fctt\u00fc\u011f\u00fc Kocaeli Devlet Konservatuvar\u0131 b\u00fcnyesinde T\u00fcrkiye\u2019nin sekizinci M\u00fczik ve Bale \u0130lkokulu, M\u00fczik ve Bale Ortaokulu ve [&hellip;]<\/p>\n","protected":false},"author":9,"featured_media":0,"parent":0,"menu_order":0,"comment_status":"closed","ping_status":"closed","template":"","meta":{"_et_pb_use_builder":"on","_et_pb_old_content":"","_et_gb_content_width":"","spay_email":""},"jetpack_sharing_enabled":true,"jetpack_likes_enabled":true,"_links":{"self":[{"href":"https:\/\/gsfsergi.ebyu.edu.tr\/index.php?rest_route=\/wp\/v2\/pages\/2708"}],"collection":[{"href":"https:\/\/gsfsergi.ebyu.edu.tr\/index.php?rest_route=\/wp\/v2\/pages"}],"about":[{"href":"https:\/\/gsfsergi.ebyu.edu.tr\/index.php?rest_route=\/wp\/v2\/types\/page"}],"author":[{"embeddable":true,"href":"https:\/\/gsfsergi.ebyu.edu.tr\/index.php?rest_route=\/wp\/v2\/users\/9"}],"replies":[{"embeddable":true,"href":"https:\/\/gsfsergi.ebyu.edu.tr\/index.php?rest_route=%2Fwp%2Fv2%2Fcomments&post=2708"}],"version-history":[{"count":7,"href":"https:\/\/gsfsergi.ebyu.edu.tr\/index.php?rest_route=\/wp\/v2\/pages\/2708\/revisions"}],"predecessor-version":[{"id":3875,"href":"https:\/\/gsfsergi.ebyu.edu.tr\/index.php?rest_route=\/wp\/v2\/pages\/2708\/revisions\/3875"}],"wp:attachment":[{"href":"https:\/\/gsfsergi.ebyu.edu.tr\/index.php?rest_route=%2Fwp%2Fv2%2Fmedia&parent=2708"}],"curies":[{"name":"wp","href":"https:\/\/api.w.org\/{rel}","templated":true}]}}