{"id":2696,"date":"2020-12-12T20:16:37","date_gmt":"2020-12-12T17:16:37","guid":{"rendered":"https:\/\/gsfsergi.ebyu.edu.tr\/?page_id=2696"},"modified":"2020-12-17T16:08:51","modified_gmt":"2020-12-17T13:08:51","slug":"hasan-murat-cetin-hakkinda","status":"publish","type":"page","link":"https:\/\/gsfsergi.ebyu.edu.tr\/?page_id=2696","title":{"rendered":"Hasan Murat \u00c7etin Hakk\u0131nda"},"content":{"rendered":"<p>[et_pb_section fb_built=&#8221;1&#8243; _builder_version=&#8221;4.7.5&#8243; _module_preset=&#8221;default&#8221; background_color=&#8221;#000000&#8243;][et_pb_row column_structure=&#8221;1_2,1_2&#8243; _builder_version=&#8221;4.7.5&#8243; _module_preset=&#8221;default&#8221; background_color=&#8221;#000000&#8243;][et_pb_column type=&#8221;1_2&#8243; _builder_version=&#8221;4.7.5&#8243; _module_preset=&#8221;default&#8221;][et_pb_button button_url=&#8221;@ET-DC@eyJkeW5hbWljIjp0cnVlLCJjb250ZW50IjoicG9zdF9saW5rX3VybF9wYWdlIiwic2V0dGluZ3MiOnsicG9zdF9pZCI6IjI1MjEifX0=@&#8221; button_text=&#8221;Mektup ve Esere Geri D\u00f6n&#8221; _builder_version=&#8221;4.7.6&#8243; _dynamic_attributes=&#8221;button_url&#8221; _module_preset=&#8221;default&#8221; custom_button=&#8221;on&#8221; button_bg_color=&#8221;#000000&#8243; button_border_color=&#8221;#000000&#8243; button_font=&#8221;Indie Flower||||||||&#8221; button_icon=&#8221;%%41%%&#8221; button_icon_color=&#8221;#ffffff&#8221; button_icon_placement=&#8221;left&#8221; button_on_hover=&#8221;off&#8221;][\/et_pb_button][et_pb_text _builder_version=&#8221;4.7.6&#8243; _module_preset=&#8221;default&#8221; background_color=&#8221;#000000&#8243;]<\/p>\n<p><span style=\"color: #ffffff; font-size: 18pt;\">Hasan Murat \u00c7etin,<\/span><\/p>\n<p><span style=\"color: #ffffff; font-size: 14pt;\">Hasan Murat \u00c7etin, 1990\u2019da Erzurum\u2019da do\u011fdu. 2009-2016 y\u0131llar\u0131 aras\u0131nda Mimar Sinan G\u00fczel Sanatlar \u00dcniversitesi Mimarl\u0131k B\u00f6l\u00fcm\u00fc\u2019nde lisans e\u011fitimini tamamlad\u0131. 2020 y\u0131l\u0131nda, Mimar Sinan G\u00fczel Sanatlar \u00dcniversitesi Fen Bilimleri Ensit\u00fcs\u00fc Mimarl\u0131k Ana Bilim Dal\u0131\u2019nda y\u00fcksek lisans\u0131n\u0131 tamamlayarak \u201cY\u00fcksek Mimar\u201d \u00fcnvan\u0131n\u0131 ald\u0131. 2020 y\u0131l\u0131nda, yine ayn\u0131 \u00fcniversite ve anabilim dal\u0131nda doktora e\u011fitime ba\u015flam\u0131\u015f olup; doktora e\u011fitimine devam etmektedir. 2018 y\u0131l\u0131nda Atat\u00fcrk \u00dcniversitesi Mimarl\u0131k ve Tasar\u0131m Fak\u00fcltesi Mimarl\u0131k B\u00f6l\u00fcm\u00fc\u2019nde Ara\u015ft\u0131rma G\u00f6revlisi olarak g\u00f6reve ba\u015flayan \u00c7etin, ger\u00e7ekle\u015ftirmi\u015f oldu\u011fu mimari tasar\u0131m projelerinin yan\u0131s\u0131ra elinden geldi\u011fince \u00e7e\u015fitli sergilerin d\u00fczenlemesinde g\u00f6rev almakta ay\u0131rca \u00e7e\u015ftli bilim ve sanat etkinliklerinde de y\u00fcr\u00fct\u00fcc\u00fc olarak yer almaktad\u0131r. \u00c7etin, Atat\u00fcrk \u00dcniversitesi Mimarl\u0131k ve Tasar\u0131m Fak\u00fcltesi Mimarl\u0131k B\u00f6l\u00fcm\u00fc\u2019nde Ara\u015ft\u0131rma G\u00f6revlisi olarak \u00e7al\u0131\u015fmalar\u0131na devam etmektedir. \u00c7al\u0131\u015fmalar\u0131:<\/span><\/p>\n<p><span style=\"color: #ffffff; font-size: 14pt;\"><strong>Sergiler<\/strong><\/span><\/p>\n<p><span style=\"color: #ffffff; font-size: 14pt;\">2019 &#8211; \u201cMimari Proje Sergisi\u201d, Atat\u00fcrk \u00dcni. Rekt\u00f6rl\u00fck Oditoryum Fuayesi, Erzurum,<\/span><\/p>\n<p><span style=\"color: #ffffff; font-size: 14pt;\">2020 &#8211; \u201cProje Sergisi\u201d, Erzurum MNG AVM Atriumu, Erzurum<\/span><\/p>\n<p><span style=\"color: #ffffff; font-size: 14pt;\"><strong>Sanat Etkinlikleri<\/strong><\/span><\/p>\n<p><span style=\"color: #ffffff; font-size: 14pt;\">2018 &#8211; Mimarl\u0131k B\u00f6l\u00fcm\u00fc \u00d6\u011frencileri Yaz At\u00f6lyesi Kad\u0131k\u00f6y \u2013 Moda ve \u00c7evresi, Bilim \/ Sanat Kamp\u0131 veya Yaz Okulu Organizasyonu, \u0130stanbul, T\u00fcrkiye<\/span><\/p>\n<p><span style=\"color: #ffffff; font-size: 14pt;\">2019 &#8211; Yap\u0131 Unplugged 02 Yaz Okulu At\u00f6lyesi, Bilim \/ Sanat Kamp\u0131 veya Yaz Okulu Organizasyonu, \u0130stanbul, T\u00fcrkiye<\/span><\/p>\n<p>[\/et_pb_text][\/et_pb_column][et_pb_column type=&#8221;1_2&#8243; _builder_version=&#8221;4.7.5&#8243; _module_preset=&#8221;default&#8221;][et_pb_image src=&#8221;https:\/\/gsfsergi.ebyu.edu.tr\/wp-content\/uploads\/2020\/12\/71FEDEE0E6794089BFB64E859A430944.jpg&#8221; title_text=&#8221;71FEDEE0E6794089BFB64E859A430944&#8243; align=&#8221;center&#8221; _builder_version=&#8221;4.7.6&#8243; _module_preset=&#8221;default&#8221; hover_enabled=&#8221;0&#8243; sticky_enabled=&#8221;0&#8243;][\/et_pb_image][\/et_pb_column][\/et_pb_row][\/et_pb_section]<\/p>\n","protected":false},"excerpt":{"rendered":"<p>[et_pb_section fb_built=&#8221;1&#8243; _builder_version=&#8221;4.7.5&#8243; _module_preset=&#8221;default&#8221; background_color=&#8221;#000000&#8243;][et_pb_row column_structure=&#8221;1_2,1_2&#8243; _builder_version=&#8221;4.7.5&#8243; _module_preset=&#8221;default&#8221; background_color=&#8221;#000000&#8243;][et_pb_column type=&#8221;1_2&#8243; _builder_version=&#8221;4.7.5&#8243; _module_preset=&#8221;default&#8221;][et_pb_button button_url=&#8221;@ET-DC@eyJkeW5hbWljIjp0cnVlLCJjb250ZW50IjoicG9zdF9saW5rX3VybF9wYWdlIiwic2V0dGluZ3MiOnsicG9zdF9pZCI6IjI1MjEifX0=@&#8221; button_text=&#8221;Mektup ve Esere Geri D\u00f6n&#8221; _builder_version=&#8221;4.7.6&#8243; _dynamic_attributes=&#8221;button_url&#8221; _module_preset=&#8221;default&#8221; custom_button=&#8221;on&#8221; button_bg_color=&#8221;#000000&#8243; button_border_color=&#8221;#000000&#8243; button_font=&#8221;Indie Flower||||||||&#8221; button_icon=&#8221;%%41%%&#8221; button_icon_color=&#8221;#ffffff&#8221; button_icon_placement=&#8221;left&#8221; button_on_hover=&#8221;off&#8221;][\/et_pb_button][et_pb_text _builder_version=&#8221;4.7.6&#8243; _module_preset=&#8221;default&#8221; background_color=&#8221;#000000&#8243;] Hasan Murat \u00c7etin, Hasan Murat \u00c7etin, 1990\u2019da Erzurum\u2019da do\u011fdu. 2009-2016 y\u0131llar\u0131 aras\u0131nda Mimar Sinan G\u00fczel Sanatlar \u00dcniversitesi Mimarl\u0131k B\u00f6l\u00fcm\u00fc\u2019nde lisans e\u011fitimini tamamlad\u0131. [&hellip;]<\/p>\n","protected":false},"author":9,"featured_media":0,"parent":0,"menu_order":0,"comment_status":"closed","ping_status":"closed","template":"","meta":{"_et_pb_use_builder":"on","_et_pb_old_content":"","_et_gb_content_width":"","spay_email":""},"jetpack_sharing_enabled":true,"jetpack_likes_enabled":true,"_links":{"self":[{"href":"https:\/\/gsfsergi.ebyu.edu.tr\/index.php?rest_route=\/wp\/v2\/pages\/2696"}],"collection":[{"href":"https:\/\/gsfsergi.ebyu.edu.tr\/index.php?rest_route=\/wp\/v2\/pages"}],"about":[{"href":"https:\/\/gsfsergi.ebyu.edu.tr\/index.php?rest_route=\/wp\/v2\/types\/page"}],"author":[{"embeddable":true,"href":"https:\/\/gsfsergi.ebyu.edu.tr\/index.php?rest_route=\/wp\/v2\/users\/9"}],"replies":[{"embeddable":true,"href":"https:\/\/gsfsergi.ebyu.edu.tr\/index.php?rest_route=%2Fwp%2Fv2%2Fcomments&post=2696"}],"version-history":[{"count":5,"href":"https:\/\/gsfsergi.ebyu.edu.tr\/index.php?rest_route=\/wp\/v2\/pages\/2696\/revisions"}],"predecessor-version":[{"id":3854,"href":"https:\/\/gsfsergi.ebyu.edu.tr\/index.php?rest_route=\/wp\/v2\/pages\/2696\/revisions\/3854"}],"wp:attachment":[{"href":"https:\/\/gsfsergi.ebyu.edu.tr\/index.php?rest_route=%2Fwp%2Fv2%2Fmedia&parent=2696"}],"curies":[{"name":"wp","href":"https:\/\/api.w.org\/{rel}","templated":true}]}}