{"id":2692,"date":"2020-12-12T20:13:09","date_gmt":"2020-12-12T17:13:09","guid":{"rendered":"https:\/\/gsfsergi.ebyu.edu.tr\/?page_id=2692"},"modified":"2020-12-17T16:24:53","modified_gmt":"2020-12-17T13:24:53","slug":"serdar-yilmaz-hakkinda","status":"publish","type":"page","link":"https:\/\/gsfsergi.ebyu.edu.tr\/?page_id=2692","title":{"rendered":"Serdar Y\u0131lmaz Hakk\u0131nda"},"content":{"rendered":"<p>[et_pb_section fb_built=&#8221;1&#8243; _builder_version=&#8221;4.7.5&#8243; _module_preset=&#8221;default&#8221; background_color=&#8221;#000000&#8243;][et_pb_row column_structure=&#8221;1_2,1_2&#8243; _builder_version=&#8221;4.7.5&#8243; _module_preset=&#8221;default&#8221; background_color=&#8221;#000000&#8243;][et_pb_column type=&#8221;1_2&#8243; _builder_version=&#8221;4.7.5&#8243; _module_preset=&#8221;default&#8221;][et_pb_button button_url=&#8221;@ET-DC@eyJkeW5hbWljIjp0cnVlLCJjb250ZW50IjoicG9zdF9saW5rX3VybF9wYWdlIiwic2V0dGluZ3MiOnsicG9zdF9pZCI6IjI1MTgifX0=@&#8221; button_text=&#8221;Mektup ve Esere Geri D\u00f6n&#8221; _builder_version=&#8221;4.7.6&#8243; _dynamic_attributes=&#8221;button_url&#8221; _module_preset=&#8221;default&#8221; custom_button=&#8221;on&#8221; button_bg_color=&#8221;#000000&#8243; button_border_color=&#8221;#000000&#8243; button_font=&#8221;Indie Flower||||||||&#8221; button_icon=&#8221;%%41%%&#8221; button_icon_color=&#8221;#ffffff&#8221; button_icon_placement=&#8221;left&#8221; button_on_hover=&#8221;off&#8221;][\/et_pb_button][et_pb_text _builder_version=&#8221;4.7.6&#8243; _module_preset=&#8221;default&#8221; background_color=&#8221;#000000&#8243;]<\/p>\n<p><span style=\"color: #ffffff; font-size: 18pt;\">Serdar Y\u0131lmaz,<\/span><\/p>\n<p><span style=\"color: #ffffff; font-size: 14pt;\">Serdar Y\u0131lmaz, Marmara \u00dcniversitesi, Resim \u00d6\u011fretmenli\u011fi B\u00f6l\u00fcm\u00fc mezunudur, y\u00fcksek lisans ve doktora derecelerini de yine ayn\u0131 b\u00f6l\u00fcmden alm\u0131\u015ft\u0131r. Serdar Y\u0131lmaz bir sanat\u00e7\u0131 olarak ki\u015fisel sergileri ve video yerle\u015ftirmeleri ile T\u00fcrkiye\u2019de ve D\u00fcnya\u2019da Rio \u00c7a\u011fda\u015f Sanatlar M\u00fczesi gibi m\u00fczelerde seyirci ile bulu\u015fmu\u015ftur. Serdar Y\u0131lmaz\u2019\u0131n pek \u00e7ok ulusal ve uluslararas\u0131 film festivallerinde g\u00f6sterilmi\u015f ve \u00f6d\u00fcller alm\u0131\u015f filmleri bulunmaktad\u0131r. <strong><em>Su Birikintisi<\/em><\/strong> (2016) ve <strong><em>K\u0131zarm\u0131\u015f Tavuk<\/em><\/strong> (2013) isimli k\u0131sa filmleri aralar\u0131nda Rotterdam Film Festivali (2013), Cannes Film Festivali (2012), Brooklyn Film Festivali (2016-2012) ve Oaxaca Film Festivali\u2019nin de bulundu\u011fu uluslararas\u0131 film festivallerinde g\u00f6sterilmi\u015ftir. <em>Su Birikintisi<\/em>, Brooklyn Film Festivali, Istanbul Uluslararas\u0131 Kisa film Festivali (en iyi deneysel film \u00f6d\u00fcl\u00fc-2016), Sacramento Film Festivali\u2019nden (en iyi surreal film) \u00f6d\u00fclleri alm\u0131st\u0131r. Y\u0131lmaz pek \u00e7ok uzun metrajl\u0131 sinema ve belgesel filmde yap\u0131m tasar\u0131mc\u0131s\u0131 ve sanat y\u00f6netmeni olarak \u00e7al\u0131\u015fm\u0131\u015f ve \u00f6d\u00fcller alm\u0131\u015ft\u0131r; G\u00f6lgesizler isimli filmle 2009 Alt\u0131n Koza Film Festivali\u2019nde \u201cEn \u0130yi Sanat Y\u00f6netmeni \u00d6d\u00fcl\u00fc\u201d, Cenneti Beklerken isimli filmle de 2007 Alt\u0131n Koza Film Festivali ve 2007 Ankara Film Festivali\u2019nden \u201cEn \u0130yi Sanat Y\u00f6netmeni \u00d6d\u00fclleri\u201d ile d\u00f6nm\u00fc\u015ft\u00fcr. Halen Balikesir \u00dcniversitesi, G\u00fczel Sanatlar Fak\u00fcltesi\u2019nde profes\u00f6r olarak g\u00f6rev yapmaktad\u0131r.<\/span><\/p>\n<p>&nbsp;<\/p>\n<p>[\/et_pb_text][\/et_pb_column][et_pb_column type=&#8221;1_2&#8243; _builder_version=&#8221;4.7.5&#8243; _module_preset=&#8221;default&#8221;][et_pb_image src=&#8221;https:\/\/gsfsergi.ebyu.edu.tr\/wp-content\/uploads\/2020\/12\/E779BE5873864E3D96B75882D6615EF5.jpg&#8221; title_text=&#8221;E779BE5873864E3D96B75882D6615EF5&#8243; align=&#8221;center&#8221; _builder_version=&#8221;4.7.6&#8243; _module_preset=&#8221;default&#8221; hover_enabled=&#8221;0&#8243; sticky_enabled=&#8221;0&#8243;][\/et_pb_image][\/et_pb_column][\/et_pb_row][\/et_pb_section]<\/p>\n","protected":false},"excerpt":{"rendered":"<p>[et_pb_section fb_built=&#8221;1&#8243; _builder_version=&#8221;4.7.5&#8243; _module_preset=&#8221;default&#8221; background_color=&#8221;#000000&#8243;][et_pb_row column_structure=&#8221;1_2,1_2&#8243; _builder_version=&#8221;4.7.5&#8243; _module_preset=&#8221;default&#8221; background_color=&#8221;#000000&#8243;][et_pb_column type=&#8221;1_2&#8243; _builder_version=&#8221;4.7.5&#8243; _module_preset=&#8221;default&#8221;][et_pb_button button_url=&#8221;@ET-DC@eyJkeW5hbWljIjp0cnVlLCJjb250ZW50IjoicG9zdF9saW5rX3VybF9wYWdlIiwic2V0dGluZ3MiOnsicG9zdF9pZCI6IjI1MTgifX0=@&#8221; button_text=&#8221;Mektup ve Esere Geri D\u00f6n&#8221; _builder_version=&#8221;4.7.6&#8243; _dynamic_attributes=&#8221;button_url&#8221; _module_preset=&#8221;default&#8221; custom_button=&#8221;on&#8221; button_bg_color=&#8221;#000000&#8243; button_border_color=&#8221;#000000&#8243; button_font=&#8221;Indie Flower||||||||&#8221; button_icon=&#8221;%%41%%&#8221; button_icon_color=&#8221;#ffffff&#8221; button_icon_placement=&#8221;left&#8221; button_on_hover=&#8221;off&#8221;][\/et_pb_button][et_pb_text _builder_version=&#8221;4.7.6&#8243; _module_preset=&#8221;default&#8221; background_color=&#8221;#000000&#8243;] Serdar Y\u0131lmaz, Serdar Y\u0131lmaz, Marmara \u00dcniversitesi, Resim \u00d6\u011fretmenli\u011fi B\u00f6l\u00fcm\u00fc mezunudur, y\u00fcksek lisans ve doktora derecelerini de yine ayn\u0131 b\u00f6l\u00fcmden alm\u0131\u015ft\u0131r. Serdar Y\u0131lmaz [&hellip;]<\/p>\n","protected":false},"author":9,"featured_media":0,"parent":0,"menu_order":0,"comment_status":"closed","ping_status":"closed","template":"","meta":{"_et_pb_use_builder":"on","_et_pb_old_content":"","_et_gb_content_width":"","spay_email":""},"jetpack_sharing_enabled":true,"jetpack_likes_enabled":true,"_links":{"self":[{"href":"https:\/\/gsfsergi.ebyu.edu.tr\/index.php?rest_route=\/wp\/v2\/pages\/2692"}],"collection":[{"href":"https:\/\/gsfsergi.ebyu.edu.tr\/index.php?rest_route=\/wp\/v2\/pages"}],"about":[{"href":"https:\/\/gsfsergi.ebyu.edu.tr\/index.php?rest_route=\/wp\/v2\/types\/page"}],"author":[{"embeddable":true,"href":"https:\/\/gsfsergi.ebyu.edu.tr\/index.php?rest_route=\/wp\/v2\/users\/9"}],"replies":[{"embeddable":true,"href":"https:\/\/gsfsergi.ebyu.edu.tr\/index.php?rest_route=%2Fwp%2Fv2%2Fcomments&post=2692"}],"version-history":[{"count":6,"href":"https:\/\/gsfsergi.ebyu.edu.tr\/index.php?rest_route=\/wp\/v2\/pages\/2692\/revisions"}],"predecessor-version":[{"id":3879,"href":"https:\/\/gsfsergi.ebyu.edu.tr\/index.php?rest_route=\/wp\/v2\/pages\/2692\/revisions\/3879"}],"wp:attachment":[{"href":"https:\/\/gsfsergi.ebyu.edu.tr\/index.php?rest_route=%2Fwp%2Fv2%2Fmedia&parent=2692"}],"curies":[{"name":"wp","href":"https:\/\/api.w.org\/{rel}","templated":true}]}}