{"id":2687,"date":"2020-12-12T20:12:00","date_gmt":"2020-12-12T17:12:00","guid":{"rendered":"https:\/\/gsfsergi.ebyu.edu.tr\/?page_id=2687"},"modified":"2020-12-17T16:08:18","modified_gmt":"2020-12-17T13:08:18","slug":"harun-yazici-hakkinda","status":"publish","type":"page","link":"https:\/\/gsfsergi.ebyu.edu.tr\/?page_id=2687","title":{"rendered":"Harun Yaz\u0131c\u0131 Hakk\u0131nda"},"content":{"rendered":"<p>[et_pb_section fb_built=&#8221;1&#8243; _builder_version=&#8221;4.7.5&#8243; _module_preset=&#8221;default&#8221; background_color=&#8221;#000000&#8243;][et_pb_row column_structure=&#8221;1_2,1_2&#8243; _builder_version=&#8221;4.7.5&#8243; _module_preset=&#8221;default&#8221; background_color=&#8221;#000000&#8243;][et_pb_column type=&#8221;1_2&#8243; _builder_version=&#8221;4.7.5&#8243; _module_preset=&#8221;default&#8221;][et_pb_button button_url=&#8221;@ET-DC@eyJkeW5hbWljIjp0cnVlLCJjb250ZW50IjoicG9zdF9saW5rX3VybF9wYWdlIiwic2V0dGluZ3MiOnsicG9zdF9pZCI6IjI1MTQifX0=@&#8221; button_text=&#8221;Mektup ve Esere Geri D\u00f6n&#8221; _builder_version=&#8221;4.7.6&#8243; _dynamic_attributes=&#8221;button_url&#8221; _module_preset=&#8221;default&#8221; custom_button=&#8221;on&#8221; button_bg_color=&#8221;#000000&#8243; button_border_color=&#8221;#000000&#8243; button_font=&#8221;Indie Flower||||||||&#8221; button_icon=&#8221;%%41%%&#8221; button_icon_color=&#8221;#ffffff&#8221; button_icon_placement=&#8221;left&#8221; button_on_hover=&#8221;off&#8221;][\/et_pb_button][et_pb_text _builder_version=&#8221;4.7.6&#8243; _module_preset=&#8221;default&#8221; background_color=&#8221;#000000&#8243;]<\/p>\n<p><span style=\"color: #ffffff; font-size: 18pt;\">Harun Yaz\u0131c\u0131,<\/span><\/p>\n<p><span style=\"color: #ffffff; font-size: 14pt;\">Harun Yaz\u0131c\u0131 1982 y\u0131l\u0131nda Erzurum\u2019da do\u011fdu. Atat\u00fcrk \u00dcniversitesi G\u00fczel Sanatlar Fak\u00fcltesi Prof. Mehmet Kavuk\u00e7u at\u00f6lyesinde 2009 y\u0131l\u0131nda lisans mezuniyetini tamamlad\u0131. Y\u00fcksek lisans\u0131n\u0131 2018 y\u0131l\u0131nda Atat\u00fcrk \u00dcniversitesi Sosyal Bilimler Enstit\u00fcs\u00fc resim ana sanat dal\u0131nda ba\u015far\u0131yla tamamlad\u0131. 2019 Erzincan Binali Y\u0131ld\u0131r\u0131m \u00dcniversitesi Hac\u0131 Ali Ak\u0131n MYO Mimari Dekoratif Sanatlar b\u00f6l\u00fcm\u00fcnde \u00d6\u011fr. G\u00f6r. olarak akademisyenlik g\u00f6revine ba\u015flad\u0131. Halen Erzincan Binali Y\u0131ld\u0131r\u0131m \u00dcniversitesinde \u00e7al\u0131\u015fmalar\u0131n\u0131 y\u00fcr\u00fctmektedir.<\/span><\/p>\n<p><span style=\"color: #ffffff; font-size: 14pt;\">Sergi ve kat\u0131l\u0131mlardan baz\u0131lar\u0131;<\/span><\/p>\n<p><span style=\"color: #ffffff; font-size: 14pt;\">2007 \u201cRestorasyon Teknikleri Sergisi\u201d, Palazzo Spinelli Art Galeri, Floransa, \u0130talya<\/span><\/p>\n<p><span style=\"color: #ffffff; font-size: 14pt;\">2008 \u201cResimde \u00c7\u00f6z\u00fcmlemeler\u201d, Atat\u00fcrk \u00dcniversitesi G\u00fczel Sanatlar Fak\u00fcltesi Sergi Salonu, Erzurum<\/span><\/p>\n<p><span style=\"color: #ffffff; font-size: 14pt;\">2011\u201cY\u00fcksek Lisans sergisi\u201d, Atat\u00fcrk \u00dcniversitesi G\u00fczel Sanatlar Fak\u00fcltesi Sergi Salonu, Erzurum<\/span><\/p>\n<p><span style=\"color: #ffffff; font-size: 14pt;\">2012 \u201cD\u00fcnya Sanat G\u00fcn\u00fc\u201d, Erzincan \u00dcniversitesi Rekt\u00f6rl\u00fck Sanat Galerisi, Erzincan<\/span><\/p>\n<p><span style=\"color: #ffffff; font-size: 14pt;\">2013 \u201cY\u00fcksek Lisans Sergisi\u201d, Atat\u00fcrk \u00dcniversitesi K\u00fclt\u00fcr Merkezi Sergi Salonu, Erzurum<\/span><\/p>\n<p><span style=\"color: #ffffff; font-size: 14pt;\">2013 M. KAVUKCU Mevsimler Ve Bi\u00e7imler \u2013Alankurgu (\u00c7al\u0131\u015fma Ekibi)<\/span><\/p>\n<p><span style=\"color: #ffffff; font-size: 14pt;\">2014 M. KAVUKCU Sel\u00e7uklu-1 \u2013Alankurgu (\u00c7al\u0131\u015fma Ekibi)<\/span><\/p>\n<p><span style=\"color: #ffffff; font-size: 14pt;\">2015 M. KAVUKCU K\u0131zak \u2013Alankurgu (\u00c7al\u0131\u015fma Ekibi)<\/span><\/p>\n<p><span style=\"color: #ffffff; font-size: 14pt;\">2015 \u201cYa Kafan D\u0131\u015f\u0131ndaysa\u201d, Atat\u00fcrk \u00dcniversitesi G\u00fczel Sanatlar Fak\u00fcltesi Sergi Salonu, Erzurum<\/span><\/p>\n<p><span style=\"color: #ffffff; font-size: 14pt;\">2017 M. KAVUKCU \u015eiddeti D\u00fc\u015f\u00fcnmek-2 \u2013Alankurgu (\u00c7al\u0131\u015fma Ekibi)<\/span><\/p>\n<p><span style=\"color: #ffffff; font-size: 14pt;\">2017 M. KAVUKCU S\u0131n\u0131rlar Ve M\u00fclteciler- Performans (\u00c7al\u0131\u015fma Ekibi)<\/span><\/p>\n<p>&nbsp;<\/p>\n<p>[\/et_pb_text][\/et_pb_column][et_pb_column type=&#8221;1_2&#8243; _builder_version=&#8221;4.7.5&#8243; _module_preset=&#8221;default&#8221;][et_pb_image src=&#8221;https:\/\/gsfsergi.ebyu.edu.tr\/wp-content\/uploads\/2020\/12\/32DF3F3A51EC4E5CBDA07E92CBD80EC0.jpg&#8221; title_text=&#8221;32DF3F3A51EC4E5CBDA07E92CBD80EC0&#8243; align=&#8221;center&#8221; _builder_version=&#8221;4.7.6&#8243; _module_preset=&#8221;default&#8221; hover_enabled=&#8221;0&#8243; sticky_enabled=&#8221;0&#8243;][\/et_pb_image][\/et_pb_column][\/et_pb_row][\/et_pb_section]<\/p>\n","protected":false},"excerpt":{"rendered":"<p>[et_pb_section fb_built=&#8221;1&#8243; _builder_version=&#8221;4.7.5&#8243; _module_preset=&#8221;default&#8221; background_color=&#8221;#000000&#8243;][et_pb_row column_structure=&#8221;1_2,1_2&#8243; _builder_version=&#8221;4.7.5&#8243; _module_preset=&#8221;default&#8221; background_color=&#8221;#000000&#8243;][et_pb_column type=&#8221;1_2&#8243; _builder_version=&#8221;4.7.5&#8243; _module_preset=&#8221;default&#8221;][et_pb_button button_url=&#8221;@ET-DC@eyJkeW5hbWljIjp0cnVlLCJjb250ZW50IjoicG9zdF9saW5rX3VybF9wYWdlIiwic2V0dGluZ3MiOnsicG9zdF9pZCI6IjI1MTQifX0=@&#8221; button_text=&#8221;Mektup ve Esere Geri D\u00f6n&#8221; _builder_version=&#8221;4.7.6&#8243; _dynamic_attributes=&#8221;button_url&#8221; _module_preset=&#8221;default&#8221; custom_button=&#8221;on&#8221; button_bg_color=&#8221;#000000&#8243; button_border_color=&#8221;#000000&#8243; button_font=&#8221;Indie Flower||||||||&#8221; button_icon=&#8221;%%41%%&#8221; button_icon_color=&#8221;#ffffff&#8221; button_icon_placement=&#8221;left&#8221; button_on_hover=&#8221;off&#8221;][\/et_pb_button][et_pb_text _builder_version=&#8221;4.7.6&#8243; _module_preset=&#8221;default&#8221; background_color=&#8221;#000000&#8243;] Harun Yaz\u0131c\u0131, Harun Yaz\u0131c\u0131 1982 y\u0131l\u0131nda Erzurum\u2019da do\u011fdu. Atat\u00fcrk \u00dcniversitesi G\u00fczel Sanatlar Fak\u00fcltesi Prof. Mehmet Kavuk\u00e7u at\u00f6lyesinde 2009 y\u0131l\u0131nda lisans mezuniyetini tamamlad\u0131. [&hellip;]<\/p>\n","protected":false},"author":9,"featured_media":0,"parent":0,"menu_order":0,"comment_status":"closed","ping_status":"closed","template":"","meta":{"_et_pb_use_builder":"on","_et_pb_old_content":"","_et_gb_content_width":"","spay_email":""},"jetpack_sharing_enabled":true,"jetpack_likes_enabled":true,"_links":{"self":[{"href":"https:\/\/gsfsergi.ebyu.edu.tr\/index.php?rest_route=\/wp\/v2\/pages\/2687"}],"collection":[{"href":"https:\/\/gsfsergi.ebyu.edu.tr\/index.php?rest_route=\/wp\/v2\/pages"}],"about":[{"href":"https:\/\/gsfsergi.ebyu.edu.tr\/index.php?rest_route=\/wp\/v2\/types\/page"}],"author":[{"embeddable":true,"href":"https:\/\/gsfsergi.ebyu.edu.tr\/index.php?rest_route=\/wp\/v2\/users\/9"}],"replies":[{"embeddable":true,"href":"https:\/\/gsfsergi.ebyu.edu.tr\/index.php?rest_route=%2Fwp%2Fv2%2Fcomments&post=2687"}],"version-history":[{"count":5,"href":"https:\/\/gsfsergi.ebyu.edu.tr\/index.php?rest_route=\/wp\/v2\/pages\/2687\/revisions"}],"predecessor-version":[{"id":3853,"href":"https:\/\/gsfsergi.ebyu.edu.tr\/index.php?rest_route=\/wp\/v2\/pages\/2687\/revisions\/3853"}],"wp:attachment":[{"href":"https:\/\/gsfsergi.ebyu.edu.tr\/index.php?rest_route=%2Fwp%2Fv2%2Fmedia&parent=2687"}],"curies":[{"name":"wp","href":"https:\/\/api.w.org\/{rel}","templated":true}]}}